{"id":10993,"date":"2024-10-28T10:07:17","date_gmt":"2024-10-28T09:07:17","guid":{"rendered":"https:\/\/zsp1chojna.pl\/?page_id=10993"},"modified":"2024-10-28T10:07:18","modified_gmt":"2024-10-28T09:07:18","slug":"rok-2010-technik-budownictwa","status":"publish","type":"page","link":"https:\/\/zsp1chojna.pl\/?page_id=10993","title":{"rendered":"Rok 2010 &#8211; technik budownictwa"},"content":{"rendered":"\n<p><strong>Wychowawca mgr Marek \u0141\u0105giewczyk<\/strong><\/p>\n\n\n\n<p>Antoniewicz Wojciech<br>Gibowski Krzysztof<br>Gil Mateusz<br>Grzeg\u00f3rzek Adam<br>Iwanowski Adam<br>Ka\u0142ucki \u0141ukasz<br>Kikut Rafa\u0142<br>Kogut Bartosz<br>Komisarczyk Kamil<br>Kowalczyk Krzysztof<br>Kwiatkowski Konrad<br>Lato Krzysztof<br>Matuszak Tomasz<br>Nowicki Krzysztof<br>Orszulak Pawe\u0142<br>Owczarek Kamil<br>Pawlisiak Andrzej<br>Po\u017cyczka Katarzyna<br>Zawadzki Mariusz<\/p>\n","protected":false},"excerpt":{"rendered":"<p>Wychowawca mgr Marek \u0141\u0105giewczyk Antoniewicz WojciechGibowski KrzysztofGil MateuszGrzeg\u00f3rzek AdamIwanowski AdamKa\u0142ucki \u0141ukaszKikut Rafa\u0142Kogut BartoszKomisarczyk KamilKowalczyk KrzysztofKwiatkowski KonradLato KrzysztofMatuszak TomaszNowicki KrzysztofOrszulak Pawe\u0142Owczarek KamilPawlisiak AndrzejPo\u017cyczka KatarzynaZawadzki Mariusz<\/p>\n","protected":false},"author":10,"featured_media":0,"parent":0,"menu_order":0,"comment_status":"closed","ping_status":"closed","template":"","meta":{"footnotes":""},"class_list":["post-10993","page","type-page","status-publish","hentry"],"yoast_head":"<!-- This site is optimized with the Yoast SEO plugin v20.13 - https:\/\/yoast.com\/wordpress\/plugins\/seo\/ -->\n<title>Rok 2010 - technik budownictwa - ZSP w Chojnie<\/title>\n<meta name=\"robots\" content=\"index, follow, max-snippet:-1, max-image-preview:large, max-video-preview:-1\" \/>\n<link rel=\"canonical\" href=\"https:\/\/zsp1chojna.pl\/?page_id=10993\" \/>\n<meta property=\"og:locale\" content=\"pl_PL\" \/>\n<meta property=\"og:type\" content=\"article\" \/>\n<meta property=\"og:title\" content=\"Rok 2010 - technik budownictwa - ZSP w Chojnie\" \/>\n<meta property=\"og:description\" content=\"Wychowawca mgr Marek \u0141\u0105giewczyk Antoniewicz WojciechGibowski KrzysztofGil MateuszGrzeg\u00f3rzek AdamIwanowski AdamKa\u0142ucki \u0141ukaszKikut Rafa\u0142Kogut BartoszKomisarczyk KamilKowalczyk KrzysztofKwiatkowski KonradLato KrzysztofMatuszak TomaszNowicki KrzysztofOrszulak Pawe\u0142Owczarek KamilPawlisiak AndrzejPo\u017cyczka KatarzynaZawadzki Mariusz\" \/>\n<meta property=\"og:url\" content=\"https:\/\/zsp1chojna.pl\/?page_id=10993\" \/>\n<meta property=\"og:site_name\" content=\"ZSP w Chojnie\" \/>\n<meta property=\"article:modified_time\" content=\"2024-10-28T09:07:18+00:00\" \/>\n<meta name=\"twitter:card\" content=\"summary_large_image\" \/>\n<meta name=\"twitter:label1\" content=\"Szacowany czas czytania\" \/>\n\t<meta name=\"twitter:data1\" content=\"1 minuta\" \/>\n<script type=\"application\/ld+json\" class=\"yoast-schema-graph\">{\"@context\":\"https:\/\/schema.org\",\"@graph\":[{\"@type\":\"WebPage\",\"@id\":\"https:\/\/zsp1chojna.pl\/?page_id=10993\",\"url\":\"https:\/\/zsp1chojna.pl\/?page_id=10993\",\"name\":\"Rok 2010 - technik budownictwa - ZSP w Chojnie\",\"isPartOf\":{\"@id\":\"https:\/\/zsp1chojna.pl\/#website\"},\"datePublished\":\"2024-10-28T09:07:17+00:00\",\"dateModified\":\"2024-10-28T09:07:18+00:00\",\"breadcrumb\":{\"@id\":\"https:\/\/zsp1chojna.pl\/?page_id=10993#breadcrumb\"},\"inLanguage\":\"pl-PL\",\"potentialAction\":[{\"@type\":\"ReadAction\",\"target\":[\"https:\/\/zsp1chojna.pl\/?page_id=10993\"]}]},{\"@type\":\"BreadcrumbList\",\"@id\":\"https:\/\/zsp1chojna.pl\/?page_id=10993#breadcrumb\",\"itemListElement\":[{\"@type\":\"ListItem\",\"position\":1,\"name\":\"Home\",\"item\":\"https:\/\/zsp1chojna.pl\/\"},{\"@type\":\"ListItem\",\"position\":2,\"name\":\"Rok 2010 &#8211; technik budownictwa\"}]},{\"@type\":\"WebSite\",\"@id\":\"https:\/\/zsp1chojna.pl\/#website\",\"url\":\"https:\/\/zsp1chojna.pl\/\",\"name\":\"ZSP w Chojnie\",\"description\":\"\",\"publisher\":{\"@id\":\"https:\/\/zsp1chojna.pl\/#organization\"},\"potentialAction\":[{\"@type\":\"SearchAction\",\"target\":{\"@type\":\"EntryPoint\",\"urlTemplate\":\"https:\/\/zsp1chojna.pl\/?s={search_term_string}\"},\"query-input\":\"required name=search_term_string\"}],\"inLanguage\":\"pl-PL\"},{\"@type\":\"Organization\",\"@id\":\"https:\/\/zsp1chojna.pl\/#organization\",\"name\":\"ZSP w Chojnie\",\"url\":\"https:\/\/zsp1chojna.pl\/\",\"logo\":{\"@type\":\"ImageObject\",\"inLanguage\":\"pl-PL\",\"@id\":\"https:\/\/zsp1chojna.pl\/#\/schema\/logo\/image\/\",\"url\":\"https:\/\/zsp1chojna.pl\/wp-content\/uploads\/2023\/08\/cropped-cropped-cropped-Logo-biale-napis-na-3-wiersze_504-1.png\",\"contentUrl\":\"https:\/\/zsp1chojna.pl\/wp-content\/uploads\/2023\/08\/cropped-cropped-cropped-Logo-biale-napis-na-3-wiersze_504-1.png\",\"width\":504,\"height\":167,\"caption\":\"ZSP w Chojnie\"},\"image\":{\"@id\":\"https:\/\/zsp1chojna.pl\/#\/schema\/logo\/image\/\"}}]}<\/script>\n<!-- \/ Yoast SEO plugin. -->","yoast_head_json":{"title":"Rok 2010 - technik budownictwa - ZSP w Chojnie","robots":{"index":"index","follow":"follow","max-snippet":"max-snippet:-1","max-image-preview":"max-image-preview:large","max-video-preview":"max-video-preview:-1"},"canonical":"https:\/\/zsp1chojna.pl\/?page_id=10993","og_locale":"pl_PL","og_type":"article","og_title":"Rok 2010 - technik budownictwa - ZSP w Chojnie","og_description":"Wychowawca mgr Marek \u0141\u0105giewczyk Antoniewicz WojciechGibowski KrzysztofGil MateuszGrzeg\u00f3rzek AdamIwanowski AdamKa\u0142ucki \u0141ukaszKikut Rafa\u0142Kogut BartoszKomisarczyk KamilKowalczyk KrzysztofKwiatkowski KonradLato KrzysztofMatuszak TomaszNowicki KrzysztofOrszulak Pawe\u0142Owczarek KamilPawlisiak AndrzejPo\u017cyczka KatarzynaZawadzki Mariusz","og_url":"https:\/\/zsp1chojna.pl\/?page_id=10993","og_site_name":"ZSP w Chojnie","article_modified_time":"2024-10-28T09:07:18+00:00","twitter_card":"summary_large_image","twitter_misc":{"Szacowany czas czytania":"1 minuta"},"schema":{"@context":"https:\/\/schema.org","@graph":[{"@type":"WebPage","@id":"https:\/\/zsp1chojna.pl\/?page_id=10993","url":"https:\/\/zsp1chojna.pl\/?page_id=10993","name":"Rok 2010 - technik budownictwa - ZSP w Chojnie","isPartOf":{"@id":"https:\/\/zsp1chojna.pl\/#website"},"datePublished":"2024-10-28T09:07:17+00:00","dateModified":"2024-10-28T09:07:18+00:00","breadcrumb":{"@id":"https:\/\/zsp1chojna.pl\/?page_id=10993#breadcrumb"},"inLanguage":"pl-PL","potentialAction":[{"@type":"ReadAction","target":["https:\/\/zsp1chojna.pl\/?page_id=10993"]}]},{"@type":"BreadcrumbList","@id":"https:\/\/zsp1chojna.pl\/?page_id=10993#breadcrumb","itemListElement":[{"@type":"ListItem","position":1,"name":"Home","item":"https:\/\/zsp1chojna.pl\/"},{"@type":"ListItem","position":2,"name":"Rok 2010 &#8211; technik budownictwa"}]},{"@type":"WebSite","@id":"https:\/\/zsp1chojna.pl\/#website","url":"https:\/\/zsp1chojna.pl\/","name":"ZSP w Chojnie","description":"","publisher":{"@id":"https:\/\/zsp1chojna.pl\/#organization"},"potentialAction":[{"@type":"SearchAction","target":{"@type":"EntryPoint","urlTemplate":"https:\/\/zsp1chojna.pl\/?s={search_term_string}"},"query-input":"required name=search_term_string"}],"inLanguage":"pl-PL"},{"@type":"Organization","@id":"https:\/\/zsp1chojna.pl\/#organization","name":"ZSP w Chojnie","url":"https:\/\/zsp1chojna.pl\/","logo":{"@type":"ImageObject","inLanguage":"pl-PL","@id":"https:\/\/zsp1chojna.pl\/#\/schema\/logo\/image\/","url":"https:\/\/zsp1chojna.pl\/wp-content\/uploads\/2023\/08\/cropped-cropped-cropped-Logo-biale-napis-na-3-wiersze_504-1.png","contentUrl":"https:\/\/zsp1chojna.pl\/wp-content\/uploads\/2023\/08\/cropped-cropped-cropped-Logo-biale-napis-na-3-wiersze_504-1.png","width":504,"height":167,"caption":"ZSP w Chojnie"},"image":{"@id":"https:\/\/zsp1chojna.pl\/#\/schema\/logo\/image\/"}}]}},"_links":{"self":[{"href":"https:\/\/zsp1chojna.pl\/index.php?rest_route=\/wp\/v2\/pages\/10993","targetHints":{"allow":["GET"]}}],"collection":[{"href":"https:\/\/zsp1chojna.pl\/index.php?rest_route=\/wp\/v2\/pages"}],"about":[{"href":"https:\/\/zsp1chojna.pl\/index.php?rest_route=\/wp\/v2\/types\/page"}],"author":[{"embeddable":true,"href":"https:\/\/zsp1chojna.pl\/index.php?rest_route=\/wp\/v2\/users\/10"}],"replies":[{"embeddable":true,"href":"https:\/\/zsp1chojna.pl\/index.php?rest_route=%2Fwp%2Fv2%2Fcomments&post=10993"}],"version-history":[{"count":1,"href":"https:\/\/zsp1chojna.pl\/index.php?rest_route=\/wp\/v2\/pages\/10993\/revisions"}],"predecessor-version":[{"id":10999,"href":"https:\/\/zsp1chojna.pl\/index.php?rest_route=\/wp\/v2\/pages\/10993\/revisions\/10999"}],"wp:attachment":[{"href":"https:\/\/zsp1chojna.pl\/index.php?rest_route=%2Fwp%2Fv2%2Fmedia&parent=10993"}],"curies":[{"name":"wp","href":"https:\/\/api.w.org\/{rel}","templated":true}]}}