{"id":10950,"date":"2024-10-28T10:01:01","date_gmt":"2024-10-28T09:01:01","guid":{"rendered":"https:\/\/zsp1chojna.pl\/?page_id=10950"},"modified":"2024-10-28T10:30:23","modified_gmt":"2024-10-28T09:30:23","slug":"rok-1994-2","status":"publish","type":"page","link":"https:\/\/zsp1chojna.pl\/?page_id=10950","title":{"rendered":"Najlepsi absolwenci 1994"},"content":{"rendered":"<style>.kadence-column10950_0e6bde-24 > .kt-inside-inner-col,.kadence-column10950_0e6bde-24 > .kt-inside-inner-col:before{border-top-left-radius:0px;border-top-right-radius:0px;border-bottom-right-radius:0px;border-bottom-left-radius:0px;}.kadence-column10950_0e6bde-24 > .kt-inside-inner-col:before{opacity:0.3;}.kadence-column10950_0e6bde-24{position:relative;}<\/style>\n<div class=\"wp-block-kadence-column kadence-column10950_0e6bde-24\"><div class=\"kt-inside-inner-col\">\n<div class=\"wp-block-columns is-layout-flex wp-container-core-columns-is-layout-9d6595d7 wp-block-columns-is-layout-flex\">\n<div class=\"wp-block-column is-layout-flow wp-block-column-is-layout-flow\">\n<p>Wieczorek Joanna<br>Nowak Sylwia<br>Cukierman Kamila<br>Wr\u00f3blewska Agnieszka<br>\u015awiderska Beata<br>\u015alebzak Krzysztof<br>\u017bo\u0142\u0119dziewska Anna<br>Borys Anna<br>Wojciechowski Adrian<br>\u015awi\u0119tek Aneta<br>Zacharewicz Mariola<br>Skro\u0144 El\u017cbieta<br>Biel Monika<br>Kisielewska Joanna<br>Kruk Edyta<br>Ga\u0142a Justyna<br>Wasilewska Anita<br>Kuzior Ma\u0142gorzata<br>Bo\u017cek Tomasz<br>Sikora Izabela<br>Mazurkiewicz Krzysztof<br>Ka\u017amierczak Jarek<br>Jasionowska Monika<br>Pluci\u0144ski Pawe\u0142<br>Bia\u0142ous Anna<br>Molska Marta<br>Rumie\u0144czyk Anna<br>Tomaszewska Anna<\/p>\n<\/div>\n\n\n\n<div class=\"wp-block-column is-layout-flow wp-block-column-is-layout-flow\"><\/div>\n<\/div>\n<\/div><\/div>\n","protected":false},"excerpt":{"rendered":"<p>Wieczorek JoannaNowak SylwiaCukierman KamilaWr\u00f3blewska Agnieszka\u015awiderska Beata\u015alebzak Krzysztof\u017bo\u0142\u0119dziewska AnnaBorys AnnaWojciechowski Adrian\u015awi\u0119tek AnetaZacharewicz MariolaSkro\u0144 El\u017cbietaBiel MonikaKisielewska JoannaKruk EdytaGa\u0142a JustynaWasilewska AnitaKuzior Ma\u0142gorzataBo\u017cek TomaszSikora IzabelaMazurkiewicz KrzysztofKa\u017amierczak JarekJasionowska MonikaPluci\u0144ski Pawe\u0142Bia\u0142ous AnnaMolska MartaRumie\u0144czyk AnnaTomaszewska Anna<\/p>\n","protected":false},"author":11,"featured_media":0,"parent":0,"menu_order":0,"comment_status":"closed","ping_status":"closed","template":"","meta":{"footnotes":""},"class_list":["post-10950","page","type-page","status-publish","hentry"],"yoast_head":"<!-- This site is optimized with the Yoast SEO plugin v20.13 - https:\/\/yoast.com\/wordpress\/plugins\/seo\/ -->\n<title>Najlepsi absolwenci 1994 - ZSP w Chojnie<\/title>\n<meta name=\"robots\" content=\"index, follow, max-snippet:-1, max-image-preview:large, max-video-preview:-1\" \/>\n<link rel=\"canonical\" href=\"https:\/\/zsp1chojna.pl\/?page_id=10950\" \/>\n<meta property=\"og:locale\" content=\"pl_PL\" \/>\n<meta property=\"og:type\" content=\"article\" \/>\n<meta property=\"og:title\" content=\"Najlepsi absolwenci 1994 - ZSP w Chojnie\" \/>\n<meta property=\"og:description\" content=\"Wieczorek JoannaNowak SylwiaCukierman KamilaWr\u00f3blewska Agnieszka\u015awiderska Beata\u015alebzak Krzysztof\u017bo\u0142\u0119dziewska AnnaBorys AnnaWojciechowski Adrian\u015awi\u0119tek AnetaZacharewicz MariolaSkro\u0144 El\u017cbietaBiel MonikaKisielewska JoannaKruk EdytaGa\u0142a JustynaWasilewska AnitaKuzior Ma\u0142gorzataBo\u017cek TomaszSikora IzabelaMazurkiewicz KrzysztofKa\u017amierczak JarekJasionowska MonikaPluci\u0144ski Pawe\u0142Bia\u0142ous AnnaMolska MartaRumie\u0144czyk AnnaTomaszewska Anna\" \/>\n<meta property=\"og:url\" content=\"https:\/\/zsp1chojna.pl\/?page_id=10950\" \/>\n<meta property=\"og:site_name\" content=\"ZSP w Chojnie\" \/>\n<meta property=\"article:modified_time\" content=\"2024-10-28T09:30:23+00:00\" \/>\n<meta name=\"twitter:card\" content=\"summary_large_image\" \/>\n<meta name=\"twitter:label1\" content=\"Szacowany czas czytania\" \/>\n\t<meta name=\"twitter:data1\" content=\"1 minuta\" \/>\n<script type=\"application\/ld+json\" class=\"yoast-schema-graph\">{\"@context\":\"https:\/\/schema.org\",\"@graph\":[{\"@type\":\"WebPage\",\"@id\":\"https:\/\/zsp1chojna.pl\/?page_id=10950\",\"url\":\"https:\/\/zsp1chojna.pl\/?page_id=10950\",\"name\":\"Najlepsi absolwenci 1994 - ZSP w Chojnie\",\"isPartOf\":{\"@id\":\"https:\/\/zsp1chojna.pl\/#website\"},\"datePublished\":\"2024-10-28T09:01:01+00:00\",\"dateModified\":\"2024-10-28T09:30:23+00:00\",\"breadcrumb\":{\"@id\":\"https:\/\/zsp1chojna.pl\/?page_id=10950#breadcrumb\"},\"inLanguage\":\"pl-PL\",\"potentialAction\":[{\"@type\":\"ReadAction\",\"target\":[\"https:\/\/zsp1chojna.pl\/?page_id=10950\"]}]},{\"@type\":\"BreadcrumbList\",\"@id\":\"https:\/\/zsp1chojna.pl\/?page_id=10950#breadcrumb\",\"itemListElement\":[{\"@type\":\"ListItem\",\"position\":1,\"name\":\"Home\",\"item\":\"https:\/\/zsp1chojna.pl\/\"},{\"@type\":\"ListItem\",\"position\":2,\"name\":\"Najlepsi absolwenci 1994\"}]},{\"@type\":\"WebSite\",\"@id\":\"https:\/\/zsp1chojna.pl\/#website\",\"url\":\"https:\/\/zsp1chojna.pl\/\",\"name\":\"ZSP w Chojnie\",\"description\":\"\",\"publisher\":{\"@id\":\"https:\/\/zsp1chojna.pl\/#organization\"},\"potentialAction\":[{\"@type\":\"SearchAction\",\"target\":{\"@type\":\"EntryPoint\",\"urlTemplate\":\"https:\/\/zsp1chojna.pl\/?s={search_term_string}\"},\"query-input\":\"required name=search_term_string\"}],\"inLanguage\":\"pl-PL\"},{\"@type\":\"Organization\",\"@id\":\"https:\/\/zsp1chojna.pl\/#organization\",\"name\":\"ZSP w Chojnie\",\"url\":\"https:\/\/zsp1chojna.pl\/\",\"logo\":{\"@type\":\"ImageObject\",\"inLanguage\":\"pl-PL\",\"@id\":\"https:\/\/zsp1chojna.pl\/#\/schema\/logo\/image\/\",\"url\":\"https:\/\/zsp1chojna.pl\/wp-content\/uploads\/2023\/08\/cropped-cropped-cropped-Logo-biale-napis-na-3-wiersze_504-1.png\",\"contentUrl\":\"https:\/\/zsp1chojna.pl\/wp-content\/uploads\/2023\/08\/cropped-cropped-cropped-Logo-biale-napis-na-3-wiersze_504-1.png\",\"width\":504,\"height\":167,\"caption\":\"ZSP w Chojnie\"},\"image\":{\"@id\":\"https:\/\/zsp1chojna.pl\/#\/schema\/logo\/image\/\"}}]}<\/script>\n<!-- \/ Yoast SEO plugin. -->","yoast_head_json":{"title":"Najlepsi absolwenci 1994 - ZSP w Chojnie","robots":{"index":"index","follow":"follow","max-snippet":"max-snippet:-1","max-image-preview":"max-image-preview:large","max-video-preview":"max-video-preview:-1"},"canonical":"https:\/\/zsp1chojna.pl\/?page_id=10950","og_locale":"pl_PL","og_type":"article","og_title":"Najlepsi absolwenci 1994 - ZSP w Chojnie","og_description":"Wieczorek JoannaNowak SylwiaCukierman KamilaWr\u00f3blewska Agnieszka\u015awiderska Beata\u015alebzak Krzysztof\u017bo\u0142\u0119dziewska AnnaBorys AnnaWojciechowski Adrian\u015awi\u0119tek AnetaZacharewicz MariolaSkro\u0144 El\u017cbietaBiel MonikaKisielewska JoannaKruk EdytaGa\u0142a JustynaWasilewska AnitaKuzior Ma\u0142gorzataBo\u017cek TomaszSikora IzabelaMazurkiewicz KrzysztofKa\u017amierczak JarekJasionowska MonikaPluci\u0144ski Pawe\u0142Bia\u0142ous AnnaMolska MartaRumie\u0144czyk AnnaTomaszewska Anna","og_url":"https:\/\/zsp1chojna.pl\/?page_id=10950","og_site_name":"ZSP w Chojnie","article_modified_time":"2024-10-28T09:30:23+00:00","twitter_card":"summary_large_image","twitter_misc":{"Szacowany czas czytania":"1 minuta"},"schema":{"@context":"https:\/\/schema.org","@graph":[{"@type":"WebPage","@id":"https:\/\/zsp1chojna.pl\/?page_id=10950","url":"https:\/\/zsp1chojna.pl\/?page_id=10950","name":"Najlepsi absolwenci 1994 - ZSP w Chojnie","isPartOf":{"@id":"https:\/\/zsp1chojna.pl\/#website"},"datePublished":"2024-10-28T09:01:01+00:00","dateModified":"2024-10-28T09:30:23+00:00","breadcrumb":{"@id":"https:\/\/zsp1chojna.pl\/?page_id=10950#breadcrumb"},"inLanguage":"pl-PL","potentialAction":[{"@type":"ReadAction","target":["https:\/\/zsp1chojna.pl\/?page_id=10950"]}]},{"@type":"BreadcrumbList","@id":"https:\/\/zsp1chojna.pl\/?page_id=10950#breadcrumb","itemListElement":[{"@type":"ListItem","position":1,"name":"Home","item":"https:\/\/zsp1chojna.pl\/"},{"@type":"ListItem","position":2,"name":"Najlepsi absolwenci 1994"}]},{"@type":"WebSite","@id":"https:\/\/zsp1chojna.pl\/#website","url":"https:\/\/zsp1chojna.pl\/","name":"ZSP w Chojnie","description":"","publisher":{"@id":"https:\/\/zsp1chojna.pl\/#organization"},"potentialAction":[{"@type":"SearchAction","target":{"@type":"EntryPoint","urlTemplate":"https:\/\/zsp1chojna.pl\/?s={search_term_string}"},"query-input":"required name=search_term_string"}],"inLanguage":"pl-PL"},{"@type":"Organization","@id":"https:\/\/zsp1chojna.pl\/#organization","name":"ZSP w Chojnie","url":"https:\/\/zsp1chojna.pl\/","logo":{"@type":"ImageObject","inLanguage":"pl-PL","@id":"https:\/\/zsp1chojna.pl\/#\/schema\/logo\/image\/","url":"https:\/\/zsp1chojna.pl\/wp-content\/uploads\/2023\/08\/cropped-cropped-cropped-Logo-biale-napis-na-3-wiersze_504-1.png","contentUrl":"https:\/\/zsp1chojna.pl\/wp-content\/uploads\/2023\/08\/cropped-cropped-cropped-Logo-biale-napis-na-3-wiersze_504-1.png","width":504,"height":167,"caption":"ZSP w Chojnie"},"image":{"@id":"https:\/\/zsp1chojna.pl\/#\/schema\/logo\/image\/"}}]}},"_links":{"self":[{"href":"https:\/\/zsp1chojna.pl\/index.php?rest_route=\/wp\/v2\/pages\/10950","targetHints":{"allow":["GET"]}}],"collection":[{"href":"https:\/\/zsp1chojna.pl\/index.php?rest_route=\/wp\/v2\/pages"}],"about":[{"href":"https:\/\/zsp1chojna.pl\/index.php?rest_route=\/wp\/v2\/types\/page"}],"author":[{"embeddable":true,"href":"https:\/\/zsp1chojna.pl\/index.php?rest_route=\/wp\/v2\/users\/11"}],"replies":[{"embeddable":true,"href":"https:\/\/zsp1chojna.pl\/index.php?rest_route=%2Fwp%2Fv2%2Fcomments&post=10950"}],"version-history":[{"count":2,"href":"https:\/\/zsp1chojna.pl\/index.php?rest_route=\/wp\/v2\/pages\/10950\/revisions"}],"predecessor-version":[{"id":11128,"href":"https:\/\/zsp1chojna.pl\/index.php?rest_route=\/wp\/v2\/pages\/10950\/revisions\/11128"}],"wp:attachment":[{"href":"https:\/\/zsp1chojna.pl\/index.php?rest_route=%2Fwp%2Fv2%2Fmedia&parent=10950"}],"curies":[{"name":"wp","href":"https:\/\/api.w.org\/{rel}","templated":true}]}}