{"id":10947,"date":"2024-10-28T10:00:13","date_gmt":"2024-10-28T09:00:13","guid":{"rendered":"https:\/\/zsp1chojna.pl\/?page_id=10947"},"modified":"2024-10-28T10:30:03","modified_gmt":"2024-10-28T09:30:03","slug":"rok-1995-2","status":"publish","type":"page","link":"https:\/\/zsp1chojna.pl\/?page_id=10947","title":{"rendered":"Najlepsi absolwenci 1995"},"content":{"rendered":"<style>.kadence-column10947_078997-20 > .kt-inside-inner-col,.kadence-column10947_078997-20 > .kt-inside-inner-col:before{border-top-left-radius:0px;border-top-right-radius:0px;border-bottom-right-radius:0px;border-bottom-left-radius:0px;}.kadence-column10947_078997-20 > .kt-inside-inner-col:before{opacity:0.3;}.kadence-column10947_078997-20{position:relative;}<\/style>\n<div class=\"wp-block-kadence-column kadence-column10947_078997-20\"><div class=\"kt-inside-inner-col\">\n<div class=\"wp-block-columns is-layout-flex wp-container-core-columns-is-layout-9d6595d7 wp-block-columns-is-layout-flex\">\n<div class=\"wp-block-column is-layout-flow wp-block-column-is-layout-flow\">\n<p>Drewniak Anna<br>Gasi\u0144ska Mariola<br>Kuligowska Renata<br>Skrzypska Anna<br>\u017bmuda Tadeusz<br>Domaradzka Ewelina<br>Ferdynus Dariusz<br>Grzybowska Monika<br>Kopczy\u0144ska Agnieszka<br>Jasionowska Iwona<br>Nycz Olga<br>Krasowska Dorota<br>Dudak Monika<br>Bankiewicz Agnieszka<br>Kowalska Agnieszka<br>Galant Monika<br>Majda Beata<br>Capar Ma\u0142gorzata<br>Bernacka Bogumi\u0142a<br>Kowalczyk Lidia<br>Juzyszyn Eliza<br>Ikiert Agnieszka<br>Malec Anetta<br>Tracz Sylwia<\/p>\n<\/div>\n\n\n\n<div class=\"wp-block-column is-layout-flow wp-block-column-is-layout-flow\"><\/div>\n<\/div>\n<\/div><\/div>\n","protected":false},"excerpt":{"rendered":"<p>Drewniak AnnaGasi\u0144ska MariolaKuligowska RenataSkrzypska Anna\u017bmuda TadeuszDomaradzka EwelinaFerdynus DariuszGrzybowska MonikaKopczy\u0144ska AgnieszkaJasionowska IwonaNycz OlgaKrasowska DorotaDudak MonikaBankiewicz AgnieszkaKowalska AgnieszkaGalant MonikaMajda BeataCapar Ma\u0142gorzataBernacka Bogumi\u0142aKowalczyk LidiaJuzyszyn ElizaIkiert AgnieszkaMalec AnettaTracz Sylwia<\/p>\n","protected":false},"author":11,"featured_media":0,"parent":0,"menu_order":0,"comment_status":"closed","ping_status":"closed","template":"","meta":{"footnotes":""},"class_list":["post-10947","page","type-page","status-publish","hentry"],"yoast_head":"<!-- This site is optimized with the Yoast SEO plugin v20.13 - https:\/\/yoast.com\/wordpress\/plugins\/seo\/ -->\n<title>Najlepsi absolwenci 1995 - ZSP w Chojnie<\/title>\n<meta name=\"robots\" content=\"index, follow, max-snippet:-1, max-image-preview:large, max-video-preview:-1\" \/>\n<link rel=\"canonical\" href=\"https:\/\/zsp1chojna.pl\/?page_id=10947\" \/>\n<meta property=\"og:locale\" content=\"pl_PL\" \/>\n<meta property=\"og:type\" content=\"article\" \/>\n<meta property=\"og:title\" content=\"Najlepsi absolwenci 1995 - ZSP w Chojnie\" \/>\n<meta property=\"og:description\" content=\"Drewniak AnnaGasi\u0144ska MariolaKuligowska RenataSkrzypska Anna\u017bmuda TadeuszDomaradzka EwelinaFerdynus DariuszGrzybowska MonikaKopczy\u0144ska AgnieszkaJasionowska IwonaNycz OlgaKrasowska DorotaDudak MonikaBankiewicz AgnieszkaKowalska AgnieszkaGalant MonikaMajda BeataCapar Ma\u0142gorzataBernacka Bogumi\u0142aKowalczyk LidiaJuzyszyn ElizaIkiert AgnieszkaMalec AnettaTracz Sylwia\" \/>\n<meta property=\"og:url\" content=\"https:\/\/zsp1chojna.pl\/?page_id=10947\" \/>\n<meta property=\"og:site_name\" content=\"ZSP w Chojnie\" \/>\n<meta property=\"article:modified_time\" content=\"2024-10-28T09:30:03+00:00\" \/>\n<meta name=\"twitter:card\" content=\"summary_large_image\" \/>\n<meta name=\"twitter:label1\" content=\"Szacowany czas czytania\" \/>\n\t<meta name=\"twitter:data1\" content=\"1 minuta\" \/>\n<script type=\"application\/ld+json\" class=\"yoast-schema-graph\">{\"@context\":\"https:\/\/schema.org\",\"@graph\":[{\"@type\":\"WebPage\",\"@id\":\"https:\/\/zsp1chojna.pl\/?page_id=10947\",\"url\":\"https:\/\/zsp1chojna.pl\/?page_id=10947\",\"name\":\"Najlepsi absolwenci 1995 - ZSP w Chojnie\",\"isPartOf\":{\"@id\":\"https:\/\/zsp1chojna.pl\/#website\"},\"datePublished\":\"2024-10-28T09:00:13+00:00\",\"dateModified\":\"2024-10-28T09:30:03+00:00\",\"breadcrumb\":{\"@id\":\"https:\/\/zsp1chojna.pl\/?page_id=10947#breadcrumb\"},\"inLanguage\":\"pl-PL\",\"potentialAction\":[{\"@type\":\"ReadAction\",\"target\":[\"https:\/\/zsp1chojna.pl\/?page_id=10947\"]}]},{\"@type\":\"BreadcrumbList\",\"@id\":\"https:\/\/zsp1chojna.pl\/?page_id=10947#breadcrumb\",\"itemListElement\":[{\"@type\":\"ListItem\",\"position\":1,\"name\":\"Home\",\"item\":\"https:\/\/zsp1chojna.pl\/\"},{\"@type\":\"ListItem\",\"position\":2,\"name\":\"Najlepsi absolwenci 1995\"}]},{\"@type\":\"WebSite\",\"@id\":\"https:\/\/zsp1chojna.pl\/#website\",\"url\":\"https:\/\/zsp1chojna.pl\/\",\"name\":\"ZSP w Chojnie\",\"description\":\"\",\"publisher\":{\"@id\":\"https:\/\/zsp1chojna.pl\/#organization\"},\"potentialAction\":[{\"@type\":\"SearchAction\",\"target\":{\"@type\":\"EntryPoint\",\"urlTemplate\":\"https:\/\/zsp1chojna.pl\/?s={search_term_string}\"},\"query-input\":\"required name=search_term_string\"}],\"inLanguage\":\"pl-PL\"},{\"@type\":\"Organization\",\"@id\":\"https:\/\/zsp1chojna.pl\/#organization\",\"name\":\"ZSP w Chojnie\",\"url\":\"https:\/\/zsp1chojna.pl\/\",\"logo\":{\"@type\":\"ImageObject\",\"inLanguage\":\"pl-PL\",\"@id\":\"https:\/\/zsp1chojna.pl\/#\/schema\/logo\/image\/\",\"url\":\"https:\/\/zsp1chojna.pl\/wp-content\/uploads\/2023\/08\/cropped-cropped-cropped-Logo-biale-napis-na-3-wiersze_504-1.png\",\"contentUrl\":\"https:\/\/zsp1chojna.pl\/wp-content\/uploads\/2023\/08\/cropped-cropped-cropped-Logo-biale-napis-na-3-wiersze_504-1.png\",\"width\":504,\"height\":167,\"caption\":\"ZSP w Chojnie\"},\"image\":{\"@id\":\"https:\/\/zsp1chojna.pl\/#\/schema\/logo\/image\/\"}}]}<\/script>\n<!-- \/ Yoast SEO plugin. -->","yoast_head_json":{"title":"Najlepsi absolwenci 1995 - ZSP w Chojnie","robots":{"index":"index","follow":"follow","max-snippet":"max-snippet:-1","max-image-preview":"max-image-preview:large","max-video-preview":"max-video-preview:-1"},"canonical":"https:\/\/zsp1chojna.pl\/?page_id=10947","og_locale":"pl_PL","og_type":"article","og_title":"Najlepsi absolwenci 1995 - ZSP w Chojnie","og_description":"Drewniak AnnaGasi\u0144ska MariolaKuligowska RenataSkrzypska Anna\u017bmuda TadeuszDomaradzka EwelinaFerdynus DariuszGrzybowska MonikaKopczy\u0144ska AgnieszkaJasionowska IwonaNycz OlgaKrasowska DorotaDudak MonikaBankiewicz AgnieszkaKowalska AgnieszkaGalant MonikaMajda BeataCapar Ma\u0142gorzataBernacka Bogumi\u0142aKowalczyk LidiaJuzyszyn ElizaIkiert AgnieszkaMalec AnettaTracz Sylwia","og_url":"https:\/\/zsp1chojna.pl\/?page_id=10947","og_site_name":"ZSP w Chojnie","article_modified_time":"2024-10-28T09:30:03+00:00","twitter_card":"summary_large_image","twitter_misc":{"Szacowany czas czytania":"1 minuta"},"schema":{"@context":"https:\/\/schema.org","@graph":[{"@type":"WebPage","@id":"https:\/\/zsp1chojna.pl\/?page_id=10947","url":"https:\/\/zsp1chojna.pl\/?page_id=10947","name":"Najlepsi absolwenci 1995 - ZSP w Chojnie","isPartOf":{"@id":"https:\/\/zsp1chojna.pl\/#website"},"datePublished":"2024-10-28T09:00:13+00:00","dateModified":"2024-10-28T09:30:03+00:00","breadcrumb":{"@id":"https:\/\/zsp1chojna.pl\/?page_id=10947#breadcrumb"},"inLanguage":"pl-PL","potentialAction":[{"@type":"ReadAction","target":["https:\/\/zsp1chojna.pl\/?page_id=10947"]}]},{"@type":"BreadcrumbList","@id":"https:\/\/zsp1chojna.pl\/?page_id=10947#breadcrumb","itemListElement":[{"@type":"ListItem","position":1,"name":"Home","item":"https:\/\/zsp1chojna.pl\/"},{"@type":"ListItem","position":2,"name":"Najlepsi absolwenci 1995"}]},{"@type":"WebSite","@id":"https:\/\/zsp1chojna.pl\/#website","url":"https:\/\/zsp1chojna.pl\/","name":"ZSP w Chojnie","description":"","publisher":{"@id":"https:\/\/zsp1chojna.pl\/#organization"},"potentialAction":[{"@type":"SearchAction","target":{"@type":"EntryPoint","urlTemplate":"https:\/\/zsp1chojna.pl\/?s={search_term_string}"},"query-input":"required name=search_term_string"}],"inLanguage":"pl-PL"},{"@type":"Organization","@id":"https:\/\/zsp1chojna.pl\/#organization","name":"ZSP w Chojnie","url":"https:\/\/zsp1chojna.pl\/","logo":{"@type":"ImageObject","inLanguage":"pl-PL","@id":"https:\/\/zsp1chojna.pl\/#\/schema\/logo\/image\/","url":"https:\/\/zsp1chojna.pl\/wp-content\/uploads\/2023\/08\/cropped-cropped-cropped-Logo-biale-napis-na-3-wiersze_504-1.png","contentUrl":"https:\/\/zsp1chojna.pl\/wp-content\/uploads\/2023\/08\/cropped-cropped-cropped-Logo-biale-napis-na-3-wiersze_504-1.png","width":504,"height":167,"caption":"ZSP w Chojnie"},"image":{"@id":"https:\/\/zsp1chojna.pl\/#\/schema\/logo\/image\/"}}]}},"_links":{"self":[{"href":"https:\/\/zsp1chojna.pl\/index.php?rest_route=\/wp\/v2\/pages\/10947","targetHints":{"allow":["GET"]}}],"collection":[{"href":"https:\/\/zsp1chojna.pl\/index.php?rest_route=\/wp\/v2\/pages"}],"about":[{"href":"https:\/\/zsp1chojna.pl\/index.php?rest_route=\/wp\/v2\/types\/page"}],"author":[{"embeddable":true,"href":"https:\/\/zsp1chojna.pl\/index.php?rest_route=\/wp\/v2\/users\/11"}],"replies":[{"embeddable":true,"href":"https:\/\/zsp1chojna.pl\/index.php?rest_route=%2Fwp%2Fv2%2Fcomments&post=10947"}],"version-history":[{"count":2,"href":"https:\/\/zsp1chojna.pl\/index.php?rest_route=\/wp\/v2\/pages\/10947\/revisions"}],"predecessor-version":[{"id":11125,"href":"https:\/\/zsp1chojna.pl\/index.php?rest_route=\/wp\/v2\/pages\/10947\/revisions\/11125"}],"wp:attachment":[{"href":"https:\/\/zsp1chojna.pl\/index.php?rest_route=%2Fwp%2Fv2%2Fmedia&parent=10947"}],"curies":[{"name":"wp","href":"https:\/\/api.w.org\/{rel}","templated":true}]}}