{"id":10933,"date":"2024-10-28T09:57:37","date_gmt":"2024-10-28T08:57:37","guid":{"rendered":"https:\/\/zsp1chojna.pl\/?page_id=10933"},"modified":"2024-10-28T10:29:45","modified_gmt":"2024-10-28T09:29:45","slug":"rok-1998-2","status":"publish","type":"page","link":"https:\/\/zsp1chojna.pl\/?page_id=10933","title":{"rendered":"Najlepsi absolwenci 1998"},"content":{"rendered":"<style>.kadence-column10933_ab7f79-81 > .kt-inside-inner-col,.kadence-column10933_ab7f79-81 > .kt-inside-inner-col:before{border-top-left-radius:0px;border-top-right-radius:0px;border-bottom-right-radius:0px;border-bottom-left-radius:0px;}.kadence-column10933_ab7f79-81 > .kt-inside-inner-col:before{opacity:0.3;}.kadence-column10933_ab7f79-81{position:relative;}<\/style>\n<div class=\"wp-block-kadence-column kadence-column10933_ab7f79-81\"><div class=\"kt-inside-inner-col\">\n<div class=\"wp-block-columns is-layout-flex wp-container-core-columns-is-layout-9d6595d7 wp-block-columns-is-layout-flex\">\n<div class=\"wp-block-column is-layout-flow wp-block-column-is-layout-flow\">\n<p>Chronchol Lucjan<br>Olszewska Zofia<br>Biel Ilona<br>Kaczy\u0144ska Agata<br>Majewski Adam<br>\u0141ukaszewicz Ma\u0142gorzata<br>Nowak Pawe\u0142<br>Szczepko Damian<br>Pindral Izabela<br>Ma\u0142ysz Bianka<br>Sporek Magdalena<br>Bachta Joanna<br>Bystrowska Ewa<br>P\u0142askowicka Ilona<br>Wiszniewska Kamila<br>Kalkowska Marta<br>Starzec Anita<br>Berner Anna<br>Pociej Anna<br>Gabry\u015b Ma\u0142gorzata<br>Szyca \u0141ukasz<br>Adamska Izabela<br>Bartkowska Emila<br>Pawlikowski Grzegorz<br>Wysocka Magdalena<br>Szeremeta Mariusz<br>Capar Katarzyna<br>Z\u0142otocha Ma\u0142gorzata<br>Kalandyk Joanna<br>Kowalczyk Ma\u0142gorzata<br>Ogonowska Katarzyna<br>Przybylska Gra\u017cyna<br>Gradowska Zofia<br>Jania Katarzyna<br>Jacykowski Przemys\u0142aw<br>Borgul Ma\u0142gorzata<br>Mieszcza\u0144ska Beata<br>\u017bo\u0142\u0119dziewska Marta<\/p>\n<\/div>\n\n\n\n<div class=\"wp-block-column is-layout-flow wp-block-column-is-layout-flow\"><\/div>\n<\/div>\n<\/div><\/div>\n","protected":false},"excerpt":{"rendered":"<p>Chronchol LucjanOlszewska ZofiaBiel IlonaKaczy\u0144ska AgataMajewski Adam\u0141ukaszewicz Ma\u0142gorzataNowak Pawe\u0142Szczepko DamianPindral IzabelaMa\u0142ysz BiankaSporek MagdalenaBachta JoannaBystrowska EwaP\u0142askowicka IlonaWiszniewska KamilaKalkowska MartaStarzec AnitaBerner AnnaPociej AnnaGabry\u015b Ma\u0142gorzataSzyca \u0141ukaszAdamska IzabelaBartkowska EmilaPawlikowski GrzegorzWysocka MagdalenaSzeremeta MariuszCapar KatarzynaZ\u0142otocha Ma\u0142gorzataKalandyk JoannaKowalczyk [&hellip;]<\/p>\n","protected":false},"author":11,"featured_media":0,"parent":0,"menu_order":0,"comment_status":"closed","ping_status":"closed","template":"","meta":{"footnotes":""},"class_list":["post-10933","page","type-page","status-publish","hentry"],"yoast_head":"<!-- This site is optimized with the Yoast SEO plugin v20.13 - https:\/\/yoast.com\/wordpress\/plugins\/seo\/ -->\n<title>Najlepsi absolwenci 1998 - ZSP w Chojnie<\/title>\n<meta name=\"robots\" content=\"index, follow, max-snippet:-1, max-image-preview:large, max-video-preview:-1\" \/>\n<link rel=\"canonical\" href=\"https:\/\/zsp1chojna.pl\/?page_id=10933\" \/>\n<meta property=\"og:locale\" content=\"pl_PL\" \/>\n<meta property=\"og:type\" content=\"article\" \/>\n<meta property=\"og:title\" content=\"Najlepsi absolwenci 1998 - ZSP w Chojnie\" \/>\n<meta property=\"og:description\" content=\"Chronchol LucjanOlszewska ZofiaBiel IlonaKaczy\u0144ska AgataMajewski Adam\u0141ukaszewicz Ma\u0142gorzataNowak Pawe\u0142Szczepko DamianPindral IzabelaMa\u0142ysz BiankaSporek MagdalenaBachta JoannaBystrowska EwaP\u0142askowicka IlonaWiszniewska KamilaKalkowska MartaStarzec AnitaBerner AnnaPociej AnnaGabry\u015b Ma\u0142gorzataSzyca \u0141ukaszAdamska IzabelaBartkowska EmilaPawlikowski GrzegorzWysocka MagdalenaSzeremeta MariuszCapar KatarzynaZ\u0142otocha Ma\u0142gorzataKalandyk JoannaKowalczyk [&hellip;]\" \/>\n<meta property=\"og:url\" content=\"https:\/\/zsp1chojna.pl\/?page_id=10933\" \/>\n<meta property=\"og:site_name\" content=\"ZSP w Chojnie\" \/>\n<meta property=\"article:modified_time\" content=\"2024-10-28T09:29:45+00:00\" \/>\n<meta name=\"twitter:card\" content=\"summary_large_image\" \/>\n<meta name=\"twitter:label1\" content=\"Szacowany czas czytania\" \/>\n\t<meta name=\"twitter:data1\" content=\"1 minuta\" \/>\n<script type=\"application\/ld+json\" class=\"yoast-schema-graph\">{\"@context\":\"https:\/\/schema.org\",\"@graph\":[{\"@type\":\"WebPage\",\"@id\":\"https:\/\/zsp1chojna.pl\/?page_id=10933\",\"url\":\"https:\/\/zsp1chojna.pl\/?page_id=10933\",\"name\":\"Najlepsi absolwenci 1998 - ZSP w Chojnie\",\"isPartOf\":{\"@id\":\"https:\/\/zsp1chojna.pl\/#website\"},\"datePublished\":\"2024-10-28T08:57:37+00:00\",\"dateModified\":\"2024-10-28T09:29:45+00:00\",\"breadcrumb\":{\"@id\":\"https:\/\/zsp1chojna.pl\/?page_id=10933#breadcrumb\"},\"inLanguage\":\"pl-PL\",\"potentialAction\":[{\"@type\":\"ReadAction\",\"target\":[\"https:\/\/zsp1chojna.pl\/?page_id=10933\"]}]},{\"@type\":\"BreadcrumbList\",\"@id\":\"https:\/\/zsp1chojna.pl\/?page_id=10933#breadcrumb\",\"itemListElement\":[{\"@type\":\"ListItem\",\"position\":1,\"name\":\"Home\",\"item\":\"https:\/\/zsp1chojna.pl\/\"},{\"@type\":\"ListItem\",\"position\":2,\"name\":\"Najlepsi absolwenci 1998\"}]},{\"@type\":\"WebSite\",\"@id\":\"https:\/\/zsp1chojna.pl\/#website\",\"url\":\"https:\/\/zsp1chojna.pl\/\",\"name\":\"ZSP w Chojnie\",\"description\":\"\",\"publisher\":{\"@id\":\"https:\/\/zsp1chojna.pl\/#organization\"},\"potentialAction\":[{\"@type\":\"SearchAction\",\"target\":{\"@type\":\"EntryPoint\",\"urlTemplate\":\"https:\/\/zsp1chojna.pl\/?s={search_term_string}\"},\"query-input\":\"required name=search_term_string\"}],\"inLanguage\":\"pl-PL\"},{\"@type\":\"Organization\",\"@id\":\"https:\/\/zsp1chojna.pl\/#organization\",\"name\":\"ZSP w Chojnie\",\"url\":\"https:\/\/zsp1chojna.pl\/\",\"logo\":{\"@type\":\"ImageObject\",\"inLanguage\":\"pl-PL\",\"@id\":\"https:\/\/zsp1chojna.pl\/#\/schema\/logo\/image\/\",\"url\":\"https:\/\/zsp1chojna.pl\/wp-content\/uploads\/2023\/08\/cropped-cropped-cropped-Logo-biale-napis-na-3-wiersze_504-1.png\",\"contentUrl\":\"https:\/\/zsp1chojna.pl\/wp-content\/uploads\/2023\/08\/cropped-cropped-cropped-Logo-biale-napis-na-3-wiersze_504-1.png\",\"width\":504,\"height\":167,\"caption\":\"ZSP w Chojnie\"},\"image\":{\"@id\":\"https:\/\/zsp1chojna.pl\/#\/schema\/logo\/image\/\"}}]}<\/script>\n<!-- \/ Yoast SEO plugin. -->","yoast_head_json":{"title":"Najlepsi absolwenci 1998 - ZSP w Chojnie","robots":{"index":"index","follow":"follow","max-snippet":"max-snippet:-1","max-image-preview":"max-image-preview:large","max-video-preview":"max-video-preview:-1"},"canonical":"https:\/\/zsp1chojna.pl\/?page_id=10933","og_locale":"pl_PL","og_type":"article","og_title":"Najlepsi absolwenci 1998 - ZSP w Chojnie","og_description":"Chronchol LucjanOlszewska ZofiaBiel IlonaKaczy\u0144ska AgataMajewski Adam\u0141ukaszewicz Ma\u0142gorzataNowak Pawe\u0142Szczepko DamianPindral IzabelaMa\u0142ysz BiankaSporek MagdalenaBachta JoannaBystrowska EwaP\u0142askowicka IlonaWiszniewska KamilaKalkowska MartaStarzec AnitaBerner AnnaPociej AnnaGabry\u015b Ma\u0142gorzataSzyca \u0141ukaszAdamska IzabelaBartkowska EmilaPawlikowski GrzegorzWysocka MagdalenaSzeremeta MariuszCapar KatarzynaZ\u0142otocha Ma\u0142gorzataKalandyk JoannaKowalczyk [&hellip;]","og_url":"https:\/\/zsp1chojna.pl\/?page_id=10933","og_site_name":"ZSP w Chojnie","article_modified_time":"2024-10-28T09:29:45+00:00","twitter_card":"summary_large_image","twitter_misc":{"Szacowany czas czytania":"1 minuta"},"schema":{"@context":"https:\/\/schema.org","@graph":[{"@type":"WebPage","@id":"https:\/\/zsp1chojna.pl\/?page_id=10933","url":"https:\/\/zsp1chojna.pl\/?page_id=10933","name":"Najlepsi absolwenci 1998 - ZSP w Chojnie","isPartOf":{"@id":"https:\/\/zsp1chojna.pl\/#website"},"datePublished":"2024-10-28T08:57:37+00:00","dateModified":"2024-10-28T09:29:45+00:00","breadcrumb":{"@id":"https:\/\/zsp1chojna.pl\/?page_id=10933#breadcrumb"},"inLanguage":"pl-PL","potentialAction":[{"@type":"ReadAction","target":["https:\/\/zsp1chojna.pl\/?page_id=10933"]}]},{"@type":"BreadcrumbList","@id":"https:\/\/zsp1chojna.pl\/?page_id=10933#breadcrumb","itemListElement":[{"@type":"ListItem","position":1,"name":"Home","item":"https:\/\/zsp1chojna.pl\/"},{"@type":"ListItem","position":2,"name":"Najlepsi absolwenci 1998"}]},{"@type":"WebSite","@id":"https:\/\/zsp1chojna.pl\/#website","url":"https:\/\/zsp1chojna.pl\/","name":"ZSP w Chojnie","description":"","publisher":{"@id":"https:\/\/zsp1chojna.pl\/#organization"},"potentialAction":[{"@type":"SearchAction","target":{"@type":"EntryPoint","urlTemplate":"https:\/\/zsp1chojna.pl\/?s={search_term_string}"},"query-input":"required name=search_term_string"}],"inLanguage":"pl-PL"},{"@type":"Organization","@id":"https:\/\/zsp1chojna.pl\/#organization","name":"ZSP w Chojnie","url":"https:\/\/zsp1chojna.pl\/","logo":{"@type":"ImageObject","inLanguage":"pl-PL","@id":"https:\/\/zsp1chojna.pl\/#\/schema\/logo\/image\/","url":"https:\/\/zsp1chojna.pl\/wp-content\/uploads\/2023\/08\/cropped-cropped-cropped-Logo-biale-napis-na-3-wiersze_504-1.png","contentUrl":"https:\/\/zsp1chojna.pl\/wp-content\/uploads\/2023\/08\/cropped-cropped-cropped-Logo-biale-napis-na-3-wiersze_504-1.png","width":504,"height":167,"caption":"ZSP w Chojnie"},"image":{"@id":"https:\/\/zsp1chojna.pl\/#\/schema\/logo\/image\/"}}]}},"_links":{"self":[{"href":"https:\/\/zsp1chojna.pl\/index.php?rest_route=\/wp\/v2\/pages\/10933","targetHints":{"allow":["GET"]}}],"collection":[{"href":"https:\/\/zsp1chojna.pl\/index.php?rest_route=\/wp\/v2\/pages"}],"about":[{"href":"https:\/\/zsp1chojna.pl\/index.php?rest_route=\/wp\/v2\/types\/page"}],"author":[{"embeddable":true,"href":"https:\/\/zsp1chojna.pl\/index.php?rest_route=\/wp\/v2\/users\/11"}],"replies":[{"embeddable":true,"href":"https:\/\/zsp1chojna.pl\/index.php?rest_route=%2Fwp%2Fv2%2Fcomments&post=10933"}],"version-history":[{"count":2,"href":"https:\/\/zsp1chojna.pl\/index.php?rest_route=\/wp\/v2\/pages\/10933\/revisions"}],"predecessor-version":[{"id":11120,"href":"https:\/\/zsp1chojna.pl\/index.php?rest_route=\/wp\/v2\/pages\/10933\/revisions\/11120"}],"wp:attachment":[{"href":"https:\/\/zsp1chojna.pl\/index.php?rest_route=%2Fwp%2Fv2%2Fmedia&parent=10933"}],"curies":[{"name":"wp","href":"https:\/\/api.w.org\/{rel}","templated":true}]}}