{"id":10930,"date":"2024-10-28T09:56:25","date_gmt":"2024-10-28T08:56:25","guid":{"rendered":"https:\/\/zsp1chojna.pl\/?page_id=10930"},"modified":"2024-10-28T10:29:46","modified_gmt":"2024-10-28T09:29:46","slug":"rok-1999-2","status":"publish","type":"page","link":"https:\/\/zsp1chojna.pl\/?page_id=10930","title":{"rendered":"Najlepsi absolwenci 1999"},"content":{"rendered":"<style>.kadence-column10930_8c7e5c-b5 > .kt-inside-inner-col,.kadence-column10930_8c7e5c-b5 > .kt-inside-inner-col:before{border-top-left-radius:0px;border-top-right-radius:0px;border-bottom-right-radius:0px;border-bottom-left-radius:0px;}.kadence-column10930_8c7e5c-b5 > .kt-inside-inner-col:before{opacity:0.3;}.kadence-column10930_8c7e5c-b5{position:relative;}<\/style>\n<div class=\"wp-block-kadence-column kadence-column10930_8c7e5c-b5\"><div class=\"kt-inside-inner-col\">\n<div class=\"wp-block-columns is-layout-flex wp-container-core-columns-is-layout-9d6595d7 wp-block-columns-is-layout-flex\">\n<div class=\"wp-block-column is-layout-flow wp-block-column-is-layout-flow\">\n<p>Czy\u017cewska Monika<br>Kozakiewicz Pawe\u0142<br>Ko\u0142odziej Justyna<br>Niemiec Iwona<br>Tondel Urszula<br>Wypch\u0142o Marcin<br>Kierat Andrzej<br>\u0141azarewicz Agnieszka<br>Wo\u0142ucki \u0141ukasz<br>Bednarz Barbara<br>Downar Anna<br>S\u0142odkowski \u0141ukasz<br>Kopczy\u0144ska Joanna<br>Magierowska Agnieszka<br>Sto\u0142owska Izabela<br>\u017bywiec Anna<br>Skotnicka Ma\u0142gorzata<br>Nosal Justyna<br>\u0141ozicka Kamila<br>Kopczy\u0144ska Anita<br>Caban Paulina<br>Kowalczyk Katarzyna<br>Korman Aneta<br>Hrynkiewicz Aneta<br>Olsza\u0144ska Magdalena<br>Jackowska Ewelina<br>Rolnik Krystyna<br>Bogdanowicz Anna<br>Konikowska Aneta<br>Pawlak Mariola<br>W\u0105sowska Jadwiga<br>B\u0142aszczyk Mariusz<br>G\u0119\u015blowska Joanna<br>Kopczy\u0144ska Marta<br>Olechnowicz Dominik<br>Dru\u017cga Anna<br>Kempi\u0144ska Joanna<br>Ja\u017cd\u017cyk Anita<br>Konikowska Wioletta<br>Wach Anna<br>Kukla Dorota<br>R\u0119biasz Magdalena<br>Pier\u00f3g Alicja<br>Szymczyszyn Marta<\/p>\n<\/div>\n\n\n\n<div class=\"wp-block-column is-layout-flow wp-block-column-is-layout-flow\"><\/div>\n<\/div>\n<\/div><\/div>\n","protected":false},"excerpt":{"rendered":"<p>Czy\u017cewska MonikaKozakiewicz Pawe\u0142Ko\u0142odziej JustynaNiemiec IwonaTondel UrszulaWypch\u0142o MarcinKierat Andrzej\u0141azarewicz AgnieszkaWo\u0142ucki \u0141ukaszBednarz BarbaraDownar AnnaS\u0142odkowski \u0141ukaszKopczy\u0144ska JoannaMagierowska AgnieszkaSto\u0142owska Izabela\u017bywiec AnnaSkotnicka Ma\u0142gorzataNosal Justyna\u0141ozicka KamilaKopczy\u0144ska AnitaCaban PaulinaKowalczyk KatarzynaKorman AnetaHrynkiewicz AnetaOlsza\u0144ska MagdalenaJackowska EwelinaRolnik KrystynaBogdanowicz AnnaKonikowska AnetaPawlak [&hellip;]<\/p>\n","protected":false},"author":11,"featured_media":0,"parent":0,"menu_order":0,"comment_status":"closed","ping_status":"closed","template":"","meta":{"footnotes":""},"class_list":["post-10930","page","type-page","status-publish","hentry"],"yoast_head":"<!-- This site is optimized with the Yoast SEO plugin v20.13 - https:\/\/yoast.com\/wordpress\/plugins\/seo\/ -->\n<title>Najlepsi absolwenci 1999 - ZSP w Chojnie<\/title>\n<meta name=\"robots\" content=\"index, follow, max-snippet:-1, max-image-preview:large, max-video-preview:-1\" \/>\n<link rel=\"canonical\" href=\"https:\/\/zsp1chojna.pl\/?page_id=10930\" \/>\n<meta property=\"og:locale\" content=\"pl_PL\" \/>\n<meta property=\"og:type\" content=\"article\" \/>\n<meta property=\"og:title\" content=\"Najlepsi absolwenci 1999 - ZSP w Chojnie\" \/>\n<meta property=\"og:description\" content=\"Czy\u017cewska MonikaKozakiewicz Pawe\u0142Ko\u0142odziej JustynaNiemiec IwonaTondel UrszulaWypch\u0142o MarcinKierat Andrzej\u0141azarewicz AgnieszkaWo\u0142ucki \u0141ukaszBednarz BarbaraDownar AnnaS\u0142odkowski \u0141ukaszKopczy\u0144ska JoannaMagierowska AgnieszkaSto\u0142owska Izabela\u017bywiec AnnaSkotnicka Ma\u0142gorzataNosal Justyna\u0141ozicka KamilaKopczy\u0144ska AnitaCaban PaulinaKowalczyk KatarzynaKorman AnetaHrynkiewicz AnetaOlsza\u0144ska MagdalenaJackowska EwelinaRolnik KrystynaBogdanowicz AnnaKonikowska AnetaPawlak [&hellip;]\" \/>\n<meta property=\"og:url\" content=\"https:\/\/zsp1chojna.pl\/?page_id=10930\" \/>\n<meta property=\"og:site_name\" content=\"ZSP w Chojnie\" \/>\n<meta property=\"article:modified_time\" content=\"2024-10-28T09:29:46+00:00\" \/>\n<meta name=\"twitter:card\" content=\"summary_large_image\" \/>\n<meta name=\"twitter:label1\" content=\"Szacowany czas czytania\" \/>\n\t<meta name=\"twitter:data1\" content=\"1 minuta\" \/>\n<script type=\"application\/ld+json\" class=\"yoast-schema-graph\">{\"@context\":\"https:\/\/schema.org\",\"@graph\":[{\"@type\":\"WebPage\",\"@id\":\"https:\/\/zsp1chojna.pl\/?page_id=10930\",\"url\":\"https:\/\/zsp1chojna.pl\/?page_id=10930\",\"name\":\"Najlepsi absolwenci 1999 - ZSP w Chojnie\",\"isPartOf\":{\"@id\":\"https:\/\/zsp1chojna.pl\/#website\"},\"datePublished\":\"2024-10-28T08:56:25+00:00\",\"dateModified\":\"2024-10-28T09:29:46+00:00\",\"breadcrumb\":{\"@id\":\"https:\/\/zsp1chojna.pl\/?page_id=10930#breadcrumb\"},\"inLanguage\":\"pl-PL\",\"potentialAction\":[{\"@type\":\"ReadAction\",\"target\":[\"https:\/\/zsp1chojna.pl\/?page_id=10930\"]}]},{\"@type\":\"BreadcrumbList\",\"@id\":\"https:\/\/zsp1chojna.pl\/?page_id=10930#breadcrumb\",\"itemListElement\":[{\"@type\":\"ListItem\",\"position\":1,\"name\":\"Home\",\"item\":\"https:\/\/zsp1chojna.pl\/\"},{\"@type\":\"ListItem\",\"position\":2,\"name\":\"Najlepsi absolwenci 1999\"}]},{\"@type\":\"WebSite\",\"@id\":\"https:\/\/zsp1chojna.pl\/#website\",\"url\":\"https:\/\/zsp1chojna.pl\/\",\"name\":\"ZSP w Chojnie\",\"description\":\"\",\"publisher\":{\"@id\":\"https:\/\/zsp1chojna.pl\/#organization\"},\"potentialAction\":[{\"@type\":\"SearchAction\",\"target\":{\"@type\":\"EntryPoint\",\"urlTemplate\":\"https:\/\/zsp1chojna.pl\/?s={search_term_string}\"},\"query-input\":\"required name=search_term_string\"}],\"inLanguage\":\"pl-PL\"},{\"@type\":\"Organization\",\"@id\":\"https:\/\/zsp1chojna.pl\/#organization\",\"name\":\"ZSP w Chojnie\",\"url\":\"https:\/\/zsp1chojna.pl\/\",\"logo\":{\"@type\":\"ImageObject\",\"inLanguage\":\"pl-PL\",\"@id\":\"https:\/\/zsp1chojna.pl\/#\/schema\/logo\/image\/\",\"url\":\"https:\/\/zsp1chojna.pl\/wp-content\/uploads\/2023\/08\/cropped-cropped-cropped-Logo-biale-napis-na-3-wiersze_504-1.png\",\"contentUrl\":\"https:\/\/zsp1chojna.pl\/wp-content\/uploads\/2023\/08\/cropped-cropped-cropped-Logo-biale-napis-na-3-wiersze_504-1.png\",\"width\":504,\"height\":167,\"caption\":\"ZSP w Chojnie\"},\"image\":{\"@id\":\"https:\/\/zsp1chojna.pl\/#\/schema\/logo\/image\/\"}}]}<\/script>\n<!-- \/ Yoast SEO plugin. -->","yoast_head_json":{"title":"Najlepsi absolwenci 1999 - ZSP w Chojnie","robots":{"index":"index","follow":"follow","max-snippet":"max-snippet:-1","max-image-preview":"max-image-preview:large","max-video-preview":"max-video-preview:-1"},"canonical":"https:\/\/zsp1chojna.pl\/?page_id=10930","og_locale":"pl_PL","og_type":"article","og_title":"Najlepsi absolwenci 1999 - ZSP w Chojnie","og_description":"Czy\u017cewska MonikaKozakiewicz Pawe\u0142Ko\u0142odziej JustynaNiemiec IwonaTondel UrszulaWypch\u0142o MarcinKierat Andrzej\u0141azarewicz AgnieszkaWo\u0142ucki \u0141ukaszBednarz BarbaraDownar AnnaS\u0142odkowski \u0141ukaszKopczy\u0144ska JoannaMagierowska AgnieszkaSto\u0142owska Izabela\u017bywiec AnnaSkotnicka Ma\u0142gorzataNosal Justyna\u0141ozicka KamilaKopczy\u0144ska AnitaCaban PaulinaKowalczyk KatarzynaKorman AnetaHrynkiewicz AnetaOlsza\u0144ska MagdalenaJackowska EwelinaRolnik KrystynaBogdanowicz AnnaKonikowska AnetaPawlak [&hellip;]","og_url":"https:\/\/zsp1chojna.pl\/?page_id=10930","og_site_name":"ZSP w Chojnie","article_modified_time":"2024-10-28T09:29:46+00:00","twitter_card":"summary_large_image","twitter_misc":{"Szacowany czas czytania":"1 minuta"},"schema":{"@context":"https:\/\/schema.org","@graph":[{"@type":"WebPage","@id":"https:\/\/zsp1chojna.pl\/?page_id=10930","url":"https:\/\/zsp1chojna.pl\/?page_id=10930","name":"Najlepsi absolwenci 1999 - ZSP w Chojnie","isPartOf":{"@id":"https:\/\/zsp1chojna.pl\/#website"},"datePublished":"2024-10-28T08:56:25+00:00","dateModified":"2024-10-28T09:29:46+00:00","breadcrumb":{"@id":"https:\/\/zsp1chojna.pl\/?page_id=10930#breadcrumb"},"inLanguage":"pl-PL","potentialAction":[{"@type":"ReadAction","target":["https:\/\/zsp1chojna.pl\/?page_id=10930"]}]},{"@type":"BreadcrumbList","@id":"https:\/\/zsp1chojna.pl\/?page_id=10930#breadcrumb","itemListElement":[{"@type":"ListItem","position":1,"name":"Home","item":"https:\/\/zsp1chojna.pl\/"},{"@type":"ListItem","position":2,"name":"Najlepsi absolwenci 1999"}]},{"@type":"WebSite","@id":"https:\/\/zsp1chojna.pl\/#website","url":"https:\/\/zsp1chojna.pl\/","name":"ZSP w Chojnie","description":"","publisher":{"@id":"https:\/\/zsp1chojna.pl\/#organization"},"potentialAction":[{"@type":"SearchAction","target":{"@type":"EntryPoint","urlTemplate":"https:\/\/zsp1chojna.pl\/?s={search_term_string}"},"query-input":"required name=search_term_string"}],"inLanguage":"pl-PL"},{"@type":"Organization","@id":"https:\/\/zsp1chojna.pl\/#organization","name":"ZSP w Chojnie","url":"https:\/\/zsp1chojna.pl\/","logo":{"@type":"ImageObject","inLanguage":"pl-PL","@id":"https:\/\/zsp1chojna.pl\/#\/schema\/logo\/image\/","url":"https:\/\/zsp1chojna.pl\/wp-content\/uploads\/2023\/08\/cropped-cropped-cropped-Logo-biale-napis-na-3-wiersze_504-1.png","contentUrl":"https:\/\/zsp1chojna.pl\/wp-content\/uploads\/2023\/08\/cropped-cropped-cropped-Logo-biale-napis-na-3-wiersze_504-1.png","width":504,"height":167,"caption":"ZSP w Chojnie"},"image":{"@id":"https:\/\/zsp1chojna.pl\/#\/schema\/logo\/image\/"}}]}},"_links":{"self":[{"href":"https:\/\/zsp1chojna.pl\/index.php?rest_route=\/wp\/v2\/pages\/10930","targetHints":{"allow":["GET"]}}],"collection":[{"href":"https:\/\/zsp1chojna.pl\/index.php?rest_route=\/wp\/v2\/pages"}],"about":[{"href":"https:\/\/zsp1chojna.pl\/index.php?rest_route=\/wp\/v2\/types\/page"}],"author":[{"embeddable":true,"href":"https:\/\/zsp1chojna.pl\/index.php?rest_route=\/wp\/v2\/users\/11"}],"replies":[{"embeddable":true,"href":"https:\/\/zsp1chojna.pl\/index.php?rest_route=%2Fwp%2Fv2%2Fcomments&post=10930"}],"version-history":[{"count":2,"href":"https:\/\/zsp1chojna.pl\/index.php?rest_route=\/wp\/v2\/pages\/10930\/revisions"}],"predecessor-version":[{"id":11121,"href":"https:\/\/zsp1chojna.pl\/index.php?rest_route=\/wp\/v2\/pages\/10930\/revisions\/11121"}],"wp:attachment":[{"href":"https:\/\/zsp1chojna.pl\/index.php?rest_route=%2Fwp%2Fv2%2Fmedia&parent=10930"}],"curies":[{"name":"wp","href":"https:\/\/api.w.org\/{rel}","templated":true}]}}