{"id":10902,"date":"2024-10-28T09:50:50","date_gmt":"2024-10-28T08:50:50","guid":{"rendered":"https:\/\/zsp1chojna.pl\/?page_id=10902"},"modified":"2024-10-28T10:25:14","modified_gmt":"2024-10-28T09:25:14","slug":"rok-2005-2","status":"publish","type":"page","link":"https:\/\/zsp1chojna.pl\/?page_id=10902","title":{"rendered":"Najlepsi absolwenci 2005"},"content":{"rendered":"<style>.kadence-column10902_41dfd2-c3 > .kt-inside-inner-col,.kadence-column10902_41dfd2-c3 > .kt-inside-inner-col:before{border-top-left-radius:0px;border-top-right-radius:0px;border-bottom-right-radius:0px;border-bottom-left-radius:0px;}.kadence-column10902_41dfd2-c3 > .kt-inside-inner-col:before{opacity:0.3;}.kadence-column10902_41dfd2-c3{position:relative;}<\/style>\n<div class=\"wp-block-kadence-column kadence-column10902_41dfd2-c3\"><div class=\"kt-inside-inner-col\">\n<div class=\"wp-block-columns is-layout-flex wp-container-core-columns-is-layout-9d6595d7 wp-block-columns-is-layout-flex\">\n<div class=\"wp-block-column is-layout-flow wp-block-column-is-layout-flow\">\n<p>Niewiada Justyna<br>S\u0142odkowska Maria<br>Wojciechowska Magdalena<br>Ziobrowska Aleksandra<br>Paw\u0142owska Ma\u0142gorzata<br>Ka\u0142ucka Paulina<br>Paulski Micha\u0142<br>Krywionek Natalia<br>Hejne Marta<br>Nied\u017awiecka Sandra<br>Iwaniuk Ewelina<br>Skoniecka Eliza<br>Matuszak Anna<br>Matuszak Patrycjusz<br>Krzy\u017canowska Anna<br>Matejko Katarzyna<br>Przysi\u0119\u017cny Pawe\u0142<br>Fryska Joanna<br>Dru\u017cga \u0141ukasz<br>Jackowska Patrycja<br>Niemiec Barbara<br>Madera Marcin<br>Tomaszewska Justyna<br>Zawalska Beata<br>Binicka Patrycja<br>Banasik Anna<br>I\u017cak Marta<br>Wisz Piotr<br>Wawrzyniuk Aleksandra<br>To\u0142\u0142oczko Mateusz<br>Or\u0142owska Adrianna<br>Kowalczyk Joanna<br>Siwiera Paulina<br>Rzo\u0144ca Anna<br>Orman Kacper<br>Ostrowski Piotr<\/p>\n<\/div>\n\n\n\n<div class=\"wp-block-column is-layout-flow wp-block-column-is-layout-flow\"><\/div>\n<\/div>\n<\/div><\/div>\n","protected":false},"excerpt":{"rendered":"<p>Niewiada JustynaS\u0142odkowska MariaWojciechowska MagdalenaZiobrowska AleksandraPaw\u0142owska Ma\u0142gorzataKa\u0142ucka PaulinaPaulski Micha\u0142Krywionek NataliaHejne MartaNied\u017awiecka SandraIwaniuk EwelinaSkoniecka ElizaMatuszak AnnaMatuszak PatrycjuszKrzy\u017canowska AnnaMatejko KatarzynaPrzysi\u0119\u017cny Pawe\u0142Fryska JoannaDru\u017cga \u0141ukaszJackowska PatrycjaNiemiec BarbaraMadera MarcinTomaszewska JustynaZawalska BeataBinicka PatrycjaBanasik AnnaI\u017cak MartaWisz PiotrWawrzyniuk AleksandraTo\u0142\u0142oczko [&hellip;]<\/p>\n","protected":false},"author":11,"featured_media":0,"parent":0,"menu_order":0,"comment_status":"closed","ping_status":"closed","template":"","meta":{"footnotes":""},"class_list":["post-10902","page","type-page","status-publish","hentry"],"yoast_head":"<!-- This site is optimized with the Yoast SEO plugin v20.13 - https:\/\/yoast.com\/wordpress\/plugins\/seo\/ -->\n<title>Najlepsi absolwenci 2005 - ZSP w Chojnie<\/title>\n<meta name=\"robots\" content=\"index, follow, max-snippet:-1, max-image-preview:large, max-video-preview:-1\" \/>\n<link rel=\"canonical\" href=\"https:\/\/zsp1chojna.pl\/?page_id=10902\" \/>\n<meta property=\"og:locale\" content=\"pl_PL\" \/>\n<meta property=\"og:type\" content=\"article\" \/>\n<meta property=\"og:title\" content=\"Najlepsi absolwenci 2005 - ZSP w Chojnie\" \/>\n<meta property=\"og:description\" content=\"Niewiada JustynaS\u0142odkowska MariaWojciechowska MagdalenaZiobrowska AleksandraPaw\u0142owska Ma\u0142gorzataKa\u0142ucka PaulinaPaulski Micha\u0142Krywionek NataliaHejne MartaNied\u017awiecka SandraIwaniuk EwelinaSkoniecka ElizaMatuszak AnnaMatuszak PatrycjuszKrzy\u017canowska AnnaMatejko KatarzynaPrzysi\u0119\u017cny Pawe\u0142Fryska JoannaDru\u017cga \u0141ukaszJackowska PatrycjaNiemiec BarbaraMadera MarcinTomaszewska JustynaZawalska BeataBinicka PatrycjaBanasik AnnaI\u017cak MartaWisz PiotrWawrzyniuk AleksandraTo\u0142\u0142oczko [&hellip;]\" \/>\n<meta property=\"og:url\" content=\"https:\/\/zsp1chojna.pl\/?page_id=10902\" \/>\n<meta property=\"og:site_name\" content=\"ZSP w Chojnie\" \/>\n<meta property=\"article:modified_time\" content=\"2024-10-28T09:25:14+00:00\" \/>\n<meta name=\"twitter:card\" content=\"summary_large_image\" \/>\n<meta name=\"twitter:label1\" content=\"Szacowany czas czytania\" \/>\n\t<meta name=\"twitter:data1\" content=\"1 minuta\" \/>\n<script type=\"application\/ld+json\" class=\"yoast-schema-graph\">{\"@context\":\"https:\/\/schema.org\",\"@graph\":[{\"@type\":\"WebPage\",\"@id\":\"https:\/\/zsp1chojna.pl\/?page_id=10902\",\"url\":\"https:\/\/zsp1chojna.pl\/?page_id=10902\",\"name\":\"Najlepsi absolwenci 2005 - ZSP w Chojnie\",\"isPartOf\":{\"@id\":\"https:\/\/zsp1chojna.pl\/#website\"},\"datePublished\":\"2024-10-28T08:50:50+00:00\",\"dateModified\":\"2024-10-28T09:25:14+00:00\",\"breadcrumb\":{\"@id\":\"https:\/\/zsp1chojna.pl\/?page_id=10902#breadcrumb\"},\"inLanguage\":\"pl-PL\",\"potentialAction\":[{\"@type\":\"ReadAction\",\"target\":[\"https:\/\/zsp1chojna.pl\/?page_id=10902\"]}]},{\"@type\":\"BreadcrumbList\",\"@id\":\"https:\/\/zsp1chojna.pl\/?page_id=10902#breadcrumb\",\"itemListElement\":[{\"@type\":\"ListItem\",\"position\":1,\"name\":\"Home\",\"item\":\"https:\/\/zsp1chojna.pl\/\"},{\"@type\":\"ListItem\",\"position\":2,\"name\":\"Najlepsi absolwenci 2005\"}]},{\"@type\":\"WebSite\",\"@id\":\"https:\/\/zsp1chojna.pl\/#website\",\"url\":\"https:\/\/zsp1chojna.pl\/\",\"name\":\"ZSP w Chojnie\",\"description\":\"\",\"publisher\":{\"@id\":\"https:\/\/zsp1chojna.pl\/#organization\"},\"potentialAction\":[{\"@type\":\"SearchAction\",\"target\":{\"@type\":\"EntryPoint\",\"urlTemplate\":\"https:\/\/zsp1chojna.pl\/?s={search_term_string}\"},\"query-input\":\"required name=search_term_string\"}],\"inLanguage\":\"pl-PL\"},{\"@type\":\"Organization\",\"@id\":\"https:\/\/zsp1chojna.pl\/#organization\",\"name\":\"ZSP w Chojnie\",\"url\":\"https:\/\/zsp1chojna.pl\/\",\"logo\":{\"@type\":\"ImageObject\",\"inLanguage\":\"pl-PL\",\"@id\":\"https:\/\/zsp1chojna.pl\/#\/schema\/logo\/image\/\",\"url\":\"https:\/\/zsp1chojna.pl\/wp-content\/uploads\/2023\/08\/cropped-cropped-cropped-Logo-biale-napis-na-3-wiersze_504-1.png\",\"contentUrl\":\"https:\/\/zsp1chojna.pl\/wp-content\/uploads\/2023\/08\/cropped-cropped-cropped-Logo-biale-napis-na-3-wiersze_504-1.png\",\"width\":504,\"height\":167,\"caption\":\"ZSP w Chojnie\"},\"image\":{\"@id\":\"https:\/\/zsp1chojna.pl\/#\/schema\/logo\/image\/\"}}]}<\/script>\n<!-- \/ Yoast SEO plugin. -->","yoast_head_json":{"title":"Najlepsi absolwenci 2005 - ZSP w Chojnie","robots":{"index":"index","follow":"follow","max-snippet":"max-snippet:-1","max-image-preview":"max-image-preview:large","max-video-preview":"max-video-preview:-1"},"canonical":"https:\/\/zsp1chojna.pl\/?page_id=10902","og_locale":"pl_PL","og_type":"article","og_title":"Najlepsi absolwenci 2005 - ZSP w Chojnie","og_description":"Niewiada JustynaS\u0142odkowska MariaWojciechowska MagdalenaZiobrowska AleksandraPaw\u0142owska Ma\u0142gorzataKa\u0142ucka PaulinaPaulski Micha\u0142Krywionek NataliaHejne MartaNied\u017awiecka SandraIwaniuk EwelinaSkoniecka ElizaMatuszak AnnaMatuszak PatrycjuszKrzy\u017canowska AnnaMatejko KatarzynaPrzysi\u0119\u017cny Pawe\u0142Fryska JoannaDru\u017cga \u0141ukaszJackowska PatrycjaNiemiec BarbaraMadera MarcinTomaszewska JustynaZawalska BeataBinicka PatrycjaBanasik AnnaI\u017cak MartaWisz PiotrWawrzyniuk AleksandraTo\u0142\u0142oczko [&hellip;]","og_url":"https:\/\/zsp1chojna.pl\/?page_id=10902","og_site_name":"ZSP w Chojnie","article_modified_time":"2024-10-28T09:25:14+00:00","twitter_card":"summary_large_image","twitter_misc":{"Szacowany czas czytania":"1 minuta"},"schema":{"@context":"https:\/\/schema.org","@graph":[{"@type":"WebPage","@id":"https:\/\/zsp1chojna.pl\/?page_id=10902","url":"https:\/\/zsp1chojna.pl\/?page_id=10902","name":"Najlepsi absolwenci 2005 - ZSP w Chojnie","isPartOf":{"@id":"https:\/\/zsp1chojna.pl\/#website"},"datePublished":"2024-10-28T08:50:50+00:00","dateModified":"2024-10-28T09:25:14+00:00","breadcrumb":{"@id":"https:\/\/zsp1chojna.pl\/?page_id=10902#breadcrumb"},"inLanguage":"pl-PL","potentialAction":[{"@type":"ReadAction","target":["https:\/\/zsp1chojna.pl\/?page_id=10902"]}]},{"@type":"BreadcrumbList","@id":"https:\/\/zsp1chojna.pl\/?page_id=10902#breadcrumb","itemListElement":[{"@type":"ListItem","position":1,"name":"Home","item":"https:\/\/zsp1chojna.pl\/"},{"@type":"ListItem","position":2,"name":"Najlepsi absolwenci 2005"}]},{"@type":"WebSite","@id":"https:\/\/zsp1chojna.pl\/#website","url":"https:\/\/zsp1chojna.pl\/","name":"ZSP w Chojnie","description":"","publisher":{"@id":"https:\/\/zsp1chojna.pl\/#organization"},"potentialAction":[{"@type":"SearchAction","target":{"@type":"EntryPoint","urlTemplate":"https:\/\/zsp1chojna.pl\/?s={search_term_string}"},"query-input":"required name=search_term_string"}],"inLanguage":"pl-PL"},{"@type":"Organization","@id":"https:\/\/zsp1chojna.pl\/#organization","name":"ZSP w Chojnie","url":"https:\/\/zsp1chojna.pl\/","logo":{"@type":"ImageObject","inLanguage":"pl-PL","@id":"https:\/\/zsp1chojna.pl\/#\/schema\/logo\/image\/","url":"https:\/\/zsp1chojna.pl\/wp-content\/uploads\/2023\/08\/cropped-cropped-cropped-Logo-biale-napis-na-3-wiersze_504-1.png","contentUrl":"https:\/\/zsp1chojna.pl\/wp-content\/uploads\/2023\/08\/cropped-cropped-cropped-Logo-biale-napis-na-3-wiersze_504-1.png","width":504,"height":167,"caption":"ZSP w Chojnie"},"image":{"@id":"https:\/\/zsp1chojna.pl\/#\/schema\/logo\/image\/"}}]}},"_links":{"self":[{"href":"https:\/\/zsp1chojna.pl\/index.php?rest_route=\/wp\/v2\/pages\/10902","targetHints":{"allow":["GET"]}}],"collection":[{"href":"https:\/\/zsp1chojna.pl\/index.php?rest_route=\/wp\/v2\/pages"}],"about":[{"href":"https:\/\/zsp1chojna.pl\/index.php?rest_route=\/wp\/v2\/types\/page"}],"author":[{"embeddable":true,"href":"https:\/\/zsp1chojna.pl\/index.php?rest_route=\/wp\/v2\/users\/11"}],"replies":[{"embeddable":true,"href":"https:\/\/zsp1chojna.pl\/index.php?rest_route=%2Fwp%2Fv2%2Fcomments&post=10902"}],"version-history":[{"count":3,"href":"https:\/\/zsp1chojna.pl\/index.php?rest_route=\/wp\/v2\/pages\/10902\/revisions"}],"predecessor-version":[{"id":11084,"href":"https:\/\/zsp1chojna.pl\/index.php?rest_route=\/wp\/v2\/pages\/10902\/revisions\/11084"}],"wp:attachment":[{"href":"https:\/\/zsp1chojna.pl\/index.php?rest_route=%2Fwp%2Fv2%2Fmedia&parent=10902"}],"curies":[{"name":"wp","href":"https:\/\/api.w.org\/{rel}","templated":true}]}}