{"id":10900,"date":"2024-10-28T09:49:44","date_gmt":"2024-10-28T08:49:44","guid":{"rendered":"https:\/\/zsp1chojna.pl\/?page_id=10900"},"modified":"2024-10-28T10:24:47","modified_gmt":"2024-10-28T09:24:47","slug":"rok-2006-2","status":"publish","type":"page","link":"https:\/\/zsp1chojna.pl\/?page_id=10900","title":{"rendered":"Najlepsi absolwenci 2006"},"content":{"rendered":"<style>.kadence-column10900_49dd45-63 > .kt-inside-inner-col,.kadence-column10900_49dd45-63 > .kt-inside-inner-col:before{border-top-left-radius:0px;border-top-right-radius:0px;border-bottom-right-radius:0px;border-bottom-left-radius:0px;}.kadence-column10900_49dd45-63 > .kt-inside-inner-col:before{opacity:0.3;}.kadence-column10900_49dd45-63{position:relative;}<\/style>\n<div class=\"wp-block-kadence-column kadence-column10900_49dd45-63\"><div class=\"kt-inside-inner-col\">\n<div class=\"wp-block-columns is-layout-flex wp-container-core-columns-is-layout-9d6595d7 wp-block-columns-is-layout-flex\">\n<div class=\"wp-block-column is-layout-flow wp-block-column-is-layout-flow\">\n<p>Rycza\u0144czyk Katarzyna<br>B\u0119dzak Natalia<br>\u0106wirko Alicja<br>Zgoda Tomasz<br>Tarnowska Agnieszka<br>Kami\u0144ska Emilia<br>Rolak Beata<br>Tch\u00f3rz Ma\u0142gorzata<br>Byli\u0144ska Izabela<br>Fedorowska El\u017cbieta<br>Strza\u0142ka Ilona<br>Bil Ewelina<br>Gaik Jagoda<br>Michalczyszyn Joanna<br>Migdalska Sylwia<br>Surmacz Agata<br>Karaczun Agata<br>Bitel Beata<br>Budynkiewicz Krzysztof<br>Domaradzka Magdalena<br>Jagusz Rafa\u0142<br>Malecka Urszula<br>Pater Diana<br>Doma\u0144ska Ma\u0142gorzata<br>Kikosicka Blanka<br>Sitarska Katarzyna<br>Siwik Kamila<br>Wi\u015bniewska Justyna<br>\u017baba Izabela<br>Czerkies Kamila<br>Gramburg Elwira<br>Jaz Anna<br>Ja\u017adziewska Paulina<br>Moska Sylwian<br>Nowicka Agnieszka<br>Piasecka Urszula<br>S\u0119dziak Aleksandra<br>Skiba Wioleta<br>Wierzbicka Celina<br>Czerwi\u0144ska Ewelina<br>Krawczykowska Anna<br>\u0141yzi\u0144ska Dorota<br>Oblicka Ewa<br>Uryniuk Iwona<br>Jankowska Marta<br>Szel\u0105\u017cek Katarzyna<br>\u015aliwi\u0144ska Patrycja<br>Fiejtek Marek<br>Lejman Grzegorz<br>Oleksiak \u0141ukasz<br>Redo Agnieszka<br>Gawro\u0144ska Sylwia<br>Kopysty\u0144ska Teresa<br>Mikos Julita<br>Baran Tobiasz<br>Jankowski Piotr<\/p>\n<\/div>\n\n\n\n<div class=\"wp-block-column is-layout-flow wp-block-column-is-layout-flow\"><\/div>\n<\/div>\n<\/div><\/div>\n\n\n\n<p><\/p>\n","protected":false},"excerpt":{"rendered":"<p>Rycza\u0144czyk KatarzynaB\u0119dzak Natalia\u0106wirko AlicjaZgoda TomaszTarnowska AgnieszkaKami\u0144ska EmiliaRolak BeataTch\u00f3rz Ma\u0142gorzataByli\u0144ska IzabelaFedorowska El\u017cbietaStrza\u0142ka IlonaBil EwelinaGaik JagodaMichalczyszyn JoannaMigdalska SylwiaSurmacz AgataKaraczun AgataBitel BeataBudynkiewicz KrzysztofDomaradzka MagdalenaJagusz Rafa\u0142Malecka UrszulaPater DianaDoma\u0144ska Ma\u0142gorzataKikosicka BlankaSitarska KatarzynaSiwik KamilaWi\u015bniewska Justyna\u017baba IzabelaCzerkies [&hellip;]<\/p>\n","protected":false},"author":11,"featured_media":0,"parent":0,"menu_order":0,"comment_status":"closed","ping_status":"closed","template":"","meta":{"footnotes":""},"class_list":["post-10900","page","type-page","status-publish","hentry"],"yoast_head":"<!-- This site is optimized with the Yoast SEO plugin v20.13 - https:\/\/yoast.com\/wordpress\/plugins\/seo\/ -->\n<title>Najlepsi absolwenci 2006 - ZSP w Chojnie<\/title>\n<meta name=\"robots\" content=\"index, follow, max-snippet:-1, max-image-preview:large, max-video-preview:-1\" \/>\n<link rel=\"canonical\" href=\"https:\/\/zsp1chojna.pl\/?page_id=10900\" \/>\n<meta property=\"og:locale\" content=\"pl_PL\" \/>\n<meta property=\"og:type\" content=\"article\" \/>\n<meta property=\"og:title\" content=\"Najlepsi absolwenci 2006 - ZSP w Chojnie\" \/>\n<meta property=\"og:description\" content=\"Rycza\u0144czyk KatarzynaB\u0119dzak Natalia\u0106wirko AlicjaZgoda TomaszTarnowska AgnieszkaKami\u0144ska EmiliaRolak BeataTch\u00f3rz Ma\u0142gorzataByli\u0144ska IzabelaFedorowska El\u017cbietaStrza\u0142ka IlonaBil EwelinaGaik JagodaMichalczyszyn JoannaMigdalska SylwiaSurmacz AgataKaraczun AgataBitel BeataBudynkiewicz KrzysztofDomaradzka MagdalenaJagusz Rafa\u0142Malecka UrszulaPater DianaDoma\u0144ska Ma\u0142gorzataKikosicka BlankaSitarska KatarzynaSiwik KamilaWi\u015bniewska Justyna\u017baba IzabelaCzerkies [&hellip;]\" \/>\n<meta property=\"og:url\" content=\"https:\/\/zsp1chojna.pl\/?page_id=10900\" \/>\n<meta property=\"og:site_name\" content=\"ZSP w Chojnie\" \/>\n<meta property=\"article:modified_time\" content=\"2024-10-28T09:24:47+00:00\" \/>\n<meta name=\"twitter:card\" content=\"summary_large_image\" \/>\n<meta name=\"twitter:label1\" content=\"Szacowany czas czytania\" \/>\n\t<meta name=\"twitter:data1\" content=\"1 minuta\" \/>\n<script type=\"application\/ld+json\" class=\"yoast-schema-graph\">{\"@context\":\"https:\/\/schema.org\",\"@graph\":[{\"@type\":\"WebPage\",\"@id\":\"https:\/\/zsp1chojna.pl\/?page_id=10900\",\"url\":\"https:\/\/zsp1chojna.pl\/?page_id=10900\",\"name\":\"Najlepsi absolwenci 2006 - ZSP w Chojnie\",\"isPartOf\":{\"@id\":\"https:\/\/zsp1chojna.pl\/#website\"},\"datePublished\":\"2024-10-28T08:49:44+00:00\",\"dateModified\":\"2024-10-28T09:24:47+00:00\",\"breadcrumb\":{\"@id\":\"https:\/\/zsp1chojna.pl\/?page_id=10900#breadcrumb\"},\"inLanguage\":\"pl-PL\",\"potentialAction\":[{\"@type\":\"ReadAction\",\"target\":[\"https:\/\/zsp1chojna.pl\/?page_id=10900\"]}]},{\"@type\":\"BreadcrumbList\",\"@id\":\"https:\/\/zsp1chojna.pl\/?page_id=10900#breadcrumb\",\"itemListElement\":[{\"@type\":\"ListItem\",\"position\":1,\"name\":\"Home\",\"item\":\"https:\/\/zsp1chojna.pl\/\"},{\"@type\":\"ListItem\",\"position\":2,\"name\":\"Najlepsi absolwenci 2006\"}]},{\"@type\":\"WebSite\",\"@id\":\"https:\/\/zsp1chojna.pl\/#website\",\"url\":\"https:\/\/zsp1chojna.pl\/\",\"name\":\"ZSP w Chojnie\",\"description\":\"\",\"publisher\":{\"@id\":\"https:\/\/zsp1chojna.pl\/#organization\"},\"potentialAction\":[{\"@type\":\"SearchAction\",\"target\":{\"@type\":\"EntryPoint\",\"urlTemplate\":\"https:\/\/zsp1chojna.pl\/?s={search_term_string}\"},\"query-input\":\"required name=search_term_string\"}],\"inLanguage\":\"pl-PL\"},{\"@type\":\"Organization\",\"@id\":\"https:\/\/zsp1chojna.pl\/#organization\",\"name\":\"ZSP w Chojnie\",\"url\":\"https:\/\/zsp1chojna.pl\/\",\"logo\":{\"@type\":\"ImageObject\",\"inLanguage\":\"pl-PL\",\"@id\":\"https:\/\/zsp1chojna.pl\/#\/schema\/logo\/image\/\",\"url\":\"https:\/\/zsp1chojna.pl\/wp-content\/uploads\/2023\/08\/cropped-cropped-cropped-Logo-biale-napis-na-3-wiersze_504-1.png\",\"contentUrl\":\"https:\/\/zsp1chojna.pl\/wp-content\/uploads\/2023\/08\/cropped-cropped-cropped-Logo-biale-napis-na-3-wiersze_504-1.png\",\"width\":504,\"height\":167,\"caption\":\"ZSP w Chojnie\"},\"image\":{\"@id\":\"https:\/\/zsp1chojna.pl\/#\/schema\/logo\/image\/\"}}]}<\/script>\n<!-- \/ Yoast SEO plugin. -->","yoast_head_json":{"title":"Najlepsi absolwenci 2006 - ZSP w Chojnie","robots":{"index":"index","follow":"follow","max-snippet":"max-snippet:-1","max-image-preview":"max-image-preview:large","max-video-preview":"max-video-preview:-1"},"canonical":"https:\/\/zsp1chojna.pl\/?page_id=10900","og_locale":"pl_PL","og_type":"article","og_title":"Najlepsi absolwenci 2006 - ZSP w Chojnie","og_description":"Rycza\u0144czyk KatarzynaB\u0119dzak Natalia\u0106wirko AlicjaZgoda TomaszTarnowska AgnieszkaKami\u0144ska EmiliaRolak BeataTch\u00f3rz Ma\u0142gorzataByli\u0144ska IzabelaFedorowska El\u017cbietaStrza\u0142ka IlonaBil EwelinaGaik JagodaMichalczyszyn JoannaMigdalska SylwiaSurmacz AgataKaraczun AgataBitel BeataBudynkiewicz KrzysztofDomaradzka MagdalenaJagusz Rafa\u0142Malecka UrszulaPater DianaDoma\u0144ska Ma\u0142gorzataKikosicka BlankaSitarska KatarzynaSiwik KamilaWi\u015bniewska Justyna\u017baba IzabelaCzerkies [&hellip;]","og_url":"https:\/\/zsp1chojna.pl\/?page_id=10900","og_site_name":"ZSP w Chojnie","article_modified_time":"2024-10-28T09:24:47+00:00","twitter_card":"summary_large_image","twitter_misc":{"Szacowany czas czytania":"1 minuta"},"schema":{"@context":"https:\/\/schema.org","@graph":[{"@type":"WebPage","@id":"https:\/\/zsp1chojna.pl\/?page_id=10900","url":"https:\/\/zsp1chojna.pl\/?page_id=10900","name":"Najlepsi absolwenci 2006 - ZSP w Chojnie","isPartOf":{"@id":"https:\/\/zsp1chojna.pl\/#website"},"datePublished":"2024-10-28T08:49:44+00:00","dateModified":"2024-10-28T09:24:47+00:00","breadcrumb":{"@id":"https:\/\/zsp1chojna.pl\/?page_id=10900#breadcrumb"},"inLanguage":"pl-PL","potentialAction":[{"@type":"ReadAction","target":["https:\/\/zsp1chojna.pl\/?page_id=10900"]}]},{"@type":"BreadcrumbList","@id":"https:\/\/zsp1chojna.pl\/?page_id=10900#breadcrumb","itemListElement":[{"@type":"ListItem","position":1,"name":"Home","item":"https:\/\/zsp1chojna.pl\/"},{"@type":"ListItem","position":2,"name":"Najlepsi absolwenci 2006"}]},{"@type":"WebSite","@id":"https:\/\/zsp1chojna.pl\/#website","url":"https:\/\/zsp1chojna.pl\/","name":"ZSP w Chojnie","description":"","publisher":{"@id":"https:\/\/zsp1chojna.pl\/#organization"},"potentialAction":[{"@type":"SearchAction","target":{"@type":"EntryPoint","urlTemplate":"https:\/\/zsp1chojna.pl\/?s={search_term_string}"},"query-input":"required name=search_term_string"}],"inLanguage":"pl-PL"},{"@type":"Organization","@id":"https:\/\/zsp1chojna.pl\/#organization","name":"ZSP w Chojnie","url":"https:\/\/zsp1chojna.pl\/","logo":{"@type":"ImageObject","inLanguage":"pl-PL","@id":"https:\/\/zsp1chojna.pl\/#\/schema\/logo\/image\/","url":"https:\/\/zsp1chojna.pl\/wp-content\/uploads\/2023\/08\/cropped-cropped-cropped-Logo-biale-napis-na-3-wiersze_504-1.png","contentUrl":"https:\/\/zsp1chojna.pl\/wp-content\/uploads\/2023\/08\/cropped-cropped-cropped-Logo-biale-napis-na-3-wiersze_504-1.png","width":504,"height":167,"caption":"ZSP w Chojnie"},"image":{"@id":"https:\/\/zsp1chojna.pl\/#\/schema\/logo\/image\/"}}]}},"_links":{"self":[{"href":"https:\/\/zsp1chojna.pl\/index.php?rest_route=\/wp\/v2\/pages\/10900","targetHints":{"allow":["GET"]}}],"collection":[{"href":"https:\/\/zsp1chojna.pl\/index.php?rest_route=\/wp\/v2\/pages"}],"about":[{"href":"https:\/\/zsp1chojna.pl\/index.php?rest_route=\/wp\/v2\/types\/page"}],"author":[{"embeddable":true,"href":"https:\/\/zsp1chojna.pl\/index.php?rest_route=\/wp\/v2\/users\/11"}],"replies":[{"embeddable":true,"href":"https:\/\/zsp1chojna.pl\/index.php?rest_route=%2Fwp%2Fv2%2Fcomments&post=10900"}],"version-history":[{"count":3,"href":"https:\/\/zsp1chojna.pl\/index.php?rest_route=\/wp\/v2\/pages\/10900\/revisions"}],"predecessor-version":[{"id":11081,"href":"https:\/\/zsp1chojna.pl\/index.php?rest_route=\/wp\/v2\/pages\/10900\/revisions\/11081"}],"wp:attachment":[{"href":"https:\/\/zsp1chojna.pl\/index.php?rest_route=%2Fwp%2Fv2%2Fmedia&parent=10900"}],"curies":[{"name":"wp","href":"https:\/\/api.w.org\/{rel}","templated":true}]}}