{"id":10894,"date":"2024-10-28T09:43:12","date_gmt":"2024-10-28T08:43:12","guid":{"rendered":"https:\/\/zsp1chojna.pl\/?page_id=10894"},"modified":"2024-10-28T10:21:54","modified_gmt":"2024-10-28T09:21:54","slug":"rok-2010-2","status":"publish","type":"page","link":"https:\/\/zsp1chojna.pl\/?page_id=10894","title":{"rendered":"Rok 2010 &#8211; Najlepsi Absolwenci"},"content":{"rendered":"<style>.kadence-column10894_5cb1bc-00 > .kt-inside-inner-col,.kadence-column10894_5cb1bc-00 > .kt-inside-inner-col:before{border-top-left-radius:0px;border-top-right-radius:0px;border-bottom-right-radius:0px;border-bottom-left-radius:0px;}.kadence-column10894_5cb1bc-00 > .kt-inside-inner-col:before{opacity:0.3;}.kadence-column10894_5cb1bc-00{position:relative;}<\/style>\n<div class=\"wp-block-kadence-column kadence-column10894_5cb1bc-00\"><div class=\"kt-inside-inner-col\">\n<div class=\"wp-block-columns is-layout-flex wp-container-core-columns-is-layout-9d6595d7 wp-block-columns-is-layout-flex\">\n<div class=\"wp-block-column is-layout-flow wp-block-column-is-layout-flow\">\n<p>S\u0142odkowski Stanis\u0142aw Marian<br>Szczepaniak Marta Agnieszka<br>Wi\u015bniewska Justyna<br>Sabat Katarzyna<br>G\u0142odek Karolina Maria<br>Rydzewski Konrad \u0141ukasz<br>Soska Justyna<br>Myszogl\u0105d Patrycja<br>Pietruszka Ma\u0142gorzata Barbara<br>Nyczaj Tomasz Artur<br>Lato Grzegorz<br>Matuszak Izabela<br>Blachnierek R\u00f3\u017ca<br>Miko\u0142ajczyk Ma\u0142gorzata<br>Czupryn Patrycja<br>Werner Marzena Edyta<br>Hnatiuk Katarzyna<br>Maciaszek Anna<br>K\u0142usek Sandra<br>\u0141uczy\u0144ska Ewelina<br>Prawdziuk Stanis\u0142awa<br>Rozworski Mateusz<br>Wiluszy\u0144ska Natalia<br>Zawa\u0142ka Agnieszka<br>Patek Grzegorz Pawe\u0142<br>Zi\u00f3\u0142kowska Sandra<br>Maceluch Natalia<br>Weso\u0142owska Patrycja<br>Stroce\u0144 Marta<br>Jasi\u0144ska Sylwia<br>Ga\u0142\u0105zka Honorata<br>Skrycka Marta<br>Kikosicka Anita<br>Zieli\u0144ska Monika<br>Jagodzi\u0144ska Justyna<br>Lidzka Karolina<br>R\u00f3\u017cycki Dawid<br>Rzeszowska Paulina<br>Grzeg\u00f3rzek Adam<br>J\u00f3zefczuk Paula<br>Rebelka Aleksandra<br>Sok\u00f3lski Leszek<br>Olechnowska Monika<br>S\u0142awi\u0144ska Magda<br>Grabowicz Joanna<br>Gli\u0144ski Dawid<br>Zawada Barbara<br>Bociek Marcin<br>Fa\u0142at Przemys\u0142aw<br>Gil Iga Kinga<br>Kowalczyk Katarzyna<br>Paranycz Monika Ma\u0142gorzata<br>Stec Ma\u0142gorzata<br>Drab Hanna<br>Jaroszy\u0144ska Monika<br>Michalak Kinga<\/p>\n<\/div>\n\n\n\n<div class=\"wp-block-column is-layout-flow wp-block-column-is-layout-flow\"><\/div>\n<\/div>\n<\/div><\/div>\n","protected":false},"excerpt":{"rendered":"<p>S\u0142odkowski Stanis\u0142aw MarianSzczepaniak Marta AgnieszkaWi\u015bniewska JustynaSabat KatarzynaG\u0142odek Karolina MariaRydzewski Konrad \u0141ukaszSoska JustynaMyszogl\u0105d PatrycjaPietruszka Ma\u0142gorzata BarbaraNyczaj Tomasz ArturLato GrzegorzMatuszak IzabelaBlachnierek R\u00f3\u017caMiko\u0142ajczyk Ma\u0142gorzataCzupryn PatrycjaWerner Marzena EdytaHnatiuk KatarzynaMaciaszek AnnaK\u0142usek Sandra\u0141uczy\u0144ska EwelinaPrawdziuk Stanis\u0142awaRozworski MateuszWiluszy\u0144ska [&hellip;]<\/p>\n","protected":false},"author":11,"featured_media":0,"parent":0,"menu_order":0,"comment_status":"closed","ping_status":"closed","template":"","meta":{"footnotes":""},"class_list":["post-10894","page","type-page","status-publish","hentry"],"yoast_head":"<!-- This site is optimized with the Yoast SEO plugin v20.13 - https:\/\/yoast.com\/wordpress\/plugins\/seo\/ -->\n<title>Rok 2010 - Najlepsi Absolwenci - ZSP w Chojnie<\/title>\n<meta name=\"robots\" content=\"index, follow, max-snippet:-1, max-image-preview:large, max-video-preview:-1\" \/>\n<link rel=\"canonical\" href=\"https:\/\/zsp1chojna.pl\/?page_id=10894\" \/>\n<meta property=\"og:locale\" content=\"pl_PL\" \/>\n<meta property=\"og:type\" content=\"article\" \/>\n<meta property=\"og:title\" content=\"Rok 2010 - Najlepsi Absolwenci - ZSP w Chojnie\" \/>\n<meta property=\"og:description\" content=\"S\u0142odkowski Stanis\u0142aw MarianSzczepaniak Marta AgnieszkaWi\u015bniewska JustynaSabat KatarzynaG\u0142odek Karolina MariaRydzewski Konrad \u0141ukaszSoska JustynaMyszogl\u0105d PatrycjaPietruszka Ma\u0142gorzata BarbaraNyczaj Tomasz ArturLato GrzegorzMatuszak IzabelaBlachnierek R\u00f3\u017caMiko\u0142ajczyk Ma\u0142gorzataCzupryn PatrycjaWerner Marzena EdytaHnatiuk KatarzynaMaciaszek AnnaK\u0142usek Sandra\u0141uczy\u0144ska EwelinaPrawdziuk Stanis\u0142awaRozworski MateuszWiluszy\u0144ska [&hellip;]\" \/>\n<meta property=\"og:url\" content=\"https:\/\/zsp1chojna.pl\/?page_id=10894\" \/>\n<meta property=\"og:site_name\" content=\"ZSP w Chojnie\" \/>\n<meta property=\"article:modified_time\" content=\"2024-10-28T09:21:54+00:00\" \/>\n<meta name=\"twitter:card\" content=\"summary_large_image\" \/>\n<meta name=\"twitter:label1\" content=\"Szacowany czas czytania\" \/>\n\t<meta name=\"twitter:data1\" content=\"1 minuta\" \/>\n<script type=\"application\/ld+json\" class=\"yoast-schema-graph\">{\"@context\":\"https:\/\/schema.org\",\"@graph\":[{\"@type\":\"WebPage\",\"@id\":\"https:\/\/zsp1chojna.pl\/?page_id=10894\",\"url\":\"https:\/\/zsp1chojna.pl\/?page_id=10894\",\"name\":\"Rok 2010 - Najlepsi Absolwenci - ZSP w Chojnie\",\"isPartOf\":{\"@id\":\"https:\/\/zsp1chojna.pl\/#website\"},\"datePublished\":\"2024-10-28T08:43:12+00:00\",\"dateModified\":\"2024-10-28T09:21:54+00:00\",\"breadcrumb\":{\"@id\":\"https:\/\/zsp1chojna.pl\/?page_id=10894#breadcrumb\"},\"inLanguage\":\"pl-PL\",\"potentialAction\":[{\"@type\":\"ReadAction\",\"target\":[\"https:\/\/zsp1chojna.pl\/?page_id=10894\"]}]},{\"@type\":\"BreadcrumbList\",\"@id\":\"https:\/\/zsp1chojna.pl\/?page_id=10894#breadcrumb\",\"itemListElement\":[{\"@type\":\"ListItem\",\"position\":1,\"name\":\"Home\",\"item\":\"https:\/\/zsp1chojna.pl\/\"},{\"@type\":\"ListItem\",\"position\":2,\"name\":\"Rok 2010 &#8211; Najlepsi Absolwenci\"}]},{\"@type\":\"WebSite\",\"@id\":\"https:\/\/zsp1chojna.pl\/#website\",\"url\":\"https:\/\/zsp1chojna.pl\/\",\"name\":\"ZSP w Chojnie\",\"description\":\"\",\"publisher\":{\"@id\":\"https:\/\/zsp1chojna.pl\/#organization\"},\"potentialAction\":[{\"@type\":\"SearchAction\",\"target\":{\"@type\":\"EntryPoint\",\"urlTemplate\":\"https:\/\/zsp1chojna.pl\/?s={search_term_string}\"},\"query-input\":\"required name=search_term_string\"}],\"inLanguage\":\"pl-PL\"},{\"@type\":\"Organization\",\"@id\":\"https:\/\/zsp1chojna.pl\/#organization\",\"name\":\"ZSP w Chojnie\",\"url\":\"https:\/\/zsp1chojna.pl\/\",\"logo\":{\"@type\":\"ImageObject\",\"inLanguage\":\"pl-PL\",\"@id\":\"https:\/\/zsp1chojna.pl\/#\/schema\/logo\/image\/\",\"url\":\"https:\/\/zsp1chojna.pl\/wp-content\/uploads\/2023\/08\/cropped-cropped-cropped-Logo-biale-napis-na-3-wiersze_504-1.png\",\"contentUrl\":\"https:\/\/zsp1chojna.pl\/wp-content\/uploads\/2023\/08\/cropped-cropped-cropped-Logo-biale-napis-na-3-wiersze_504-1.png\",\"width\":504,\"height\":167,\"caption\":\"ZSP w Chojnie\"},\"image\":{\"@id\":\"https:\/\/zsp1chojna.pl\/#\/schema\/logo\/image\/\"}}]}<\/script>\n<!-- \/ Yoast SEO plugin. -->","yoast_head_json":{"title":"Rok 2010 - Najlepsi Absolwenci - ZSP w Chojnie","robots":{"index":"index","follow":"follow","max-snippet":"max-snippet:-1","max-image-preview":"max-image-preview:large","max-video-preview":"max-video-preview:-1"},"canonical":"https:\/\/zsp1chojna.pl\/?page_id=10894","og_locale":"pl_PL","og_type":"article","og_title":"Rok 2010 - Najlepsi Absolwenci - ZSP w Chojnie","og_description":"S\u0142odkowski Stanis\u0142aw MarianSzczepaniak Marta AgnieszkaWi\u015bniewska JustynaSabat KatarzynaG\u0142odek Karolina MariaRydzewski Konrad \u0141ukaszSoska JustynaMyszogl\u0105d PatrycjaPietruszka Ma\u0142gorzata BarbaraNyczaj Tomasz ArturLato GrzegorzMatuszak IzabelaBlachnierek R\u00f3\u017caMiko\u0142ajczyk Ma\u0142gorzataCzupryn PatrycjaWerner Marzena EdytaHnatiuk KatarzynaMaciaszek AnnaK\u0142usek Sandra\u0141uczy\u0144ska EwelinaPrawdziuk Stanis\u0142awaRozworski MateuszWiluszy\u0144ska [&hellip;]","og_url":"https:\/\/zsp1chojna.pl\/?page_id=10894","og_site_name":"ZSP w Chojnie","article_modified_time":"2024-10-28T09:21:54+00:00","twitter_card":"summary_large_image","twitter_misc":{"Szacowany czas czytania":"1 minuta"},"schema":{"@context":"https:\/\/schema.org","@graph":[{"@type":"WebPage","@id":"https:\/\/zsp1chojna.pl\/?page_id=10894","url":"https:\/\/zsp1chojna.pl\/?page_id=10894","name":"Rok 2010 - Najlepsi Absolwenci - ZSP w Chojnie","isPartOf":{"@id":"https:\/\/zsp1chojna.pl\/#website"},"datePublished":"2024-10-28T08:43:12+00:00","dateModified":"2024-10-28T09:21:54+00:00","breadcrumb":{"@id":"https:\/\/zsp1chojna.pl\/?page_id=10894#breadcrumb"},"inLanguage":"pl-PL","potentialAction":[{"@type":"ReadAction","target":["https:\/\/zsp1chojna.pl\/?page_id=10894"]}]},{"@type":"BreadcrumbList","@id":"https:\/\/zsp1chojna.pl\/?page_id=10894#breadcrumb","itemListElement":[{"@type":"ListItem","position":1,"name":"Home","item":"https:\/\/zsp1chojna.pl\/"},{"@type":"ListItem","position":2,"name":"Rok 2010 &#8211; Najlepsi Absolwenci"}]},{"@type":"WebSite","@id":"https:\/\/zsp1chojna.pl\/#website","url":"https:\/\/zsp1chojna.pl\/","name":"ZSP w Chojnie","description":"","publisher":{"@id":"https:\/\/zsp1chojna.pl\/#organization"},"potentialAction":[{"@type":"SearchAction","target":{"@type":"EntryPoint","urlTemplate":"https:\/\/zsp1chojna.pl\/?s={search_term_string}"},"query-input":"required name=search_term_string"}],"inLanguage":"pl-PL"},{"@type":"Organization","@id":"https:\/\/zsp1chojna.pl\/#organization","name":"ZSP w Chojnie","url":"https:\/\/zsp1chojna.pl\/","logo":{"@type":"ImageObject","inLanguage":"pl-PL","@id":"https:\/\/zsp1chojna.pl\/#\/schema\/logo\/image\/","url":"https:\/\/zsp1chojna.pl\/wp-content\/uploads\/2023\/08\/cropped-cropped-cropped-Logo-biale-napis-na-3-wiersze_504-1.png","contentUrl":"https:\/\/zsp1chojna.pl\/wp-content\/uploads\/2023\/08\/cropped-cropped-cropped-Logo-biale-napis-na-3-wiersze_504-1.png","width":504,"height":167,"caption":"ZSP w Chojnie"},"image":{"@id":"https:\/\/zsp1chojna.pl\/#\/schema\/logo\/image\/"}}]}},"_links":{"self":[{"href":"https:\/\/zsp1chojna.pl\/index.php?rest_route=\/wp\/v2\/pages\/10894","targetHints":{"allow":["GET"]}}],"collection":[{"href":"https:\/\/zsp1chojna.pl\/index.php?rest_route=\/wp\/v2\/pages"}],"about":[{"href":"https:\/\/zsp1chojna.pl\/index.php?rest_route=\/wp\/v2\/types\/page"}],"author":[{"embeddable":true,"href":"https:\/\/zsp1chojna.pl\/index.php?rest_route=\/wp\/v2\/users\/11"}],"replies":[{"embeddable":true,"href":"https:\/\/zsp1chojna.pl\/index.php?rest_route=%2Fwp%2Fv2%2Fcomments&post=10894"}],"version-history":[{"count":2,"href":"https:\/\/zsp1chojna.pl\/index.php?rest_route=\/wp\/v2\/pages\/10894\/revisions"}],"predecessor-version":[{"id":11064,"href":"https:\/\/zsp1chojna.pl\/index.php?rest_route=\/wp\/v2\/pages\/10894\/revisions\/11064"}],"wp:attachment":[{"href":"https:\/\/zsp1chojna.pl\/index.php?rest_route=%2Fwp%2Fv2%2Fmedia&parent=10894"}],"curies":[{"name":"wp","href":"https:\/\/api.w.org\/{rel}","templated":true}]}}