{"id":10892,"date":"2024-10-28T09:41:53","date_gmt":"2024-10-28T08:41:53","guid":{"rendered":"https:\/\/zsp1chojna.pl\/?page_id=10892"},"modified":"2024-10-28T10:29:04","modified_gmt":"2024-10-28T09:29:04","slug":"rok-2011-2","status":"publish","type":"page","link":"https:\/\/zsp1chojna.pl\/?page_id=10892","title":{"rendered":"Najlepsi absolwenci 2011"},"content":{"rendered":"<style>.kadence-column10892_8eee4e-0c > .kt-inside-inner-col,.kadence-column10892_8eee4e-0c > .kt-inside-inner-col:before{border-top-left-radius:0px;border-top-right-radius:0px;border-bottom-right-radius:0px;border-bottom-left-radius:0px;}.kadence-column10892_8eee4e-0c > .kt-inside-inner-col:before{opacity:0.3;}.kadence-column10892_8eee4e-0c{position:relative;}<\/style>\n<div class=\"wp-block-kadence-column kadence-column10892_8eee4e-0c\"><div class=\"kt-inside-inner-col\">\n<div class=\"wp-block-columns is-layout-flex wp-container-core-columns-is-layout-9d6595d7 wp-block-columns-is-layout-flex\">\n<div class=\"wp-block-column is-layout-flow wp-block-column-is-layout-flow\">\n<p>Kowalewski Sebastian<br>Seredy\u0144ska Katarzyna<br>B\u0142oniarczyk Magdalena<br>Domaradzka Aleksandra<br>Mazurkiewicz Agnieszka<br>Bil Daria<br>Kota\u0144ska Marta<br>Krzemi\u0144ska Marta<br>Strzelecka R\u00f3\u017ca<br>Pociej Aleksandra<br>Natka\u0144ska Monika<br>Pado\u0142 Joanna<br>Madajczak Agata<br>Misiewicz Rafa\u0142<br>Bernacka Monika<br>Lasowska Marta<br>Drab Kamila<br>Che\u0142stowska Marcelina<br>Blicharz Angelika<br>Doroszko Marta<br>Dziubanowska Aleksandra<br>Kalarus Anna<br>Patrzykowska Marta<br>Wilczy\u0144ska Daria<br>Saskowska Iwona<br>Kaberow Anna<br>Rafalska Karolina<br>Bylewska Anna<br>Oleksiak Kamil<br>Stasiak Zuzanna<br>Bancewicz Aleksandra<br>Jaz Aleksandra<br>Nowak Agata<br>\u0141ukasiewicz Weronika<br>Zwoli\u0144ska Emilia<br>Wajer Patrycja<br>Malecka Aleksandra<br>Karkowska Renata<br>Raczykowski Wojciech<br>Mr\u00f3z Adam<br>Kaczor Paulina<br>\u0141yczkowski \u0141ukasz<\/p>\n<\/div>\n\n\n\n<div class=\"wp-block-column is-layout-flow wp-block-column-is-layout-flow\"><\/div>\n<\/div>\n<\/div><\/div>\n","protected":false},"excerpt":{"rendered":"<p>Kowalewski SebastianSeredy\u0144ska KatarzynaB\u0142oniarczyk MagdalenaDomaradzka AleksandraMazurkiewicz AgnieszkaBil DariaKota\u0144ska MartaKrzemi\u0144ska MartaStrzelecka R\u00f3\u017caPociej AleksandraNatka\u0144ska MonikaPado\u0142 JoannaMadajczak AgataMisiewicz Rafa\u0142Bernacka MonikaLasowska MartaDrab KamilaChe\u0142stowska MarcelinaBlicharz AngelikaDoroszko MartaDziubanowska AleksandraKalarus AnnaPatrzykowska MartaWilczy\u0144ska DariaSaskowska IwonaKaberow AnnaRafalska KarolinaBylewska AnnaOleksiak KamilStasiak [&hellip;]<\/p>\n","protected":false},"author":11,"featured_media":0,"parent":0,"menu_order":0,"comment_status":"closed","ping_status":"closed","template":"","meta":{"footnotes":""},"class_list":["post-10892","page","type-page","status-publish","hentry"],"yoast_head":"<!-- This site is optimized with the Yoast SEO plugin v20.13 - https:\/\/yoast.com\/wordpress\/plugins\/seo\/ -->\n<title>Najlepsi absolwenci 2011 - ZSP w Chojnie<\/title>\n<meta name=\"robots\" content=\"index, follow, max-snippet:-1, max-image-preview:large, max-video-preview:-1\" \/>\n<link rel=\"canonical\" href=\"https:\/\/zsp1chojna.pl\/?page_id=10892\" \/>\n<meta property=\"og:locale\" content=\"pl_PL\" \/>\n<meta property=\"og:type\" content=\"article\" \/>\n<meta property=\"og:title\" content=\"Najlepsi absolwenci 2011 - ZSP w Chojnie\" \/>\n<meta property=\"og:description\" content=\"Kowalewski SebastianSeredy\u0144ska KatarzynaB\u0142oniarczyk MagdalenaDomaradzka AleksandraMazurkiewicz AgnieszkaBil DariaKota\u0144ska MartaKrzemi\u0144ska MartaStrzelecka R\u00f3\u017caPociej AleksandraNatka\u0144ska MonikaPado\u0142 JoannaMadajczak AgataMisiewicz Rafa\u0142Bernacka MonikaLasowska MartaDrab KamilaChe\u0142stowska MarcelinaBlicharz AngelikaDoroszko MartaDziubanowska AleksandraKalarus AnnaPatrzykowska MartaWilczy\u0144ska DariaSaskowska IwonaKaberow AnnaRafalska KarolinaBylewska AnnaOleksiak KamilStasiak [&hellip;]\" \/>\n<meta property=\"og:url\" content=\"https:\/\/zsp1chojna.pl\/?page_id=10892\" \/>\n<meta property=\"og:site_name\" content=\"ZSP w Chojnie\" \/>\n<meta property=\"article:modified_time\" content=\"2024-10-28T09:29:04+00:00\" \/>\n<meta name=\"twitter:card\" content=\"summary_large_image\" \/>\n<meta name=\"twitter:label1\" content=\"Szacowany czas czytania\" \/>\n\t<meta name=\"twitter:data1\" content=\"1 minuta\" \/>\n<script type=\"application\/ld+json\" class=\"yoast-schema-graph\">{\"@context\":\"https:\/\/schema.org\",\"@graph\":[{\"@type\":\"WebPage\",\"@id\":\"https:\/\/zsp1chojna.pl\/?page_id=10892\",\"url\":\"https:\/\/zsp1chojna.pl\/?page_id=10892\",\"name\":\"Najlepsi absolwenci 2011 - ZSP w Chojnie\",\"isPartOf\":{\"@id\":\"https:\/\/zsp1chojna.pl\/#website\"},\"datePublished\":\"2024-10-28T08:41:53+00:00\",\"dateModified\":\"2024-10-28T09:29:04+00:00\",\"breadcrumb\":{\"@id\":\"https:\/\/zsp1chojna.pl\/?page_id=10892#breadcrumb\"},\"inLanguage\":\"pl-PL\",\"potentialAction\":[{\"@type\":\"ReadAction\",\"target\":[\"https:\/\/zsp1chojna.pl\/?page_id=10892\"]}]},{\"@type\":\"BreadcrumbList\",\"@id\":\"https:\/\/zsp1chojna.pl\/?page_id=10892#breadcrumb\",\"itemListElement\":[{\"@type\":\"ListItem\",\"position\":1,\"name\":\"Home\",\"item\":\"https:\/\/zsp1chojna.pl\/\"},{\"@type\":\"ListItem\",\"position\":2,\"name\":\"Najlepsi absolwenci 2011\"}]},{\"@type\":\"WebSite\",\"@id\":\"https:\/\/zsp1chojna.pl\/#website\",\"url\":\"https:\/\/zsp1chojna.pl\/\",\"name\":\"ZSP w Chojnie\",\"description\":\"\",\"publisher\":{\"@id\":\"https:\/\/zsp1chojna.pl\/#organization\"},\"potentialAction\":[{\"@type\":\"SearchAction\",\"target\":{\"@type\":\"EntryPoint\",\"urlTemplate\":\"https:\/\/zsp1chojna.pl\/?s={search_term_string}\"},\"query-input\":\"required name=search_term_string\"}],\"inLanguage\":\"pl-PL\"},{\"@type\":\"Organization\",\"@id\":\"https:\/\/zsp1chojna.pl\/#organization\",\"name\":\"ZSP w Chojnie\",\"url\":\"https:\/\/zsp1chojna.pl\/\",\"logo\":{\"@type\":\"ImageObject\",\"inLanguage\":\"pl-PL\",\"@id\":\"https:\/\/zsp1chojna.pl\/#\/schema\/logo\/image\/\",\"url\":\"https:\/\/zsp1chojna.pl\/wp-content\/uploads\/2023\/08\/cropped-cropped-cropped-Logo-biale-napis-na-3-wiersze_504-1.png\",\"contentUrl\":\"https:\/\/zsp1chojna.pl\/wp-content\/uploads\/2023\/08\/cropped-cropped-cropped-Logo-biale-napis-na-3-wiersze_504-1.png\",\"width\":504,\"height\":167,\"caption\":\"ZSP w Chojnie\"},\"image\":{\"@id\":\"https:\/\/zsp1chojna.pl\/#\/schema\/logo\/image\/\"}}]}<\/script>\n<!-- \/ Yoast SEO plugin. -->","yoast_head_json":{"title":"Najlepsi absolwenci 2011 - ZSP w Chojnie","robots":{"index":"index","follow":"follow","max-snippet":"max-snippet:-1","max-image-preview":"max-image-preview:large","max-video-preview":"max-video-preview:-1"},"canonical":"https:\/\/zsp1chojna.pl\/?page_id=10892","og_locale":"pl_PL","og_type":"article","og_title":"Najlepsi absolwenci 2011 - ZSP w Chojnie","og_description":"Kowalewski SebastianSeredy\u0144ska KatarzynaB\u0142oniarczyk MagdalenaDomaradzka AleksandraMazurkiewicz AgnieszkaBil DariaKota\u0144ska MartaKrzemi\u0144ska MartaStrzelecka R\u00f3\u017caPociej AleksandraNatka\u0144ska MonikaPado\u0142 JoannaMadajczak AgataMisiewicz Rafa\u0142Bernacka MonikaLasowska MartaDrab KamilaChe\u0142stowska MarcelinaBlicharz AngelikaDoroszko MartaDziubanowska AleksandraKalarus AnnaPatrzykowska MartaWilczy\u0144ska DariaSaskowska IwonaKaberow AnnaRafalska KarolinaBylewska AnnaOleksiak KamilStasiak [&hellip;]","og_url":"https:\/\/zsp1chojna.pl\/?page_id=10892","og_site_name":"ZSP w Chojnie","article_modified_time":"2024-10-28T09:29:04+00:00","twitter_card":"summary_large_image","twitter_misc":{"Szacowany czas czytania":"1 minuta"},"schema":{"@context":"https:\/\/schema.org","@graph":[{"@type":"WebPage","@id":"https:\/\/zsp1chojna.pl\/?page_id=10892","url":"https:\/\/zsp1chojna.pl\/?page_id=10892","name":"Najlepsi absolwenci 2011 - ZSP w Chojnie","isPartOf":{"@id":"https:\/\/zsp1chojna.pl\/#website"},"datePublished":"2024-10-28T08:41:53+00:00","dateModified":"2024-10-28T09:29:04+00:00","breadcrumb":{"@id":"https:\/\/zsp1chojna.pl\/?page_id=10892#breadcrumb"},"inLanguage":"pl-PL","potentialAction":[{"@type":"ReadAction","target":["https:\/\/zsp1chojna.pl\/?page_id=10892"]}]},{"@type":"BreadcrumbList","@id":"https:\/\/zsp1chojna.pl\/?page_id=10892#breadcrumb","itemListElement":[{"@type":"ListItem","position":1,"name":"Home","item":"https:\/\/zsp1chojna.pl\/"},{"@type":"ListItem","position":2,"name":"Najlepsi absolwenci 2011"}]},{"@type":"WebSite","@id":"https:\/\/zsp1chojna.pl\/#website","url":"https:\/\/zsp1chojna.pl\/","name":"ZSP w Chojnie","description":"","publisher":{"@id":"https:\/\/zsp1chojna.pl\/#organization"},"potentialAction":[{"@type":"SearchAction","target":{"@type":"EntryPoint","urlTemplate":"https:\/\/zsp1chojna.pl\/?s={search_term_string}"},"query-input":"required name=search_term_string"}],"inLanguage":"pl-PL"},{"@type":"Organization","@id":"https:\/\/zsp1chojna.pl\/#organization","name":"ZSP w Chojnie","url":"https:\/\/zsp1chojna.pl\/","logo":{"@type":"ImageObject","inLanguage":"pl-PL","@id":"https:\/\/zsp1chojna.pl\/#\/schema\/logo\/image\/","url":"https:\/\/zsp1chojna.pl\/wp-content\/uploads\/2023\/08\/cropped-cropped-cropped-Logo-biale-napis-na-3-wiersze_504-1.png","contentUrl":"https:\/\/zsp1chojna.pl\/wp-content\/uploads\/2023\/08\/cropped-cropped-cropped-Logo-biale-napis-na-3-wiersze_504-1.png","width":504,"height":167,"caption":"ZSP w Chojnie"},"image":{"@id":"https:\/\/zsp1chojna.pl\/#\/schema\/logo\/image\/"}}]}},"_links":{"self":[{"href":"https:\/\/zsp1chojna.pl\/index.php?rest_route=\/wp\/v2\/pages\/10892","targetHints":{"allow":["GET"]}}],"collection":[{"href":"https:\/\/zsp1chojna.pl\/index.php?rest_route=\/wp\/v2\/pages"}],"about":[{"href":"https:\/\/zsp1chojna.pl\/index.php?rest_route=\/wp\/v2\/types\/page"}],"author":[{"embeddable":true,"href":"https:\/\/zsp1chojna.pl\/index.php?rest_route=\/wp\/v2\/users\/11"}],"replies":[{"embeddable":true,"href":"https:\/\/zsp1chojna.pl\/index.php?rest_route=%2Fwp%2Fv2%2Fcomments&post=10892"}],"version-history":[{"count":3,"href":"https:\/\/zsp1chojna.pl\/index.php?rest_route=\/wp\/v2\/pages\/10892\/revisions"}],"predecessor-version":[{"id":11117,"href":"https:\/\/zsp1chojna.pl\/index.php?rest_route=\/wp\/v2\/pages\/10892\/revisions\/11117"}],"wp:attachment":[{"href":"https:\/\/zsp1chojna.pl\/index.php?rest_route=%2Fwp%2Fv2%2Fmedia&parent=10892"}],"curies":[{"name":"wp","href":"https:\/\/api.w.org\/{rel}","templated":true}]}}