{"id":10879,"date":"2024-10-28T09:36:10","date_gmt":"2024-10-28T08:36:10","guid":{"rendered":"https:\/\/zsp1chojna.pl\/?page_id=10879"},"modified":"2024-10-28T10:28:18","modified_gmt":"2024-10-28T09:28:18","slug":"rok-2015-2","status":"publish","type":"page","link":"https:\/\/zsp1chojna.pl\/?page_id=10879","title":{"rendered":"Najlepsi absolwenci 2015"},"content":{"rendered":"<style>.kadence-column10879_ece64d-20 > .kt-inside-inner-col,.kadence-column10879_ece64d-20 > .kt-inside-inner-col:before{border-top-left-radius:0px;border-top-right-radius:0px;border-bottom-right-radius:0px;border-bottom-left-radius:0px;}.kadence-column10879_ece64d-20 > .kt-inside-inner-col:before{opacity:0.3;}.kadence-column10879_ece64d-20{position:relative;}<\/style>\n<div class=\"wp-block-kadence-column kadence-column10879_ece64d-20\"><div class=\"kt-inside-inner-col\">\n<div class=\"wp-block-columns is-layout-flex wp-container-core-columns-is-layout-9d6595d7 wp-block-columns-is-layout-flex\">\n<div class=\"wp-block-column is-layout-flow wp-block-column-is-layout-flow\">\n<p>Makowska Kornelia<br>Nyczaj Bartosz<br>Lin Troung Dong<br>Fira Sara<br>Ju\u015bci\u0144ska Katarzyna<br>Cedro Maciej<br>Ko\u0142odziej Ma\u0142gorzata<br>Prus Justyna<br>G\u00f3rniak Agnieszka<br>Myszogl\u0105d Paulina<br>Piotrowska Malwina<br>G\u0142adkowska Karolina<br>Jackowska Alicja<br>Po\u0142ukord Natalia<br>Zi\u0119tek Aleksandra<br>Dumicz Miko\u0142aj<br>Korban Piotr<br>\u015aliwi\u0144ska Natalia<br>To\u0142\u0142oczko Sandra<br>Bancewicz Mateusz<br>Mo\u0107ko Klaudia<br>Przyw\u0142oka Patrycja<br>Cie\u015blak Aneta<br>Grzeg\u00f3rzek Paulina<\/p>\n<\/div>\n\n\n\n<div class=\"wp-block-column is-layout-flow wp-block-column-is-layout-flow\"><\/div>\n<\/div>\n<\/div><\/div>\n","protected":false},"excerpt":{"rendered":"<p>Makowska KorneliaNyczaj BartoszLin Troung DongFira SaraJu\u015bci\u0144ska KatarzynaCedro MaciejKo\u0142odziej Ma\u0142gorzataPrus JustynaG\u00f3rniak AgnieszkaMyszogl\u0105d PaulinaPiotrowska MalwinaG\u0142adkowska KarolinaJackowska AlicjaPo\u0142ukord NataliaZi\u0119tek AleksandraDumicz Miko\u0142ajKorban Piotr\u015aliwi\u0144ska NataliaTo\u0142\u0142oczko SandraBancewicz MateuszMo\u0107ko KlaudiaPrzyw\u0142oka PatrycjaCie\u015blak AnetaGrzeg\u00f3rzek Paulina<\/p>\n","protected":false},"author":11,"featured_media":0,"parent":0,"menu_order":0,"comment_status":"closed","ping_status":"closed","template":"","meta":{"footnotes":""},"class_list":["post-10879","page","type-page","status-publish","hentry"],"yoast_head":"<!-- This site is optimized with the Yoast SEO plugin v20.13 - https:\/\/yoast.com\/wordpress\/plugins\/seo\/ -->\n<title>Najlepsi absolwenci 2015 - ZSP w Chojnie<\/title>\n<meta name=\"robots\" content=\"index, follow, max-snippet:-1, max-image-preview:large, max-video-preview:-1\" \/>\n<link rel=\"canonical\" href=\"https:\/\/zsp1chojna.pl\/?page_id=10879\" \/>\n<meta property=\"og:locale\" content=\"pl_PL\" \/>\n<meta property=\"og:type\" content=\"article\" \/>\n<meta property=\"og:title\" content=\"Najlepsi absolwenci 2015 - ZSP w Chojnie\" \/>\n<meta property=\"og:description\" content=\"Makowska KorneliaNyczaj BartoszLin Troung DongFira SaraJu\u015bci\u0144ska KatarzynaCedro MaciejKo\u0142odziej Ma\u0142gorzataPrus JustynaG\u00f3rniak AgnieszkaMyszogl\u0105d PaulinaPiotrowska MalwinaG\u0142adkowska KarolinaJackowska AlicjaPo\u0142ukord NataliaZi\u0119tek AleksandraDumicz Miko\u0142ajKorban Piotr\u015aliwi\u0144ska NataliaTo\u0142\u0142oczko SandraBancewicz MateuszMo\u0107ko KlaudiaPrzyw\u0142oka PatrycjaCie\u015blak AnetaGrzeg\u00f3rzek Paulina\" \/>\n<meta property=\"og:url\" content=\"https:\/\/zsp1chojna.pl\/?page_id=10879\" \/>\n<meta property=\"og:site_name\" content=\"ZSP w Chojnie\" \/>\n<meta property=\"article:modified_time\" content=\"2024-10-28T09:28:18+00:00\" \/>\n<meta name=\"twitter:card\" content=\"summary_large_image\" \/>\n<meta name=\"twitter:label1\" content=\"Szacowany czas czytania\" \/>\n\t<meta name=\"twitter:data1\" content=\"1 minuta\" \/>\n<script type=\"application\/ld+json\" class=\"yoast-schema-graph\">{\"@context\":\"https:\/\/schema.org\",\"@graph\":[{\"@type\":\"WebPage\",\"@id\":\"https:\/\/zsp1chojna.pl\/?page_id=10879\",\"url\":\"https:\/\/zsp1chojna.pl\/?page_id=10879\",\"name\":\"Najlepsi absolwenci 2015 - ZSP w Chojnie\",\"isPartOf\":{\"@id\":\"https:\/\/zsp1chojna.pl\/#website\"},\"datePublished\":\"2024-10-28T08:36:10+00:00\",\"dateModified\":\"2024-10-28T09:28:18+00:00\",\"breadcrumb\":{\"@id\":\"https:\/\/zsp1chojna.pl\/?page_id=10879#breadcrumb\"},\"inLanguage\":\"pl-PL\",\"potentialAction\":[{\"@type\":\"ReadAction\",\"target\":[\"https:\/\/zsp1chojna.pl\/?page_id=10879\"]}]},{\"@type\":\"BreadcrumbList\",\"@id\":\"https:\/\/zsp1chojna.pl\/?page_id=10879#breadcrumb\",\"itemListElement\":[{\"@type\":\"ListItem\",\"position\":1,\"name\":\"Home\",\"item\":\"https:\/\/zsp1chojna.pl\/\"},{\"@type\":\"ListItem\",\"position\":2,\"name\":\"Najlepsi absolwenci 2015\"}]},{\"@type\":\"WebSite\",\"@id\":\"https:\/\/zsp1chojna.pl\/#website\",\"url\":\"https:\/\/zsp1chojna.pl\/\",\"name\":\"ZSP w Chojnie\",\"description\":\"\",\"publisher\":{\"@id\":\"https:\/\/zsp1chojna.pl\/#organization\"},\"potentialAction\":[{\"@type\":\"SearchAction\",\"target\":{\"@type\":\"EntryPoint\",\"urlTemplate\":\"https:\/\/zsp1chojna.pl\/?s={search_term_string}\"},\"query-input\":\"required name=search_term_string\"}],\"inLanguage\":\"pl-PL\"},{\"@type\":\"Organization\",\"@id\":\"https:\/\/zsp1chojna.pl\/#organization\",\"name\":\"ZSP w Chojnie\",\"url\":\"https:\/\/zsp1chojna.pl\/\",\"logo\":{\"@type\":\"ImageObject\",\"inLanguage\":\"pl-PL\",\"@id\":\"https:\/\/zsp1chojna.pl\/#\/schema\/logo\/image\/\",\"url\":\"https:\/\/zsp1chojna.pl\/wp-content\/uploads\/2023\/08\/cropped-cropped-cropped-Logo-biale-napis-na-3-wiersze_504-1.png\",\"contentUrl\":\"https:\/\/zsp1chojna.pl\/wp-content\/uploads\/2023\/08\/cropped-cropped-cropped-Logo-biale-napis-na-3-wiersze_504-1.png\",\"width\":504,\"height\":167,\"caption\":\"ZSP w Chojnie\"},\"image\":{\"@id\":\"https:\/\/zsp1chojna.pl\/#\/schema\/logo\/image\/\"}}]}<\/script>\n<!-- \/ Yoast SEO plugin. -->","yoast_head_json":{"title":"Najlepsi absolwenci 2015 - ZSP w Chojnie","robots":{"index":"index","follow":"follow","max-snippet":"max-snippet:-1","max-image-preview":"max-image-preview:large","max-video-preview":"max-video-preview:-1"},"canonical":"https:\/\/zsp1chojna.pl\/?page_id=10879","og_locale":"pl_PL","og_type":"article","og_title":"Najlepsi absolwenci 2015 - ZSP w Chojnie","og_description":"Makowska KorneliaNyczaj BartoszLin Troung DongFira SaraJu\u015bci\u0144ska KatarzynaCedro MaciejKo\u0142odziej Ma\u0142gorzataPrus JustynaG\u00f3rniak AgnieszkaMyszogl\u0105d PaulinaPiotrowska MalwinaG\u0142adkowska KarolinaJackowska AlicjaPo\u0142ukord NataliaZi\u0119tek AleksandraDumicz Miko\u0142ajKorban Piotr\u015aliwi\u0144ska NataliaTo\u0142\u0142oczko SandraBancewicz MateuszMo\u0107ko KlaudiaPrzyw\u0142oka PatrycjaCie\u015blak AnetaGrzeg\u00f3rzek Paulina","og_url":"https:\/\/zsp1chojna.pl\/?page_id=10879","og_site_name":"ZSP w Chojnie","article_modified_time":"2024-10-28T09:28:18+00:00","twitter_card":"summary_large_image","twitter_misc":{"Szacowany czas czytania":"1 minuta"},"schema":{"@context":"https:\/\/schema.org","@graph":[{"@type":"WebPage","@id":"https:\/\/zsp1chojna.pl\/?page_id=10879","url":"https:\/\/zsp1chojna.pl\/?page_id=10879","name":"Najlepsi absolwenci 2015 - ZSP w Chojnie","isPartOf":{"@id":"https:\/\/zsp1chojna.pl\/#website"},"datePublished":"2024-10-28T08:36:10+00:00","dateModified":"2024-10-28T09:28:18+00:00","breadcrumb":{"@id":"https:\/\/zsp1chojna.pl\/?page_id=10879#breadcrumb"},"inLanguage":"pl-PL","potentialAction":[{"@type":"ReadAction","target":["https:\/\/zsp1chojna.pl\/?page_id=10879"]}]},{"@type":"BreadcrumbList","@id":"https:\/\/zsp1chojna.pl\/?page_id=10879#breadcrumb","itemListElement":[{"@type":"ListItem","position":1,"name":"Home","item":"https:\/\/zsp1chojna.pl\/"},{"@type":"ListItem","position":2,"name":"Najlepsi absolwenci 2015"}]},{"@type":"WebSite","@id":"https:\/\/zsp1chojna.pl\/#website","url":"https:\/\/zsp1chojna.pl\/","name":"ZSP w Chojnie","description":"","publisher":{"@id":"https:\/\/zsp1chojna.pl\/#organization"},"potentialAction":[{"@type":"SearchAction","target":{"@type":"EntryPoint","urlTemplate":"https:\/\/zsp1chojna.pl\/?s={search_term_string}"},"query-input":"required name=search_term_string"}],"inLanguage":"pl-PL"},{"@type":"Organization","@id":"https:\/\/zsp1chojna.pl\/#organization","name":"ZSP w Chojnie","url":"https:\/\/zsp1chojna.pl\/","logo":{"@type":"ImageObject","inLanguage":"pl-PL","@id":"https:\/\/zsp1chojna.pl\/#\/schema\/logo\/image\/","url":"https:\/\/zsp1chojna.pl\/wp-content\/uploads\/2023\/08\/cropped-cropped-cropped-Logo-biale-napis-na-3-wiersze_504-1.png","contentUrl":"https:\/\/zsp1chojna.pl\/wp-content\/uploads\/2023\/08\/cropped-cropped-cropped-Logo-biale-napis-na-3-wiersze_504-1.png","width":504,"height":167,"caption":"ZSP w Chojnie"},"image":{"@id":"https:\/\/zsp1chojna.pl\/#\/schema\/logo\/image\/"}}]}},"_links":{"self":[{"href":"https:\/\/zsp1chojna.pl\/index.php?rest_route=\/wp\/v2\/pages\/10879","targetHints":{"allow":["GET"]}}],"collection":[{"href":"https:\/\/zsp1chojna.pl\/index.php?rest_route=\/wp\/v2\/pages"}],"about":[{"href":"https:\/\/zsp1chojna.pl\/index.php?rest_route=\/wp\/v2\/types\/page"}],"author":[{"embeddable":true,"href":"https:\/\/zsp1chojna.pl\/index.php?rest_route=\/wp\/v2\/users\/11"}],"replies":[{"embeddable":true,"href":"https:\/\/zsp1chojna.pl\/index.php?rest_route=%2Fwp%2Fv2%2Fcomments&post=10879"}],"version-history":[{"count":3,"href":"https:\/\/zsp1chojna.pl\/index.php?rest_route=\/wp\/v2\/pages\/10879\/revisions"}],"predecessor-version":[{"id":11110,"href":"https:\/\/zsp1chojna.pl\/index.php?rest_route=\/wp\/v2\/pages\/10879\/revisions\/11110"}],"wp:attachment":[{"href":"https:\/\/zsp1chojna.pl\/index.php?rest_route=%2Fwp%2Fv2%2Fmedia&parent=10879"}],"curies":[{"name":"wp","href":"https:\/\/api.w.org\/{rel}","templated":true}]}}