{"id":10866,"date":"2024-10-28T09:30:34","date_gmt":"2024-10-28T08:30:34","guid":{"rendered":"https:\/\/zsp1chojna.pl\/?page_id=10866"},"modified":"2024-10-28T09:30:35","modified_gmt":"2024-10-28T08:30:35","slug":"rok-2008","status":"publish","type":"page","link":"https:\/\/zsp1chojna.pl\/?page_id=10866","title":{"rendered":"Rok 2008"},"content":{"rendered":"<style>.kadence-column10866_a78981-86 > .kt-inside-inner-col,.kadence-column10866_a78981-86 > .kt-inside-inner-col:before{border-top-left-radius:0px;border-top-right-radius:0px;border-bottom-right-radius:0px;border-bottom-left-radius:0px;}.kadence-column10866_a78981-86 > .kt-inside-inner-col:before{opacity:0.3;}.kadence-column10866_a78981-86{position:relative;}<\/style>\n<div class=\"wp-block-kadence-column kadence-column10866_a78981-86\"><div class=\"kt-inside-inner-col\">\n<div class=\"wp-block-columns is-layout-flex wp-container-core-columns-is-layout-9d6595d7 wp-block-columns-is-layout-flex\">\n<div class=\"wp-block-column is-layout-flow wp-block-column-is-layout-flow\">\n<p>Andrzejczak Beata<br>Antoniewicz Monika<br>Bak Natalia<br>Baranska Joanna<br>B\u0105k Renata<br>Bielawski Piotr<br>Borecki Seweryn<br>Bory Micha\u0142<br>Bratkowski Daniel<br>Brzoska Joanna<br>Chmura Jakub<br>Cichowski Tomasz<br>Cie\u015blik Anna<br>Czasak Agnieszka<br>D\u0105browska Sandra<br>Domanska Dominika<br>Dubicka Karolina<br>Dudzi\u0144ska Paula<br>Fedorowicz Magdalena<br>Ferenc Aldona<br>Figurska Estera<br>Filipczak Bartosz<br>Filipowska Aleksandra<br>Fira Daniel<br>Frosik Agata<br>Ga\u0142adyk Dominika<br>G\u0142uch Dorata<br>Hreczy\u0144ska Roksana<br>Hrynkiewicz Agata<br>Hybiak Magdalena<br>Janicka Aleksandra<br>Jankowska Dominika<br>Jankowski Zbigniew<br>Jaszczak Kamila<br>Jaz Justyna<br>Jesio\u0142owska Paulina<br>J\u0119drzejak Aleksandra<br>Kalarus Kamila<br>Klos Anna<br>Kmie\u0107 Karolina<br>Knap Wojciech<br>Konikowska Emilia<br>Korn Dorota<br>Kotowicz Hubert<br>Kowalczyk Szymon<br>Krajczy\u0144ska Marlena<br>Krajewski Pawe\u0142<br>Krasicka Agnieszka<br>Kruszy\u0144ski Rafa\u0142<br>Krzysztofiak Ada<br>Kuca Weronika<br>Kugler Jacek<br>Kujawiak Ma\u0142gorzata<br>Kurjata Edyta<br>Kusiak Piotr<br>Lach Natalia<br>Lato Katarzyna<br>Le\u015bniak Jakub<br>Lis Micha\u0142<\/p>\n<\/div>\n\n\n\n<div class=\"wp-block-column is-layout-flow wp-block-column-is-layout-flow\">\n<p>Litra Elwira<br>Madera Piotr<br>Maka\u0107 Monika<br>M\u0105ka Monika<br>Michalski Maciej<br>Micha\u0142owska Patrycja<br>Myszogl\u0105d Katarzyna<br>Narejko Dagmara<br>Noga Magdalena<br>Nowacki Krzysztof<br>Ostrowski Rafa\u0142<br>Owsianiecka Maryla<br>Perzyna Eliza<br>Plajzer Jakub<br>P\u0142otkowska Karolina<br>Pohorecka Aleksandra<br>Pr\u0119dkiewicz Agata<br>R\u0105czkowski Damian<br>Rebelka Katarzyna<br>Roso\u0142ek Dawid<br>Roszkowska Magdalena<br>Rybowicz Barbara<br>Rydzewski Jakub<br>Ry\u015b Marcin<br>Rzeszowski Tomasz<br>Sczepaniak Justyna<br>S\u0119dziak Marcin<br>Siwik Patryk<br>Skar\u017cy\u0144ska Anna<br>Skoniecka Edyta<br>Skurko Sebastian<br>S\u0142odkowski Jan<br>S\u0142owik Agnieszka<br>Smulska Roksana<br>Sobczuk Lucyna<br>Sob\u00f3tka Dagmara<br>St\u0119pkowski Damian<br>Stolarski Marcin<br>Strzelec Grzegorz<br>Surmacz Joanna<br>Surmacz Rafa\u0142<br>Szapkowski Bartosz<br>Szczepaniak R\u00f3\u017ca<br>Szczepankiewicz Marta<br>Szczepa\u0144ska Kinga<br>Szel\u0105\u017cek \u0141ukasz<br>Szpilska Katarzyna<br>Szwech \u0141ukasz<br>Tomalak Amelia<br>Trautman Agnieszka<br>Trot Witold<br>Trubicka Alicja<br>Tulski Norbert<br>Walusz \u0141ukasz<br>W\u0119gier Krzysztof<br>Wiatrowski Micha\u0142<br>W\u00f3jcik Bartosz<br>W\u00f3jcik Monika<br>Zi\u0119tek Ewa<\/p>\n<\/div>\n<\/div>\n<\/div><\/div>\n","protected":false},"excerpt":{"rendered":"<p>Andrzejczak BeataAntoniewicz MonikaBak NataliaBaranska JoannaB\u0105k RenataBielawski PiotrBorecki SewerynBory Micha\u0142Bratkowski DanielBrzoska JoannaChmura JakubCichowski TomaszCie\u015blik AnnaCzasak AgnieszkaD\u0105browska SandraDomanska DominikaDubicka KarolinaDudzi\u0144ska PaulaFedorowicz MagdalenaFerenc AldonaFigurska EsteraFilipczak BartoszFilipowska AleksandraFira DanielFrosik AgataGa\u0142adyk DominikaG\u0142uch DorataHreczy\u0144ska RoksanaHrynkiewicz AgataHybiak [&hellip;]<\/p>\n","protected":false},"author":10,"featured_media":0,"parent":0,"menu_order":0,"comment_status":"closed","ping_status":"closed","template":"","meta":{"footnotes":""},"class_list":["post-10866","page","type-page","status-publish","hentry"],"yoast_head":"<!-- This site is optimized with the Yoast SEO plugin v20.13 - https:\/\/yoast.com\/wordpress\/plugins\/seo\/ -->\n<title>Rok 2008 - ZSP w Chojnie<\/title>\n<meta name=\"robots\" content=\"index, follow, max-snippet:-1, max-image-preview:large, max-video-preview:-1\" \/>\n<link rel=\"canonical\" href=\"https:\/\/zsp1chojna.pl\/?page_id=10866\" \/>\n<meta property=\"og:locale\" content=\"pl_PL\" \/>\n<meta property=\"og:type\" content=\"article\" \/>\n<meta property=\"og:title\" content=\"Rok 2008 - ZSP w Chojnie\" \/>\n<meta property=\"og:description\" content=\"Andrzejczak BeataAntoniewicz MonikaBak NataliaBaranska JoannaB\u0105k RenataBielawski PiotrBorecki SewerynBory Micha\u0142Bratkowski DanielBrzoska JoannaChmura JakubCichowski TomaszCie\u015blik AnnaCzasak AgnieszkaD\u0105browska SandraDomanska DominikaDubicka KarolinaDudzi\u0144ska PaulaFedorowicz MagdalenaFerenc AldonaFigurska EsteraFilipczak BartoszFilipowska AleksandraFira DanielFrosik AgataGa\u0142adyk DominikaG\u0142uch DorataHreczy\u0144ska RoksanaHrynkiewicz AgataHybiak [&hellip;]\" \/>\n<meta property=\"og:url\" content=\"https:\/\/zsp1chojna.pl\/?page_id=10866\" \/>\n<meta property=\"og:site_name\" content=\"ZSP w Chojnie\" \/>\n<meta property=\"article:modified_time\" content=\"2024-10-28T08:30:35+00:00\" \/>\n<meta name=\"twitter:card\" content=\"summary_large_image\" \/>\n<meta name=\"twitter:label1\" content=\"Szacowany czas czytania\" \/>\n\t<meta name=\"twitter:data1\" content=\"1 minuta\" \/>\n<script type=\"application\/ld+json\" class=\"yoast-schema-graph\">{\"@context\":\"https:\/\/schema.org\",\"@graph\":[{\"@type\":\"WebPage\",\"@id\":\"https:\/\/zsp1chojna.pl\/?page_id=10866\",\"url\":\"https:\/\/zsp1chojna.pl\/?page_id=10866\",\"name\":\"Rok 2008 - ZSP w Chojnie\",\"isPartOf\":{\"@id\":\"https:\/\/zsp1chojna.pl\/#website\"},\"datePublished\":\"2024-10-28T08:30:34+00:00\",\"dateModified\":\"2024-10-28T08:30:35+00:00\",\"breadcrumb\":{\"@id\":\"https:\/\/zsp1chojna.pl\/?page_id=10866#breadcrumb\"},\"inLanguage\":\"pl-PL\",\"potentialAction\":[{\"@type\":\"ReadAction\",\"target\":[\"https:\/\/zsp1chojna.pl\/?page_id=10866\"]}]},{\"@type\":\"BreadcrumbList\",\"@id\":\"https:\/\/zsp1chojna.pl\/?page_id=10866#breadcrumb\",\"itemListElement\":[{\"@type\":\"ListItem\",\"position\":1,\"name\":\"Home\",\"item\":\"https:\/\/zsp1chojna.pl\/\"},{\"@type\":\"ListItem\",\"position\":2,\"name\":\"Rok 2008\"}]},{\"@type\":\"WebSite\",\"@id\":\"https:\/\/zsp1chojna.pl\/#website\",\"url\":\"https:\/\/zsp1chojna.pl\/\",\"name\":\"ZSP w Chojnie\",\"description\":\"\",\"publisher\":{\"@id\":\"https:\/\/zsp1chojna.pl\/#organization\"},\"potentialAction\":[{\"@type\":\"SearchAction\",\"target\":{\"@type\":\"EntryPoint\",\"urlTemplate\":\"https:\/\/zsp1chojna.pl\/?s={search_term_string}\"},\"query-input\":\"required name=search_term_string\"}],\"inLanguage\":\"pl-PL\"},{\"@type\":\"Organization\",\"@id\":\"https:\/\/zsp1chojna.pl\/#organization\",\"name\":\"ZSP w Chojnie\",\"url\":\"https:\/\/zsp1chojna.pl\/\",\"logo\":{\"@type\":\"ImageObject\",\"inLanguage\":\"pl-PL\",\"@id\":\"https:\/\/zsp1chojna.pl\/#\/schema\/logo\/image\/\",\"url\":\"https:\/\/zsp1chojna.pl\/wp-content\/uploads\/2023\/08\/cropped-cropped-cropped-Logo-biale-napis-na-3-wiersze_504-1.png\",\"contentUrl\":\"https:\/\/zsp1chojna.pl\/wp-content\/uploads\/2023\/08\/cropped-cropped-cropped-Logo-biale-napis-na-3-wiersze_504-1.png\",\"width\":504,\"height\":167,\"caption\":\"ZSP w Chojnie\"},\"image\":{\"@id\":\"https:\/\/zsp1chojna.pl\/#\/schema\/logo\/image\/\"}}]}<\/script>\n<!-- \/ Yoast SEO plugin. -->","yoast_head_json":{"title":"Rok 2008 - ZSP w Chojnie","robots":{"index":"index","follow":"follow","max-snippet":"max-snippet:-1","max-image-preview":"max-image-preview:large","max-video-preview":"max-video-preview:-1"},"canonical":"https:\/\/zsp1chojna.pl\/?page_id=10866","og_locale":"pl_PL","og_type":"article","og_title":"Rok 2008 - ZSP w Chojnie","og_description":"Andrzejczak BeataAntoniewicz MonikaBak NataliaBaranska JoannaB\u0105k RenataBielawski PiotrBorecki SewerynBory Micha\u0142Bratkowski DanielBrzoska JoannaChmura JakubCichowski TomaszCie\u015blik AnnaCzasak AgnieszkaD\u0105browska SandraDomanska DominikaDubicka KarolinaDudzi\u0144ska PaulaFedorowicz MagdalenaFerenc AldonaFigurska EsteraFilipczak BartoszFilipowska AleksandraFira DanielFrosik AgataGa\u0142adyk DominikaG\u0142uch DorataHreczy\u0144ska RoksanaHrynkiewicz AgataHybiak [&hellip;]","og_url":"https:\/\/zsp1chojna.pl\/?page_id=10866","og_site_name":"ZSP w Chojnie","article_modified_time":"2024-10-28T08:30:35+00:00","twitter_card":"summary_large_image","twitter_misc":{"Szacowany czas czytania":"1 minuta"},"schema":{"@context":"https:\/\/schema.org","@graph":[{"@type":"WebPage","@id":"https:\/\/zsp1chojna.pl\/?page_id=10866","url":"https:\/\/zsp1chojna.pl\/?page_id=10866","name":"Rok 2008 - ZSP w Chojnie","isPartOf":{"@id":"https:\/\/zsp1chojna.pl\/#website"},"datePublished":"2024-10-28T08:30:34+00:00","dateModified":"2024-10-28T08:30:35+00:00","breadcrumb":{"@id":"https:\/\/zsp1chojna.pl\/?page_id=10866#breadcrumb"},"inLanguage":"pl-PL","potentialAction":[{"@type":"ReadAction","target":["https:\/\/zsp1chojna.pl\/?page_id=10866"]}]},{"@type":"BreadcrumbList","@id":"https:\/\/zsp1chojna.pl\/?page_id=10866#breadcrumb","itemListElement":[{"@type":"ListItem","position":1,"name":"Home","item":"https:\/\/zsp1chojna.pl\/"},{"@type":"ListItem","position":2,"name":"Rok 2008"}]},{"@type":"WebSite","@id":"https:\/\/zsp1chojna.pl\/#website","url":"https:\/\/zsp1chojna.pl\/","name":"ZSP w Chojnie","description":"","publisher":{"@id":"https:\/\/zsp1chojna.pl\/#organization"},"potentialAction":[{"@type":"SearchAction","target":{"@type":"EntryPoint","urlTemplate":"https:\/\/zsp1chojna.pl\/?s={search_term_string}"},"query-input":"required name=search_term_string"}],"inLanguage":"pl-PL"},{"@type":"Organization","@id":"https:\/\/zsp1chojna.pl\/#organization","name":"ZSP w Chojnie","url":"https:\/\/zsp1chojna.pl\/","logo":{"@type":"ImageObject","inLanguage":"pl-PL","@id":"https:\/\/zsp1chojna.pl\/#\/schema\/logo\/image\/","url":"https:\/\/zsp1chojna.pl\/wp-content\/uploads\/2023\/08\/cropped-cropped-cropped-Logo-biale-napis-na-3-wiersze_504-1.png","contentUrl":"https:\/\/zsp1chojna.pl\/wp-content\/uploads\/2023\/08\/cropped-cropped-cropped-Logo-biale-napis-na-3-wiersze_504-1.png","width":504,"height":167,"caption":"ZSP w Chojnie"},"image":{"@id":"https:\/\/zsp1chojna.pl\/#\/schema\/logo\/image\/"}}]}},"_links":{"self":[{"href":"https:\/\/zsp1chojna.pl\/index.php?rest_route=\/wp\/v2\/pages\/10866","targetHints":{"allow":["GET"]}}],"collection":[{"href":"https:\/\/zsp1chojna.pl\/index.php?rest_route=\/wp\/v2\/pages"}],"about":[{"href":"https:\/\/zsp1chojna.pl\/index.php?rest_route=\/wp\/v2\/types\/page"}],"author":[{"embeddable":true,"href":"https:\/\/zsp1chojna.pl\/index.php?rest_route=\/wp\/v2\/users\/10"}],"replies":[{"embeddable":true,"href":"https:\/\/zsp1chojna.pl\/index.php?rest_route=%2Fwp%2Fv2%2Fcomments&post=10866"}],"version-history":[{"count":1,"href":"https:\/\/zsp1chojna.pl\/index.php?rest_route=\/wp\/v2\/pages\/10866\/revisions"}],"predecessor-version":[{"id":10869,"href":"https:\/\/zsp1chojna.pl\/index.php?rest_route=\/wp\/v2\/pages\/10866\/revisions\/10869"}],"wp:attachment":[{"href":"https:\/\/zsp1chojna.pl\/index.php?rest_route=%2Fwp%2Fv2%2Fmedia&parent=10866"}],"curies":[{"name":"wp","href":"https:\/\/api.w.org\/{rel}","templated":true}]}}