{"id":10841,"date":"2024-10-28T09:22:35","date_gmt":"2024-10-28T08:22:35","guid":{"rendered":"https:\/\/zsp1chojna.pl\/?page_id=10841"},"modified":"2024-10-28T09:22:36","modified_gmt":"2024-10-28T08:22:36","slug":"rok-2001","status":"publish","type":"page","link":"https:\/\/zsp1chojna.pl\/?page_id=10841","title":{"rendered":"Rok 2001"},"content":{"rendered":"<style>.kadence-column10841_548e7c-77 > .kt-inside-inner-col,.kadence-column10841_548e7c-77 > .kt-inside-inner-col:before{border-top-left-radius:0px;border-top-right-radius:0px;border-bottom-right-radius:0px;border-bottom-left-radius:0px;}.kadence-column10841_548e7c-77 > .kt-inside-inner-col:before{opacity:0.3;}.kadence-column10841_548e7c-77{position:relative;}<\/style>\n<div class=\"wp-block-kadence-column kadence-column10841_548e7c-77\"><div class=\"kt-inside-inner-col\">\n<div class=\"wp-block-columns is-layout-flex wp-container-core-columns-is-layout-9d6595d7 wp-block-columns-is-layout-flex\">\n<div class=\"wp-block-column is-layout-flow wp-block-column-is-layout-flow\">\n<p>Andreatto Piotr<br>Antczak Mariusz<br>Bachta Marzena<br>Baran Magdalena<br>Bednarczyka Adam<br>Berezowski Marcin<br>Bielawski Piotr<br>B\u0142oszyk Karol<br>Brodacka Karolina<br>Budynkiewicz Monika<br>Bystrowska Ewelina<br>Char\u0119za S\u0142awomir<br>Cisek Daniel<br>Czubko Justyna<br>Czy\u017cewska Ewelina<br>Denys \u0141ukasz<br>Dru\u017cga Barbara<br>Dydymska Marta<br>D\u017awilewska Sylwia<br>Ferdynus Przemys\u0142aw<br>Fira Krzysztof<br>Frontczak Anna<br>Gajowski Krzysztof<br>Galas Karolina<br>Giecza\u0144ska Ma\u0142gorzata<br>G\u00f3rrzy Przemys\u0142aw<br>Grabczak Paulina<br>Grabowska Katarzyna<br>Gutowska Justyna<br>Haci\u0142a \u0141ukasz<br>Jagusz Konrad<br>Janke Rados\u0142aw<br>Jaskulska Joanna<br>Jaworska Marta<br>Jele\u0144 Micha\u0142<br>Juzyszyn Agnieszka<br>Kaczorowska Joanna<br>Kalkowski Piotr<br>Ka\u0142u\u017cna Karolina<br>Kanasiuk Joanna<br>Kania Barbara<br>Kapczynski Piotr<br>Karaczan Joanna<br>Karbowska Bo\u017cena<br>Karkoszy\u0144ska Patrycja<br>Karpowicz \u0141ukasz<br>Kie\u0142basa Katarzyna<br>Klimczuk Kamil<br>K\u0142onowski Jacek<br>Ko\u0142odziej Joanna<br>Konikowska Ma\u0142gorzata<br>Koper Marta<br>Korna\u015b Faustyna<br>Kowalczyk Agnieszka<br>Kowalczyk Damian<br>Kozie\u0142 Magdalena<br>Kr\u00f3lak Magdalena<br>Krukowska Joanna<br>Kubowicz Agnieszka<br>Kuczynska Marta<br>Kugler Joanna<br>Kukurowska El\u017cbieta<br>Kukurowska Ma\u0142gorzata<br>Kunisz Anna<br>Kurasiewicz Gra\u017cyna<br>Lenard Marcin<br>Lipi\u0144ski Ariel<br>\u0141azowik Oksana<br>Malaga Emilia<br>Mazurkiewicz Joanna<\/p>\n<\/div>\n\n\n\n<div class=\"wp-block-column is-layout-flow wp-block-column-is-layout-flow\">\n<p>Mazurkiewicz Monika<br>Micha\u0142owska Agata<br>Modras Tomasz<br>Motylinska Lucyna<br>Nagaj And\u017celika<br>Napiera\u0142a Grzegorz<br>Nasal Anna<br>Natkaniec Tomasz<br>Ogieg\u0142o Daniela<br>Okonska Anita<br>Omela\u0144ski Piotr<br>Osuch Ewelina<br>Pawlikowska Ma\u0142gorzata<br>Pawlikowski Krzysztof<br>Paw\u0142owska Justyna<br>Piatkowski Pawe\u0142<br>P\u0142achta Mateusz<br>Pociej El\u017cbieta<br>Pohorecki \u0141ukasz<br>Pre\u015b Aldona<br>Prus Jacek<br>Przybylska Anna<br>Rataj El\u017cbieta<br>Rogoza Barbara<br>Rypi\u0144ski Rados\u0142aw<br>Rz\u0105d Izabela<br>Rzesz\u00f3tko Sara<br>Skrycka Agnieszka<br>Skrzypkowiak Joanna<br>Sobczyk Tomasz<br>Sobolewska Karolina<br>Stasinska Agnieszka<br>Stawicki Marek<br>St\u0119pie\u0144 Inga<br>Strona Anna<br>Susiecka Magdalena<br>Suszko Tomasz<br>Swatek Agnieszka<br>Synowiec Katarzyna<br>Szczesiak Ma\u0142gorzata<br>Sztuka Anita<br>Szustakiewicz Pawe\u0142<br>Szymanska Ewelina<br>Szymczyk Angelika<br>Tarnowska Alicja<br>Tarnowska Alina<br>Terebecki Maciej<br>Tkacz Izabela<br>Tkaczuk Adriana<br>Tomkowicz Patrycja<br>Tyrba Edyta<br>Waleszczuk Tomasz<br>Waliszewska Ma\u0142gorzata<br>Weso\u0142owski Dawid<br>Wieczorek Agnieszka<br>Wi\u015bniewska Anna<br>Wi\u015bniewska Marta<br>Wiszniewska Joanna<br>Wojtasik Edyta<br>Wolska Justyna<br>W\u00f3jcik Bartosz<br>Wroniecka Anna<br>Wr\u00f3blewska Beata<br>Zawadka Magdalena<br>Zawisza Przemys\u0142aw<br>Zawodnik Anna<br>Zazulak Lidia<br>Zwoli\u0144ska Maja<br>Zwoli\u0144ski Aleksander<br>\u017b\u0105sa Kamila<\/p>\n<\/div>\n<\/div>\n<\/div><\/div>\n","protected":false},"excerpt":{"rendered":"<p>Andreatto PiotrAntczak MariuszBachta MarzenaBaran MagdalenaBednarczyka AdamBerezowski MarcinBielawski PiotrB\u0142oszyk KarolBrodacka KarolinaBudynkiewicz MonikaBystrowska EwelinaChar\u0119za S\u0142awomirCisek DanielCzubko JustynaCzy\u017cewska EwelinaDenys \u0141ukaszDru\u017cga BarbaraDydymska MartaD\u017awilewska SylwiaFerdynus Przemys\u0142awFira KrzysztofFrontczak AnnaGajowski KrzysztofGalas KarolinaGiecza\u0144ska Ma\u0142gorzataG\u00f3rrzy Przemys\u0142awGrabczak PaulinaGrabowska KatarzynaGutowska JustynaHaci\u0142a [&hellip;]<\/p>\n","protected":false},"author":10,"featured_media":0,"parent":0,"menu_order":0,"comment_status":"closed","ping_status":"closed","template":"","meta":{"footnotes":""},"class_list":["post-10841","page","type-page","status-publish","hentry"],"yoast_head":"<!-- This site is optimized with the Yoast SEO plugin v20.13 - https:\/\/yoast.com\/wordpress\/plugins\/seo\/ -->\n<title>Rok 2001 - ZSP w Chojnie<\/title>\n<meta name=\"robots\" content=\"index, follow, max-snippet:-1, max-image-preview:large, max-video-preview:-1\" \/>\n<link rel=\"canonical\" href=\"https:\/\/zsp1chojna.pl\/?page_id=10841\" \/>\n<meta property=\"og:locale\" content=\"pl_PL\" \/>\n<meta property=\"og:type\" content=\"article\" \/>\n<meta property=\"og:title\" content=\"Rok 2001 - ZSP w Chojnie\" \/>\n<meta property=\"og:description\" content=\"Andreatto PiotrAntczak MariuszBachta MarzenaBaran MagdalenaBednarczyka AdamBerezowski MarcinBielawski PiotrB\u0142oszyk KarolBrodacka KarolinaBudynkiewicz MonikaBystrowska EwelinaChar\u0119za S\u0142awomirCisek DanielCzubko JustynaCzy\u017cewska EwelinaDenys \u0141ukaszDru\u017cga BarbaraDydymska MartaD\u017awilewska SylwiaFerdynus Przemys\u0142awFira KrzysztofFrontczak AnnaGajowski KrzysztofGalas KarolinaGiecza\u0144ska Ma\u0142gorzataG\u00f3rrzy Przemys\u0142awGrabczak PaulinaGrabowska KatarzynaGutowska JustynaHaci\u0142a [&hellip;]\" \/>\n<meta property=\"og:url\" content=\"https:\/\/zsp1chojna.pl\/?page_id=10841\" \/>\n<meta property=\"og:site_name\" content=\"ZSP w Chojnie\" \/>\n<meta property=\"article:modified_time\" content=\"2024-10-28T08:22:36+00:00\" \/>\n<meta name=\"twitter:card\" content=\"summary_large_image\" \/>\n<meta name=\"twitter:label1\" content=\"Szacowany czas czytania\" \/>\n\t<meta name=\"twitter:data1\" content=\"2 minuty\" \/>\n<script type=\"application\/ld+json\" class=\"yoast-schema-graph\">{\"@context\":\"https:\/\/schema.org\",\"@graph\":[{\"@type\":\"WebPage\",\"@id\":\"https:\/\/zsp1chojna.pl\/?page_id=10841\",\"url\":\"https:\/\/zsp1chojna.pl\/?page_id=10841\",\"name\":\"Rok 2001 - ZSP w Chojnie\",\"isPartOf\":{\"@id\":\"https:\/\/zsp1chojna.pl\/#website\"},\"datePublished\":\"2024-10-28T08:22:35+00:00\",\"dateModified\":\"2024-10-28T08:22:36+00:00\",\"breadcrumb\":{\"@id\":\"https:\/\/zsp1chojna.pl\/?page_id=10841#breadcrumb\"},\"inLanguage\":\"pl-PL\",\"potentialAction\":[{\"@type\":\"ReadAction\",\"target\":[\"https:\/\/zsp1chojna.pl\/?page_id=10841\"]}]},{\"@type\":\"BreadcrumbList\",\"@id\":\"https:\/\/zsp1chojna.pl\/?page_id=10841#breadcrumb\",\"itemListElement\":[{\"@type\":\"ListItem\",\"position\":1,\"name\":\"Home\",\"item\":\"https:\/\/zsp1chojna.pl\/\"},{\"@type\":\"ListItem\",\"position\":2,\"name\":\"Rok 2001\"}]},{\"@type\":\"WebSite\",\"@id\":\"https:\/\/zsp1chojna.pl\/#website\",\"url\":\"https:\/\/zsp1chojna.pl\/\",\"name\":\"ZSP w Chojnie\",\"description\":\"\",\"publisher\":{\"@id\":\"https:\/\/zsp1chojna.pl\/#organization\"},\"potentialAction\":[{\"@type\":\"SearchAction\",\"target\":{\"@type\":\"EntryPoint\",\"urlTemplate\":\"https:\/\/zsp1chojna.pl\/?s={search_term_string}\"},\"query-input\":\"required name=search_term_string\"}],\"inLanguage\":\"pl-PL\"},{\"@type\":\"Organization\",\"@id\":\"https:\/\/zsp1chojna.pl\/#organization\",\"name\":\"ZSP w Chojnie\",\"url\":\"https:\/\/zsp1chojna.pl\/\",\"logo\":{\"@type\":\"ImageObject\",\"inLanguage\":\"pl-PL\",\"@id\":\"https:\/\/zsp1chojna.pl\/#\/schema\/logo\/image\/\",\"url\":\"https:\/\/zsp1chojna.pl\/wp-content\/uploads\/2023\/08\/cropped-cropped-cropped-Logo-biale-napis-na-3-wiersze_504-1.png\",\"contentUrl\":\"https:\/\/zsp1chojna.pl\/wp-content\/uploads\/2023\/08\/cropped-cropped-cropped-Logo-biale-napis-na-3-wiersze_504-1.png\",\"width\":504,\"height\":167,\"caption\":\"ZSP w Chojnie\"},\"image\":{\"@id\":\"https:\/\/zsp1chojna.pl\/#\/schema\/logo\/image\/\"}}]}<\/script>\n<!-- \/ Yoast SEO plugin. -->","yoast_head_json":{"title":"Rok 2001 - ZSP w Chojnie","robots":{"index":"index","follow":"follow","max-snippet":"max-snippet:-1","max-image-preview":"max-image-preview:large","max-video-preview":"max-video-preview:-1"},"canonical":"https:\/\/zsp1chojna.pl\/?page_id=10841","og_locale":"pl_PL","og_type":"article","og_title":"Rok 2001 - ZSP w Chojnie","og_description":"Andreatto PiotrAntczak MariuszBachta MarzenaBaran MagdalenaBednarczyka AdamBerezowski MarcinBielawski PiotrB\u0142oszyk KarolBrodacka KarolinaBudynkiewicz MonikaBystrowska EwelinaChar\u0119za S\u0142awomirCisek DanielCzubko JustynaCzy\u017cewska EwelinaDenys \u0141ukaszDru\u017cga BarbaraDydymska MartaD\u017awilewska SylwiaFerdynus Przemys\u0142awFira KrzysztofFrontczak AnnaGajowski KrzysztofGalas KarolinaGiecza\u0144ska Ma\u0142gorzataG\u00f3rrzy Przemys\u0142awGrabczak PaulinaGrabowska KatarzynaGutowska JustynaHaci\u0142a [&hellip;]","og_url":"https:\/\/zsp1chojna.pl\/?page_id=10841","og_site_name":"ZSP w Chojnie","article_modified_time":"2024-10-28T08:22:36+00:00","twitter_card":"summary_large_image","twitter_misc":{"Szacowany czas czytania":"2 minuty"},"schema":{"@context":"https:\/\/schema.org","@graph":[{"@type":"WebPage","@id":"https:\/\/zsp1chojna.pl\/?page_id=10841","url":"https:\/\/zsp1chojna.pl\/?page_id=10841","name":"Rok 2001 - ZSP w Chojnie","isPartOf":{"@id":"https:\/\/zsp1chojna.pl\/#website"},"datePublished":"2024-10-28T08:22:35+00:00","dateModified":"2024-10-28T08:22:36+00:00","breadcrumb":{"@id":"https:\/\/zsp1chojna.pl\/?page_id=10841#breadcrumb"},"inLanguage":"pl-PL","potentialAction":[{"@type":"ReadAction","target":["https:\/\/zsp1chojna.pl\/?page_id=10841"]}]},{"@type":"BreadcrumbList","@id":"https:\/\/zsp1chojna.pl\/?page_id=10841#breadcrumb","itemListElement":[{"@type":"ListItem","position":1,"name":"Home","item":"https:\/\/zsp1chojna.pl\/"},{"@type":"ListItem","position":2,"name":"Rok 2001"}]},{"@type":"WebSite","@id":"https:\/\/zsp1chojna.pl\/#website","url":"https:\/\/zsp1chojna.pl\/","name":"ZSP w Chojnie","description":"","publisher":{"@id":"https:\/\/zsp1chojna.pl\/#organization"},"potentialAction":[{"@type":"SearchAction","target":{"@type":"EntryPoint","urlTemplate":"https:\/\/zsp1chojna.pl\/?s={search_term_string}"},"query-input":"required name=search_term_string"}],"inLanguage":"pl-PL"},{"@type":"Organization","@id":"https:\/\/zsp1chojna.pl\/#organization","name":"ZSP w Chojnie","url":"https:\/\/zsp1chojna.pl\/","logo":{"@type":"ImageObject","inLanguage":"pl-PL","@id":"https:\/\/zsp1chojna.pl\/#\/schema\/logo\/image\/","url":"https:\/\/zsp1chojna.pl\/wp-content\/uploads\/2023\/08\/cropped-cropped-cropped-Logo-biale-napis-na-3-wiersze_504-1.png","contentUrl":"https:\/\/zsp1chojna.pl\/wp-content\/uploads\/2023\/08\/cropped-cropped-cropped-Logo-biale-napis-na-3-wiersze_504-1.png","width":504,"height":167,"caption":"ZSP w Chojnie"},"image":{"@id":"https:\/\/zsp1chojna.pl\/#\/schema\/logo\/image\/"}}]}},"_links":{"self":[{"href":"https:\/\/zsp1chojna.pl\/index.php?rest_route=\/wp\/v2\/pages\/10841","targetHints":{"allow":["GET"]}}],"collection":[{"href":"https:\/\/zsp1chojna.pl\/index.php?rest_route=\/wp\/v2\/pages"}],"about":[{"href":"https:\/\/zsp1chojna.pl\/index.php?rest_route=\/wp\/v2\/types\/page"}],"author":[{"embeddable":true,"href":"https:\/\/zsp1chojna.pl\/index.php?rest_route=\/wp\/v2\/users\/10"}],"replies":[{"embeddable":true,"href":"https:\/\/zsp1chojna.pl\/index.php?rest_route=%2Fwp%2Fv2%2Fcomments&post=10841"}],"version-history":[{"count":1,"href":"https:\/\/zsp1chojna.pl\/index.php?rest_route=\/wp\/v2\/pages\/10841\/revisions"}],"predecessor-version":[{"id":10842,"href":"https:\/\/zsp1chojna.pl\/index.php?rest_route=\/wp\/v2\/pages\/10841\/revisions\/10842"}],"wp:attachment":[{"href":"https:\/\/zsp1chojna.pl\/index.php?rest_route=%2Fwp%2Fv2%2Fmedia&parent=10841"}],"curies":[{"name":"wp","href":"https:\/\/api.w.org\/{rel}","templated":true}]}}