{"id":10832,"date":"2024-10-28T09:19:32","date_gmt":"2024-10-28T08:19:32","guid":{"rendered":"https:\/\/zsp1chojna.pl\/?page_id=10832"},"modified":"2024-10-28T09:19:33","modified_gmt":"2024-10-28T08:19:33","slug":"rok-1967","status":"publish","type":"page","link":"https:\/\/zsp1chojna.pl\/?page_id=10832","title":{"rendered":"Rok 1967"},"content":{"rendered":"<style>.kadence-column10832_727353-a9 > .kt-inside-inner-col,.kadence-column10832_727353-a9 > .kt-inside-inner-col:before{border-top-left-radius:0px;border-top-right-radius:0px;border-bottom-right-radius:0px;border-bottom-left-radius:0px;}.kadence-column10832_727353-a9 > .kt-inside-inner-col:before{opacity:0.3;}.kadence-column10832_727353-a9{position:relative;}<\/style>\n<div class=\"wp-block-kadence-column kadence-column10832_727353-a9\"><div class=\"kt-inside-inner-col\">\n<div class=\"wp-block-columns is-layout-flex wp-container-core-columns-is-layout-9d6595d7 wp-block-columns-is-layout-flex\">\n<div class=\"wp-block-column is-layout-flow wp-block-column-is-layout-flow\">\n<p>Adamiec Teresa<br>Andreatto Irena<br>Andrzejczak Jan<br>Andrzejew Wanda<br>Bachta Zbigniew<br>B\u0142awat Zbigniew<br>Brzozowska Franciszka<br>Burchardt Zbigniew<br>Byczek Antoni<br>Chabraszewski Mieczys\u0142aw<br>Chich\u0142owska Alicja<br>Chojna Irena<br>Chromi\u0144ski S\u0142awomir<br>Czy\u017c J\u00f3zef<br>\u0106wiek Aniela<br>\u0106wirko Irena<br>D\u0119bicka Danuta<br>Dziubanowska Teresa<br>Eckel Anna<br>Falkowska Salomea<br>Gaj Jadwiga<br>Gola\u0144ska Stefania<br>Gierba Anna<br>G\u00f3recki Henryk<br>Grabowski Lech<br>Grygorcewicz \u0141ucja<br>Guzdek W\u0142adys\u0142aw<br>Hrynkiewicz El\u017cbieta<br>Jab\u0142o\u0144ska Krystyna<br>Jacyna Adela<br>Jaroszewicz Teresa<br>Jednacz Krystyna<br>Kaczmar Urszula<br>Kaczmarek Czes\u0142awa<br>Karczewicz Alojzy<br>K\u0119dzierski Ireneusz<br>Kielar J\u00f3zefa<br>Klimczak Maria<br>Klobok Zofia<br>Ko\u0142\u0142\u0105taj Zuzanna<br>Korba Zdzis\u0142awa<br>Kowalczyk Janusz<br>Kozerska Janina<\/p>\n<\/div>\n\n\n\n<div class=\"wp-block-column is-layout-flow wp-block-column-is-layout-flow\">\n<p>Krupowicz Zdzis\u0142awa<br>Kuczy\u0144ska Irena<br>Kujawski Andrzej<br>Kurpiel Krystyna<br>Lasowska Halina<br>Machaj Lech<br>Majkowski Stefan<br>Malinowska Maria<br>Mania Alicja<br>Mieszko Lech<br>Mokrzycka Eleonora<br>Molska El\u017cbieta<br>Mo\u0142doch Danuta<br>Okr\u00f3j El\u017cbieta<br>Paradowska Maria<br>Pieczeniuk Kazimiera<br>Pipowska Anna<br>Pisarczyk Czeslawa<br>Plutecka Alicja<br>Podniesi\u0144ska Alicja<br>Podniesi\u0144ski Ryszard<br>Remis Edward<br>Rudyk Maria<br>Rusinek Ireneusz<br>Sakowska Helena<br>Skrzypa Leokadia<br>S\u0142odowski Franciszek<br>Stanulewicz Jadwiga<br>Sudak Halina<br>Surowiec Maria<br>Synowiec Jerzy<br>Szymakowska Maria<br>\u015aliwa Barbara<br>Uda\u0142a Roman<br>Wawrzyniak Ireneusz<br>Weso\u0142owska Maria<br>Wilczy\u0144ski Edward<br>Witkowski Julian<br>Wojtas Irena<br>Zieli\u0144ska Jolanta<br>Zi\u00f3\u0142kowska Joanna<\/p>\n<\/div>\n<\/div>\n<\/div><\/div>\n","protected":false},"excerpt":{"rendered":"<p>Adamiec TeresaAndreatto IrenaAndrzejczak JanAndrzejew WandaBachta ZbigniewB\u0142awat ZbigniewBrzozowska FranciszkaBurchardt ZbigniewByczek AntoniChabraszewski Mieczys\u0142awChich\u0142owska AlicjaChojna IrenaChromi\u0144ski S\u0142awomirCzy\u017c J\u00f3zef\u0106wiek Aniela\u0106wirko IrenaD\u0119bicka DanutaDziubanowska TeresaEckel AnnaFalkowska SalomeaGaj JadwigaGola\u0144ska StefaniaGierba AnnaG\u00f3recki HenrykGrabowski LechGrygorcewicz \u0141ucjaGuzdek W\u0142adys\u0142awHrynkiewicz El\u017cbietaJab\u0142o\u0144ska KrystynaJacyna [&hellip;]<\/p>\n","protected":false},"author":11,"featured_media":0,"parent":0,"menu_order":0,"comment_status":"closed","ping_status":"closed","template":"","meta":{"footnotes":""},"class_list":["post-10832","page","type-page","status-publish","hentry"],"yoast_head":"<!-- This site is optimized with the Yoast SEO plugin v20.13 - https:\/\/yoast.com\/wordpress\/plugins\/seo\/ -->\n<title>Rok 1967 - ZSP w Chojnie<\/title>\n<meta name=\"robots\" content=\"index, follow, max-snippet:-1, max-image-preview:large, max-video-preview:-1\" \/>\n<link rel=\"canonical\" href=\"https:\/\/zsp1chojna.pl\/?page_id=10832\" \/>\n<meta property=\"og:locale\" content=\"pl_PL\" \/>\n<meta property=\"og:type\" content=\"article\" \/>\n<meta property=\"og:title\" content=\"Rok 1967 - ZSP w Chojnie\" \/>\n<meta property=\"og:description\" content=\"Adamiec TeresaAndreatto IrenaAndrzejczak JanAndrzejew WandaBachta ZbigniewB\u0142awat ZbigniewBrzozowska FranciszkaBurchardt ZbigniewByczek AntoniChabraszewski Mieczys\u0142awChich\u0142owska AlicjaChojna IrenaChromi\u0144ski S\u0142awomirCzy\u017c J\u00f3zef\u0106wiek Aniela\u0106wirko IrenaD\u0119bicka DanutaDziubanowska TeresaEckel AnnaFalkowska SalomeaGaj JadwigaGola\u0144ska StefaniaGierba AnnaG\u00f3recki HenrykGrabowski LechGrygorcewicz \u0141ucjaGuzdek W\u0142adys\u0142awHrynkiewicz El\u017cbietaJab\u0142o\u0144ska KrystynaJacyna [&hellip;]\" \/>\n<meta property=\"og:url\" content=\"https:\/\/zsp1chojna.pl\/?page_id=10832\" \/>\n<meta property=\"og:site_name\" content=\"ZSP w Chojnie\" \/>\n<meta property=\"article:modified_time\" content=\"2024-10-28T08:19:33+00:00\" \/>\n<meta name=\"twitter:card\" content=\"summary_large_image\" \/>\n<meta name=\"twitter:label1\" content=\"Szacowany czas czytania\" \/>\n\t<meta name=\"twitter:data1\" content=\"2 minuty\" \/>\n<script type=\"application\/ld+json\" class=\"yoast-schema-graph\">{\"@context\":\"https:\/\/schema.org\",\"@graph\":[{\"@type\":\"WebPage\",\"@id\":\"https:\/\/zsp1chojna.pl\/?page_id=10832\",\"url\":\"https:\/\/zsp1chojna.pl\/?page_id=10832\",\"name\":\"Rok 1967 - ZSP w Chojnie\",\"isPartOf\":{\"@id\":\"https:\/\/zsp1chojna.pl\/#website\"},\"datePublished\":\"2024-10-28T08:19:32+00:00\",\"dateModified\":\"2024-10-28T08:19:33+00:00\",\"breadcrumb\":{\"@id\":\"https:\/\/zsp1chojna.pl\/?page_id=10832#breadcrumb\"},\"inLanguage\":\"pl-PL\",\"potentialAction\":[{\"@type\":\"ReadAction\",\"target\":[\"https:\/\/zsp1chojna.pl\/?page_id=10832\"]}]},{\"@type\":\"BreadcrumbList\",\"@id\":\"https:\/\/zsp1chojna.pl\/?page_id=10832#breadcrumb\",\"itemListElement\":[{\"@type\":\"ListItem\",\"position\":1,\"name\":\"Home\",\"item\":\"https:\/\/zsp1chojna.pl\/\"},{\"@type\":\"ListItem\",\"position\":2,\"name\":\"Rok 1967\"}]},{\"@type\":\"WebSite\",\"@id\":\"https:\/\/zsp1chojna.pl\/#website\",\"url\":\"https:\/\/zsp1chojna.pl\/\",\"name\":\"ZSP w Chojnie\",\"description\":\"\",\"publisher\":{\"@id\":\"https:\/\/zsp1chojna.pl\/#organization\"},\"potentialAction\":[{\"@type\":\"SearchAction\",\"target\":{\"@type\":\"EntryPoint\",\"urlTemplate\":\"https:\/\/zsp1chojna.pl\/?s={search_term_string}\"},\"query-input\":\"required name=search_term_string\"}],\"inLanguage\":\"pl-PL\"},{\"@type\":\"Organization\",\"@id\":\"https:\/\/zsp1chojna.pl\/#organization\",\"name\":\"ZSP w Chojnie\",\"url\":\"https:\/\/zsp1chojna.pl\/\",\"logo\":{\"@type\":\"ImageObject\",\"inLanguage\":\"pl-PL\",\"@id\":\"https:\/\/zsp1chojna.pl\/#\/schema\/logo\/image\/\",\"url\":\"https:\/\/zsp1chojna.pl\/wp-content\/uploads\/2023\/08\/cropped-cropped-cropped-Logo-biale-napis-na-3-wiersze_504-1.png\",\"contentUrl\":\"https:\/\/zsp1chojna.pl\/wp-content\/uploads\/2023\/08\/cropped-cropped-cropped-Logo-biale-napis-na-3-wiersze_504-1.png\",\"width\":504,\"height\":167,\"caption\":\"ZSP w Chojnie\"},\"image\":{\"@id\":\"https:\/\/zsp1chojna.pl\/#\/schema\/logo\/image\/\"}}]}<\/script>\n<!-- \/ Yoast SEO plugin. -->","yoast_head_json":{"title":"Rok 1967 - ZSP w Chojnie","robots":{"index":"index","follow":"follow","max-snippet":"max-snippet:-1","max-image-preview":"max-image-preview:large","max-video-preview":"max-video-preview:-1"},"canonical":"https:\/\/zsp1chojna.pl\/?page_id=10832","og_locale":"pl_PL","og_type":"article","og_title":"Rok 1967 - ZSP w Chojnie","og_description":"Adamiec TeresaAndreatto IrenaAndrzejczak JanAndrzejew WandaBachta ZbigniewB\u0142awat ZbigniewBrzozowska FranciszkaBurchardt ZbigniewByczek AntoniChabraszewski Mieczys\u0142awChich\u0142owska AlicjaChojna IrenaChromi\u0144ski S\u0142awomirCzy\u017c J\u00f3zef\u0106wiek Aniela\u0106wirko IrenaD\u0119bicka DanutaDziubanowska TeresaEckel AnnaFalkowska SalomeaGaj JadwigaGola\u0144ska StefaniaGierba AnnaG\u00f3recki HenrykGrabowski LechGrygorcewicz \u0141ucjaGuzdek W\u0142adys\u0142awHrynkiewicz El\u017cbietaJab\u0142o\u0144ska KrystynaJacyna [&hellip;]","og_url":"https:\/\/zsp1chojna.pl\/?page_id=10832","og_site_name":"ZSP w Chojnie","article_modified_time":"2024-10-28T08:19:33+00:00","twitter_card":"summary_large_image","twitter_misc":{"Szacowany czas czytania":"2 minuty"},"schema":{"@context":"https:\/\/schema.org","@graph":[{"@type":"WebPage","@id":"https:\/\/zsp1chojna.pl\/?page_id=10832","url":"https:\/\/zsp1chojna.pl\/?page_id=10832","name":"Rok 1967 - ZSP w Chojnie","isPartOf":{"@id":"https:\/\/zsp1chojna.pl\/#website"},"datePublished":"2024-10-28T08:19:32+00:00","dateModified":"2024-10-28T08:19:33+00:00","breadcrumb":{"@id":"https:\/\/zsp1chojna.pl\/?page_id=10832#breadcrumb"},"inLanguage":"pl-PL","potentialAction":[{"@type":"ReadAction","target":["https:\/\/zsp1chojna.pl\/?page_id=10832"]}]},{"@type":"BreadcrumbList","@id":"https:\/\/zsp1chojna.pl\/?page_id=10832#breadcrumb","itemListElement":[{"@type":"ListItem","position":1,"name":"Home","item":"https:\/\/zsp1chojna.pl\/"},{"@type":"ListItem","position":2,"name":"Rok 1967"}]},{"@type":"WebSite","@id":"https:\/\/zsp1chojna.pl\/#website","url":"https:\/\/zsp1chojna.pl\/","name":"ZSP w Chojnie","description":"","publisher":{"@id":"https:\/\/zsp1chojna.pl\/#organization"},"potentialAction":[{"@type":"SearchAction","target":{"@type":"EntryPoint","urlTemplate":"https:\/\/zsp1chojna.pl\/?s={search_term_string}"},"query-input":"required name=search_term_string"}],"inLanguage":"pl-PL"},{"@type":"Organization","@id":"https:\/\/zsp1chojna.pl\/#organization","name":"ZSP w Chojnie","url":"https:\/\/zsp1chojna.pl\/","logo":{"@type":"ImageObject","inLanguage":"pl-PL","@id":"https:\/\/zsp1chojna.pl\/#\/schema\/logo\/image\/","url":"https:\/\/zsp1chojna.pl\/wp-content\/uploads\/2023\/08\/cropped-cropped-cropped-Logo-biale-napis-na-3-wiersze_504-1.png","contentUrl":"https:\/\/zsp1chojna.pl\/wp-content\/uploads\/2023\/08\/cropped-cropped-cropped-Logo-biale-napis-na-3-wiersze_504-1.png","width":504,"height":167,"caption":"ZSP w Chojnie"},"image":{"@id":"https:\/\/zsp1chojna.pl\/#\/schema\/logo\/image\/"}}]}},"_links":{"self":[{"href":"https:\/\/zsp1chojna.pl\/index.php?rest_route=\/wp\/v2\/pages\/10832","targetHints":{"allow":["GET"]}}],"collection":[{"href":"https:\/\/zsp1chojna.pl\/index.php?rest_route=\/wp\/v2\/pages"}],"about":[{"href":"https:\/\/zsp1chojna.pl\/index.php?rest_route=\/wp\/v2\/types\/page"}],"author":[{"embeddable":true,"href":"https:\/\/zsp1chojna.pl\/index.php?rest_route=\/wp\/v2\/users\/11"}],"replies":[{"embeddable":true,"href":"https:\/\/zsp1chojna.pl\/index.php?rest_route=%2Fwp%2Fv2%2Fcomments&post=10832"}],"version-history":[{"count":1,"href":"https:\/\/zsp1chojna.pl\/index.php?rest_route=\/wp\/v2\/pages\/10832\/revisions"}],"predecessor-version":[{"id":10836,"href":"https:\/\/zsp1chojna.pl\/index.php?rest_route=\/wp\/v2\/pages\/10832\/revisions\/10836"}],"wp:attachment":[{"href":"https:\/\/zsp1chojna.pl\/index.php?rest_route=%2Fwp%2Fv2%2Fmedia&parent=10832"}],"curies":[{"name":"wp","href":"https:\/\/api.w.org\/{rel}","templated":true}]}}