{"id":10828,"date":"2024-10-28T09:17:41","date_gmt":"2024-10-28T08:17:41","guid":{"rendered":"https:\/\/zsp1chojna.pl\/?page_id=10828"},"modified":"2024-10-28T09:17:42","modified_gmt":"2024-10-28T08:17:42","slug":"rok-1988","status":"publish","type":"page","link":"https:\/\/zsp1chojna.pl\/?page_id=10828","title":{"rendered":"Rok 1988"},"content":{"rendered":"<style>.kadence-column10828_75890c-f9 > .kt-inside-inner-col,.kadence-column10828_75890c-f9 > .kt-inside-inner-col:before{border-top-left-radius:0px;border-top-right-radius:0px;border-bottom-right-radius:0px;border-bottom-left-radius:0px;}.kadence-column10828_75890c-f9 > .kt-inside-inner-col:before{opacity:0.3;}.kadence-column10828_75890c-f9{position:relative;}<\/style>\n<div class=\"wp-block-kadence-column kadence-column10828_75890c-f9\"><div class=\"kt-inside-inner-col\">\n<div class=\"wp-block-columns is-layout-flex wp-container-core-columns-is-layout-9d6595d7 wp-block-columns-is-layout-flex\">\n<div class=\"wp-block-column is-layout-flow wp-block-column-is-layout-flow\">\n<p>Adamczuk Renata<br>Budzich Aneta<br>Chrzanowska Bogumi\u0142a<br>Czesul Edyta<br>Dybizba\u0144ski Artur<br>Dzedzej piotr<br>Fili\u0144ska Joanna<br>Flaszowska Wioletta<br>Garczy\u0144ska Lilianna<br>Gartman Jacek<br>G\u0142adyszewski Piotr<br>Habiera Aneta<br>Ha\u0142o\u0144 Anna<br>Hubert Ma\u0142gorzata<br>Jakubiszyn Dorota<br>Jaszczak S\u0142awomir<br>Jawny Andrzej<br>Kaczkowska Agnieszka<br>Karmanowicz Krystyna<br>Ka\u017amierczak S\u0142awomir<br>Klos Iwona<br>Kos Anna<br>Ko\u0142oszyc Danuta<br>Konarski Jaros\u0142aw<br>Ko\u015bci\u0144ska Edyta<br>Kowalczyk Krystyna<br>Krysztofiak Katarzyna<br>Kubiak Ewa<br>Kucharska Jolanta<br>Kugler Magdalena<\/p>\n<\/div>\n\n\n\n<div class=\"wp-block-column is-layout-flow wp-block-column-is-layout-flow\">\n<p>\u0141asiewicz Krzysztof<br>Madejczyk Teresa<br>Moszkowska Ma\u0142gorzata<br>Nagaj Zbigniew<br>Nakonieczna Gra\u017cyna<br>Narejko Ma\u0142gorzata<br>Oleksiak Aniela<br>Paczkowska Irena<br>Panek Marzena<br>Powiada El\u017cbieta<br>Przycho\u0107ko El\u017cbieta<br>Pyza Barbara<br>Rado\u017cycka Krystyna<br>Ratkowska El\u017cbieta<br>Rosi\u0144ska Zdzis\u0142awa<br>Rutkowska Renata<br>Rybarczyk Barbara<br>Sienkiewicz Iwona<br>Soza\u0144ska Wies\u0142awa<br>Studenta Beata<br>Szyszka Beata<br>\u015alebzak Beata<br>Ta\u0142andzis Ma\u0142gorzata<br>Tomaszewska Barbara<br>Treczka Urszula<br>W\u00f3jcik Aleksandra<br>Zarzycka Bogumi\u0142a<br>Zawadzki Mariusz<br>\u017bygad\u0142o Andrzej<\/p>\n<\/div>\n<\/div>\n<\/div><\/div>\n","protected":false},"excerpt":{"rendered":"<p>Adamczuk RenataBudzich AnetaChrzanowska Bogumi\u0142aCzesul EdytaDybizba\u0144ski ArturDzedzej piotrFili\u0144ska JoannaFlaszowska WiolettaGarczy\u0144ska LiliannaGartman JacekG\u0142adyszewski PiotrHabiera AnetaHa\u0142o\u0144 AnnaHubert Ma\u0142gorzataJakubiszyn DorotaJaszczak S\u0142awomirJawny AndrzejKaczkowska AgnieszkaKarmanowicz KrystynaKa\u017amierczak S\u0142awomirKlos IwonaKos AnnaKo\u0142oszyc DanutaKonarski Jaros\u0142awKo\u015bci\u0144ska EdytaKowalczyk KrystynaKrysztofiak KatarzynaKubiak EwaKucharska JolantaKugler [&hellip;]<\/p>\n","protected":false},"author":10,"featured_media":0,"parent":0,"menu_order":0,"comment_status":"closed","ping_status":"closed","template":"","meta":{"footnotes":""},"class_list":["post-10828","page","type-page","status-publish","hentry"],"yoast_head":"<!-- This site is optimized with the Yoast SEO plugin v20.13 - https:\/\/yoast.com\/wordpress\/plugins\/seo\/ -->\n<title>Rok 1988 - ZSP w Chojnie<\/title>\n<meta name=\"robots\" content=\"index, follow, max-snippet:-1, max-image-preview:large, max-video-preview:-1\" \/>\n<link rel=\"canonical\" href=\"https:\/\/zsp1chojna.pl\/?page_id=10828\" \/>\n<meta property=\"og:locale\" content=\"pl_PL\" \/>\n<meta property=\"og:type\" content=\"article\" \/>\n<meta property=\"og:title\" content=\"Rok 1988 - ZSP w Chojnie\" \/>\n<meta property=\"og:description\" content=\"Adamczuk RenataBudzich AnetaChrzanowska Bogumi\u0142aCzesul EdytaDybizba\u0144ski ArturDzedzej piotrFili\u0144ska JoannaFlaszowska WiolettaGarczy\u0144ska LiliannaGartman JacekG\u0142adyszewski PiotrHabiera AnetaHa\u0142o\u0144 AnnaHubert Ma\u0142gorzataJakubiszyn DorotaJaszczak S\u0142awomirJawny AndrzejKaczkowska AgnieszkaKarmanowicz KrystynaKa\u017amierczak S\u0142awomirKlos IwonaKos AnnaKo\u0142oszyc DanutaKonarski Jaros\u0142awKo\u015bci\u0144ska EdytaKowalczyk KrystynaKrysztofiak KatarzynaKubiak EwaKucharska JolantaKugler [&hellip;]\" \/>\n<meta property=\"og:url\" content=\"https:\/\/zsp1chojna.pl\/?page_id=10828\" \/>\n<meta property=\"og:site_name\" content=\"ZSP w Chojnie\" \/>\n<meta property=\"article:modified_time\" content=\"2024-10-28T08:17:42+00:00\" \/>\n<meta name=\"twitter:card\" content=\"summary_large_image\" \/>\n<meta name=\"twitter:label1\" content=\"Szacowany czas czytania\" \/>\n\t<meta name=\"twitter:data1\" content=\"1 minuta\" \/>\n<script type=\"application\/ld+json\" class=\"yoast-schema-graph\">{\"@context\":\"https:\/\/schema.org\",\"@graph\":[{\"@type\":\"WebPage\",\"@id\":\"https:\/\/zsp1chojna.pl\/?page_id=10828\",\"url\":\"https:\/\/zsp1chojna.pl\/?page_id=10828\",\"name\":\"Rok 1988 - ZSP w Chojnie\",\"isPartOf\":{\"@id\":\"https:\/\/zsp1chojna.pl\/#website\"},\"datePublished\":\"2024-10-28T08:17:41+00:00\",\"dateModified\":\"2024-10-28T08:17:42+00:00\",\"breadcrumb\":{\"@id\":\"https:\/\/zsp1chojna.pl\/?page_id=10828#breadcrumb\"},\"inLanguage\":\"pl-PL\",\"potentialAction\":[{\"@type\":\"ReadAction\",\"target\":[\"https:\/\/zsp1chojna.pl\/?page_id=10828\"]}]},{\"@type\":\"BreadcrumbList\",\"@id\":\"https:\/\/zsp1chojna.pl\/?page_id=10828#breadcrumb\",\"itemListElement\":[{\"@type\":\"ListItem\",\"position\":1,\"name\":\"Home\",\"item\":\"https:\/\/zsp1chojna.pl\/\"},{\"@type\":\"ListItem\",\"position\":2,\"name\":\"Rok 1988\"}]},{\"@type\":\"WebSite\",\"@id\":\"https:\/\/zsp1chojna.pl\/#website\",\"url\":\"https:\/\/zsp1chojna.pl\/\",\"name\":\"ZSP w Chojnie\",\"description\":\"\",\"publisher\":{\"@id\":\"https:\/\/zsp1chojna.pl\/#organization\"},\"potentialAction\":[{\"@type\":\"SearchAction\",\"target\":{\"@type\":\"EntryPoint\",\"urlTemplate\":\"https:\/\/zsp1chojna.pl\/?s={search_term_string}\"},\"query-input\":\"required name=search_term_string\"}],\"inLanguage\":\"pl-PL\"},{\"@type\":\"Organization\",\"@id\":\"https:\/\/zsp1chojna.pl\/#organization\",\"name\":\"ZSP w Chojnie\",\"url\":\"https:\/\/zsp1chojna.pl\/\",\"logo\":{\"@type\":\"ImageObject\",\"inLanguage\":\"pl-PL\",\"@id\":\"https:\/\/zsp1chojna.pl\/#\/schema\/logo\/image\/\",\"url\":\"https:\/\/zsp1chojna.pl\/wp-content\/uploads\/2023\/08\/cropped-cropped-cropped-Logo-biale-napis-na-3-wiersze_504-1.png\",\"contentUrl\":\"https:\/\/zsp1chojna.pl\/wp-content\/uploads\/2023\/08\/cropped-cropped-cropped-Logo-biale-napis-na-3-wiersze_504-1.png\",\"width\":504,\"height\":167,\"caption\":\"ZSP w Chojnie\"},\"image\":{\"@id\":\"https:\/\/zsp1chojna.pl\/#\/schema\/logo\/image\/\"}}]}<\/script>\n<!-- \/ Yoast SEO plugin. -->","yoast_head_json":{"title":"Rok 1988 - ZSP w Chojnie","robots":{"index":"index","follow":"follow","max-snippet":"max-snippet:-1","max-image-preview":"max-image-preview:large","max-video-preview":"max-video-preview:-1"},"canonical":"https:\/\/zsp1chojna.pl\/?page_id=10828","og_locale":"pl_PL","og_type":"article","og_title":"Rok 1988 - ZSP w Chojnie","og_description":"Adamczuk RenataBudzich AnetaChrzanowska Bogumi\u0142aCzesul EdytaDybizba\u0144ski ArturDzedzej piotrFili\u0144ska JoannaFlaszowska WiolettaGarczy\u0144ska LiliannaGartman JacekG\u0142adyszewski PiotrHabiera AnetaHa\u0142o\u0144 AnnaHubert Ma\u0142gorzataJakubiszyn DorotaJaszczak S\u0142awomirJawny AndrzejKaczkowska AgnieszkaKarmanowicz KrystynaKa\u017amierczak S\u0142awomirKlos IwonaKos AnnaKo\u0142oszyc DanutaKonarski Jaros\u0142awKo\u015bci\u0144ska EdytaKowalczyk KrystynaKrysztofiak KatarzynaKubiak EwaKucharska JolantaKugler [&hellip;]","og_url":"https:\/\/zsp1chojna.pl\/?page_id=10828","og_site_name":"ZSP w Chojnie","article_modified_time":"2024-10-28T08:17:42+00:00","twitter_card":"summary_large_image","twitter_misc":{"Szacowany czas czytania":"1 minuta"},"schema":{"@context":"https:\/\/schema.org","@graph":[{"@type":"WebPage","@id":"https:\/\/zsp1chojna.pl\/?page_id=10828","url":"https:\/\/zsp1chojna.pl\/?page_id=10828","name":"Rok 1988 - ZSP w Chojnie","isPartOf":{"@id":"https:\/\/zsp1chojna.pl\/#website"},"datePublished":"2024-10-28T08:17:41+00:00","dateModified":"2024-10-28T08:17:42+00:00","breadcrumb":{"@id":"https:\/\/zsp1chojna.pl\/?page_id=10828#breadcrumb"},"inLanguage":"pl-PL","potentialAction":[{"@type":"ReadAction","target":["https:\/\/zsp1chojna.pl\/?page_id=10828"]}]},{"@type":"BreadcrumbList","@id":"https:\/\/zsp1chojna.pl\/?page_id=10828#breadcrumb","itemListElement":[{"@type":"ListItem","position":1,"name":"Home","item":"https:\/\/zsp1chojna.pl\/"},{"@type":"ListItem","position":2,"name":"Rok 1988"}]},{"@type":"WebSite","@id":"https:\/\/zsp1chojna.pl\/#website","url":"https:\/\/zsp1chojna.pl\/","name":"ZSP w Chojnie","description":"","publisher":{"@id":"https:\/\/zsp1chojna.pl\/#organization"},"potentialAction":[{"@type":"SearchAction","target":{"@type":"EntryPoint","urlTemplate":"https:\/\/zsp1chojna.pl\/?s={search_term_string}"},"query-input":"required name=search_term_string"}],"inLanguage":"pl-PL"},{"@type":"Organization","@id":"https:\/\/zsp1chojna.pl\/#organization","name":"ZSP w Chojnie","url":"https:\/\/zsp1chojna.pl\/","logo":{"@type":"ImageObject","inLanguage":"pl-PL","@id":"https:\/\/zsp1chojna.pl\/#\/schema\/logo\/image\/","url":"https:\/\/zsp1chojna.pl\/wp-content\/uploads\/2023\/08\/cropped-cropped-cropped-Logo-biale-napis-na-3-wiersze_504-1.png","contentUrl":"https:\/\/zsp1chojna.pl\/wp-content\/uploads\/2023\/08\/cropped-cropped-cropped-Logo-biale-napis-na-3-wiersze_504-1.png","width":504,"height":167,"caption":"ZSP w Chojnie"},"image":{"@id":"https:\/\/zsp1chojna.pl\/#\/schema\/logo\/image\/"}}]}},"_links":{"self":[{"href":"https:\/\/zsp1chojna.pl\/index.php?rest_route=\/wp\/v2\/pages\/10828","targetHints":{"allow":["GET"]}}],"collection":[{"href":"https:\/\/zsp1chojna.pl\/index.php?rest_route=\/wp\/v2\/pages"}],"about":[{"href":"https:\/\/zsp1chojna.pl\/index.php?rest_route=\/wp\/v2\/types\/page"}],"author":[{"embeddable":true,"href":"https:\/\/zsp1chojna.pl\/index.php?rest_route=\/wp\/v2\/users\/10"}],"replies":[{"embeddable":true,"href":"https:\/\/zsp1chojna.pl\/index.php?rest_route=%2Fwp%2Fv2%2Fcomments&post=10828"}],"version-history":[{"count":1,"href":"https:\/\/zsp1chojna.pl\/index.php?rest_route=\/wp\/v2\/pages\/10828\/revisions"}],"predecessor-version":[{"id":10830,"href":"https:\/\/zsp1chojna.pl\/index.php?rest_route=\/wp\/v2\/pages\/10828\/revisions\/10830"}],"wp:attachment":[{"href":"https:\/\/zsp1chojna.pl\/index.php?rest_route=%2Fwp%2Fv2%2Fmedia&parent=10828"}],"curies":[{"name":"wp","href":"https:\/\/api.w.org\/{rel}","templated":true}]}}