{"id":10806,"date":"2024-10-28T09:11:38","date_gmt":"2024-10-28T08:11:38","guid":{"rendered":"https:\/\/zsp1chojna.pl\/?page_id=10806"},"modified":"2024-10-28T09:11:39","modified_gmt":"2024-10-28T08:11:39","slug":"rok-1992","status":"publish","type":"page","link":"https:\/\/zsp1chojna.pl\/?page_id=10806","title":{"rendered":"Rok 1992"},"content":{"rendered":"<style>.kadence-column10806_7919e0-44 > .kt-inside-inner-col,.kadence-column10806_7919e0-44 > .kt-inside-inner-col:before{border-top-left-radius:0px;border-top-right-radius:0px;border-bottom-right-radius:0px;border-bottom-left-radius:0px;}.kadence-column10806_7919e0-44 > .kt-inside-inner-col:before{opacity:0.3;}.kadence-column10806_7919e0-44{position:relative;}<\/style>\n<div class=\"wp-block-kadence-column kadence-column10806_7919e0-44\"><div class=\"kt-inside-inner-col\">\n<div class=\"wp-block-columns is-layout-flex wp-container-core-columns-is-layout-9d6595d7 wp-block-columns-is-layout-flex\">\n<div class=\"wp-block-column is-layout-flow wp-block-column-is-layout-flow\">\n<p>Adamus Dariusz<br>Bendyna Robert<br>Bia\u0142omazur Marzena<br>Chodyniecka \u017baneta<br>Chuda Anna<br>Cie\u015blak Artur<br>Dybizbowska Ma\u0142gorzata<br>Dzedzej Wies\u0142aw<br>Dzi\u0119cio\u0142 Urszula<br>Dziubanowski Tomasz<br>Gabry\u015b Krzysztof<br>Hoc Dariusz<br>Iskra Iwona<br>Jarmolik Monika<br>Jendruszkiewicz Sebastian<br>Kaczak Ma\u0142gorzata<br>Kasi\u0144ska Anna<br>Kiwilsza Agnieszka<br>Klepajczuk And\u017celika<br>Klisowska Anna<br>Ko\u0142aczyk Przemys\u0142aw<br>Kopczynska Magda<br>Kosta\u0144ska Beata<br>Kowalczyk Agnieszka<br>Kru\u017cynsiki Dariusz<br>Kulikowska Aneta<br>Kury\u0142owicz Ma\u0142gorzata<br>Kurzynska Katarzyna<br>Kwiatkowska Monika<br>Lemczak Katarzyna<br>Maciesza Danuta<\/p>\n<\/div>\n\n\n\n<div class=\"wp-block-column is-layout-flow wp-block-column-is-layout-flow\">\n<p>M\u0105czak Marzenna<br>Marciniak Arleta<br>Mielczarek Mariusz<br>Mo\u015bcicki Krzysztof<br>Motyl Agata<br>Olsza\u0144ska Beata<br>Olsza\u0144ska Jolanta<br>Pasternak Anna<br>P\u0119drak Agnieszka<br>Po\u0142a\u0144 Joanna<br>Przybylski Mariusz<br>R\u0105pa\u0142a Malgorzata<br>R\u0119bacz Artur<br>Rozalik Renata<br>Sici\u0144ska Anna<br>Sikorska Agnieszka<br>Sienkiewicz S\u0142awomir<br>Siwek Anna<br>Skrzypkowiak Renata<br>Stankiewicz Ewa<br>Skrzypski Tomasz<br>Stankiewicz Ewa<br>\u015awiderska Izabela<br>\u015awita\u0142a Iwona<br>Trojak Ma\u0142gorzata<br>Urba\u0144ska Monika<br>Wawrzy\u0144czyk Joanna<br>W\u00f3jcikowska Katarzyna<br>Zarzycka Bernadetta<br>Zarzycki Mariusz<br>Zulak Anna<br>\u017baczek Anna<br>\u017bygad\u0142o Beata<br>\u017bmuda Irena<\/p>\n<\/div>\n<\/div>\n<\/div><\/div>\n","protected":false},"excerpt":{"rendered":"<p>Adamus DariuszBendyna RobertBia\u0142omazur MarzenaChodyniecka \u017banetaChuda AnnaCie\u015blak ArturDybizbowska Ma\u0142gorzataDzedzej Wies\u0142awDzi\u0119cio\u0142 UrszulaDziubanowski TomaszGabry\u015b KrzysztofHoc DariuszIskra IwonaJarmolik MonikaJendruszkiewicz SebastianKaczak Ma\u0142gorzataKasi\u0144ska AnnaKiwilsza AgnieszkaKlepajczuk And\u017celikaKlisowska AnnaKo\u0142aczyk Przemys\u0142awKopczynska MagdaKosta\u0144ska BeataKowalczyk AgnieszkaKru\u017cynsiki DariuszKulikowska AnetaKury\u0142owicz Ma\u0142gorzataKurzynska KatarzynaKwiatkowska MonikaLemczak [&hellip;]<\/p>\n","protected":false},"author":10,"featured_media":0,"parent":0,"menu_order":0,"comment_status":"closed","ping_status":"closed","template":"","meta":{"footnotes":""},"class_list":["post-10806","page","type-page","status-publish","hentry"],"yoast_head":"<!-- This site is optimized with the Yoast SEO plugin v20.13 - https:\/\/yoast.com\/wordpress\/plugins\/seo\/ -->\n<title>Rok 1992 - ZSP w Chojnie<\/title>\n<meta name=\"robots\" content=\"index, follow, max-snippet:-1, max-image-preview:large, max-video-preview:-1\" \/>\n<link rel=\"canonical\" href=\"https:\/\/zsp1chojna.pl\/?page_id=10806\" \/>\n<meta property=\"og:locale\" content=\"pl_PL\" \/>\n<meta property=\"og:type\" content=\"article\" \/>\n<meta property=\"og:title\" content=\"Rok 1992 - ZSP w Chojnie\" \/>\n<meta property=\"og:description\" content=\"Adamus DariuszBendyna RobertBia\u0142omazur MarzenaChodyniecka \u017banetaChuda AnnaCie\u015blak ArturDybizbowska Ma\u0142gorzataDzedzej Wies\u0142awDzi\u0119cio\u0142 UrszulaDziubanowski TomaszGabry\u015b KrzysztofHoc DariuszIskra IwonaJarmolik MonikaJendruszkiewicz SebastianKaczak Ma\u0142gorzataKasi\u0144ska AnnaKiwilsza AgnieszkaKlepajczuk And\u017celikaKlisowska AnnaKo\u0142aczyk Przemys\u0142awKopczynska MagdaKosta\u0144ska BeataKowalczyk AgnieszkaKru\u017cynsiki DariuszKulikowska AnetaKury\u0142owicz Ma\u0142gorzataKurzynska KatarzynaKwiatkowska MonikaLemczak [&hellip;]\" \/>\n<meta property=\"og:url\" content=\"https:\/\/zsp1chojna.pl\/?page_id=10806\" \/>\n<meta property=\"og:site_name\" content=\"ZSP w Chojnie\" \/>\n<meta property=\"article:modified_time\" content=\"2024-10-28T08:11:39+00:00\" \/>\n<meta name=\"twitter:card\" content=\"summary_large_image\" \/>\n<meta name=\"twitter:label1\" content=\"Szacowany czas czytania\" \/>\n\t<meta name=\"twitter:data1\" content=\"1 minuta\" \/>\n<script type=\"application\/ld+json\" class=\"yoast-schema-graph\">{\"@context\":\"https:\/\/schema.org\",\"@graph\":[{\"@type\":\"WebPage\",\"@id\":\"https:\/\/zsp1chojna.pl\/?page_id=10806\",\"url\":\"https:\/\/zsp1chojna.pl\/?page_id=10806\",\"name\":\"Rok 1992 - ZSP w Chojnie\",\"isPartOf\":{\"@id\":\"https:\/\/zsp1chojna.pl\/#website\"},\"datePublished\":\"2024-10-28T08:11:38+00:00\",\"dateModified\":\"2024-10-28T08:11:39+00:00\",\"breadcrumb\":{\"@id\":\"https:\/\/zsp1chojna.pl\/?page_id=10806#breadcrumb\"},\"inLanguage\":\"pl-PL\",\"potentialAction\":[{\"@type\":\"ReadAction\",\"target\":[\"https:\/\/zsp1chojna.pl\/?page_id=10806\"]}]},{\"@type\":\"BreadcrumbList\",\"@id\":\"https:\/\/zsp1chojna.pl\/?page_id=10806#breadcrumb\",\"itemListElement\":[{\"@type\":\"ListItem\",\"position\":1,\"name\":\"Home\",\"item\":\"https:\/\/zsp1chojna.pl\/\"},{\"@type\":\"ListItem\",\"position\":2,\"name\":\"Rok 1992\"}]},{\"@type\":\"WebSite\",\"@id\":\"https:\/\/zsp1chojna.pl\/#website\",\"url\":\"https:\/\/zsp1chojna.pl\/\",\"name\":\"ZSP w Chojnie\",\"description\":\"\",\"publisher\":{\"@id\":\"https:\/\/zsp1chojna.pl\/#organization\"},\"potentialAction\":[{\"@type\":\"SearchAction\",\"target\":{\"@type\":\"EntryPoint\",\"urlTemplate\":\"https:\/\/zsp1chojna.pl\/?s={search_term_string}\"},\"query-input\":\"required name=search_term_string\"}],\"inLanguage\":\"pl-PL\"},{\"@type\":\"Organization\",\"@id\":\"https:\/\/zsp1chojna.pl\/#organization\",\"name\":\"ZSP w Chojnie\",\"url\":\"https:\/\/zsp1chojna.pl\/\",\"logo\":{\"@type\":\"ImageObject\",\"inLanguage\":\"pl-PL\",\"@id\":\"https:\/\/zsp1chojna.pl\/#\/schema\/logo\/image\/\",\"url\":\"https:\/\/zsp1chojna.pl\/wp-content\/uploads\/2023\/08\/cropped-cropped-cropped-Logo-biale-napis-na-3-wiersze_504-1.png\",\"contentUrl\":\"https:\/\/zsp1chojna.pl\/wp-content\/uploads\/2023\/08\/cropped-cropped-cropped-Logo-biale-napis-na-3-wiersze_504-1.png\",\"width\":504,\"height\":167,\"caption\":\"ZSP w Chojnie\"},\"image\":{\"@id\":\"https:\/\/zsp1chojna.pl\/#\/schema\/logo\/image\/\"}}]}<\/script>\n<!-- \/ Yoast SEO plugin. -->","yoast_head_json":{"title":"Rok 1992 - ZSP w Chojnie","robots":{"index":"index","follow":"follow","max-snippet":"max-snippet:-1","max-image-preview":"max-image-preview:large","max-video-preview":"max-video-preview:-1"},"canonical":"https:\/\/zsp1chojna.pl\/?page_id=10806","og_locale":"pl_PL","og_type":"article","og_title":"Rok 1992 - ZSP w Chojnie","og_description":"Adamus DariuszBendyna RobertBia\u0142omazur MarzenaChodyniecka \u017banetaChuda AnnaCie\u015blak ArturDybizbowska Ma\u0142gorzataDzedzej Wies\u0142awDzi\u0119cio\u0142 UrszulaDziubanowski TomaszGabry\u015b KrzysztofHoc DariuszIskra IwonaJarmolik MonikaJendruszkiewicz SebastianKaczak Ma\u0142gorzataKasi\u0144ska AnnaKiwilsza AgnieszkaKlepajczuk And\u017celikaKlisowska AnnaKo\u0142aczyk Przemys\u0142awKopczynska MagdaKosta\u0144ska BeataKowalczyk AgnieszkaKru\u017cynsiki DariuszKulikowska AnetaKury\u0142owicz Ma\u0142gorzataKurzynska KatarzynaKwiatkowska MonikaLemczak [&hellip;]","og_url":"https:\/\/zsp1chojna.pl\/?page_id=10806","og_site_name":"ZSP w Chojnie","article_modified_time":"2024-10-28T08:11:39+00:00","twitter_card":"summary_large_image","twitter_misc":{"Szacowany czas czytania":"1 minuta"},"schema":{"@context":"https:\/\/schema.org","@graph":[{"@type":"WebPage","@id":"https:\/\/zsp1chojna.pl\/?page_id=10806","url":"https:\/\/zsp1chojna.pl\/?page_id=10806","name":"Rok 1992 - ZSP w Chojnie","isPartOf":{"@id":"https:\/\/zsp1chojna.pl\/#website"},"datePublished":"2024-10-28T08:11:38+00:00","dateModified":"2024-10-28T08:11:39+00:00","breadcrumb":{"@id":"https:\/\/zsp1chojna.pl\/?page_id=10806#breadcrumb"},"inLanguage":"pl-PL","potentialAction":[{"@type":"ReadAction","target":["https:\/\/zsp1chojna.pl\/?page_id=10806"]}]},{"@type":"BreadcrumbList","@id":"https:\/\/zsp1chojna.pl\/?page_id=10806#breadcrumb","itemListElement":[{"@type":"ListItem","position":1,"name":"Home","item":"https:\/\/zsp1chojna.pl\/"},{"@type":"ListItem","position":2,"name":"Rok 1992"}]},{"@type":"WebSite","@id":"https:\/\/zsp1chojna.pl\/#website","url":"https:\/\/zsp1chojna.pl\/","name":"ZSP w Chojnie","description":"","publisher":{"@id":"https:\/\/zsp1chojna.pl\/#organization"},"potentialAction":[{"@type":"SearchAction","target":{"@type":"EntryPoint","urlTemplate":"https:\/\/zsp1chojna.pl\/?s={search_term_string}"},"query-input":"required name=search_term_string"}],"inLanguage":"pl-PL"},{"@type":"Organization","@id":"https:\/\/zsp1chojna.pl\/#organization","name":"ZSP w Chojnie","url":"https:\/\/zsp1chojna.pl\/","logo":{"@type":"ImageObject","inLanguage":"pl-PL","@id":"https:\/\/zsp1chojna.pl\/#\/schema\/logo\/image\/","url":"https:\/\/zsp1chojna.pl\/wp-content\/uploads\/2023\/08\/cropped-cropped-cropped-Logo-biale-napis-na-3-wiersze_504-1.png","contentUrl":"https:\/\/zsp1chojna.pl\/wp-content\/uploads\/2023\/08\/cropped-cropped-cropped-Logo-biale-napis-na-3-wiersze_504-1.png","width":504,"height":167,"caption":"ZSP w Chojnie"},"image":{"@id":"https:\/\/zsp1chojna.pl\/#\/schema\/logo\/image\/"}}]}},"_links":{"self":[{"href":"https:\/\/zsp1chojna.pl\/index.php?rest_route=\/wp\/v2\/pages\/10806","targetHints":{"allow":["GET"]}}],"collection":[{"href":"https:\/\/zsp1chojna.pl\/index.php?rest_route=\/wp\/v2\/pages"}],"about":[{"href":"https:\/\/zsp1chojna.pl\/index.php?rest_route=\/wp\/v2\/types\/page"}],"author":[{"embeddable":true,"href":"https:\/\/zsp1chojna.pl\/index.php?rest_route=\/wp\/v2\/users\/10"}],"replies":[{"embeddable":true,"href":"https:\/\/zsp1chojna.pl\/index.php?rest_route=%2Fwp%2Fv2%2Fcomments&post=10806"}],"version-history":[{"count":1,"href":"https:\/\/zsp1chojna.pl\/index.php?rest_route=\/wp\/v2\/pages\/10806\/revisions"}],"predecessor-version":[{"id":10813,"href":"https:\/\/zsp1chojna.pl\/index.php?rest_route=\/wp\/v2\/pages\/10806\/revisions\/10813"}],"wp:attachment":[{"href":"https:\/\/zsp1chojna.pl\/index.php?rest_route=%2Fwp%2Fv2%2Fmedia&parent=10806"}],"curies":[{"name":"wp","href":"https:\/\/api.w.org\/{rel}","templated":true}]}}