{"id":10804,"date":"2024-10-28T09:11:56","date_gmt":"2024-10-28T08:11:56","guid":{"rendered":"https:\/\/zsp1chojna.pl\/?page_id=10804"},"modified":"2024-10-28T09:11:58","modified_gmt":"2024-10-28T08:11:58","slug":"rok-1971","status":"publish","type":"page","link":"https:\/\/zsp1chojna.pl\/?page_id=10804","title":{"rendered":"Rok 1971"},"content":{"rendered":"<style>.kadence-column10804_7d686b-80 > .kt-inside-inner-col,.kadence-column10804_7d686b-80 > .kt-inside-inner-col:before{border-top-left-radius:0px;border-top-right-radius:0px;border-bottom-right-radius:0px;border-bottom-left-radius:0px;}.kadence-column10804_7d686b-80 > .kt-inside-inner-col:before{opacity:0.3;}.kadence-column10804_7d686b-80{position:relative;}<\/style>\n<div class=\"wp-block-kadence-column kadence-column10804_7d686b-80\"><div class=\"kt-inside-inner-col\">\n<div class=\"wp-block-columns is-layout-flex wp-container-core-columns-is-layout-9d6595d7 wp-block-columns-is-layout-flex\">\n<div class=\"wp-block-column is-layout-flow wp-block-column-is-layout-flow\">\n<p>Andrzejewska Jolanta<br>Bagnowski Czes\u0142aw<br>Balcerowska Zofia<br>Baran Zofia<br>Barticzka Helena<br>B\u0142aszczyk Zofia<br>Bocianowska Teresa<br>Boguniewicz Bogumi\u0142a<br>Borecka El\u017cbieta<br>Borkowska J\u00f3zefa<br>Barszczewska Jadwiga<br>Borys Bernarda<br>Bosa J\u00f3zefa<br>Bro\u0144czyk Danuta<br>Bulga Jadwiga<br>Ciupi\u0144ska El\u017cbieta<br>Czesul Wies\u0142awa<br>Domaradzka Cecylia<br>Domaradzka Jadwiga<br>Dowejko Weronika<br>Dru\u017cga Czes\u0142awa<br>Dybza Zdzis\u0142awa<br>Faluta Helena<br>Ferdyms W\u0142adys\u0142awa<br>G\u0105sior Danuta<br>G\u0142owacz Wies\u0142awa<br>G\u00f3rna Genowefa<br>G\u00f3rnik Anna<br>Grabowska Gra\u017cyna<br>Gronkowska Janina<br>Ho\u0142y\u0144ska Walentyna<br>Idzikowska Janina<br>Jadach Teresa<br>Jakimowicz Zofia<br>Karolak El\u017cbieta<br>Karpi\u0144ski Miros\u0142aw<br>Kierznowska Zofia<br>Knap Mieczys\u0142awa<br>Komorzycka Olga<br>Konkiel Zdzis\u0142aw<br>Kaszewicz Janina<br>Koziniec Krystyna<br>Krawiec Zbigniew<br>Kubacha Daria<br>Kubaj Stanis\u0142aw<br>Kuchcik Bronis\u0142awa<br>Ku\u017aniewska Helena<br>Lach Mieczys\u0142aw<br>Laskowska Irena<br>Lazar Wies\u0142awa<br>Lisicki Krzysztof<br>\u0141o\u015b Teresa<br>Machaj Wilhelma<\/p>\n<\/div>\n\n\n\n<div class=\"wp-block-column is-layout-flow wp-block-column-is-layout-flow\">\n<p>Madera Anna<br>Ma\u0142kowicz Helena<br>Martynowicz Bo\u017cena<br>Matysiak Wies\u0142awa<br>Migdalska Renata<br>Milczarek Wanda<br>Mirochna Krystyna<br>Miksiewicz Janina<br>Mruk Anna<br>Niewiada Barbara<br>Nowak Jan<br>Nycz Helena<br>Ostrowski Ryszard<br>Panek Henryka<br>Paulska Maria<br>Pawe\u0144ska El\u017cbieta<br>Pier\u00f3g Kamila<br>P\u0142otkowska Danuta<br>Pro\u0144ska El\u017cbieta<br>Psiuk Halina<br>R\u0119bacz Urszula<br>Rogowski Janusz<br>Rosi\u0144ska Teresa<br>Rozi\u0144ska Irena<br>Rumie\u0144czyk Jerzy<br>Rzepiak Maria<br>Serdy\u0144ska Halina<br>Soko\u0142owska Lucyna<br>Soroczy\u0144ska Zuzanna<br>Surowiec Miros\u0142awa<br>Suszy\u0142o Gra\u017cyna<br>Szerejka Wies\u0142aw<br>Szkolnicka Janina<br>Szoka Gra\u017cyna<br>Szotecka Genowefa<br>\u015awist Marian<br>Tomaszek Gra\u017cyna<br>Tracz Eugenia<br>Uda\u0142a Lilianna<br>Umecki Andrzej<br>Waleszczuk Danuta<br>Widecka Janina<br>Wilczy\u0144ska Waleria<br>Witczak Genowefa<br>Wojtyrowska El\u017cbieta<br>W\u00f3jcik Henryka<br>W\u00f3jcik Ludwika<br>Wysocki Stanis\u0142aw<br>Zalisz El\u017cbieta<br>Zamkowska Janina<br>Zawadzka Irena<br>Zdzieb\u0142owska Krystyna<br>\u017bygad\u0142o Maria<br>\u017byli\u0144ska \u0141ucja<\/p>\n<\/div>\n<\/div>\n<\/div><\/div>\n","protected":false},"excerpt":{"rendered":"<p>Andrzejewska JolantaBagnowski Czes\u0142awBalcerowska ZofiaBaran ZofiaBarticzka HelenaB\u0142aszczyk ZofiaBocianowska TeresaBoguniewicz Bogumi\u0142aBorecka El\u017cbietaBorkowska J\u00f3zefaBarszczewska JadwigaBorys BernardaBosa J\u00f3zefaBro\u0144czyk DanutaBulga JadwigaCiupi\u0144ska El\u017cbietaCzesul Wies\u0142awaDomaradzka CecyliaDomaradzka JadwigaDowejko WeronikaDru\u017cga Czes\u0142awaDybza Zdzis\u0142awaFaluta HelenaFerdyms W\u0142adys\u0142awaG\u0105sior DanutaG\u0142owacz Wies\u0142awaG\u00f3rna GenowefaG\u00f3rnik AnnaGrabowska Gra\u017cynaGronkowska [&hellip;]<\/p>\n","protected":false},"author":11,"featured_media":0,"parent":0,"menu_order":0,"comment_status":"closed","ping_status":"closed","template":"","meta":{"footnotes":""},"class_list":["post-10804","page","type-page","status-publish","hentry"],"yoast_head":"<!-- This site is optimized with the Yoast SEO plugin v20.13 - https:\/\/yoast.com\/wordpress\/plugins\/seo\/ -->\n<title>Rok 1971 - ZSP w Chojnie<\/title>\n<meta name=\"robots\" content=\"index, follow, max-snippet:-1, max-image-preview:large, max-video-preview:-1\" \/>\n<link rel=\"canonical\" href=\"https:\/\/zsp1chojna.pl\/?page_id=10804\" \/>\n<meta property=\"og:locale\" content=\"pl_PL\" \/>\n<meta property=\"og:type\" content=\"article\" \/>\n<meta property=\"og:title\" content=\"Rok 1971 - ZSP w Chojnie\" \/>\n<meta property=\"og:description\" content=\"Andrzejewska JolantaBagnowski Czes\u0142awBalcerowska ZofiaBaran ZofiaBarticzka HelenaB\u0142aszczyk ZofiaBocianowska TeresaBoguniewicz Bogumi\u0142aBorecka El\u017cbietaBorkowska J\u00f3zefaBarszczewska JadwigaBorys BernardaBosa J\u00f3zefaBro\u0144czyk DanutaBulga JadwigaCiupi\u0144ska El\u017cbietaCzesul Wies\u0142awaDomaradzka CecyliaDomaradzka JadwigaDowejko WeronikaDru\u017cga Czes\u0142awaDybza Zdzis\u0142awaFaluta HelenaFerdyms W\u0142adys\u0142awaG\u0105sior DanutaG\u0142owacz Wies\u0142awaG\u00f3rna GenowefaG\u00f3rnik AnnaGrabowska Gra\u017cynaGronkowska [&hellip;]\" \/>\n<meta property=\"og:url\" content=\"https:\/\/zsp1chojna.pl\/?page_id=10804\" \/>\n<meta property=\"og:site_name\" content=\"ZSP w Chojnie\" \/>\n<meta property=\"article:modified_time\" content=\"2024-10-28T08:11:58+00:00\" \/>\n<meta name=\"twitter:card\" content=\"summary_large_image\" \/>\n<meta name=\"twitter:label1\" content=\"Szacowany czas czytania\" \/>\n\t<meta name=\"twitter:data1\" content=\"2 minuty\" \/>\n<script type=\"application\/ld+json\" class=\"yoast-schema-graph\">{\"@context\":\"https:\/\/schema.org\",\"@graph\":[{\"@type\":\"WebPage\",\"@id\":\"https:\/\/zsp1chojna.pl\/?page_id=10804\",\"url\":\"https:\/\/zsp1chojna.pl\/?page_id=10804\",\"name\":\"Rok 1971 - ZSP w Chojnie\",\"isPartOf\":{\"@id\":\"https:\/\/zsp1chojna.pl\/#website\"},\"datePublished\":\"2024-10-28T08:11:56+00:00\",\"dateModified\":\"2024-10-28T08:11:58+00:00\",\"breadcrumb\":{\"@id\":\"https:\/\/zsp1chojna.pl\/?page_id=10804#breadcrumb\"},\"inLanguage\":\"pl-PL\",\"potentialAction\":[{\"@type\":\"ReadAction\",\"target\":[\"https:\/\/zsp1chojna.pl\/?page_id=10804\"]}]},{\"@type\":\"BreadcrumbList\",\"@id\":\"https:\/\/zsp1chojna.pl\/?page_id=10804#breadcrumb\",\"itemListElement\":[{\"@type\":\"ListItem\",\"position\":1,\"name\":\"Home\",\"item\":\"https:\/\/zsp1chojna.pl\/\"},{\"@type\":\"ListItem\",\"position\":2,\"name\":\"Rok 1971\"}]},{\"@type\":\"WebSite\",\"@id\":\"https:\/\/zsp1chojna.pl\/#website\",\"url\":\"https:\/\/zsp1chojna.pl\/\",\"name\":\"ZSP w Chojnie\",\"description\":\"\",\"publisher\":{\"@id\":\"https:\/\/zsp1chojna.pl\/#organization\"},\"potentialAction\":[{\"@type\":\"SearchAction\",\"target\":{\"@type\":\"EntryPoint\",\"urlTemplate\":\"https:\/\/zsp1chojna.pl\/?s={search_term_string}\"},\"query-input\":\"required name=search_term_string\"}],\"inLanguage\":\"pl-PL\"},{\"@type\":\"Organization\",\"@id\":\"https:\/\/zsp1chojna.pl\/#organization\",\"name\":\"ZSP w Chojnie\",\"url\":\"https:\/\/zsp1chojna.pl\/\",\"logo\":{\"@type\":\"ImageObject\",\"inLanguage\":\"pl-PL\",\"@id\":\"https:\/\/zsp1chojna.pl\/#\/schema\/logo\/image\/\",\"url\":\"https:\/\/zsp1chojna.pl\/wp-content\/uploads\/2023\/08\/cropped-cropped-cropped-Logo-biale-napis-na-3-wiersze_504-1.png\",\"contentUrl\":\"https:\/\/zsp1chojna.pl\/wp-content\/uploads\/2023\/08\/cropped-cropped-cropped-Logo-biale-napis-na-3-wiersze_504-1.png\",\"width\":504,\"height\":167,\"caption\":\"ZSP w Chojnie\"},\"image\":{\"@id\":\"https:\/\/zsp1chojna.pl\/#\/schema\/logo\/image\/\"}}]}<\/script>\n<!-- \/ Yoast SEO plugin. -->","yoast_head_json":{"title":"Rok 1971 - ZSP w Chojnie","robots":{"index":"index","follow":"follow","max-snippet":"max-snippet:-1","max-image-preview":"max-image-preview:large","max-video-preview":"max-video-preview:-1"},"canonical":"https:\/\/zsp1chojna.pl\/?page_id=10804","og_locale":"pl_PL","og_type":"article","og_title":"Rok 1971 - ZSP w Chojnie","og_description":"Andrzejewska JolantaBagnowski Czes\u0142awBalcerowska ZofiaBaran ZofiaBarticzka HelenaB\u0142aszczyk ZofiaBocianowska TeresaBoguniewicz Bogumi\u0142aBorecka El\u017cbietaBorkowska J\u00f3zefaBarszczewska JadwigaBorys BernardaBosa J\u00f3zefaBro\u0144czyk DanutaBulga JadwigaCiupi\u0144ska El\u017cbietaCzesul Wies\u0142awaDomaradzka CecyliaDomaradzka JadwigaDowejko WeronikaDru\u017cga Czes\u0142awaDybza Zdzis\u0142awaFaluta HelenaFerdyms W\u0142adys\u0142awaG\u0105sior DanutaG\u0142owacz Wies\u0142awaG\u00f3rna GenowefaG\u00f3rnik AnnaGrabowska Gra\u017cynaGronkowska [&hellip;]","og_url":"https:\/\/zsp1chojna.pl\/?page_id=10804","og_site_name":"ZSP w Chojnie","article_modified_time":"2024-10-28T08:11:58+00:00","twitter_card":"summary_large_image","twitter_misc":{"Szacowany czas czytania":"2 minuty"},"schema":{"@context":"https:\/\/schema.org","@graph":[{"@type":"WebPage","@id":"https:\/\/zsp1chojna.pl\/?page_id=10804","url":"https:\/\/zsp1chojna.pl\/?page_id=10804","name":"Rok 1971 - ZSP w Chojnie","isPartOf":{"@id":"https:\/\/zsp1chojna.pl\/#website"},"datePublished":"2024-10-28T08:11:56+00:00","dateModified":"2024-10-28T08:11:58+00:00","breadcrumb":{"@id":"https:\/\/zsp1chojna.pl\/?page_id=10804#breadcrumb"},"inLanguage":"pl-PL","potentialAction":[{"@type":"ReadAction","target":["https:\/\/zsp1chojna.pl\/?page_id=10804"]}]},{"@type":"BreadcrumbList","@id":"https:\/\/zsp1chojna.pl\/?page_id=10804#breadcrumb","itemListElement":[{"@type":"ListItem","position":1,"name":"Home","item":"https:\/\/zsp1chojna.pl\/"},{"@type":"ListItem","position":2,"name":"Rok 1971"}]},{"@type":"WebSite","@id":"https:\/\/zsp1chojna.pl\/#website","url":"https:\/\/zsp1chojna.pl\/","name":"ZSP w Chojnie","description":"","publisher":{"@id":"https:\/\/zsp1chojna.pl\/#organization"},"potentialAction":[{"@type":"SearchAction","target":{"@type":"EntryPoint","urlTemplate":"https:\/\/zsp1chojna.pl\/?s={search_term_string}"},"query-input":"required name=search_term_string"}],"inLanguage":"pl-PL"},{"@type":"Organization","@id":"https:\/\/zsp1chojna.pl\/#organization","name":"ZSP w Chojnie","url":"https:\/\/zsp1chojna.pl\/","logo":{"@type":"ImageObject","inLanguage":"pl-PL","@id":"https:\/\/zsp1chojna.pl\/#\/schema\/logo\/image\/","url":"https:\/\/zsp1chojna.pl\/wp-content\/uploads\/2023\/08\/cropped-cropped-cropped-Logo-biale-napis-na-3-wiersze_504-1.png","contentUrl":"https:\/\/zsp1chojna.pl\/wp-content\/uploads\/2023\/08\/cropped-cropped-cropped-Logo-biale-napis-na-3-wiersze_504-1.png","width":504,"height":167,"caption":"ZSP w Chojnie"},"image":{"@id":"https:\/\/zsp1chojna.pl\/#\/schema\/logo\/image\/"}}]}},"_links":{"self":[{"href":"https:\/\/zsp1chojna.pl\/index.php?rest_route=\/wp\/v2\/pages\/10804","targetHints":{"allow":["GET"]}}],"collection":[{"href":"https:\/\/zsp1chojna.pl\/index.php?rest_route=\/wp\/v2\/pages"}],"about":[{"href":"https:\/\/zsp1chojna.pl\/index.php?rest_route=\/wp\/v2\/types\/page"}],"author":[{"embeddable":true,"href":"https:\/\/zsp1chojna.pl\/index.php?rest_route=\/wp\/v2\/users\/11"}],"replies":[{"embeddable":true,"href":"https:\/\/zsp1chojna.pl\/index.php?rest_route=%2Fwp%2Fv2%2Fcomments&post=10804"}],"version-history":[{"count":1,"href":"https:\/\/zsp1chojna.pl\/index.php?rest_route=\/wp\/v2\/pages\/10804\/revisions"}],"predecessor-version":[{"id":10814,"href":"https:\/\/zsp1chojna.pl\/index.php?rest_route=\/wp\/v2\/pages\/10804\/revisions\/10814"}],"wp:attachment":[{"href":"https:\/\/zsp1chojna.pl\/index.php?rest_route=%2Fwp%2Fv2%2Fmedia&parent=10804"}],"curies":[{"name":"wp","href":"https:\/\/api.w.org\/{rel}","templated":true}]}}