{"id":10795,"date":"2024-10-28T09:08:09","date_gmt":"2024-10-28T08:08:09","guid":{"rendered":"https:\/\/zsp1chojna.pl\/?page_id=10795"},"modified":"2024-10-28T09:08:10","modified_gmt":"2024-10-28T08:08:10","slug":"rok-1973","status":"publish","type":"page","link":"https:\/\/zsp1chojna.pl\/?page_id=10795","title":{"rendered":"Rok 1973"},"content":{"rendered":"<style>.kadence-column10795_ce5ab1-89 > .kt-inside-inner-col,.kadence-column10795_ce5ab1-89 > .kt-inside-inner-col:before{border-top-left-radius:0px;border-top-right-radius:0px;border-bottom-right-radius:0px;border-bottom-left-radius:0px;}.kadence-column10795_ce5ab1-89 > .kt-inside-inner-col:before{opacity:0.3;}.kadence-column10795_ce5ab1-89{position:relative;}<\/style>\n<div class=\"wp-block-kadence-column kadence-column10795_ce5ab1-89\"><div class=\"kt-inside-inner-col\">\n<div class=\"wp-block-columns is-layout-flex wp-container-core-columns-is-layout-9d6595d7 wp-block-columns-is-layout-flex\">\n<div class=\"wp-block-column is-layout-flow wp-block-column-is-layout-flow\">\n<p>Anders Jadwiga<br>Andrzejewska Lucyna<br>Bakalorczyk Henryka<br>B\u0142a\u017ck\u00f3w Jan<br>Bochen Wojciech<br>Borecki Leszek<br>Broda Henryk<br>Buc\u0142aw Mieczys\u0142aw<br>Budnik Danuta<br>Byczek Kazimiera<br>Caban W\u0142adys\u0142aw<br>Chmura Grzegorz<br>Czabak Emilia<br>Czerwi\u0144ska Maria<br>\u0106wirko Krzysztof<br>Dukarska Krystyna<br>Dziewierz Maria<br>Fabia\u0144czyk Genowefa<br>Famulska Helena<br>Ferbes Janusz<br>Ficerman Danuta<br>Flejszer Urszula<br>Go\u017adzik Zofia<br>Grzeg\u00f3rzek Danuta<br>Hamka\u0142o Maria<br>Hoc Czes\u0142aw<br>Jadach Zenon<br>Jeremicz J\u00f3zef<br>Jarz\u0105b Czes\u0142aw<br>J\u0119dras Teresa<br>Kalitka Romualda<br>Kierznowska Barbara<br>K\u0142apouch Maria<br>Komenda Wies\u0142awa<br>Korecki Janusz<br>Korotkiewicz Gabriela<br>Korycka Teresa<br>Kostecka Krystyna<br>Kowal Zdzis\u0142aw<br>Krzeszowska Irena<br>Ladzi\u0144ska Wies\u0142awa<br>Laeh Genowefa<br>Lasowski Lech<br>Lizak Maria<br>\u0141ochowska Gra\u017cyna<br>\u0141ozicka Gra\u017cyna<br>Ma\u0107ko Ewa<br>Majerczyk Zbigniew<br>Matolicz Kazimiera<br>Miecielicka Danuta<\/p>\n<\/div>\n\n\n\n<div class=\"wp-block-column is-layout-flow wp-block-column-is-layout-flow\">\n<p>Moczek Anna<br>Nadolna Teresa<br>Niemiec Micha\u0142<br>Niewiada Jacek<br>Nowakowski Henryk<br>Nycz Adam<br>Okonek Teresa<br>Olchawska Irena<br>Ostrowska Alicja<br>O\u017carowska Jadwiga<br>Paulska Leonarda<br>Paw\u0142owski Wojciech<br>Pi\u0105tek Gra\u017cyna<br>Pi\u0105tkowski Franciszek<br>Podniesi\u0144ska Barbara<br>Popik Zbigniew<br>Potapczuk Jaros\u0142aw<br>Pouch Irena<br>Prot Leokadia<br>Psiuk Stanis\u0142aw<br>Radziwon Jolanta<br>Ratajczyk Barbara<br>Reginia Miros\u0142aw<br>Roch Teresa<br>Ry\u015b Jan<br>Sajda Gra\u017cyna<br>Sawicka Irena<br>Soko\u0142owska Alina<br>Sewruk Barbara<br>Siarkiewicz Danuta<br>Siemaszko Halina<br>Skaczy\u0142o Liliana<br>Smolak Teodozja<br>Sokulska Krystyna<br>Stadrowska Jolanta<br>Stecewicz Zdzis\u0142aw<br>Stephan Helena<br>Strawiak Henryka<br>Studniarczyk Maria<br>Swatek Zdzis\u0142aw<br>Szel\u0105\u017cek Irena<br>Szyd\u0142owska Barbara<br>Szyma\u0144ska Lucyna<br>\u015awitalska Henryka<br>Trojak Jadwiga<br>Wiechetek Krystyna<br>Winnik Jan<br>Wiszniewski Miros\u0142aw<br>Witkowska Anna<br>\u017bmijewska Lucyna<br>\u017bywicka Maria<\/p>\n<\/div>\n<\/div>\n<\/div><\/div>\n\n\n\n<p><\/p>\n","protected":false},"excerpt":{"rendered":"<p>Anders JadwigaAndrzejewska LucynaBakalorczyk HenrykaB\u0142a\u017ck\u00f3w JanBochen WojciechBorecki LeszekBroda HenrykBuc\u0142aw Mieczys\u0142awBudnik DanutaByczek KazimieraCaban W\u0142adys\u0142awChmura GrzegorzCzabak EmiliaCzerwi\u0144ska Maria\u0106wirko KrzysztofDukarska KrystynaDziewierz MariaFabia\u0144czyk GenowefaFamulska HelenaFerbes JanuszFicerman DanutaFlejszer UrszulaGo\u017adzik ZofiaGrzeg\u00f3rzek DanutaHamka\u0142o MariaHoc Czes\u0142awJadach ZenonJeremicz J\u00f3zefJarz\u0105b Czes\u0142awJ\u0119dras [&hellip;]<\/p>\n","protected":false},"author":11,"featured_media":0,"parent":0,"menu_order":0,"comment_status":"closed","ping_status":"closed","template":"","meta":{"footnotes":""},"class_list":["post-10795","page","type-page","status-publish","hentry"],"yoast_head":"<!-- This site is optimized with the Yoast SEO plugin v20.13 - https:\/\/yoast.com\/wordpress\/plugins\/seo\/ -->\n<title>Rok 1973 - ZSP w Chojnie<\/title>\n<meta name=\"robots\" content=\"index, follow, max-snippet:-1, max-image-preview:large, max-video-preview:-1\" \/>\n<link rel=\"canonical\" href=\"https:\/\/zsp1chojna.pl\/?page_id=10795\" \/>\n<meta property=\"og:locale\" content=\"pl_PL\" \/>\n<meta property=\"og:type\" content=\"article\" \/>\n<meta property=\"og:title\" content=\"Rok 1973 - ZSP w Chojnie\" \/>\n<meta property=\"og:description\" content=\"Anders JadwigaAndrzejewska LucynaBakalorczyk HenrykaB\u0142a\u017ck\u00f3w JanBochen WojciechBorecki LeszekBroda HenrykBuc\u0142aw Mieczys\u0142awBudnik DanutaByczek KazimieraCaban W\u0142adys\u0142awChmura GrzegorzCzabak EmiliaCzerwi\u0144ska Maria\u0106wirko KrzysztofDukarska KrystynaDziewierz MariaFabia\u0144czyk GenowefaFamulska HelenaFerbes JanuszFicerman DanutaFlejszer UrszulaGo\u017adzik ZofiaGrzeg\u00f3rzek DanutaHamka\u0142o MariaHoc Czes\u0142awJadach ZenonJeremicz J\u00f3zefJarz\u0105b Czes\u0142awJ\u0119dras [&hellip;]\" \/>\n<meta property=\"og:url\" content=\"https:\/\/zsp1chojna.pl\/?page_id=10795\" \/>\n<meta property=\"og:site_name\" content=\"ZSP w Chojnie\" \/>\n<meta property=\"article:modified_time\" content=\"2024-10-28T08:08:10+00:00\" \/>\n<meta name=\"twitter:card\" content=\"summary_large_image\" \/>\n<meta name=\"twitter:label1\" content=\"Szacowany czas czytania\" \/>\n\t<meta name=\"twitter:data1\" content=\"2 minuty\" \/>\n<script type=\"application\/ld+json\" class=\"yoast-schema-graph\">{\"@context\":\"https:\/\/schema.org\",\"@graph\":[{\"@type\":\"WebPage\",\"@id\":\"https:\/\/zsp1chojna.pl\/?page_id=10795\",\"url\":\"https:\/\/zsp1chojna.pl\/?page_id=10795\",\"name\":\"Rok 1973 - ZSP w Chojnie\",\"isPartOf\":{\"@id\":\"https:\/\/zsp1chojna.pl\/#website\"},\"datePublished\":\"2024-10-28T08:08:09+00:00\",\"dateModified\":\"2024-10-28T08:08:10+00:00\",\"breadcrumb\":{\"@id\":\"https:\/\/zsp1chojna.pl\/?page_id=10795#breadcrumb\"},\"inLanguage\":\"pl-PL\",\"potentialAction\":[{\"@type\":\"ReadAction\",\"target\":[\"https:\/\/zsp1chojna.pl\/?page_id=10795\"]}]},{\"@type\":\"BreadcrumbList\",\"@id\":\"https:\/\/zsp1chojna.pl\/?page_id=10795#breadcrumb\",\"itemListElement\":[{\"@type\":\"ListItem\",\"position\":1,\"name\":\"Home\",\"item\":\"https:\/\/zsp1chojna.pl\/\"},{\"@type\":\"ListItem\",\"position\":2,\"name\":\"Rok 1973\"}]},{\"@type\":\"WebSite\",\"@id\":\"https:\/\/zsp1chojna.pl\/#website\",\"url\":\"https:\/\/zsp1chojna.pl\/\",\"name\":\"ZSP w Chojnie\",\"description\":\"\",\"publisher\":{\"@id\":\"https:\/\/zsp1chojna.pl\/#organization\"},\"potentialAction\":[{\"@type\":\"SearchAction\",\"target\":{\"@type\":\"EntryPoint\",\"urlTemplate\":\"https:\/\/zsp1chojna.pl\/?s={search_term_string}\"},\"query-input\":\"required name=search_term_string\"}],\"inLanguage\":\"pl-PL\"},{\"@type\":\"Organization\",\"@id\":\"https:\/\/zsp1chojna.pl\/#organization\",\"name\":\"ZSP w Chojnie\",\"url\":\"https:\/\/zsp1chojna.pl\/\",\"logo\":{\"@type\":\"ImageObject\",\"inLanguage\":\"pl-PL\",\"@id\":\"https:\/\/zsp1chojna.pl\/#\/schema\/logo\/image\/\",\"url\":\"https:\/\/zsp1chojna.pl\/wp-content\/uploads\/2023\/08\/cropped-cropped-cropped-Logo-biale-napis-na-3-wiersze_504-1.png\",\"contentUrl\":\"https:\/\/zsp1chojna.pl\/wp-content\/uploads\/2023\/08\/cropped-cropped-cropped-Logo-biale-napis-na-3-wiersze_504-1.png\",\"width\":504,\"height\":167,\"caption\":\"ZSP w Chojnie\"},\"image\":{\"@id\":\"https:\/\/zsp1chojna.pl\/#\/schema\/logo\/image\/\"}}]}<\/script>\n<!-- \/ Yoast SEO plugin. -->","yoast_head_json":{"title":"Rok 1973 - ZSP w Chojnie","robots":{"index":"index","follow":"follow","max-snippet":"max-snippet:-1","max-image-preview":"max-image-preview:large","max-video-preview":"max-video-preview:-1"},"canonical":"https:\/\/zsp1chojna.pl\/?page_id=10795","og_locale":"pl_PL","og_type":"article","og_title":"Rok 1973 - ZSP w Chojnie","og_description":"Anders JadwigaAndrzejewska LucynaBakalorczyk HenrykaB\u0142a\u017ck\u00f3w JanBochen WojciechBorecki LeszekBroda HenrykBuc\u0142aw Mieczys\u0142awBudnik DanutaByczek KazimieraCaban W\u0142adys\u0142awChmura GrzegorzCzabak EmiliaCzerwi\u0144ska Maria\u0106wirko KrzysztofDukarska KrystynaDziewierz MariaFabia\u0144czyk GenowefaFamulska HelenaFerbes JanuszFicerman DanutaFlejszer UrszulaGo\u017adzik ZofiaGrzeg\u00f3rzek DanutaHamka\u0142o MariaHoc Czes\u0142awJadach ZenonJeremicz J\u00f3zefJarz\u0105b Czes\u0142awJ\u0119dras [&hellip;]","og_url":"https:\/\/zsp1chojna.pl\/?page_id=10795","og_site_name":"ZSP w Chojnie","article_modified_time":"2024-10-28T08:08:10+00:00","twitter_card":"summary_large_image","twitter_misc":{"Szacowany czas czytania":"2 minuty"},"schema":{"@context":"https:\/\/schema.org","@graph":[{"@type":"WebPage","@id":"https:\/\/zsp1chojna.pl\/?page_id=10795","url":"https:\/\/zsp1chojna.pl\/?page_id=10795","name":"Rok 1973 - ZSP w Chojnie","isPartOf":{"@id":"https:\/\/zsp1chojna.pl\/#website"},"datePublished":"2024-10-28T08:08:09+00:00","dateModified":"2024-10-28T08:08:10+00:00","breadcrumb":{"@id":"https:\/\/zsp1chojna.pl\/?page_id=10795#breadcrumb"},"inLanguage":"pl-PL","potentialAction":[{"@type":"ReadAction","target":["https:\/\/zsp1chojna.pl\/?page_id=10795"]}]},{"@type":"BreadcrumbList","@id":"https:\/\/zsp1chojna.pl\/?page_id=10795#breadcrumb","itemListElement":[{"@type":"ListItem","position":1,"name":"Home","item":"https:\/\/zsp1chojna.pl\/"},{"@type":"ListItem","position":2,"name":"Rok 1973"}]},{"@type":"WebSite","@id":"https:\/\/zsp1chojna.pl\/#website","url":"https:\/\/zsp1chojna.pl\/","name":"ZSP w Chojnie","description":"","publisher":{"@id":"https:\/\/zsp1chojna.pl\/#organization"},"potentialAction":[{"@type":"SearchAction","target":{"@type":"EntryPoint","urlTemplate":"https:\/\/zsp1chojna.pl\/?s={search_term_string}"},"query-input":"required name=search_term_string"}],"inLanguage":"pl-PL"},{"@type":"Organization","@id":"https:\/\/zsp1chojna.pl\/#organization","name":"ZSP w Chojnie","url":"https:\/\/zsp1chojna.pl\/","logo":{"@type":"ImageObject","inLanguage":"pl-PL","@id":"https:\/\/zsp1chojna.pl\/#\/schema\/logo\/image\/","url":"https:\/\/zsp1chojna.pl\/wp-content\/uploads\/2023\/08\/cropped-cropped-cropped-Logo-biale-napis-na-3-wiersze_504-1.png","contentUrl":"https:\/\/zsp1chojna.pl\/wp-content\/uploads\/2023\/08\/cropped-cropped-cropped-Logo-biale-napis-na-3-wiersze_504-1.png","width":504,"height":167,"caption":"ZSP w Chojnie"},"image":{"@id":"https:\/\/zsp1chojna.pl\/#\/schema\/logo\/image\/"}}]}},"_links":{"self":[{"href":"https:\/\/zsp1chojna.pl\/index.php?rest_route=\/wp\/v2\/pages\/10795","targetHints":{"allow":["GET"]}}],"collection":[{"href":"https:\/\/zsp1chojna.pl\/index.php?rest_route=\/wp\/v2\/pages"}],"about":[{"href":"https:\/\/zsp1chojna.pl\/index.php?rest_route=\/wp\/v2\/types\/page"}],"author":[{"embeddable":true,"href":"https:\/\/zsp1chojna.pl\/index.php?rest_route=\/wp\/v2\/users\/11"}],"replies":[{"embeddable":true,"href":"https:\/\/zsp1chojna.pl\/index.php?rest_route=%2Fwp%2Fv2%2Fcomments&post=10795"}],"version-history":[{"count":1,"href":"https:\/\/zsp1chojna.pl\/index.php?rest_route=\/wp\/v2\/pages\/10795\/revisions"}],"predecessor-version":[{"id":10796,"href":"https:\/\/zsp1chojna.pl\/index.php?rest_route=\/wp\/v2\/pages\/10795\/revisions\/10796"}],"wp:attachment":[{"href":"https:\/\/zsp1chojna.pl\/index.php?rest_route=%2Fwp%2Fv2%2Fmedia&parent=10795"}],"curies":[{"name":"wp","href":"https:\/\/api.w.org\/{rel}","templated":true}]}}