{"id":10787,"date":"2024-10-28T09:06:22","date_gmt":"2024-10-28T08:06:22","guid":{"rendered":"https:\/\/zsp1chojna.pl\/?page_id=10787"},"modified":"2024-10-28T09:06:23","modified_gmt":"2024-10-28T08:06:23","slug":"rok-1974","status":"publish","type":"page","link":"https:\/\/zsp1chojna.pl\/?page_id=10787","title":{"rendered":"Rok 1974"},"content":{"rendered":"<style>.kadence-column10787_db518e-72 > .kt-inside-inner-col,.kadence-column10787_db518e-72 > .kt-inside-inner-col:before{border-top-left-radius:0px;border-top-right-radius:0px;border-bottom-right-radius:0px;border-bottom-left-radius:0px;}.kadence-column10787_db518e-72 > .kt-inside-inner-col:before{opacity:0.3;}.kadence-column10787_db518e-72{position:relative;}<\/style>\n<div class=\"wp-block-kadence-column kadence-column10787_db518e-72\"><div class=\"kt-inside-inner-col\">\n<div class=\"wp-block-columns is-layout-flex wp-container-core-columns-is-layout-9d6595d7 wp-block-columns-is-layout-flex\">\n<div class=\"wp-block-column is-layout-flow wp-block-column-is-layout-flow\">\n<p>Ampu\u0142a Maria<br>Babisiak Bo\u017cena<br>Baczy\u0144ska Helena<br>Badziura Pawe\u0142<br>Bartkowska W\u0142adys\u0142awa<br>B\u0105bowska Bo\u017cena<br>Borecki Wies\u0142aw<br>Brudnicki Zbigniew<br>Bube\u0142a Zofia<br>Budynkiewicz Danuta<br>Budynkiewicz Roman<br>Bz\u00f3wka J\u00f3zef<br>Cicho\u0144 Halina<br>Domagalska Wanda<br>Drewniak Tadeusz<br>Eckel Hermenegilda<br>Famulska El\u017cbieta<br>Grabowska Maria<br>Graca Bogus\u0142awa<br>Graca Zofia<br>Gruszczy\u0144ska Maria<br>Guzdek Zofia<br>Hada\u0142a Anna<br>Igras Julia<br>Jachimowicz Krystyna<br>Jaz Romualda<br>Jurek Stanis\u0142aw<br>Kaczor Danuta<br>Kalkowski Jeremi<br>Karwowska Gra\u017cyna<br>Kawik Jadwiga<br>Klepajczuk Krystyna<br>Kleszczewska Gabriela<br>Kogut Krystyna<br>Ko\u0142\u0142\u0105taj Maria<br>Kominek Halina<br>Koz\u0142owska Bronis\u0142awa<br>Krakowiak Zbigniew<br>Kraszczy\u0144ska Leokadia<br>Kraska Jan<br>Krawczyk Krystyna<br>Krupowicz Lech<br>Krzeszowski Henryk<br>Kuczmarska Krystyna<br>Ku\u015bpi\u015b Danuta<br>Kwa\u015bniak Kazimier<br>Laska Regina<br>\u0141ab\u0119d\u017a Aleksandra<br>\u0141ukomski Janusz<br>Machul Bogus\u0142awa<br>Machul Wies\u0142awa<\/p>\n<\/div>\n\n\n\n<div class=\"wp-block-column is-layout-flow wp-block-column-is-layout-flow\">\n<p>Macuk Krzysztof<br>Majsa Stanis\u0142awa<br>Molik Gra\u017cyna<br>Mamak Gra\u017cyna<br>Mazur Jadwiga<br>Mazur Krzysztof<br>Michalczuk Halina<br>Misiuna Krystyna<br>Mo\u0142doch Zofia<br>Murzynowska Bo\u017cena<br>Nicpan Barbara<br>Olsza\u0144ska Janina<br>Olsza\u0144ski Edward<br>Ostaszewska Teresa<br>Owczarska Stanis\u0142awa<br>Piekarzewicz Gra\u017cyna<br>Pisarczyk El\u017cbieta<br>Pokida\u0144ska Gra\u017cyna<br>Prucnal Daniel<br>Przybylska Gra\u017cyna<br>Reinert El\u017cbieta<br>Rewers Alina<br>Siwiera Gra\u017cyna<br>Skoczylas Ewa<br>Skrzypkowiak Ewa<br>Sacha Gra\u017cyna<br>Sroka Krystyna<br>Stacewicz Aleksandra<br>Stankowska Urszula<br>Stefa\u0144czyk Anna<br>Sucko Danuta<br>Szajnowska Irena<br>Szestopa\u0142ko Miros\u0142aw<br>Szypu\u0142a El\u017cbieta<br>\u015aciob\u0142owska Genowefa<br>Terlikowska Irena<br>Tomasik Tadeusz<br>Tomaszewski Jan<br>Tuman\u00f3w Maria<br>Urbanowski Piotr<br>Wawruszczak Leonard<br>Widecka Krystyna<br>Wi\u015bniewski Romuald<br>Woja Janina<br>W\u00f3jcik Alicja<br>W\u00f3jcik Danuta<br>W\u00f3jcik Ma\u0142gorzata<br>Wr\u0119czycka Gra\u017cyna<br>Zaj\u0105czkowska El\u017cbieta<br>Ziomko Teresa<br>\u017bak Maria<\/p>\n<\/div>\n<\/div>\n<\/div><\/div>\n","protected":false},"excerpt":{"rendered":"<p>Ampu\u0142a MariaBabisiak Bo\u017cenaBaczy\u0144ska HelenaBadziura Pawe\u0142Bartkowska W\u0142adys\u0142awaB\u0105bowska Bo\u017cenaBorecki Wies\u0142awBrudnicki ZbigniewBube\u0142a ZofiaBudynkiewicz DanutaBudynkiewicz RomanBz\u00f3wka J\u00f3zefCicho\u0144 HalinaDomagalska WandaDrewniak TadeuszEckel HermenegildaFamulska El\u017cbietaGrabowska MariaGraca Bogus\u0142awaGraca ZofiaGruszczy\u0144ska MariaGuzdek ZofiaHada\u0142a AnnaIgras JuliaJachimowicz KrystynaJaz RomualdaJurek Stanis\u0142awKaczor DanutaKalkowski JeremiKarwowska [&hellip;]<\/p>\n","protected":false},"author":11,"featured_media":0,"parent":0,"menu_order":0,"comment_status":"closed","ping_status":"closed","template":"","meta":{"footnotes":""},"class_list":["post-10787","page","type-page","status-publish","hentry"],"yoast_head":"<!-- This site is optimized with the Yoast SEO plugin v20.13 - https:\/\/yoast.com\/wordpress\/plugins\/seo\/ -->\n<title>Rok 1974 - ZSP w Chojnie<\/title>\n<meta name=\"robots\" content=\"index, follow, max-snippet:-1, max-image-preview:large, max-video-preview:-1\" \/>\n<link rel=\"canonical\" href=\"https:\/\/zsp1chojna.pl\/?page_id=10787\" \/>\n<meta property=\"og:locale\" content=\"pl_PL\" \/>\n<meta property=\"og:type\" content=\"article\" \/>\n<meta property=\"og:title\" content=\"Rok 1974 - ZSP w Chojnie\" \/>\n<meta property=\"og:description\" content=\"Ampu\u0142a MariaBabisiak Bo\u017cenaBaczy\u0144ska HelenaBadziura Pawe\u0142Bartkowska W\u0142adys\u0142awaB\u0105bowska Bo\u017cenaBorecki Wies\u0142awBrudnicki ZbigniewBube\u0142a ZofiaBudynkiewicz DanutaBudynkiewicz RomanBz\u00f3wka J\u00f3zefCicho\u0144 HalinaDomagalska WandaDrewniak TadeuszEckel HermenegildaFamulska El\u017cbietaGrabowska MariaGraca Bogus\u0142awaGraca ZofiaGruszczy\u0144ska MariaGuzdek ZofiaHada\u0142a AnnaIgras JuliaJachimowicz KrystynaJaz RomualdaJurek Stanis\u0142awKaczor DanutaKalkowski JeremiKarwowska [&hellip;]\" \/>\n<meta property=\"og:url\" content=\"https:\/\/zsp1chojna.pl\/?page_id=10787\" \/>\n<meta property=\"og:site_name\" content=\"ZSP w Chojnie\" \/>\n<meta property=\"article:modified_time\" content=\"2024-10-28T08:06:23+00:00\" \/>\n<meta name=\"twitter:card\" content=\"summary_large_image\" \/>\n<meta name=\"twitter:label1\" content=\"Szacowany czas czytania\" \/>\n\t<meta name=\"twitter:data1\" content=\"2 minuty\" \/>\n<script type=\"application\/ld+json\" class=\"yoast-schema-graph\">{\"@context\":\"https:\/\/schema.org\",\"@graph\":[{\"@type\":\"WebPage\",\"@id\":\"https:\/\/zsp1chojna.pl\/?page_id=10787\",\"url\":\"https:\/\/zsp1chojna.pl\/?page_id=10787\",\"name\":\"Rok 1974 - ZSP w Chojnie\",\"isPartOf\":{\"@id\":\"https:\/\/zsp1chojna.pl\/#website\"},\"datePublished\":\"2024-10-28T08:06:22+00:00\",\"dateModified\":\"2024-10-28T08:06:23+00:00\",\"breadcrumb\":{\"@id\":\"https:\/\/zsp1chojna.pl\/?page_id=10787#breadcrumb\"},\"inLanguage\":\"pl-PL\",\"potentialAction\":[{\"@type\":\"ReadAction\",\"target\":[\"https:\/\/zsp1chojna.pl\/?page_id=10787\"]}]},{\"@type\":\"BreadcrumbList\",\"@id\":\"https:\/\/zsp1chojna.pl\/?page_id=10787#breadcrumb\",\"itemListElement\":[{\"@type\":\"ListItem\",\"position\":1,\"name\":\"Home\",\"item\":\"https:\/\/zsp1chojna.pl\/\"},{\"@type\":\"ListItem\",\"position\":2,\"name\":\"Rok 1974\"}]},{\"@type\":\"WebSite\",\"@id\":\"https:\/\/zsp1chojna.pl\/#website\",\"url\":\"https:\/\/zsp1chojna.pl\/\",\"name\":\"ZSP w Chojnie\",\"description\":\"\",\"publisher\":{\"@id\":\"https:\/\/zsp1chojna.pl\/#organization\"},\"potentialAction\":[{\"@type\":\"SearchAction\",\"target\":{\"@type\":\"EntryPoint\",\"urlTemplate\":\"https:\/\/zsp1chojna.pl\/?s={search_term_string}\"},\"query-input\":\"required name=search_term_string\"}],\"inLanguage\":\"pl-PL\"},{\"@type\":\"Organization\",\"@id\":\"https:\/\/zsp1chojna.pl\/#organization\",\"name\":\"ZSP w Chojnie\",\"url\":\"https:\/\/zsp1chojna.pl\/\",\"logo\":{\"@type\":\"ImageObject\",\"inLanguage\":\"pl-PL\",\"@id\":\"https:\/\/zsp1chojna.pl\/#\/schema\/logo\/image\/\",\"url\":\"https:\/\/zsp1chojna.pl\/wp-content\/uploads\/2023\/08\/cropped-cropped-cropped-Logo-biale-napis-na-3-wiersze_504-1.png\",\"contentUrl\":\"https:\/\/zsp1chojna.pl\/wp-content\/uploads\/2023\/08\/cropped-cropped-cropped-Logo-biale-napis-na-3-wiersze_504-1.png\",\"width\":504,\"height\":167,\"caption\":\"ZSP w Chojnie\"},\"image\":{\"@id\":\"https:\/\/zsp1chojna.pl\/#\/schema\/logo\/image\/\"}}]}<\/script>\n<!-- \/ Yoast SEO plugin. -->","yoast_head_json":{"title":"Rok 1974 - ZSP w Chojnie","robots":{"index":"index","follow":"follow","max-snippet":"max-snippet:-1","max-image-preview":"max-image-preview:large","max-video-preview":"max-video-preview:-1"},"canonical":"https:\/\/zsp1chojna.pl\/?page_id=10787","og_locale":"pl_PL","og_type":"article","og_title":"Rok 1974 - ZSP w Chojnie","og_description":"Ampu\u0142a MariaBabisiak Bo\u017cenaBaczy\u0144ska HelenaBadziura Pawe\u0142Bartkowska W\u0142adys\u0142awaB\u0105bowska Bo\u017cenaBorecki Wies\u0142awBrudnicki ZbigniewBube\u0142a ZofiaBudynkiewicz DanutaBudynkiewicz RomanBz\u00f3wka J\u00f3zefCicho\u0144 HalinaDomagalska WandaDrewniak TadeuszEckel HermenegildaFamulska El\u017cbietaGrabowska MariaGraca Bogus\u0142awaGraca ZofiaGruszczy\u0144ska MariaGuzdek ZofiaHada\u0142a AnnaIgras JuliaJachimowicz KrystynaJaz RomualdaJurek Stanis\u0142awKaczor DanutaKalkowski JeremiKarwowska [&hellip;]","og_url":"https:\/\/zsp1chojna.pl\/?page_id=10787","og_site_name":"ZSP w Chojnie","article_modified_time":"2024-10-28T08:06:23+00:00","twitter_card":"summary_large_image","twitter_misc":{"Szacowany czas czytania":"2 minuty"},"schema":{"@context":"https:\/\/schema.org","@graph":[{"@type":"WebPage","@id":"https:\/\/zsp1chojna.pl\/?page_id=10787","url":"https:\/\/zsp1chojna.pl\/?page_id=10787","name":"Rok 1974 - ZSP w Chojnie","isPartOf":{"@id":"https:\/\/zsp1chojna.pl\/#website"},"datePublished":"2024-10-28T08:06:22+00:00","dateModified":"2024-10-28T08:06:23+00:00","breadcrumb":{"@id":"https:\/\/zsp1chojna.pl\/?page_id=10787#breadcrumb"},"inLanguage":"pl-PL","potentialAction":[{"@type":"ReadAction","target":["https:\/\/zsp1chojna.pl\/?page_id=10787"]}]},{"@type":"BreadcrumbList","@id":"https:\/\/zsp1chojna.pl\/?page_id=10787#breadcrumb","itemListElement":[{"@type":"ListItem","position":1,"name":"Home","item":"https:\/\/zsp1chojna.pl\/"},{"@type":"ListItem","position":2,"name":"Rok 1974"}]},{"@type":"WebSite","@id":"https:\/\/zsp1chojna.pl\/#website","url":"https:\/\/zsp1chojna.pl\/","name":"ZSP w Chojnie","description":"","publisher":{"@id":"https:\/\/zsp1chojna.pl\/#organization"},"potentialAction":[{"@type":"SearchAction","target":{"@type":"EntryPoint","urlTemplate":"https:\/\/zsp1chojna.pl\/?s={search_term_string}"},"query-input":"required name=search_term_string"}],"inLanguage":"pl-PL"},{"@type":"Organization","@id":"https:\/\/zsp1chojna.pl\/#organization","name":"ZSP w Chojnie","url":"https:\/\/zsp1chojna.pl\/","logo":{"@type":"ImageObject","inLanguage":"pl-PL","@id":"https:\/\/zsp1chojna.pl\/#\/schema\/logo\/image\/","url":"https:\/\/zsp1chojna.pl\/wp-content\/uploads\/2023\/08\/cropped-cropped-cropped-Logo-biale-napis-na-3-wiersze_504-1.png","contentUrl":"https:\/\/zsp1chojna.pl\/wp-content\/uploads\/2023\/08\/cropped-cropped-cropped-Logo-biale-napis-na-3-wiersze_504-1.png","width":504,"height":167,"caption":"ZSP w Chojnie"},"image":{"@id":"https:\/\/zsp1chojna.pl\/#\/schema\/logo\/image\/"}}]}},"_links":{"self":[{"href":"https:\/\/zsp1chojna.pl\/index.php?rest_route=\/wp\/v2\/pages\/10787","targetHints":{"allow":["GET"]}}],"collection":[{"href":"https:\/\/zsp1chojna.pl\/index.php?rest_route=\/wp\/v2\/pages"}],"about":[{"href":"https:\/\/zsp1chojna.pl\/index.php?rest_route=\/wp\/v2\/types\/page"}],"author":[{"embeddable":true,"href":"https:\/\/zsp1chojna.pl\/index.php?rest_route=\/wp\/v2\/users\/11"}],"replies":[{"embeddable":true,"href":"https:\/\/zsp1chojna.pl\/index.php?rest_route=%2Fwp%2Fv2%2Fcomments&post=10787"}],"version-history":[{"count":1,"href":"https:\/\/zsp1chojna.pl\/index.php?rest_route=\/wp\/v2\/pages\/10787\/revisions"}],"predecessor-version":[{"id":10794,"href":"https:\/\/zsp1chojna.pl\/index.php?rest_route=\/wp\/v2\/pages\/10787\/revisions\/10794"}],"wp:attachment":[{"href":"https:\/\/zsp1chojna.pl\/index.php?rest_route=%2Fwp%2Fv2%2Fmedia&parent=10787"}],"curies":[{"name":"wp","href":"https:\/\/api.w.org\/{rel}","templated":true}]}}