{"id":10785,"date":"2024-10-28T09:04:16","date_gmt":"2024-10-28T08:04:16","guid":{"rendered":"https:\/\/zsp1chojna.pl\/?page_id=10785"},"modified":"2024-10-28T09:04:17","modified_gmt":"2024-10-28T08:04:17","slug":"rok-2020","status":"publish","type":"page","link":"https:\/\/zsp1chojna.pl\/?page_id=10785","title":{"rendered":"Rok 2020"},"content":{"rendered":"<style>.kadence-column10785_d4e04f-53 > .kt-inside-inner-col,.kadence-column10785_d4e04f-53 > .kt-inside-inner-col:before{border-top-left-radius:0px;border-top-right-radius:0px;border-bottom-right-radius:0px;border-bottom-left-radius:0px;}.kadence-column10785_d4e04f-53 > .kt-inside-inner-col:before{opacity:0.3;}.kadence-column10785_d4e04f-53{position:relative;}<\/style>\n<div class=\"wp-block-kadence-column kadence-column10785_d4e04f-53\"><div class=\"kt-inside-inner-col\">\n<div class=\"wp-block-columns is-layout-flex wp-container-core-columns-is-layout-9d6595d7 wp-block-columns-is-layout-flex\">\n<div class=\"wp-block-column is-layout-flow wp-block-column-is-layout-flow\">\n<p><strong>klasa III&nbsp;ac<br>Wychowawca mgr&nbsp;Grzegorz Michasiuk<\/strong><\/p>\n\n\n\n<p>B\u0142\u0119cka Katarzyna <br>Julia Cacek Laura <br>Juzyszyn Oskar Piotr <br>Kaberow Mateusz <br>Karpicka Paulina <br>Kwiatkowska Weronika Oliwia <br>Lipiec Majka <br>Matoszko Konrad Marcel <br>Nowicki Damian Daniel <br>Ociepka Laura El\u017cbieta <br>Pokuci\u0144ska Klaudia Paulina <br>Roma\u0144ska Paulina <br>Sobolewska Weronika <br>Sokulska Agnieszka <br>\u015awitalska Kinga Ewa <br>Tarnowska Julia <br>Werwi\u0144ski Jakub <br>Wiatrowski Hubert Jakub <br>Wieczorek Karolina <br>Wojewoda Joanna <br>Wo\u017aniak Emilia <br>Zienkiewicz \u0141ukasz <br>Zubala Katarzyna<\/p>\n<\/div>\n\n\n\n<div class=\"wp-block-column is-layout-flow wp-block-column-is-layout-flow\">\n<p><strong>klasa III bd<\/strong><br><strong>Wychowawca mgr&nbsp; Agnieszka Pawlaczyk<\/strong><\/p>\n\n\n\n<p>Basarab Weronika<br>Bylewska Natalia<br>Cebulska Martyna<br>Chmielowiec Oliwia<br>Czarnecka Arleta<br>Czuto Aleksandra<br>Grempka Izabela<br>Kici\u0144ska Kinga<br>Kuty\u0142a Izabela<br>Laskowska Zuzanna<br>Majkowska Laura<br>Matejko Patryk<br>Nowak Kaja<br>Parczewski Mi\u0142osz<br>Pierzynowska Jagoda<br>Pisanko Kamila<br>Sobolewska Anna<br>Tokarski Bart\u0142omiej<br>Ziembowska Natalia<br>Zubala Mi\u0142osz<\/p>\n<\/div>\n<\/div>\n<\/div><\/div>\n\n\n\n<p><\/p>\n","protected":false},"excerpt":{"rendered":"<p>klasa III&nbsp;acWychowawca mgr&nbsp;Grzegorz Michasiuk B\u0142\u0119cka Katarzyna Julia Cacek Laura Juzyszyn Oskar Piotr Kaberow Mateusz Karpicka Paulina Kwiatkowska Weronika Oliwia Lipiec Majka Matoszko Konrad Marcel Nowicki Damian Daniel Ociepka Laura El\u017cbieta [&hellip;]<\/p>\n","protected":false},"author":8,"featured_media":0,"parent":0,"menu_order":0,"comment_status":"closed","ping_status":"closed","template":"","meta":{"footnotes":""},"class_list":["post-10785","page","type-page","status-publish","hentry"],"yoast_head":"<!-- This site is optimized with the Yoast SEO plugin v20.13 - https:\/\/yoast.com\/wordpress\/plugins\/seo\/ -->\n<title>Rok 2020 - ZSP w Chojnie<\/title>\n<meta name=\"robots\" content=\"index, follow, max-snippet:-1, max-image-preview:large, max-video-preview:-1\" \/>\n<link rel=\"canonical\" href=\"https:\/\/zsp1chojna.pl\/?page_id=10785\" \/>\n<meta property=\"og:locale\" content=\"pl_PL\" \/>\n<meta property=\"og:type\" content=\"article\" \/>\n<meta property=\"og:title\" content=\"Rok 2020 - ZSP w Chojnie\" \/>\n<meta property=\"og:description\" content=\"klasa III&nbsp;acWychowawca mgr&nbsp;Grzegorz Michasiuk B\u0142\u0119cka Katarzyna Julia Cacek Laura Juzyszyn Oskar Piotr Kaberow Mateusz Karpicka Paulina Kwiatkowska Weronika Oliwia Lipiec Majka Matoszko Konrad Marcel Nowicki Damian Daniel Ociepka Laura El\u017cbieta [&hellip;]\" \/>\n<meta property=\"og:url\" content=\"https:\/\/zsp1chojna.pl\/?page_id=10785\" \/>\n<meta property=\"og:site_name\" content=\"ZSP w Chojnie\" \/>\n<meta property=\"article:modified_time\" content=\"2024-10-28T08:04:17+00:00\" \/>\n<meta name=\"twitter:card\" content=\"summary_large_image\" \/>\n<meta name=\"twitter:label1\" content=\"Szacowany czas czytania\" \/>\n\t<meta name=\"twitter:data1\" content=\"1 minuta\" \/>\n<script type=\"application\/ld+json\" class=\"yoast-schema-graph\">{\"@context\":\"https:\/\/schema.org\",\"@graph\":[{\"@type\":\"WebPage\",\"@id\":\"https:\/\/zsp1chojna.pl\/?page_id=10785\",\"url\":\"https:\/\/zsp1chojna.pl\/?page_id=10785\",\"name\":\"Rok 2020 - ZSP w Chojnie\",\"isPartOf\":{\"@id\":\"https:\/\/zsp1chojna.pl\/#website\"},\"datePublished\":\"2024-10-28T08:04:16+00:00\",\"dateModified\":\"2024-10-28T08:04:17+00:00\",\"breadcrumb\":{\"@id\":\"https:\/\/zsp1chojna.pl\/?page_id=10785#breadcrumb\"},\"inLanguage\":\"pl-PL\",\"potentialAction\":[{\"@type\":\"ReadAction\",\"target\":[\"https:\/\/zsp1chojna.pl\/?page_id=10785\"]}]},{\"@type\":\"BreadcrumbList\",\"@id\":\"https:\/\/zsp1chojna.pl\/?page_id=10785#breadcrumb\",\"itemListElement\":[{\"@type\":\"ListItem\",\"position\":1,\"name\":\"Home\",\"item\":\"https:\/\/zsp1chojna.pl\/\"},{\"@type\":\"ListItem\",\"position\":2,\"name\":\"Rok 2020\"}]},{\"@type\":\"WebSite\",\"@id\":\"https:\/\/zsp1chojna.pl\/#website\",\"url\":\"https:\/\/zsp1chojna.pl\/\",\"name\":\"ZSP w Chojnie\",\"description\":\"\",\"publisher\":{\"@id\":\"https:\/\/zsp1chojna.pl\/#organization\"},\"potentialAction\":[{\"@type\":\"SearchAction\",\"target\":{\"@type\":\"EntryPoint\",\"urlTemplate\":\"https:\/\/zsp1chojna.pl\/?s={search_term_string}\"},\"query-input\":\"required name=search_term_string\"}],\"inLanguage\":\"pl-PL\"},{\"@type\":\"Organization\",\"@id\":\"https:\/\/zsp1chojna.pl\/#organization\",\"name\":\"ZSP w Chojnie\",\"url\":\"https:\/\/zsp1chojna.pl\/\",\"logo\":{\"@type\":\"ImageObject\",\"inLanguage\":\"pl-PL\",\"@id\":\"https:\/\/zsp1chojna.pl\/#\/schema\/logo\/image\/\",\"url\":\"https:\/\/zsp1chojna.pl\/wp-content\/uploads\/2023\/08\/cropped-cropped-cropped-Logo-biale-napis-na-3-wiersze_504-1.png\",\"contentUrl\":\"https:\/\/zsp1chojna.pl\/wp-content\/uploads\/2023\/08\/cropped-cropped-cropped-Logo-biale-napis-na-3-wiersze_504-1.png\",\"width\":504,\"height\":167,\"caption\":\"ZSP w Chojnie\"},\"image\":{\"@id\":\"https:\/\/zsp1chojna.pl\/#\/schema\/logo\/image\/\"}}]}<\/script>\n<!-- \/ Yoast SEO plugin. -->","yoast_head_json":{"title":"Rok 2020 - ZSP w Chojnie","robots":{"index":"index","follow":"follow","max-snippet":"max-snippet:-1","max-image-preview":"max-image-preview:large","max-video-preview":"max-video-preview:-1"},"canonical":"https:\/\/zsp1chojna.pl\/?page_id=10785","og_locale":"pl_PL","og_type":"article","og_title":"Rok 2020 - ZSP w Chojnie","og_description":"klasa III&nbsp;acWychowawca mgr&nbsp;Grzegorz Michasiuk B\u0142\u0119cka Katarzyna Julia Cacek Laura Juzyszyn Oskar Piotr Kaberow Mateusz Karpicka Paulina Kwiatkowska Weronika Oliwia Lipiec Majka Matoszko Konrad Marcel Nowicki Damian Daniel Ociepka Laura El\u017cbieta [&hellip;]","og_url":"https:\/\/zsp1chojna.pl\/?page_id=10785","og_site_name":"ZSP w Chojnie","article_modified_time":"2024-10-28T08:04:17+00:00","twitter_card":"summary_large_image","twitter_misc":{"Szacowany czas czytania":"1 minuta"},"schema":{"@context":"https:\/\/schema.org","@graph":[{"@type":"WebPage","@id":"https:\/\/zsp1chojna.pl\/?page_id=10785","url":"https:\/\/zsp1chojna.pl\/?page_id=10785","name":"Rok 2020 - ZSP w Chojnie","isPartOf":{"@id":"https:\/\/zsp1chojna.pl\/#website"},"datePublished":"2024-10-28T08:04:16+00:00","dateModified":"2024-10-28T08:04:17+00:00","breadcrumb":{"@id":"https:\/\/zsp1chojna.pl\/?page_id=10785#breadcrumb"},"inLanguage":"pl-PL","potentialAction":[{"@type":"ReadAction","target":["https:\/\/zsp1chojna.pl\/?page_id=10785"]}]},{"@type":"BreadcrumbList","@id":"https:\/\/zsp1chojna.pl\/?page_id=10785#breadcrumb","itemListElement":[{"@type":"ListItem","position":1,"name":"Home","item":"https:\/\/zsp1chojna.pl\/"},{"@type":"ListItem","position":2,"name":"Rok 2020"}]},{"@type":"WebSite","@id":"https:\/\/zsp1chojna.pl\/#website","url":"https:\/\/zsp1chojna.pl\/","name":"ZSP w Chojnie","description":"","publisher":{"@id":"https:\/\/zsp1chojna.pl\/#organization"},"potentialAction":[{"@type":"SearchAction","target":{"@type":"EntryPoint","urlTemplate":"https:\/\/zsp1chojna.pl\/?s={search_term_string}"},"query-input":"required name=search_term_string"}],"inLanguage":"pl-PL"},{"@type":"Organization","@id":"https:\/\/zsp1chojna.pl\/#organization","name":"ZSP w Chojnie","url":"https:\/\/zsp1chojna.pl\/","logo":{"@type":"ImageObject","inLanguage":"pl-PL","@id":"https:\/\/zsp1chojna.pl\/#\/schema\/logo\/image\/","url":"https:\/\/zsp1chojna.pl\/wp-content\/uploads\/2023\/08\/cropped-cropped-cropped-Logo-biale-napis-na-3-wiersze_504-1.png","contentUrl":"https:\/\/zsp1chojna.pl\/wp-content\/uploads\/2023\/08\/cropped-cropped-cropped-Logo-biale-napis-na-3-wiersze_504-1.png","width":504,"height":167,"caption":"ZSP w Chojnie"},"image":{"@id":"https:\/\/zsp1chojna.pl\/#\/schema\/logo\/image\/"}}]}},"_links":{"self":[{"href":"https:\/\/zsp1chojna.pl\/index.php?rest_route=\/wp\/v2\/pages\/10785","targetHints":{"allow":["GET"]}}],"collection":[{"href":"https:\/\/zsp1chojna.pl\/index.php?rest_route=\/wp\/v2\/pages"}],"about":[{"href":"https:\/\/zsp1chojna.pl\/index.php?rest_route=\/wp\/v2\/types\/page"}],"author":[{"embeddable":true,"href":"https:\/\/zsp1chojna.pl\/index.php?rest_route=\/wp\/v2\/users\/8"}],"replies":[{"embeddable":true,"href":"https:\/\/zsp1chojna.pl\/index.php?rest_route=%2Fwp%2Fv2%2Fcomments&post=10785"}],"version-history":[{"count":1,"href":"https:\/\/zsp1chojna.pl\/index.php?rest_route=\/wp\/v2\/pages\/10785\/revisions"}],"predecessor-version":[{"id":10790,"href":"https:\/\/zsp1chojna.pl\/index.php?rest_route=\/wp\/v2\/pages\/10785\/revisions\/10790"}],"wp:attachment":[{"href":"https:\/\/zsp1chojna.pl\/index.php?rest_route=%2Fwp%2Fv2%2Fmedia&parent=10785"}],"curies":[{"name":"wp","href":"https:\/\/api.w.org\/{rel}","templated":true}]}}