{"id":10779,"date":"2024-10-28T09:01:52","date_gmt":"2024-10-28T08:01:52","guid":{"rendered":"https:\/\/zsp1chojna.pl\/?page_id=10779"},"modified":"2024-10-28T09:01:53","modified_gmt":"2024-10-28T08:01:53","slug":"rok-1996","status":"publish","type":"page","link":"https:\/\/zsp1chojna.pl\/?page_id=10779","title":{"rendered":"Rok 1996"},"content":{"rendered":"<style>.kadence-column10779_9a4726-25 > .kt-inside-inner-col,.kadence-column10779_9a4726-25 > .kt-inside-inner-col:before{border-top-left-radius:0px;border-top-right-radius:0px;border-bottom-right-radius:0px;border-bottom-left-radius:0px;}.kadence-column10779_9a4726-25 > .kt-inside-inner-col:before{opacity:0.3;}.kadence-column10779_9a4726-25{position:relative;}<\/style>\n<div class=\"wp-block-kadence-column kadence-column10779_9a4726-25\"><div class=\"kt-inside-inner-col\">\n<div class=\"wp-block-columns is-layout-flex wp-container-core-columns-is-layout-9d6595d7 wp-block-columns-is-layout-flex\">\n<div class=\"wp-block-column is-layout-flow wp-block-column-is-layout-flow\">\n<p>Andrzejczak Joanna<br>Ba\u0144ska Edyta<br>Bartczak Wioletta<br>Bosy Monika<br>Brudnicka Agnieszka<br>Capar Ma\u0142gorzata<br>Chrabela Sylwia<br>Chr\u00f3st Brigida<br>Ciszek Zbigniew<br>Czesyk Magdalena<br>Drzewiecki Krzysztof<br>Drzyma\u0142a Katarzyna<br>Drzyma\u0142a Magdalena<br>Fedorowska Lucyna<br>G\u0142adysz Justyna<br>G\u0142owacki Mariusz<br>Gonera Marta<br>Graczyk Katarzyna<br>Granda Artur<br>Habera Justyna<br>Haci\u0142o Mariusz<br>Hippman Grzegorz<br>Jele\u0144 Maciej<br>Jesionek Joanna<br>Jesionek Pawe\u0142<br>Kosowska Sylwia<br>Kasperek El\u017cbieta<br>Kie\u0142bus Anna<br>Kleparska Monika<br>K\u0142odzi\u0144ska Aleksandra<br>Kolasa Katarzyna<br>Komorowska Agnieszka<br>Karaczun Lucyna<br>Kosta\u0144ska Oliwia<br>Kowalska Katarzyna<br>Krzy\u015bpiak Kinga<br>Kuchcik Marcin<br>Kurlit Sylwia<\/p>\n<\/div>\n\n\n\n<div class=\"wp-block-column is-layout-flow wp-block-column-is-layout-flow\">\n<p>Kurowska Ma\u0142gorzata<br>Kuznar Renata<br>Kwiece\u0144 Andrzej<br>Lach Mieczys\u0142aw<br>Laska Jan<br>Litwiniuk Irena<br>\u0141yczakowska Anna<br>\u0141yczakowska Ewa<br>Matoszko Agnieszka<br>Makaro\u0144ski Krzysztof<br>Markowska Patrycja<br>Mazur El\u017cbieta<br>Mo\u015bcicki Franciszek<br>Nadbrze\u017cny Daniel<br>Nowak Ewa<br>Oczy\u0144ska Patrycja<br>Ole\u015bk\u00f3w Norbert<br>Olszewska Anna<br>Oskierko Danuta<br>Pawlik Sylwia<br>P\u0142onka Ewa<br>Pouch Kamila<br>Romanowska Ma\u0142gorzata<br>Rusek Pawe\u0142<br>Saja Alicja<br>Sawastian Adriana<br>Sawicka Edyta<br>Seredy\u0144ska Danuta<br>Skotnicka Agnieszka<br>Skrzyniarz Aneta<br>Skrzypek Rados\u0142aw<br>S\u0142odkowska Joanna<br>Sob\u00f3tka Krzysztof<br>St\u0119pniak Beata<br>Sumis\u0142awaska Karolina<br>Szulc And\u017celika<br>Tyrpa Maciej<br>Walk\u00f3w Zofia<br>Wojcieszak Jerzy<br>Wo\u017aniak Edyta<br>Zawisza Dariusz<br>Zieli\u0144ski Lech<\/p>\n<\/div>\n<\/div>\n<\/div><\/div>\n","protected":false},"excerpt":{"rendered":"<p>Andrzejczak JoannaBa\u0144ska EdytaBartczak WiolettaBosy MonikaBrudnicka AgnieszkaCapar Ma\u0142gorzataChrabela SylwiaChr\u00f3st BrigidaCiszek ZbigniewCzesyk MagdalenaDrzewiecki KrzysztofDrzyma\u0142a KatarzynaDrzyma\u0142a MagdalenaFedorowska LucynaG\u0142adysz JustynaG\u0142owacki MariuszGonera MartaGraczyk KatarzynaGranda ArturHabera JustynaHaci\u0142o MariuszHippman GrzegorzJele\u0144 MaciejJesionek JoannaJesionek Pawe\u0142Kosowska SylwiaKasperek El\u017cbietaKie\u0142bus AnnaKleparska MonikaK\u0142odzi\u0144ska [&hellip;]<\/p>\n","protected":false},"author":10,"featured_media":0,"parent":0,"menu_order":0,"comment_status":"closed","ping_status":"closed","template":"","meta":{"footnotes":""},"class_list":["post-10779","page","type-page","status-publish","hentry"],"yoast_head":"<!-- This site is optimized with the Yoast SEO plugin v20.13 - https:\/\/yoast.com\/wordpress\/plugins\/seo\/ -->\n<title>Rok 1996 - ZSP w Chojnie<\/title>\n<meta name=\"robots\" content=\"index, follow, max-snippet:-1, max-image-preview:large, max-video-preview:-1\" \/>\n<link rel=\"canonical\" href=\"https:\/\/zsp1chojna.pl\/?page_id=10779\" \/>\n<meta property=\"og:locale\" content=\"pl_PL\" \/>\n<meta property=\"og:type\" content=\"article\" \/>\n<meta property=\"og:title\" content=\"Rok 1996 - ZSP w Chojnie\" \/>\n<meta property=\"og:description\" content=\"Andrzejczak JoannaBa\u0144ska EdytaBartczak WiolettaBosy MonikaBrudnicka AgnieszkaCapar Ma\u0142gorzataChrabela SylwiaChr\u00f3st BrigidaCiszek ZbigniewCzesyk MagdalenaDrzewiecki KrzysztofDrzyma\u0142a KatarzynaDrzyma\u0142a MagdalenaFedorowska LucynaG\u0142adysz JustynaG\u0142owacki MariuszGonera MartaGraczyk KatarzynaGranda ArturHabera JustynaHaci\u0142o MariuszHippman GrzegorzJele\u0144 MaciejJesionek JoannaJesionek Pawe\u0142Kosowska SylwiaKasperek El\u017cbietaKie\u0142bus AnnaKleparska MonikaK\u0142odzi\u0144ska [&hellip;]\" \/>\n<meta property=\"og:url\" content=\"https:\/\/zsp1chojna.pl\/?page_id=10779\" \/>\n<meta property=\"og:site_name\" content=\"ZSP w Chojnie\" \/>\n<meta property=\"article:modified_time\" content=\"2024-10-28T08:01:53+00:00\" \/>\n<meta name=\"twitter:card\" content=\"summary_large_image\" \/>\n<meta name=\"twitter:label1\" content=\"Szacowany czas czytania\" \/>\n\t<meta name=\"twitter:data1\" content=\"1 minuta\" \/>\n<script type=\"application\/ld+json\" class=\"yoast-schema-graph\">{\"@context\":\"https:\/\/schema.org\",\"@graph\":[{\"@type\":\"WebPage\",\"@id\":\"https:\/\/zsp1chojna.pl\/?page_id=10779\",\"url\":\"https:\/\/zsp1chojna.pl\/?page_id=10779\",\"name\":\"Rok 1996 - ZSP w Chojnie\",\"isPartOf\":{\"@id\":\"https:\/\/zsp1chojna.pl\/#website\"},\"datePublished\":\"2024-10-28T08:01:52+00:00\",\"dateModified\":\"2024-10-28T08:01:53+00:00\",\"breadcrumb\":{\"@id\":\"https:\/\/zsp1chojna.pl\/?page_id=10779#breadcrumb\"},\"inLanguage\":\"pl-PL\",\"potentialAction\":[{\"@type\":\"ReadAction\",\"target\":[\"https:\/\/zsp1chojna.pl\/?page_id=10779\"]}]},{\"@type\":\"BreadcrumbList\",\"@id\":\"https:\/\/zsp1chojna.pl\/?page_id=10779#breadcrumb\",\"itemListElement\":[{\"@type\":\"ListItem\",\"position\":1,\"name\":\"Home\",\"item\":\"https:\/\/zsp1chojna.pl\/\"},{\"@type\":\"ListItem\",\"position\":2,\"name\":\"Rok 1996\"}]},{\"@type\":\"WebSite\",\"@id\":\"https:\/\/zsp1chojna.pl\/#website\",\"url\":\"https:\/\/zsp1chojna.pl\/\",\"name\":\"ZSP w Chojnie\",\"description\":\"\",\"publisher\":{\"@id\":\"https:\/\/zsp1chojna.pl\/#organization\"},\"potentialAction\":[{\"@type\":\"SearchAction\",\"target\":{\"@type\":\"EntryPoint\",\"urlTemplate\":\"https:\/\/zsp1chojna.pl\/?s={search_term_string}\"},\"query-input\":\"required name=search_term_string\"}],\"inLanguage\":\"pl-PL\"},{\"@type\":\"Organization\",\"@id\":\"https:\/\/zsp1chojna.pl\/#organization\",\"name\":\"ZSP w Chojnie\",\"url\":\"https:\/\/zsp1chojna.pl\/\",\"logo\":{\"@type\":\"ImageObject\",\"inLanguage\":\"pl-PL\",\"@id\":\"https:\/\/zsp1chojna.pl\/#\/schema\/logo\/image\/\",\"url\":\"https:\/\/zsp1chojna.pl\/wp-content\/uploads\/2023\/08\/cropped-cropped-cropped-Logo-biale-napis-na-3-wiersze_504-1.png\",\"contentUrl\":\"https:\/\/zsp1chojna.pl\/wp-content\/uploads\/2023\/08\/cropped-cropped-cropped-Logo-biale-napis-na-3-wiersze_504-1.png\",\"width\":504,\"height\":167,\"caption\":\"ZSP w Chojnie\"},\"image\":{\"@id\":\"https:\/\/zsp1chojna.pl\/#\/schema\/logo\/image\/\"}}]}<\/script>\n<!-- \/ Yoast SEO plugin. -->","yoast_head_json":{"title":"Rok 1996 - ZSP w Chojnie","robots":{"index":"index","follow":"follow","max-snippet":"max-snippet:-1","max-image-preview":"max-image-preview:large","max-video-preview":"max-video-preview:-1"},"canonical":"https:\/\/zsp1chojna.pl\/?page_id=10779","og_locale":"pl_PL","og_type":"article","og_title":"Rok 1996 - ZSP w Chojnie","og_description":"Andrzejczak JoannaBa\u0144ska EdytaBartczak WiolettaBosy MonikaBrudnicka AgnieszkaCapar Ma\u0142gorzataChrabela SylwiaChr\u00f3st BrigidaCiszek ZbigniewCzesyk MagdalenaDrzewiecki KrzysztofDrzyma\u0142a KatarzynaDrzyma\u0142a MagdalenaFedorowska LucynaG\u0142adysz JustynaG\u0142owacki MariuszGonera MartaGraczyk KatarzynaGranda ArturHabera JustynaHaci\u0142o MariuszHippman GrzegorzJele\u0144 MaciejJesionek JoannaJesionek Pawe\u0142Kosowska SylwiaKasperek El\u017cbietaKie\u0142bus AnnaKleparska MonikaK\u0142odzi\u0144ska [&hellip;]","og_url":"https:\/\/zsp1chojna.pl\/?page_id=10779","og_site_name":"ZSP w Chojnie","article_modified_time":"2024-10-28T08:01:53+00:00","twitter_card":"summary_large_image","twitter_misc":{"Szacowany czas czytania":"1 minuta"},"schema":{"@context":"https:\/\/schema.org","@graph":[{"@type":"WebPage","@id":"https:\/\/zsp1chojna.pl\/?page_id=10779","url":"https:\/\/zsp1chojna.pl\/?page_id=10779","name":"Rok 1996 - ZSP w Chojnie","isPartOf":{"@id":"https:\/\/zsp1chojna.pl\/#website"},"datePublished":"2024-10-28T08:01:52+00:00","dateModified":"2024-10-28T08:01:53+00:00","breadcrumb":{"@id":"https:\/\/zsp1chojna.pl\/?page_id=10779#breadcrumb"},"inLanguage":"pl-PL","potentialAction":[{"@type":"ReadAction","target":["https:\/\/zsp1chojna.pl\/?page_id=10779"]}]},{"@type":"BreadcrumbList","@id":"https:\/\/zsp1chojna.pl\/?page_id=10779#breadcrumb","itemListElement":[{"@type":"ListItem","position":1,"name":"Home","item":"https:\/\/zsp1chojna.pl\/"},{"@type":"ListItem","position":2,"name":"Rok 1996"}]},{"@type":"WebSite","@id":"https:\/\/zsp1chojna.pl\/#website","url":"https:\/\/zsp1chojna.pl\/","name":"ZSP w Chojnie","description":"","publisher":{"@id":"https:\/\/zsp1chojna.pl\/#organization"},"potentialAction":[{"@type":"SearchAction","target":{"@type":"EntryPoint","urlTemplate":"https:\/\/zsp1chojna.pl\/?s={search_term_string}"},"query-input":"required name=search_term_string"}],"inLanguage":"pl-PL"},{"@type":"Organization","@id":"https:\/\/zsp1chojna.pl\/#organization","name":"ZSP w Chojnie","url":"https:\/\/zsp1chojna.pl\/","logo":{"@type":"ImageObject","inLanguage":"pl-PL","@id":"https:\/\/zsp1chojna.pl\/#\/schema\/logo\/image\/","url":"https:\/\/zsp1chojna.pl\/wp-content\/uploads\/2023\/08\/cropped-cropped-cropped-Logo-biale-napis-na-3-wiersze_504-1.png","contentUrl":"https:\/\/zsp1chojna.pl\/wp-content\/uploads\/2023\/08\/cropped-cropped-cropped-Logo-biale-napis-na-3-wiersze_504-1.png","width":504,"height":167,"caption":"ZSP w Chojnie"},"image":{"@id":"https:\/\/zsp1chojna.pl\/#\/schema\/logo\/image\/"}}]}},"_links":{"self":[{"href":"https:\/\/zsp1chojna.pl\/index.php?rest_route=\/wp\/v2\/pages\/10779","targetHints":{"allow":["GET"]}}],"collection":[{"href":"https:\/\/zsp1chojna.pl\/index.php?rest_route=\/wp\/v2\/pages"}],"about":[{"href":"https:\/\/zsp1chojna.pl\/index.php?rest_route=\/wp\/v2\/types\/page"}],"author":[{"embeddable":true,"href":"https:\/\/zsp1chojna.pl\/index.php?rest_route=\/wp\/v2\/users\/10"}],"replies":[{"embeddable":true,"href":"https:\/\/zsp1chojna.pl\/index.php?rest_route=%2Fwp%2Fv2%2Fcomments&post=10779"}],"version-history":[{"count":1,"href":"https:\/\/zsp1chojna.pl\/index.php?rest_route=\/wp\/v2\/pages\/10779\/revisions"}],"predecessor-version":[{"id":10783,"href":"https:\/\/zsp1chojna.pl\/index.php?rest_route=\/wp\/v2\/pages\/10779\/revisions\/10783"}],"wp:attachment":[{"href":"https:\/\/zsp1chojna.pl\/index.php?rest_route=%2Fwp%2Fv2%2Fmedia&parent=10779"}],"curies":[{"name":"wp","href":"https:\/\/api.w.org\/{rel}","templated":true}]}}