{"id":10774,"date":"2024-10-28T08:59:01","date_gmt":"2024-10-28T07:59:01","guid":{"rendered":"https:\/\/zsp1chojna.pl\/?page_id=10774"},"modified":"2024-10-28T08:59:02","modified_gmt":"2024-10-28T07:59:02","slug":"rok-1977","status":"publish","type":"page","link":"https:\/\/zsp1chojna.pl\/?page_id=10774","title":{"rendered":"Rok 1977"},"content":{"rendered":"<style>.kadence-column10774_4a43ff-c7 > .kt-inside-inner-col,.kadence-column10774_4a43ff-c7 > .kt-inside-inner-col:before{border-top-left-radius:0px;border-top-right-radius:0px;border-bottom-right-radius:0px;border-bottom-left-radius:0px;}.kadence-column10774_4a43ff-c7 > .kt-inside-inner-col:before{opacity:0.3;}.kadence-column10774_4a43ff-c7{position:relative;}<\/style>\n<div class=\"wp-block-kadence-column kadence-column10774_4a43ff-c7\"><div class=\"kt-inside-inner-col\">\n<div class=\"wp-block-columns is-layout-flex wp-container-core-columns-is-layout-9d6595d7 wp-block-columns-is-layout-flex\">\n<div class=\"wp-block-column is-layout-flow wp-block-column-is-layout-flow\">\n<p>Anders Henryka<br>Antoniewicz Gra\u017cyna<br>Bancewicz Krystyna<br>Baran Marek<br>Bargiel Andrzej<br>Bory Ewa<br>Bednarczyk Jerzy<br>Berezowski Lech<br>B\u0119gowska Bo\u017cena<br>Bia\u0142ous Tadeusz<br>Bloch Barbara<br>Borkowska Aniela<br>Borysewicz J\u00f3zef<br>Brzezicka Alicja<br>Byszkiewicz Karol<br>Chodyniecki Ryszard<br>Chudobska Bo\u017cena<br>Cimoch Maria<br>Czesul \u0141ucja<br>Czuchrowska El\u017cbieta<br>D\u0105browska El\u017cbieta<br>Dobrzycka Danuta<br>Dru\u017cga El\u017cbieta<br>Dziubanowska Maria<br>Dziura Teresa<br>Fossa Miros\u0142aw<br>Go\u0142\u0105b Teresa<br>Gotowicka Janina<br>G\u00f3rnik Urszula<br>Ho\u0142ota Janina<br>Horniak Lech<br>Ignar Mieczys\u0142awa<br>Jagie\u0142\u0142o Jadwiga<br>Jakubowska Zofia<br>Janicka Anna<br>Jasi\u0144ska Miros\u0142awa<br>Kalkowski Marek<br>Kierznowski Antoni<br>Kirkowska Irena<br>Kluczenko Ewa<br>Kmie\u0107 Czes\u0142aw<br>Kos Piotr<br>Koza Janina<br>Kozak Jan<br>Kozicka El\u017cbieta<br>Kozielska \u0141ucja<br>Krasucka Alicja<br>Krawiec El\u017cbieta<br>Kubik Halina<br>Kukla Zdzis\u0142aw<br>Kurpiel Maria<br>Ku\u017a Ewa<br>Laskowski Zygmunt<br>Leda Krystyna<br>Lesi\u0144ska Iwona<br>Le\u015bniak Bo\u017cena<br>Ligas Bo\u017cena<br>Lipka Antonina<br>Lisiecki Jerzy<br>Lizak Daniela<br>\u0141ab\u0119dzka Anna<\/p>\n<\/div>\n\n\n\n<div class=\"wp-block-column is-layout-flow wp-block-column-is-layout-flow\">\n<p>\u0141ab\u0119d\u017a Janusz<br>\u0141o\u015b Jadwiga<br>\u0141ozicka Iwona<br>Maksymowicz Katarzyna<br>Mazurkiewicz Janina<br>Mikiewicz Zofia<br>Mr\u00f3z Gra\u017cyna<br>Murak El\u017cbieta<br>Murawska Bo\u017cena<br>Nalewajczyk Jarzy<br>Niewiara Damian<br>Nizio\u0142 Anna<br>Nowak Wioletta<br>Ogonowski Bogus\u0142aw<br>Oko\u0144ski Zygmunt<br>Olechowski Roman<br>Ostrowska Urszula<br>Panasiuk Zbigniew<br>Pawe\u0142kiewicz Gra\u017cyna<br>Petryk\u00f3w Teresa<br>P\u0119gowska Bo\u017cena<br>Pi\u0105tkowska Krystyna<br>Pier\u00f3g Marek<br>Pietrusiak Halina<br>Pilipszyn Stanis\u0142awa<br>P\u0142ocha Kazimierz<br>P\u0142otkowski Jaros\u0142aw<br>Podzi\u0144ska Jolanta<br>Potocki Mieczys\u0142aw<br>Powiada Danuta<br>Puklicki Zbigniew<br>Rozkrut Teresa<br>Rzesz\u00f3tko Jolanta<br>Serafi\u0144ska Ewa<br>Siekierska Janina<br>Sienkiewicz Danuta<br>Sienkiewicz Janina<br>Sikorska Maria<br>Sitek Jolanta<br>Sobkowska Danuta<br>St\u0119pie\u0144 Andrzej<br>Surdel Krystyna<br>Sw\u00f3\u0142 Danuta<br>Szatkowska Ewa<br>Szcz\u0105browska Maria<br>\u015awistek Bogumi\u0142a<br>\u015awitalski Andrzej<br>Tarka Teresa<br>Terka Genowefa<br>Uda\u0142a Urszula<br>Woja Jerzy<br>Wojdowska El\u017cbieta<br>Wojewoda Roman<br>Wo\u0142yniec Anna<br>W\u00f3jcik Gra\u017cyna<br>Zarzycka Janina<br>Zborowska Gra\u017cyna<br>Zazulak Wies\u0142awa<br>Zrzyma\u0142ka Maria<br>Zubala Stanis\u0142awa<br>\u017bak Andrzej<\/p>\n<\/div>\n<\/div>\n<\/div><\/div>\n\n\n\n<p><\/p>\n","protected":false},"excerpt":{"rendered":"<p>Anders HenrykaAntoniewicz Gra\u017cynaBancewicz KrystynaBaran MarekBargiel AndrzejBory EwaBednarczyk JerzyBerezowski LechB\u0119gowska Bo\u017cenaBia\u0142ous TadeuszBloch BarbaraBorkowska AnielaBorysewicz J\u00f3zefBrzezicka AlicjaByszkiewicz KarolChodyniecki RyszardChudobska Bo\u017cenaCimoch MariaCzesul \u0141ucjaCzuchrowska El\u017cbietaD\u0105browska El\u017cbietaDobrzycka DanutaDru\u017cga El\u017cbietaDziubanowska MariaDziura TeresaFossa Miros\u0142awGo\u0142\u0105b TeresaGotowicka JaninaG\u00f3rnik UrszulaHo\u0142ota [&hellip;]<\/p>\n","protected":false},"author":11,"featured_media":0,"parent":0,"menu_order":0,"comment_status":"closed","ping_status":"closed","template":"","meta":{"footnotes":""},"class_list":["post-10774","page","type-page","status-publish","hentry"],"yoast_head":"<!-- This site is optimized with the Yoast SEO plugin v20.13 - https:\/\/yoast.com\/wordpress\/plugins\/seo\/ -->\n<title>Rok 1977 - ZSP w Chojnie<\/title>\n<meta name=\"robots\" content=\"index, follow, max-snippet:-1, max-image-preview:large, max-video-preview:-1\" \/>\n<link rel=\"canonical\" href=\"https:\/\/zsp1chojna.pl\/?page_id=10774\" \/>\n<meta property=\"og:locale\" content=\"pl_PL\" \/>\n<meta property=\"og:type\" content=\"article\" \/>\n<meta property=\"og:title\" content=\"Rok 1977 - ZSP w Chojnie\" \/>\n<meta property=\"og:description\" content=\"Anders HenrykaAntoniewicz Gra\u017cynaBancewicz KrystynaBaran MarekBargiel AndrzejBory EwaBednarczyk JerzyBerezowski LechB\u0119gowska Bo\u017cenaBia\u0142ous TadeuszBloch BarbaraBorkowska AnielaBorysewicz J\u00f3zefBrzezicka AlicjaByszkiewicz KarolChodyniecki RyszardChudobska Bo\u017cenaCimoch MariaCzesul \u0141ucjaCzuchrowska El\u017cbietaD\u0105browska El\u017cbietaDobrzycka DanutaDru\u017cga El\u017cbietaDziubanowska MariaDziura TeresaFossa Miros\u0142awGo\u0142\u0105b TeresaGotowicka JaninaG\u00f3rnik UrszulaHo\u0142ota [&hellip;]\" \/>\n<meta property=\"og:url\" content=\"https:\/\/zsp1chojna.pl\/?page_id=10774\" \/>\n<meta property=\"og:site_name\" content=\"ZSP w Chojnie\" \/>\n<meta property=\"article:modified_time\" content=\"2024-10-28T07:59:02+00:00\" \/>\n<meta name=\"twitter:card\" content=\"summary_large_image\" \/>\n<meta name=\"twitter:label1\" content=\"Szacowany czas czytania\" \/>\n\t<meta name=\"twitter:data1\" content=\"2 minuty\" \/>\n<script type=\"application\/ld+json\" class=\"yoast-schema-graph\">{\"@context\":\"https:\/\/schema.org\",\"@graph\":[{\"@type\":\"WebPage\",\"@id\":\"https:\/\/zsp1chojna.pl\/?page_id=10774\",\"url\":\"https:\/\/zsp1chojna.pl\/?page_id=10774\",\"name\":\"Rok 1977 - ZSP w Chojnie\",\"isPartOf\":{\"@id\":\"https:\/\/zsp1chojna.pl\/#website\"},\"datePublished\":\"2024-10-28T07:59:01+00:00\",\"dateModified\":\"2024-10-28T07:59:02+00:00\",\"breadcrumb\":{\"@id\":\"https:\/\/zsp1chojna.pl\/?page_id=10774#breadcrumb\"},\"inLanguage\":\"pl-PL\",\"potentialAction\":[{\"@type\":\"ReadAction\",\"target\":[\"https:\/\/zsp1chojna.pl\/?page_id=10774\"]}]},{\"@type\":\"BreadcrumbList\",\"@id\":\"https:\/\/zsp1chojna.pl\/?page_id=10774#breadcrumb\",\"itemListElement\":[{\"@type\":\"ListItem\",\"position\":1,\"name\":\"Home\",\"item\":\"https:\/\/zsp1chojna.pl\/\"},{\"@type\":\"ListItem\",\"position\":2,\"name\":\"Rok 1977\"}]},{\"@type\":\"WebSite\",\"@id\":\"https:\/\/zsp1chojna.pl\/#website\",\"url\":\"https:\/\/zsp1chojna.pl\/\",\"name\":\"ZSP w Chojnie\",\"description\":\"\",\"publisher\":{\"@id\":\"https:\/\/zsp1chojna.pl\/#organization\"},\"potentialAction\":[{\"@type\":\"SearchAction\",\"target\":{\"@type\":\"EntryPoint\",\"urlTemplate\":\"https:\/\/zsp1chojna.pl\/?s={search_term_string}\"},\"query-input\":\"required name=search_term_string\"}],\"inLanguage\":\"pl-PL\"},{\"@type\":\"Organization\",\"@id\":\"https:\/\/zsp1chojna.pl\/#organization\",\"name\":\"ZSP w Chojnie\",\"url\":\"https:\/\/zsp1chojna.pl\/\",\"logo\":{\"@type\":\"ImageObject\",\"inLanguage\":\"pl-PL\",\"@id\":\"https:\/\/zsp1chojna.pl\/#\/schema\/logo\/image\/\",\"url\":\"https:\/\/zsp1chojna.pl\/wp-content\/uploads\/2023\/08\/cropped-cropped-cropped-Logo-biale-napis-na-3-wiersze_504-1.png\",\"contentUrl\":\"https:\/\/zsp1chojna.pl\/wp-content\/uploads\/2023\/08\/cropped-cropped-cropped-Logo-biale-napis-na-3-wiersze_504-1.png\",\"width\":504,\"height\":167,\"caption\":\"ZSP w Chojnie\"},\"image\":{\"@id\":\"https:\/\/zsp1chojna.pl\/#\/schema\/logo\/image\/\"}}]}<\/script>\n<!-- \/ Yoast SEO plugin. -->","yoast_head_json":{"title":"Rok 1977 - ZSP w Chojnie","robots":{"index":"index","follow":"follow","max-snippet":"max-snippet:-1","max-image-preview":"max-image-preview:large","max-video-preview":"max-video-preview:-1"},"canonical":"https:\/\/zsp1chojna.pl\/?page_id=10774","og_locale":"pl_PL","og_type":"article","og_title":"Rok 1977 - ZSP w Chojnie","og_description":"Anders HenrykaAntoniewicz Gra\u017cynaBancewicz KrystynaBaran MarekBargiel AndrzejBory EwaBednarczyk JerzyBerezowski LechB\u0119gowska Bo\u017cenaBia\u0142ous TadeuszBloch BarbaraBorkowska AnielaBorysewicz J\u00f3zefBrzezicka AlicjaByszkiewicz KarolChodyniecki RyszardChudobska Bo\u017cenaCimoch MariaCzesul \u0141ucjaCzuchrowska El\u017cbietaD\u0105browska El\u017cbietaDobrzycka DanutaDru\u017cga El\u017cbietaDziubanowska MariaDziura TeresaFossa Miros\u0142awGo\u0142\u0105b TeresaGotowicka JaninaG\u00f3rnik UrszulaHo\u0142ota [&hellip;]","og_url":"https:\/\/zsp1chojna.pl\/?page_id=10774","og_site_name":"ZSP w Chojnie","article_modified_time":"2024-10-28T07:59:02+00:00","twitter_card":"summary_large_image","twitter_misc":{"Szacowany czas czytania":"2 minuty"},"schema":{"@context":"https:\/\/schema.org","@graph":[{"@type":"WebPage","@id":"https:\/\/zsp1chojna.pl\/?page_id=10774","url":"https:\/\/zsp1chojna.pl\/?page_id=10774","name":"Rok 1977 - ZSP w Chojnie","isPartOf":{"@id":"https:\/\/zsp1chojna.pl\/#website"},"datePublished":"2024-10-28T07:59:01+00:00","dateModified":"2024-10-28T07:59:02+00:00","breadcrumb":{"@id":"https:\/\/zsp1chojna.pl\/?page_id=10774#breadcrumb"},"inLanguage":"pl-PL","potentialAction":[{"@type":"ReadAction","target":["https:\/\/zsp1chojna.pl\/?page_id=10774"]}]},{"@type":"BreadcrumbList","@id":"https:\/\/zsp1chojna.pl\/?page_id=10774#breadcrumb","itemListElement":[{"@type":"ListItem","position":1,"name":"Home","item":"https:\/\/zsp1chojna.pl\/"},{"@type":"ListItem","position":2,"name":"Rok 1977"}]},{"@type":"WebSite","@id":"https:\/\/zsp1chojna.pl\/#website","url":"https:\/\/zsp1chojna.pl\/","name":"ZSP w Chojnie","description":"","publisher":{"@id":"https:\/\/zsp1chojna.pl\/#organization"},"potentialAction":[{"@type":"SearchAction","target":{"@type":"EntryPoint","urlTemplate":"https:\/\/zsp1chojna.pl\/?s={search_term_string}"},"query-input":"required name=search_term_string"}],"inLanguage":"pl-PL"},{"@type":"Organization","@id":"https:\/\/zsp1chojna.pl\/#organization","name":"ZSP w Chojnie","url":"https:\/\/zsp1chojna.pl\/","logo":{"@type":"ImageObject","inLanguage":"pl-PL","@id":"https:\/\/zsp1chojna.pl\/#\/schema\/logo\/image\/","url":"https:\/\/zsp1chojna.pl\/wp-content\/uploads\/2023\/08\/cropped-cropped-cropped-Logo-biale-napis-na-3-wiersze_504-1.png","contentUrl":"https:\/\/zsp1chojna.pl\/wp-content\/uploads\/2023\/08\/cropped-cropped-cropped-Logo-biale-napis-na-3-wiersze_504-1.png","width":504,"height":167,"caption":"ZSP w Chojnie"},"image":{"@id":"https:\/\/zsp1chojna.pl\/#\/schema\/logo\/image\/"}}]}},"_links":{"self":[{"href":"https:\/\/zsp1chojna.pl\/index.php?rest_route=\/wp\/v2\/pages\/10774","targetHints":{"allow":["GET"]}}],"collection":[{"href":"https:\/\/zsp1chojna.pl\/index.php?rest_route=\/wp\/v2\/pages"}],"about":[{"href":"https:\/\/zsp1chojna.pl\/index.php?rest_route=\/wp\/v2\/types\/page"}],"author":[{"embeddable":true,"href":"https:\/\/zsp1chojna.pl\/index.php?rest_route=\/wp\/v2\/users\/11"}],"replies":[{"embeddable":true,"href":"https:\/\/zsp1chojna.pl\/index.php?rest_route=%2Fwp%2Fv2%2Fcomments&post=10774"}],"version-history":[{"count":1,"href":"https:\/\/zsp1chojna.pl\/index.php?rest_route=\/wp\/v2\/pages\/10774\/revisions"}],"predecessor-version":[{"id":10776,"href":"https:\/\/zsp1chojna.pl\/index.php?rest_route=\/wp\/v2\/pages\/10774\/revisions\/10776"}],"wp:attachment":[{"href":"https:\/\/zsp1chojna.pl\/index.php?rest_route=%2Fwp%2Fv2%2Fmedia&parent=10774"}],"curies":[{"name":"wp","href":"https:\/\/api.w.org\/{rel}","templated":true}]}}