{"id":10759,"date":"2024-10-28T08:52:19","date_gmt":"2024-10-28T07:52:19","guid":{"rendered":"https:\/\/zsp1chojna.pl\/?page_id=10759"},"modified":"2024-10-28T08:52:20","modified_gmt":"2024-10-28T07:52:20","slug":"rok-1980","status":"publish","type":"page","link":"https:\/\/zsp1chojna.pl\/?page_id=10759","title":{"rendered":"Rok 1980"},"content":{"rendered":"<style>.kadence-column10759_bc075e-18 > .kt-inside-inner-col,.kadence-column10759_bc075e-18 > .kt-inside-inner-col:before{border-top-left-radius:0px;border-top-right-radius:0px;border-bottom-right-radius:0px;border-bottom-left-radius:0px;}.kadence-column10759_bc075e-18 > .kt-inside-inner-col:before{opacity:0.3;}.kadence-column10759_bc075e-18{position:relative;}<\/style>\n<div class=\"wp-block-kadence-column kadence-column10759_bc075e-18\"><div class=\"kt-inside-inner-col\">\n<div class=\"wp-block-columns is-layout-flex wp-container-core-columns-is-layout-9d6595d7 wp-block-columns-is-layout-flex\">\n<div class=\"wp-block-column is-layout-flow wp-block-column-is-layout-flow\">\n<p>Bancewicz Danuta<br>Bary\u0142a Maria<br>Bednarczuk Irena<br>Bindas Irena<br>Bobik Zofia<br>Boja\u0144ski Janusz<br>Butrymowski Marek<br>Cie\u015bla Mariola<br>Czesul Janina<br>Czesyk Urszula<br>Depa Marta<br>Drozd Lilia<br>Dussel Artur<br>Dziedzicz Irena<br>Dzierbicka Lilia<br>Fedorowska Jolanta<br>Gli\u0144ska Krystyna<br>G\u00f3rnik Piotr<br>Grabowska Jolanta<br>Grabowska Lilianna<br>Gralak El\u017cbieta<br>Gromu\u0142 Krystyna<br>Ho\u0142ota Irena<br>Jagie\u0142\u0142o Anna<br>Jania Urszula<br>Jasi\u0144ski Piotr<br>Juszko Jan<br>Kawecka Ma\u0142gorzata<br>Kinal Gra\u017cyna<br>Kleszewski Waldemar<br>Koguciuk W\u0142odzimierz<br>Kuligowski Ireneusz<br>Ko\u0142odziej Mieczys\u0142awa<br>Kordas Stanis\u0142awa<br>Krawiec Ludwik<br>Kruszy\u0144ska Marzena<br>Kubik Wies\u0142awa<br>Kugler Alina<br>Kuligowski Ireneusz<br>Kuniewicz Zbigniew<br>Kuszel Zofia<br>Lara Anna<br>Lewicka Jolanta<br>Linhart Miros\u0142aw<br>Lipka Barbara<br>Lisiecka Gra\u017cyna<br>\u0141ab\u0119dzka Marta<br>\u0141\u0105czy\u0144ski Cezary<br>\u0141yszczek Krzysztof<br>Maciejewska Anna<br>Maksimowicz Ewa<br>Malawska Barbara<br>Ma\u0142ek Piotr<\/p>\n<\/div>\n\n\n\n<div class=\"wp-block-column is-layout-flow wp-block-column-is-layout-flow\">\n<p>Marcjanik Halina<br>Michalska Alicja<br>Miko\u0142ajczyk Danuta<br>Mr\u00f3z Jaros\u0142aw<br>Najwer Beata<br>Nakonieczna Wies\u0142awa<br>Nasiadka Gra\u017cyna<br>Nawiada Ma\u0142gorzata<br>Niemiec El\u017cbieta<br>Nizio\u0142 Dorota<br>Nowicka Danta<br>Oleksiak Irena<br>Oleksy Jaros\u0142aw<br>Olszewska Bogumi\u0142a<br>Pach Janusz<br>Papie\u017c Wioletta<br>Pawliszcze Zofia<br>Piskorowska Lucyna<br>Piwowarczyk Jerzy<br>Podle\u015bna Krystyna<br>Pokida\u0144ska Joanna<br>Podzi\u0144ska Iwona<br>Porazi\u0144ska Alina<br>Porazi\u0144ski Miros\u0142aw<br>Py\u0107 Wanda<br>Romaniuk Zenon<br>Ruszniak Ireneusz<br>Sad\u0142o Krzysztof<br>Sakowska Maria<br>Sakowska Miros\u0142awa<br>Sid\u0142o Zofia<br>S\u0142omkowska Alina<br>S\u0142odkowski Pawe\u0142<br>S\u0142ugocka Jolanta<br>Sobi\u015b Janina<br>Stec Joanna<br>Stranc Lidia<br>Swebodzi\u0144ska Danuta<br>Szapkowski Andrzej<br>Szostak El\u017cbieta<br>Szumi\u0144ska Krystyna<br>Szczepa\u0144ska Mariola<br>Wawrzy\u0144czyk S\u0142awomir<br>W\u0119glarz Alicja<br>Wiatrowski Stanis\u0142aw<br>Wiechetek Jan<br>Wit Piotr<br>Witkowska Iwona<br>Wojcieszak Aleksandra<br>Wolska Renata<br>Wo\u017aniak Aldona<br>Zerka El\u017cbieta<\/p>\n<\/div>\n<\/div>\n<\/div><\/div>\n","protected":false},"excerpt":{"rendered":"<p>Bancewicz DanutaBary\u0142a MariaBednarczuk IrenaBindas IrenaBobik ZofiaBoja\u0144ski JanuszButrymowski MarekCie\u015bla MariolaCzesul JaninaCzesyk UrszulaDepa MartaDrozd LiliaDussel ArturDziedzicz IrenaDzierbicka LiliaFedorowska JolantaGli\u0144ska KrystynaG\u00f3rnik PiotrGrabowska JolantaGrabowska LiliannaGralak El\u017cbietaGromu\u0142 KrystynaHo\u0142ota IrenaJagie\u0142\u0142o AnnaJania UrszulaJasi\u0144ski PiotrJuszko JanKawecka Ma\u0142gorzataKinal Gra\u017cynaKleszewski [&hellip;]<\/p>\n","protected":false},"author":11,"featured_media":0,"parent":0,"menu_order":0,"comment_status":"closed","ping_status":"closed","template":"","meta":{"footnotes":""},"class_list":["post-10759","page","type-page","status-publish","hentry"],"yoast_head":"<!-- This site is optimized with the Yoast SEO plugin v20.13 - https:\/\/yoast.com\/wordpress\/plugins\/seo\/ -->\n<title>Rok 1980 - ZSP w Chojnie<\/title>\n<meta name=\"robots\" content=\"index, follow, max-snippet:-1, max-image-preview:large, max-video-preview:-1\" \/>\n<link rel=\"canonical\" href=\"https:\/\/zsp1chojna.pl\/?page_id=10759\" \/>\n<meta property=\"og:locale\" content=\"pl_PL\" \/>\n<meta property=\"og:type\" content=\"article\" \/>\n<meta property=\"og:title\" content=\"Rok 1980 - ZSP w Chojnie\" \/>\n<meta property=\"og:description\" content=\"Bancewicz DanutaBary\u0142a MariaBednarczuk IrenaBindas IrenaBobik ZofiaBoja\u0144ski JanuszButrymowski MarekCie\u015bla MariolaCzesul JaninaCzesyk UrszulaDepa MartaDrozd LiliaDussel ArturDziedzicz IrenaDzierbicka LiliaFedorowska JolantaGli\u0144ska KrystynaG\u00f3rnik PiotrGrabowska JolantaGrabowska LiliannaGralak El\u017cbietaGromu\u0142 KrystynaHo\u0142ota IrenaJagie\u0142\u0142o AnnaJania UrszulaJasi\u0144ski PiotrJuszko JanKawecka Ma\u0142gorzataKinal Gra\u017cynaKleszewski [&hellip;]\" \/>\n<meta property=\"og:url\" content=\"https:\/\/zsp1chojna.pl\/?page_id=10759\" \/>\n<meta property=\"og:site_name\" content=\"ZSP w Chojnie\" \/>\n<meta property=\"article:modified_time\" content=\"2024-10-28T07:52:20+00:00\" \/>\n<meta name=\"twitter:card\" content=\"summary_large_image\" \/>\n<meta name=\"twitter:label1\" content=\"Szacowany czas czytania\" \/>\n\t<meta name=\"twitter:data1\" content=\"2 minuty\" \/>\n<script type=\"application\/ld+json\" class=\"yoast-schema-graph\">{\"@context\":\"https:\/\/schema.org\",\"@graph\":[{\"@type\":\"WebPage\",\"@id\":\"https:\/\/zsp1chojna.pl\/?page_id=10759\",\"url\":\"https:\/\/zsp1chojna.pl\/?page_id=10759\",\"name\":\"Rok 1980 - ZSP w Chojnie\",\"isPartOf\":{\"@id\":\"https:\/\/zsp1chojna.pl\/#website\"},\"datePublished\":\"2024-10-28T07:52:19+00:00\",\"dateModified\":\"2024-10-28T07:52:20+00:00\",\"breadcrumb\":{\"@id\":\"https:\/\/zsp1chojna.pl\/?page_id=10759#breadcrumb\"},\"inLanguage\":\"pl-PL\",\"potentialAction\":[{\"@type\":\"ReadAction\",\"target\":[\"https:\/\/zsp1chojna.pl\/?page_id=10759\"]}]},{\"@type\":\"BreadcrumbList\",\"@id\":\"https:\/\/zsp1chojna.pl\/?page_id=10759#breadcrumb\",\"itemListElement\":[{\"@type\":\"ListItem\",\"position\":1,\"name\":\"Home\",\"item\":\"https:\/\/zsp1chojna.pl\/\"},{\"@type\":\"ListItem\",\"position\":2,\"name\":\"Rok 1980\"}]},{\"@type\":\"WebSite\",\"@id\":\"https:\/\/zsp1chojna.pl\/#website\",\"url\":\"https:\/\/zsp1chojna.pl\/\",\"name\":\"ZSP w Chojnie\",\"description\":\"\",\"publisher\":{\"@id\":\"https:\/\/zsp1chojna.pl\/#organization\"},\"potentialAction\":[{\"@type\":\"SearchAction\",\"target\":{\"@type\":\"EntryPoint\",\"urlTemplate\":\"https:\/\/zsp1chojna.pl\/?s={search_term_string}\"},\"query-input\":\"required name=search_term_string\"}],\"inLanguage\":\"pl-PL\"},{\"@type\":\"Organization\",\"@id\":\"https:\/\/zsp1chojna.pl\/#organization\",\"name\":\"ZSP w Chojnie\",\"url\":\"https:\/\/zsp1chojna.pl\/\",\"logo\":{\"@type\":\"ImageObject\",\"inLanguage\":\"pl-PL\",\"@id\":\"https:\/\/zsp1chojna.pl\/#\/schema\/logo\/image\/\",\"url\":\"https:\/\/zsp1chojna.pl\/wp-content\/uploads\/2023\/08\/cropped-cropped-cropped-Logo-biale-napis-na-3-wiersze_504-1.png\",\"contentUrl\":\"https:\/\/zsp1chojna.pl\/wp-content\/uploads\/2023\/08\/cropped-cropped-cropped-Logo-biale-napis-na-3-wiersze_504-1.png\",\"width\":504,\"height\":167,\"caption\":\"ZSP w Chojnie\"},\"image\":{\"@id\":\"https:\/\/zsp1chojna.pl\/#\/schema\/logo\/image\/\"}}]}<\/script>\n<!-- \/ Yoast SEO plugin. -->","yoast_head_json":{"title":"Rok 1980 - ZSP w Chojnie","robots":{"index":"index","follow":"follow","max-snippet":"max-snippet:-1","max-image-preview":"max-image-preview:large","max-video-preview":"max-video-preview:-1"},"canonical":"https:\/\/zsp1chojna.pl\/?page_id=10759","og_locale":"pl_PL","og_type":"article","og_title":"Rok 1980 - ZSP w Chojnie","og_description":"Bancewicz DanutaBary\u0142a MariaBednarczuk IrenaBindas IrenaBobik ZofiaBoja\u0144ski JanuszButrymowski MarekCie\u015bla MariolaCzesul JaninaCzesyk UrszulaDepa MartaDrozd LiliaDussel ArturDziedzicz IrenaDzierbicka LiliaFedorowska JolantaGli\u0144ska KrystynaG\u00f3rnik PiotrGrabowska JolantaGrabowska LiliannaGralak El\u017cbietaGromu\u0142 KrystynaHo\u0142ota IrenaJagie\u0142\u0142o AnnaJania UrszulaJasi\u0144ski PiotrJuszko JanKawecka Ma\u0142gorzataKinal Gra\u017cynaKleszewski [&hellip;]","og_url":"https:\/\/zsp1chojna.pl\/?page_id=10759","og_site_name":"ZSP w Chojnie","article_modified_time":"2024-10-28T07:52:20+00:00","twitter_card":"summary_large_image","twitter_misc":{"Szacowany czas czytania":"2 minuty"},"schema":{"@context":"https:\/\/schema.org","@graph":[{"@type":"WebPage","@id":"https:\/\/zsp1chojna.pl\/?page_id=10759","url":"https:\/\/zsp1chojna.pl\/?page_id=10759","name":"Rok 1980 - ZSP w Chojnie","isPartOf":{"@id":"https:\/\/zsp1chojna.pl\/#website"},"datePublished":"2024-10-28T07:52:19+00:00","dateModified":"2024-10-28T07:52:20+00:00","breadcrumb":{"@id":"https:\/\/zsp1chojna.pl\/?page_id=10759#breadcrumb"},"inLanguage":"pl-PL","potentialAction":[{"@type":"ReadAction","target":["https:\/\/zsp1chojna.pl\/?page_id=10759"]}]},{"@type":"BreadcrumbList","@id":"https:\/\/zsp1chojna.pl\/?page_id=10759#breadcrumb","itemListElement":[{"@type":"ListItem","position":1,"name":"Home","item":"https:\/\/zsp1chojna.pl\/"},{"@type":"ListItem","position":2,"name":"Rok 1980"}]},{"@type":"WebSite","@id":"https:\/\/zsp1chojna.pl\/#website","url":"https:\/\/zsp1chojna.pl\/","name":"ZSP w Chojnie","description":"","publisher":{"@id":"https:\/\/zsp1chojna.pl\/#organization"},"potentialAction":[{"@type":"SearchAction","target":{"@type":"EntryPoint","urlTemplate":"https:\/\/zsp1chojna.pl\/?s={search_term_string}"},"query-input":"required name=search_term_string"}],"inLanguage":"pl-PL"},{"@type":"Organization","@id":"https:\/\/zsp1chojna.pl\/#organization","name":"ZSP w Chojnie","url":"https:\/\/zsp1chojna.pl\/","logo":{"@type":"ImageObject","inLanguage":"pl-PL","@id":"https:\/\/zsp1chojna.pl\/#\/schema\/logo\/image\/","url":"https:\/\/zsp1chojna.pl\/wp-content\/uploads\/2023\/08\/cropped-cropped-cropped-Logo-biale-napis-na-3-wiersze_504-1.png","contentUrl":"https:\/\/zsp1chojna.pl\/wp-content\/uploads\/2023\/08\/cropped-cropped-cropped-Logo-biale-napis-na-3-wiersze_504-1.png","width":504,"height":167,"caption":"ZSP w Chojnie"},"image":{"@id":"https:\/\/zsp1chojna.pl\/#\/schema\/logo\/image\/"}}]}},"_links":{"self":[{"href":"https:\/\/zsp1chojna.pl\/index.php?rest_route=\/wp\/v2\/pages\/10759","targetHints":{"allow":["GET"]}}],"collection":[{"href":"https:\/\/zsp1chojna.pl\/index.php?rest_route=\/wp\/v2\/pages"}],"about":[{"href":"https:\/\/zsp1chojna.pl\/index.php?rest_route=\/wp\/v2\/types\/page"}],"author":[{"embeddable":true,"href":"https:\/\/zsp1chojna.pl\/index.php?rest_route=\/wp\/v2\/users\/11"}],"replies":[{"embeddable":true,"href":"https:\/\/zsp1chojna.pl\/index.php?rest_route=%2Fwp%2Fv2%2Fcomments&post=10759"}],"version-history":[{"count":1,"href":"https:\/\/zsp1chojna.pl\/index.php?rest_route=\/wp\/v2\/pages\/10759\/revisions"}],"predecessor-version":[{"id":10762,"href":"https:\/\/zsp1chojna.pl\/index.php?rest_route=\/wp\/v2\/pages\/10759\/revisions\/10762"}],"wp:attachment":[{"href":"https:\/\/zsp1chojna.pl\/index.php?rest_route=%2Fwp%2Fv2%2Fmedia&parent=10759"}],"curies":[{"name":"wp","href":"https:\/\/api.w.org\/{rel}","templated":true}]}}