{"id":10745,"date":"2024-10-28T08:46:09","date_gmt":"2024-10-28T07:46:09","guid":{"rendered":"https:\/\/zsp1chojna.pl\/?page_id=10745"},"modified":"2024-10-28T08:46:10","modified_gmt":"2024-10-28T07:46:10","slug":"rok-1983","status":"publish","type":"page","link":"https:\/\/zsp1chojna.pl\/?page_id=10745","title":{"rendered":"Rok 1983"},"content":{"rendered":"<style>.kadence-column10745_2b0c0b-7a > .kt-inside-inner-col,.kadence-column10745_2b0c0b-7a > .kt-inside-inner-col:before{border-top-left-radius:0px;border-top-right-radius:0px;border-bottom-right-radius:0px;border-bottom-left-radius:0px;}.kadence-column10745_2b0c0b-7a > .kt-inside-inner-col:before{opacity:0.3;}.kadence-column10745_2b0c0b-7a{position:relative;}<\/style>\n<div class=\"wp-block-kadence-column kadence-column10745_2b0c0b-7a\"><div class=\"kt-inside-inner-col\">\n<div class=\"wp-block-columns is-layout-flex wp-container-core-columns-is-layout-9d6595d7 wp-block-columns-is-layout-flex\">\n<div class=\"wp-block-column is-layout-flow wp-block-column-is-layout-flow\">\n<p>Abramowicz Jolanta<br>Bartos Dorota<br>Borkowska Anna<br>Curzyd\u0142o Dorota<br>Dorna El\u017cbieta<br>Dukarski Marian<br>Gaca Hanna<br>Gers Joanna<br>Gmys Bo\u017cena<br>Hreczy\u0144ska Barbara<br>Jankowska Anna<br>Jankowska Danuta<br>Jankowska Ewa<br>Jaz Wioletta<br>Karpi\u0144ski Mariusz<br>Ka\u017amierczyk Dariusz<br>Kowalczuk Stanis\u0142awa<br>Lach Jolanta<br>Lach Ma\u0142gorzata<br>Mazurkiewicz Ewa<br>Nadka\u0144ska Danuta<br>Nadolska Jolanta<br>Niewczas Beata<br>Niewiadomska Maria<br>Nowak Andrzej<br>Nowak Lilla<\/p>\n<\/div>\n\n\n\n<div class=\"wp-block-column is-layout-flow wp-block-column-is-layout-flow\">\n<p>Ogonowska Barbara<br>Ograbek Iwona<br>Olearczyk Mariusz<br>Olechowska El\u017cbieta<br>Paulski Janusz<br>Paszek Piotr<br>Pietrusiak Adrianna<br>Przybysz Jolanta<br>Rzo\u0144ca Adam<br>Rzo\u0144ca Jolanta<br>Siekiewicz Brigida<br>Sierpowska Cecylia<br>Szapkowska Monika<br>Szewczyk Bogus\u0142aw<br>Szyd\u0142o Agnieszka<br>\u015aliwi\u0144ska Maria<br>Tracz El\u017cbieta<br>Wal\u0119cka Renata<br>Wawrzy\u0144czyk Beata<br>Wojcieszek Tadeusz<br>Wolna Gra\u017cyna<br>W\u00f3jcik Jolanta<br>Zaradzka Cecylia<br>Zarzycka Ma\u0142gorzata<br>Ziobrowska Dorota<br>Zi\u00f3\u0142kowska Gabriela<br>\u017barkowski Dariusz<br>\u017bygad\u0142o Helena<br>\u017bygad\u0142o Wies\u0142awa<\/p>\n<\/div>\n<\/div>\n<\/div><\/div>\n","protected":false},"excerpt":{"rendered":"<p>Abramowicz JolantaBartos DorotaBorkowska AnnaCurzyd\u0142o DorotaDorna El\u017cbietaDukarski MarianGaca HannaGers JoannaGmys Bo\u017cenaHreczy\u0144ska BarbaraJankowska AnnaJankowska DanutaJankowska EwaJaz WiolettaKarpi\u0144ski MariuszKa\u017amierczyk DariuszKowalczuk Stanis\u0142awaLach JolantaLach Ma\u0142gorzataMazurkiewicz EwaNadka\u0144ska DanutaNadolska JolantaNiewczas BeataNiewiadomska MariaNowak AndrzejNowak Lilla Ogonowska BarbaraOgrabek IwonaOlearczyk [&hellip;]<\/p>\n","protected":false},"author":11,"featured_media":0,"parent":0,"menu_order":0,"comment_status":"closed","ping_status":"closed","template":"","meta":{"footnotes":""},"class_list":["post-10745","page","type-page","status-publish","hentry"],"yoast_head":"<!-- This site is optimized with the Yoast SEO plugin v20.13 - https:\/\/yoast.com\/wordpress\/plugins\/seo\/ -->\n<title>Rok 1983 - ZSP w Chojnie<\/title>\n<meta name=\"robots\" content=\"index, follow, max-snippet:-1, max-image-preview:large, max-video-preview:-1\" \/>\n<link rel=\"canonical\" href=\"https:\/\/zsp1chojna.pl\/?page_id=10745\" \/>\n<meta property=\"og:locale\" content=\"pl_PL\" \/>\n<meta property=\"og:type\" content=\"article\" \/>\n<meta property=\"og:title\" content=\"Rok 1983 - ZSP w Chojnie\" \/>\n<meta property=\"og:description\" content=\"Abramowicz JolantaBartos DorotaBorkowska AnnaCurzyd\u0142o DorotaDorna El\u017cbietaDukarski MarianGaca HannaGers JoannaGmys Bo\u017cenaHreczy\u0144ska BarbaraJankowska AnnaJankowska DanutaJankowska EwaJaz WiolettaKarpi\u0144ski MariuszKa\u017amierczyk DariuszKowalczuk Stanis\u0142awaLach JolantaLach Ma\u0142gorzataMazurkiewicz EwaNadka\u0144ska DanutaNadolska JolantaNiewczas BeataNiewiadomska MariaNowak AndrzejNowak Lilla Ogonowska BarbaraOgrabek IwonaOlearczyk [&hellip;]\" \/>\n<meta property=\"og:url\" content=\"https:\/\/zsp1chojna.pl\/?page_id=10745\" \/>\n<meta property=\"og:site_name\" content=\"ZSP w Chojnie\" \/>\n<meta property=\"article:modified_time\" content=\"2024-10-28T07:46:10+00:00\" \/>\n<meta name=\"twitter:card\" content=\"summary_large_image\" \/>\n<meta name=\"twitter:label1\" content=\"Szacowany czas czytania\" \/>\n\t<meta name=\"twitter:data1\" content=\"1 minuta\" \/>\n<script type=\"application\/ld+json\" class=\"yoast-schema-graph\">{\"@context\":\"https:\/\/schema.org\",\"@graph\":[{\"@type\":\"WebPage\",\"@id\":\"https:\/\/zsp1chojna.pl\/?page_id=10745\",\"url\":\"https:\/\/zsp1chojna.pl\/?page_id=10745\",\"name\":\"Rok 1983 - ZSP w Chojnie\",\"isPartOf\":{\"@id\":\"https:\/\/zsp1chojna.pl\/#website\"},\"datePublished\":\"2024-10-28T07:46:09+00:00\",\"dateModified\":\"2024-10-28T07:46:10+00:00\",\"breadcrumb\":{\"@id\":\"https:\/\/zsp1chojna.pl\/?page_id=10745#breadcrumb\"},\"inLanguage\":\"pl-PL\",\"potentialAction\":[{\"@type\":\"ReadAction\",\"target\":[\"https:\/\/zsp1chojna.pl\/?page_id=10745\"]}]},{\"@type\":\"BreadcrumbList\",\"@id\":\"https:\/\/zsp1chojna.pl\/?page_id=10745#breadcrumb\",\"itemListElement\":[{\"@type\":\"ListItem\",\"position\":1,\"name\":\"Home\",\"item\":\"https:\/\/zsp1chojna.pl\/\"},{\"@type\":\"ListItem\",\"position\":2,\"name\":\"Rok 1983\"}]},{\"@type\":\"WebSite\",\"@id\":\"https:\/\/zsp1chojna.pl\/#website\",\"url\":\"https:\/\/zsp1chojna.pl\/\",\"name\":\"ZSP w Chojnie\",\"description\":\"\",\"publisher\":{\"@id\":\"https:\/\/zsp1chojna.pl\/#organization\"},\"potentialAction\":[{\"@type\":\"SearchAction\",\"target\":{\"@type\":\"EntryPoint\",\"urlTemplate\":\"https:\/\/zsp1chojna.pl\/?s={search_term_string}\"},\"query-input\":\"required name=search_term_string\"}],\"inLanguage\":\"pl-PL\"},{\"@type\":\"Organization\",\"@id\":\"https:\/\/zsp1chojna.pl\/#organization\",\"name\":\"ZSP w Chojnie\",\"url\":\"https:\/\/zsp1chojna.pl\/\",\"logo\":{\"@type\":\"ImageObject\",\"inLanguage\":\"pl-PL\",\"@id\":\"https:\/\/zsp1chojna.pl\/#\/schema\/logo\/image\/\",\"url\":\"https:\/\/zsp1chojna.pl\/wp-content\/uploads\/2023\/08\/cropped-cropped-cropped-Logo-biale-napis-na-3-wiersze_504-1.png\",\"contentUrl\":\"https:\/\/zsp1chojna.pl\/wp-content\/uploads\/2023\/08\/cropped-cropped-cropped-Logo-biale-napis-na-3-wiersze_504-1.png\",\"width\":504,\"height\":167,\"caption\":\"ZSP w Chojnie\"},\"image\":{\"@id\":\"https:\/\/zsp1chojna.pl\/#\/schema\/logo\/image\/\"}}]}<\/script>\n<!-- \/ Yoast SEO plugin. -->","yoast_head_json":{"title":"Rok 1983 - ZSP w Chojnie","robots":{"index":"index","follow":"follow","max-snippet":"max-snippet:-1","max-image-preview":"max-image-preview:large","max-video-preview":"max-video-preview:-1"},"canonical":"https:\/\/zsp1chojna.pl\/?page_id=10745","og_locale":"pl_PL","og_type":"article","og_title":"Rok 1983 - ZSP w Chojnie","og_description":"Abramowicz JolantaBartos DorotaBorkowska AnnaCurzyd\u0142o DorotaDorna El\u017cbietaDukarski MarianGaca HannaGers JoannaGmys Bo\u017cenaHreczy\u0144ska BarbaraJankowska AnnaJankowska DanutaJankowska EwaJaz WiolettaKarpi\u0144ski MariuszKa\u017amierczyk DariuszKowalczuk Stanis\u0142awaLach JolantaLach Ma\u0142gorzataMazurkiewicz EwaNadka\u0144ska DanutaNadolska JolantaNiewczas BeataNiewiadomska MariaNowak AndrzejNowak Lilla Ogonowska BarbaraOgrabek IwonaOlearczyk [&hellip;]","og_url":"https:\/\/zsp1chojna.pl\/?page_id=10745","og_site_name":"ZSP w Chojnie","article_modified_time":"2024-10-28T07:46:10+00:00","twitter_card":"summary_large_image","twitter_misc":{"Szacowany czas czytania":"1 minuta"},"schema":{"@context":"https:\/\/schema.org","@graph":[{"@type":"WebPage","@id":"https:\/\/zsp1chojna.pl\/?page_id=10745","url":"https:\/\/zsp1chojna.pl\/?page_id=10745","name":"Rok 1983 - ZSP w Chojnie","isPartOf":{"@id":"https:\/\/zsp1chojna.pl\/#website"},"datePublished":"2024-10-28T07:46:09+00:00","dateModified":"2024-10-28T07:46:10+00:00","breadcrumb":{"@id":"https:\/\/zsp1chojna.pl\/?page_id=10745#breadcrumb"},"inLanguage":"pl-PL","potentialAction":[{"@type":"ReadAction","target":["https:\/\/zsp1chojna.pl\/?page_id=10745"]}]},{"@type":"BreadcrumbList","@id":"https:\/\/zsp1chojna.pl\/?page_id=10745#breadcrumb","itemListElement":[{"@type":"ListItem","position":1,"name":"Home","item":"https:\/\/zsp1chojna.pl\/"},{"@type":"ListItem","position":2,"name":"Rok 1983"}]},{"@type":"WebSite","@id":"https:\/\/zsp1chojna.pl\/#website","url":"https:\/\/zsp1chojna.pl\/","name":"ZSP w Chojnie","description":"","publisher":{"@id":"https:\/\/zsp1chojna.pl\/#organization"},"potentialAction":[{"@type":"SearchAction","target":{"@type":"EntryPoint","urlTemplate":"https:\/\/zsp1chojna.pl\/?s={search_term_string}"},"query-input":"required name=search_term_string"}],"inLanguage":"pl-PL"},{"@type":"Organization","@id":"https:\/\/zsp1chojna.pl\/#organization","name":"ZSP w Chojnie","url":"https:\/\/zsp1chojna.pl\/","logo":{"@type":"ImageObject","inLanguage":"pl-PL","@id":"https:\/\/zsp1chojna.pl\/#\/schema\/logo\/image\/","url":"https:\/\/zsp1chojna.pl\/wp-content\/uploads\/2023\/08\/cropped-cropped-cropped-Logo-biale-napis-na-3-wiersze_504-1.png","contentUrl":"https:\/\/zsp1chojna.pl\/wp-content\/uploads\/2023\/08\/cropped-cropped-cropped-Logo-biale-napis-na-3-wiersze_504-1.png","width":504,"height":167,"caption":"ZSP w Chojnie"},"image":{"@id":"https:\/\/zsp1chojna.pl\/#\/schema\/logo\/image\/"}}]}},"_links":{"self":[{"href":"https:\/\/zsp1chojna.pl\/index.php?rest_route=\/wp\/v2\/pages\/10745","targetHints":{"allow":["GET"]}}],"collection":[{"href":"https:\/\/zsp1chojna.pl\/index.php?rest_route=\/wp\/v2\/pages"}],"about":[{"href":"https:\/\/zsp1chojna.pl\/index.php?rest_route=\/wp\/v2\/types\/page"}],"author":[{"embeddable":true,"href":"https:\/\/zsp1chojna.pl\/index.php?rest_route=\/wp\/v2\/users\/11"}],"replies":[{"embeddable":true,"href":"https:\/\/zsp1chojna.pl\/index.php?rest_route=%2Fwp%2Fv2%2Fcomments&post=10745"}],"version-history":[{"count":1,"href":"https:\/\/zsp1chojna.pl\/index.php?rest_route=\/wp\/v2\/pages\/10745\/revisions"}],"predecessor-version":[{"id":10748,"href":"https:\/\/zsp1chojna.pl\/index.php?rest_route=\/wp\/v2\/pages\/10745\/revisions\/10748"}],"wp:attachment":[{"href":"https:\/\/zsp1chojna.pl\/index.php?rest_route=%2Fwp%2Fv2%2Fmedia&parent=10745"}],"curies":[{"name":"wp","href":"https:\/\/api.w.org\/{rel}","templated":true}]}}