{"id":10739,"date":"2024-10-28T08:44:22","date_gmt":"2024-10-28T07:44:22","guid":{"rendered":"https:\/\/zsp1chojna.pl\/?page_id=10739"},"modified":"2024-10-28T08:44:23","modified_gmt":"2024-10-28T07:44:23","slug":"rok-1984","status":"publish","type":"page","link":"https:\/\/zsp1chojna.pl\/?page_id=10739","title":{"rendered":"Rok 1984"},"content":{"rendered":"\n<p><\/p>\n\n\n<style>.kadence-column10739_f3e4c1-d1 > .kt-inside-inner-col,.kadence-column10739_f3e4c1-d1 > .kt-inside-inner-col:before{border-top-left-radius:0px;border-top-right-radius:0px;border-bottom-right-radius:0px;border-bottom-left-radius:0px;}.kadence-column10739_f3e4c1-d1 > .kt-inside-inner-col:before{opacity:0.3;}.kadence-column10739_f3e4c1-d1{position:relative;}<\/style>\n<div class=\"wp-block-kadence-column kadence-column10739_f3e4c1-d1\"><div class=\"kt-inside-inner-col\">\n<div class=\"wp-block-columns is-layout-flex wp-container-core-columns-is-layout-9d6595d7 wp-block-columns-is-layout-flex\">\n<div class=\"wp-block-column is-layout-flow wp-block-column-is-layout-flow\">\n<p>Bonkowska Leokadia<br>Bednarczuk Bo\u017cena<br>Bilan Lidia<br>Boja\u0144ska Ma\u0142gorzata<br>Ciesielska Krystyna<br>Czesyk Lucyna<br>G\u0119sicki Piotr<br>Gralak Arkadiusz<br>Hajduk Bogdan<br>Janiak Piotr<br>Jarosz Ma\u0142gorzata<br>Jasi\u0144ski Jan<br>Ja\u015bkiewicz Alicja<br>J\u00f3zefacka Wies\u0142awa<br>Kalarus Jacek<br>Karczewicz Marzena<br>Kisielewska Gra\u017cyna<br>Klisowska Janina<br>K\u0142apouch Witold<br>Komorzycki Bogdan<br>Korban Wies\u0142awa<br>Kowalczyk Jolanta<br>Ko\u017cuszek Jolanta<br>Kwa\u015bniewska Ewa<br>Lemke Dorota<br>Lewczuk Miros\u0142awa<\/p>\n<\/div>\n\n\n\n<div class=\"wp-block-column is-layout-flow wp-block-column-is-layout-flow\">\n<p>Liman\u00f3wka Anna<br>Marchewka Regina<br>Melecha Stanis\u0142aw<br>O\u015bka Janusz<br>O\u017carowska Dorota<br>Panek Dariusz<br>Pawlicka Renata<br>Pelc Regina<br>Pie\u0144kowska Stanis\u0142awa<br>Piskorowska Brygida<br>Prus Jacek<br>Racka Teresa<br>Sakowska Wies\u0142awa<br>Skotnicka Gra\u017cyna<br>Skotnicka Krystyna<br>Sokulska Urszula<br>Sok\u00f3lski Jan<br>Stankiewicz Jolanta<br>Syguda Halina<br>Szczerba S\u0142awomir<br>Szeremeta Jacek<br>Szewczyk Renata<br>\u015aliwi\u0144ska Bo\u017cena<br>Walczak Janusz<br>Wiechetek Miros\u0142awa<br>Woja Mariusz<br>Wo\u017anicki Piotr<\/p>\n<\/div>\n<\/div>\n<\/div><\/div>\n","protected":false},"excerpt":{"rendered":"<p>Bonkowska LeokadiaBednarczuk Bo\u017cenaBilan LidiaBoja\u0144ska Ma\u0142gorzataCiesielska KrystynaCzesyk LucynaG\u0119sicki PiotrGralak ArkadiuszHajduk BogdanJaniak PiotrJarosz Ma\u0142gorzataJasi\u0144ski JanJa\u015bkiewicz AlicjaJ\u00f3zefacka Wies\u0142awaKalarus JacekKarczewicz MarzenaKisielewska Gra\u017cynaKlisowska JaninaK\u0142apouch WitoldKomorzycki BogdanKorban Wies\u0142awaKowalczyk JolantaKo\u017cuszek JolantaKwa\u015bniewska EwaLemke DorotaLewczuk Miros\u0142awa Liman\u00f3wka AnnaMarchewka ReginaMelecha [&hellip;]<\/p>\n","protected":false},"author":11,"featured_media":0,"parent":0,"menu_order":0,"comment_status":"closed","ping_status":"closed","template":"","meta":{"footnotes":""},"class_list":["post-10739","page","type-page","status-publish","hentry"],"yoast_head":"<!-- This site is optimized with the Yoast SEO plugin v20.13 - https:\/\/yoast.com\/wordpress\/plugins\/seo\/ -->\n<title>Rok 1984 - ZSP w Chojnie<\/title>\n<meta name=\"robots\" content=\"index, follow, max-snippet:-1, max-image-preview:large, max-video-preview:-1\" \/>\n<link rel=\"canonical\" href=\"https:\/\/zsp1chojna.pl\/?page_id=10739\" \/>\n<meta property=\"og:locale\" content=\"pl_PL\" \/>\n<meta property=\"og:type\" content=\"article\" \/>\n<meta property=\"og:title\" content=\"Rok 1984 - ZSP w Chojnie\" \/>\n<meta property=\"og:description\" content=\"Bonkowska LeokadiaBednarczuk Bo\u017cenaBilan LidiaBoja\u0144ska Ma\u0142gorzataCiesielska KrystynaCzesyk LucynaG\u0119sicki PiotrGralak ArkadiuszHajduk BogdanJaniak PiotrJarosz Ma\u0142gorzataJasi\u0144ski JanJa\u015bkiewicz AlicjaJ\u00f3zefacka Wies\u0142awaKalarus JacekKarczewicz MarzenaKisielewska Gra\u017cynaKlisowska JaninaK\u0142apouch WitoldKomorzycki BogdanKorban Wies\u0142awaKowalczyk JolantaKo\u017cuszek JolantaKwa\u015bniewska EwaLemke DorotaLewczuk Miros\u0142awa Liman\u00f3wka AnnaMarchewka ReginaMelecha [&hellip;]\" \/>\n<meta property=\"og:url\" content=\"https:\/\/zsp1chojna.pl\/?page_id=10739\" \/>\n<meta property=\"og:site_name\" content=\"ZSP w Chojnie\" \/>\n<meta property=\"article:modified_time\" content=\"2024-10-28T07:44:23+00:00\" \/>\n<meta name=\"twitter:card\" content=\"summary_large_image\" \/>\n<meta name=\"twitter:label1\" content=\"Szacowany czas czytania\" \/>\n\t<meta name=\"twitter:data1\" content=\"1 minuta\" \/>\n<script type=\"application\/ld+json\" class=\"yoast-schema-graph\">{\"@context\":\"https:\/\/schema.org\",\"@graph\":[{\"@type\":\"WebPage\",\"@id\":\"https:\/\/zsp1chojna.pl\/?page_id=10739\",\"url\":\"https:\/\/zsp1chojna.pl\/?page_id=10739\",\"name\":\"Rok 1984 - ZSP w Chojnie\",\"isPartOf\":{\"@id\":\"https:\/\/zsp1chojna.pl\/#website\"},\"datePublished\":\"2024-10-28T07:44:22+00:00\",\"dateModified\":\"2024-10-28T07:44:23+00:00\",\"breadcrumb\":{\"@id\":\"https:\/\/zsp1chojna.pl\/?page_id=10739#breadcrumb\"},\"inLanguage\":\"pl-PL\",\"potentialAction\":[{\"@type\":\"ReadAction\",\"target\":[\"https:\/\/zsp1chojna.pl\/?page_id=10739\"]}]},{\"@type\":\"BreadcrumbList\",\"@id\":\"https:\/\/zsp1chojna.pl\/?page_id=10739#breadcrumb\",\"itemListElement\":[{\"@type\":\"ListItem\",\"position\":1,\"name\":\"Home\",\"item\":\"https:\/\/zsp1chojna.pl\/\"},{\"@type\":\"ListItem\",\"position\":2,\"name\":\"Rok 1984\"}]},{\"@type\":\"WebSite\",\"@id\":\"https:\/\/zsp1chojna.pl\/#website\",\"url\":\"https:\/\/zsp1chojna.pl\/\",\"name\":\"ZSP w Chojnie\",\"description\":\"\",\"publisher\":{\"@id\":\"https:\/\/zsp1chojna.pl\/#organization\"},\"potentialAction\":[{\"@type\":\"SearchAction\",\"target\":{\"@type\":\"EntryPoint\",\"urlTemplate\":\"https:\/\/zsp1chojna.pl\/?s={search_term_string}\"},\"query-input\":\"required name=search_term_string\"}],\"inLanguage\":\"pl-PL\"},{\"@type\":\"Organization\",\"@id\":\"https:\/\/zsp1chojna.pl\/#organization\",\"name\":\"ZSP w Chojnie\",\"url\":\"https:\/\/zsp1chojna.pl\/\",\"logo\":{\"@type\":\"ImageObject\",\"inLanguage\":\"pl-PL\",\"@id\":\"https:\/\/zsp1chojna.pl\/#\/schema\/logo\/image\/\",\"url\":\"https:\/\/zsp1chojna.pl\/wp-content\/uploads\/2023\/08\/cropped-cropped-cropped-Logo-biale-napis-na-3-wiersze_504-1.png\",\"contentUrl\":\"https:\/\/zsp1chojna.pl\/wp-content\/uploads\/2023\/08\/cropped-cropped-cropped-Logo-biale-napis-na-3-wiersze_504-1.png\",\"width\":504,\"height\":167,\"caption\":\"ZSP w Chojnie\"},\"image\":{\"@id\":\"https:\/\/zsp1chojna.pl\/#\/schema\/logo\/image\/\"}}]}<\/script>\n<!-- \/ Yoast SEO plugin. -->","yoast_head_json":{"title":"Rok 1984 - ZSP w Chojnie","robots":{"index":"index","follow":"follow","max-snippet":"max-snippet:-1","max-image-preview":"max-image-preview:large","max-video-preview":"max-video-preview:-1"},"canonical":"https:\/\/zsp1chojna.pl\/?page_id=10739","og_locale":"pl_PL","og_type":"article","og_title":"Rok 1984 - ZSP w Chojnie","og_description":"Bonkowska LeokadiaBednarczuk Bo\u017cenaBilan LidiaBoja\u0144ska Ma\u0142gorzataCiesielska KrystynaCzesyk LucynaG\u0119sicki PiotrGralak ArkadiuszHajduk BogdanJaniak PiotrJarosz Ma\u0142gorzataJasi\u0144ski JanJa\u015bkiewicz AlicjaJ\u00f3zefacka Wies\u0142awaKalarus JacekKarczewicz MarzenaKisielewska Gra\u017cynaKlisowska JaninaK\u0142apouch WitoldKomorzycki BogdanKorban Wies\u0142awaKowalczyk JolantaKo\u017cuszek JolantaKwa\u015bniewska EwaLemke DorotaLewczuk Miros\u0142awa Liman\u00f3wka AnnaMarchewka ReginaMelecha [&hellip;]","og_url":"https:\/\/zsp1chojna.pl\/?page_id=10739","og_site_name":"ZSP w Chojnie","article_modified_time":"2024-10-28T07:44:23+00:00","twitter_card":"summary_large_image","twitter_misc":{"Szacowany czas czytania":"1 minuta"},"schema":{"@context":"https:\/\/schema.org","@graph":[{"@type":"WebPage","@id":"https:\/\/zsp1chojna.pl\/?page_id=10739","url":"https:\/\/zsp1chojna.pl\/?page_id=10739","name":"Rok 1984 - ZSP w Chojnie","isPartOf":{"@id":"https:\/\/zsp1chojna.pl\/#website"},"datePublished":"2024-10-28T07:44:22+00:00","dateModified":"2024-10-28T07:44:23+00:00","breadcrumb":{"@id":"https:\/\/zsp1chojna.pl\/?page_id=10739#breadcrumb"},"inLanguage":"pl-PL","potentialAction":[{"@type":"ReadAction","target":["https:\/\/zsp1chojna.pl\/?page_id=10739"]}]},{"@type":"BreadcrumbList","@id":"https:\/\/zsp1chojna.pl\/?page_id=10739#breadcrumb","itemListElement":[{"@type":"ListItem","position":1,"name":"Home","item":"https:\/\/zsp1chojna.pl\/"},{"@type":"ListItem","position":2,"name":"Rok 1984"}]},{"@type":"WebSite","@id":"https:\/\/zsp1chojna.pl\/#website","url":"https:\/\/zsp1chojna.pl\/","name":"ZSP w Chojnie","description":"","publisher":{"@id":"https:\/\/zsp1chojna.pl\/#organization"},"potentialAction":[{"@type":"SearchAction","target":{"@type":"EntryPoint","urlTemplate":"https:\/\/zsp1chojna.pl\/?s={search_term_string}"},"query-input":"required name=search_term_string"}],"inLanguage":"pl-PL"},{"@type":"Organization","@id":"https:\/\/zsp1chojna.pl\/#organization","name":"ZSP w Chojnie","url":"https:\/\/zsp1chojna.pl\/","logo":{"@type":"ImageObject","inLanguage":"pl-PL","@id":"https:\/\/zsp1chojna.pl\/#\/schema\/logo\/image\/","url":"https:\/\/zsp1chojna.pl\/wp-content\/uploads\/2023\/08\/cropped-cropped-cropped-Logo-biale-napis-na-3-wiersze_504-1.png","contentUrl":"https:\/\/zsp1chojna.pl\/wp-content\/uploads\/2023\/08\/cropped-cropped-cropped-Logo-biale-napis-na-3-wiersze_504-1.png","width":504,"height":167,"caption":"ZSP w Chojnie"},"image":{"@id":"https:\/\/zsp1chojna.pl\/#\/schema\/logo\/image\/"}}]}},"_links":{"self":[{"href":"https:\/\/zsp1chojna.pl\/index.php?rest_route=\/wp\/v2\/pages\/10739","targetHints":{"allow":["GET"]}}],"collection":[{"href":"https:\/\/zsp1chojna.pl\/index.php?rest_route=\/wp\/v2\/pages"}],"about":[{"href":"https:\/\/zsp1chojna.pl\/index.php?rest_route=\/wp\/v2\/types\/page"}],"author":[{"embeddable":true,"href":"https:\/\/zsp1chojna.pl\/index.php?rest_route=\/wp\/v2\/users\/11"}],"replies":[{"embeddable":true,"href":"https:\/\/zsp1chojna.pl\/index.php?rest_route=%2Fwp%2Fv2%2Fcomments&post=10739"}],"version-history":[{"count":1,"href":"https:\/\/zsp1chojna.pl\/index.php?rest_route=\/wp\/v2\/pages\/10739\/revisions"}],"predecessor-version":[{"id":10743,"href":"https:\/\/zsp1chojna.pl\/index.php?rest_route=\/wp\/v2\/pages\/10739\/revisions\/10743"}],"wp:attachment":[{"href":"https:\/\/zsp1chojna.pl\/index.php?rest_route=%2Fwp%2Fv2%2Fmedia&parent=10739"}],"curies":[{"name":"wp","href":"https:\/\/api.w.org\/{rel}","templated":true}]}}