{"id":10720,"date":"2024-10-28T08:44:56","date_gmt":"2024-10-28T07:44:56","guid":{"rendered":"https:\/\/zsp1chojna.pl\/?page_id=10720"},"modified":"2024-10-28T09:03:12","modified_gmt":"2024-10-28T08:03:12","slug":"rok-2012","status":"publish","type":"page","link":"https:\/\/zsp1chojna.pl\/?page_id=10720","title":{"rendered":"Rok 2012"},"content":{"rendered":"\n<p><\/p>\n\n\n<style>.kadence-column10720_773a84-ba > .kt-inside-inner-col{border-top-width:0px;border-right-width:0px;border-bottom-width:0px;border-left-width:0px;}.kadence-column10720_773a84-ba > .kt-inside-inner-col,.kadence-column10720_773a84-ba > .kt-inside-inner-col:before{border-top-left-radius:0px;border-top-right-radius:0px;border-bottom-right-radius:0px;border-bottom-left-radius:0px;}.kadence-column10720_773a84-ba > .kt-inside-inner-col:before{opacity:0.3;}.kadence-column10720_773a84-ba{position:relative;}<\/style>\n<div class=\"wp-block-kadence-column kadence-column10720_773a84-ba\"><div class=\"kt-inside-inner-col\">\n<div class=\"wp-block-columns is-layout-flex wp-container-core-columns-is-layout-9d6595d7 wp-block-columns-is-layout-flex\">\n<div class=\"wp-block-column is-layout-flow wp-block-column-is-layout-flow\">\n<p><strong>Klasa III a<\/strong><br><strong>Wychowawca mgr\u00a0Krzysztof Po\u015bniak<\/strong><br><br>Andrzejewski Pawe\u0142<br>Biernat Anna<br>Biniecka Ma\u0142gorzata<br>Bryl Kornelia<br>Burghardt Karina<br>Czapla Julita<br>Czuchrowska Klaudia<br>Drapaluk Dagmara<br>Figurek Weronika<br>Fr\u0105ckowiak Marta<br>Jaskulska Klaudia<br>Kagan Magdalena<br>Kasu\u0142a Klaudia<br>Lejmanowicz Renata<br>\u0141ugowa Eliza<br>Martyka Monika<br>Mazur Anna<br>Mazur Marta<br>Miko\u0142ajczyk Paulina<br>My\u015blisz Agata<br>Rogala Marta<br>Romacka Aleksandra<br>Skibi\u0144ska Karolina<br>S\u0142awi\u0144ska Agnieszka<br>Strycho\u0144 Micha\u0142<br>Szyszko Joanna<br>Tyczy\u0144ska Patrycja<br>Walkowiak Paulina<br>Zi\u0119tek Estera<br>\u017belichowska Aleksandra<\/p>\n<\/div>\n\n\n\n<div class=\"wp-block-column is-layout-flow wp-block-column-is-layout-flow\">\n<p><strong>Klasa III b<\/strong><br><strong>Wychowawca mgr\u00a0Barbara Dybczak<\/strong><br><br>Mariusz Ba\u0142a<br>Barto\u015b Adrian<br>Birger Kacper<br>Czajkowski Mi\u0142osz Robert<br>Doroszko Magdalena Dominika<br>Dudek Joanna<br>Dudek Zuzanna<br>Dziadkiewicz Dawid<br>Haci\u0142o Micha\u0142<br>Ikiert Jolanta<br>Jakubowski Maciej<br>Ja\u017adziewska Magdalena<br>Krajczy\u0144ska Dorota<br>Kuchyt Ma\u0142gorzata<br>Lasowska Alicja Julia<br>Lidzka Justyna Anna<br>Mieczkowska Katarzyna<br>Mroczek Barbara<br>Mroczek Katarzyna<br>Nied\u017awiecki Marek Jan<br>Paulska Marta<br>Robak Marcin<br>Skar\u017cy\u0144ska Anna<br>Szyma\u0144ska Justyna<br>Ubych Krzysztof<br>Wojtukiewicz Patrycja<br>W\u00f3jcik Ewa<br>Wronka Agata<br>Zi\u0119tek Mateusz<br>Zimna Joanna<\/p>\n<\/div>\n\n\n\n<div class=\"wp-block-column is-layout-flow wp-block-column-is-layout-flow\">\n<p><strong>Klasa III c<\/strong><br><strong>Wychowawca mgr\u00a0Marek Bednarz<\/strong><\/p>\n\n\n\n<p>Babiarz Justyna<br>Bielawska And\u017celika<br>B\u0142oniarczyk Marcin<br>Bosak Piotr<br>Bugajski Dawid<br>Darul Mateusz<br>Dziedzic Mateusz<br>Dziok Aleksandra<br>Ga\u0142uszka Stanis\u0142aw<br>Gasi\u0144ski Patryk<br>Gumulak Judyta<br>Kucia Karolina<br>Majchrzak Krzysztof<br>Mak\u00f3wka Kardiola<br>Matwij\u00f3w Maja<br>Nowomiejska Dorota<br>Or\u0142owska Ewa<br>Or\u0142owska Malwina<br>Pi\u0105tek Kasandra<br>Po\u015bniak Patryk<br>Przerada Wojciech<br>Roszkowski Maciej<br>Rybowicz Mateusz<br>Sausz Paula<br>Snopek Sara<br>Soska Beata<br>Strzelec Monika<br>Surmacz Micha\u0142<br>Szkolnicka Barbara<br>Tubacki Marcin<br>Z\u0142otorowicz Pau<strong>lina<\/strong><\/p>\n<\/div>\n<\/div>\n<\/div><\/div>\n\n\n<style>.kadence-column10720_29f44d-b6 > .kt-inside-inner-col,.kadence-column10720_29f44d-b6 > .kt-inside-inner-col:before{border-top-left-radius:0px;border-top-right-radius:0px;border-bottom-right-radius:0px;border-bottom-left-radius:0px;}.kadence-column10720_29f44d-b6 > .kt-inside-inner-col:before{opacity:0.3;}.kadence-column10720_29f44d-b6{position:relative;}<\/style>\n<div class=\"wp-block-kadence-column kadence-column10720_29f44d-b6\"><div class=\"kt-inside-inner-col\">\n<div class=\"wp-block-columns is-layout-flex wp-container-core-columns-is-layout-9d6595d7 wp-block-columns-is-layout-flex\"><\/div>\n<\/div><\/div>\n\n\n\n<p><\/p>\n","protected":false},"excerpt":{"rendered":"<p>Klasa III aWychowawca mgr\u00a0Krzysztof Po\u015bniak Andrzejewski Pawe\u0142Biernat AnnaBiniecka Ma\u0142gorzataBryl KorneliaBurghardt KarinaCzapla JulitaCzuchrowska KlaudiaDrapaluk DagmaraFigurek WeronikaFr\u0105ckowiak MartaJaskulska KlaudiaKagan MagdalenaKasu\u0142a KlaudiaLejmanowicz Renata\u0141ugowa ElizaMartyka MonikaMazur AnnaMazur MartaMiko\u0142ajczyk PaulinaMy\u015blisz AgataRogala MartaRomacka AleksandraSkibi\u0144ska KarolinaS\u0142awi\u0144ska AgnieszkaStrycho\u0144 [&hellip;]<\/p>\n","protected":false},"author":9,"featured_media":0,"parent":0,"menu_order":0,"comment_status":"closed","ping_status":"closed","template":"","meta":{"footnotes":""},"class_list":["post-10720","page","type-page","status-publish","hentry"],"yoast_head":"<!-- This site is optimized with the Yoast SEO plugin v20.13 - https:\/\/yoast.com\/wordpress\/plugins\/seo\/ -->\n<title>Rok 2012 - ZSP w Chojnie<\/title>\n<meta name=\"robots\" content=\"index, follow, max-snippet:-1, max-image-preview:large, max-video-preview:-1\" \/>\n<link rel=\"canonical\" href=\"https:\/\/zsp1chojna.pl\/?page_id=10720\" \/>\n<meta property=\"og:locale\" content=\"pl_PL\" \/>\n<meta property=\"og:type\" content=\"article\" \/>\n<meta property=\"og:title\" content=\"Rok 2012 - ZSP w Chojnie\" \/>\n<meta property=\"og:description\" content=\"Klasa III aWychowawca mgr\u00a0Krzysztof Po\u015bniak Andrzejewski Pawe\u0142Biernat AnnaBiniecka Ma\u0142gorzataBryl KorneliaBurghardt KarinaCzapla JulitaCzuchrowska KlaudiaDrapaluk DagmaraFigurek WeronikaFr\u0105ckowiak MartaJaskulska KlaudiaKagan MagdalenaKasu\u0142a KlaudiaLejmanowicz Renata\u0141ugowa ElizaMartyka MonikaMazur AnnaMazur MartaMiko\u0142ajczyk PaulinaMy\u015blisz AgataRogala MartaRomacka AleksandraSkibi\u0144ska KarolinaS\u0142awi\u0144ska AgnieszkaStrycho\u0144 [&hellip;]\" \/>\n<meta property=\"og:url\" content=\"https:\/\/zsp1chojna.pl\/?page_id=10720\" \/>\n<meta property=\"og:site_name\" content=\"ZSP w Chojnie\" \/>\n<meta property=\"article:modified_time\" content=\"2024-10-28T08:03:12+00:00\" \/>\n<meta name=\"twitter:card\" content=\"summary_large_image\" \/>\n<meta name=\"twitter:label1\" content=\"Szacowany czas czytania\" \/>\n\t<meta name=\"twitter:data1\" content=\"2 minuty\" \/>\n<script type=\"application\/ld+json\" class=\"yoast-schema-graph\">{\"@context\":\"https:\/\/schema.org\",\"@graph\":[{\"@type\":\"WebPage\",\"@id\":\"https:\/\/zsp1chojna.pl\/?page_id=10720\",\"url\":\"https:\/\/zsp1chojna.pl\/?page_id=10720\",\"name\":\"Rok 2012 - ZSP w Chojnie\",\"isPartOf\":{\"@id\":\"https:\/\/zsp1chojna.pl\/#website\"},\"datePublished\":\"2024-10-28T07:44:56+00:00\",\"dateModified\":\"2024-10-28T08:03:12+00:00\",\"breadcrumb\":{\"@id\":\"https:\/\/zsp1chojna.pl\/?page_id=10720#breadcrumb\"},\"inLanguage\":\"pl-PL\",\"potentialAction\":[{\"@type\":\"ReadAction\",\"target\":[\"https:\/\/zsp1chojna.pl\/?page_id=10720\"]}]},{\"@type\":\"BreadcrumbList\",\"@id\":\"https:\/\/zsp1chojna.pl\/?page_id=10720#breadcrumb\",\"itemListElement\":[{\"@type\":\"ListItem\",\"position\":1,\"name\":\"Home\",\"item\":\"https:\/\/zsp1chojna.pl\/\"},{\"@type\":\"ListItem\",\"position\":2,\"name\":\"Rok 2012\"}]},{\"@type\":\"WebSite\",\"@id\":\"https:\/\/zsp1chojna.pl\/#website\",\"url\":\"https:\/\/zsp1chojna.pl\/\",\"name\":\"ZSP w Chojnie\",\"description\":\"\",\"publisher\":{\"@id\":\"https:\/\/zsp1chojna.pl\/#organization\"},\"potentialAction\":[{\"@type\":\"SearchAction\",\"target\":{\"@type\":\"EntryPoint\",\"urlTemplate\":\"https:\/\/zsp1chojna.pl\/?s={search_term_string}\"},\"query-input\":\"required name=search_term_string\"}],\"inLanguage\":\"pl-PL\"},{\"@type\":\"Organization\",\"@id\":\"https:\/\/zsp1chojna.pl\/#organization\",\"name\":\"ZSP w Chojnie\",\"url\":\"https:\/\/zsp1chojna.pl\/\",\"logo\":{\"@type\":\"ImageObject\",\"inLanguage\":\"pl-PL\",\"@id\":\"https:\/\/zsp1chojna.pl\/#\/schema\/logo\/image\/\",\"url\":\"https:\/\/zsp1chojna.pl\/wp-content\/uploads\/2023\/08\/cropped-cropped-cropped-Logo-biale-napis-na-3-wiersze_504-1.png\",\"contentUrl\":\"https:\/\/zsp1chojna.pl\/wp-content\/uploads\/2023\/08\/cropped-cropped-cropped-Logo-biale-napis-na-3-wiersze_504-1.png\",\"width\":504,\"height\":167,\"caption\":\"ZSP w Chojnie\"},\"image\":{\"@id\":\"https:\/\/zsp1chojna.pl\/#\/schema\/logo\/image\/\"}}]}<\/script>\n<!-- \/ Yoast SEO plugin. -->","yoast_head_json":{"title":"Rok 2012 - ZSP w Chojnie","robots":{"index":"index","follow":"follow","max-snippet":"max-snippet:-1","max-image-preview":"max-image-preview:large","max-video-preview":"max-video-preview:-1"},"canonical":"https:\/\/zsp1chojna.pl\/?page_id=10720","og_locale":"pl_PL","og_type":"article","og_title":"Rok 2012 - ZSP w Chojnie","og_description":"Klasa III aWychowawca mgr\u00a0Krzysztof Po\u015bniak Andrzejewski Pawe\u0142Biernat AnnaBiniecka Ma\u0142gorzataBryl KorneliaBurghardt KarinaCzapla JulitaCzuchrowska KlaudiaDrapaluk DagmaraFigurek WeronikaFr\u0105ckowiak MartaJaskulska KlaudiaKagan MagdalenaKasu\u0142a KlaudiaLejmanowicz Renata\u0141ugowa ElizaMartyka MonikaMazur AnnaMazur MartaMiko\u0142ajczyk PaulinaMy\u015blisz AgataRogala MartaRomacka AleksandraSkibi\u0144ska KarolinaS\u0142awi\u0144ska AgnieszkaStrycho\u0144 [&hellip;]","og_url":"https:\/\/zsp1chojna.pl\/?page_id=10720","og_site_name":"ZSP w Chojnie","article_modified_time":"2024-10-28T08:03:12+00:00","twitter_card":"summary_large_image","twitter_misc":{"Szacowany czas czytania":"2 minuty"},"schema":{"@context":"https:\/\/schema.org","@graph":[{"@type":"WebPage","@id":"https:\/\/zsp1chojna.pl\/?page_id=10720","url":"https:\/\/zsp1chojna.pl\/?page_id=10720","name":"Rok 2012 - ZSP w Chojnie","isPartOf":{"@id":"https:\/\/zsp1chojna.pl\/#website"},"datePublished":"2024-10-28T07:44:56+00:00","dateModified":"2024-10-28T08:03:12+00:00","breadcrumb":{"@id":"https:\/\/zsp1chojna.pl\/?page_id=10720#breadcrumb"},"inLanguage":"pl-PL","potentialAction":[{"@type":"ReadAction","target":["https:\/\/zsp1chojna.pl\/?page_id=10720"]}]},{"@type":"BreadcrumbList","@id":"https:\/\/zsp1chojna.pl\/?page_id=10720#breadcrumb","itemListElement":[{"@type":"ListItem","position":1,"name":"Home","item":"https:\/\/zsp1chojna.pl\/"},{"@type":"ListItem","position":2,"name":"Rok 2012"}]},{"@type":"WebSite","@id":"https:\/\/zsp1chojna.pl\/#website","url":"https:\/\/zsp1chojna.pl\/","name":"ZSP w Chojnie","description":"","publisher":{"@id":"https:\/\/zsp1chojna.pl\/#organization"},"potentialAction":[{"@type":"SearchAction","target":{"@type":"EntryPoint","urlTemplate":"https:\/\/zsp1chojna.pl\/?s={search_term_string}"},"query-input":"required name=search_term_string"}],"inLanguage":"pl-PL"},{"@type":"Organization","@id":"https:\/\/zsp1chojna.pl\/#organization","name":"ZSP w Chojnie","url":"https:\/\/zsp1chojna.pl\/","logo":{"@type":"ImageObject","inLanguage":"pl-PL","@id":"https:\/\/zsp1chojna.pl\/#\/schema\/logo\/image\/","url":"https:\/\/zsp1chojna.pl\/wp-content\/uploads\/2023\/08\/cropped-cropped-cropped-Logo-biale-napis-na-3-wiersze_504-1.png","contentUrl":"https:\/\/zsp1chojna.pl\/wp-content\/uploads\/2023\/08\/cropped-cropped-cropped-Logo-biale-napis-na-3-wiersze_504-1.png","width":504,"height":167,"caption":"ZSP w Chojnie"},"image":{"@id":"https:\/\/zsp1chojna.pl\/#\/schema\/logo\/image\/"}}]}},"_links":{"self":[{"href":"https:\/\/zsp1chojna.pl\/index.php?rest_route=\/wp\/v2\/pages\/10720","targetHints":{"allow":["GET"]}}],"collection":[{"href":"https:\/\/zsp1chojna.pl\/index.php?rest_route=\/wp\/v2\/pages"}],"about":[{"href":"https:\/\/zsp1chojna.pl\/index.php?rest_route=\/wp\/v2\/types\/page"}],"author":[{"embeddable":true,"href":"https:\/\/zsp1chojna.pl\/index.php?rest_route=\/wp\/v2\/users\/9"}],"replies":[{"embeddable":true,"href":"https:\/\/zsp1chojna.pl\/index.php?rest_route=%2Fwp%2Fv2%2Fcomments&post=10720"}],"version-history":[{"count":2,"href":"https:\/\/zsp1chojna.pl\/index.php?rest_route=\/wp\/v2\/pages\/10720\/revisions"}],"predecessor-version":[{"id":10781,"href":"https:\/\/zsp1chojna.pl\/index.php?rest_route=\/wp\/v2\/pages\/10720\/revisions\/10781"}],"wp:attachment":[{"href":"https:\/\/zsp1chojna.pl\/index.php?rest_route=%2Fwp%2Fv2%2Fmedia&parent=10720"}],"curies":[{"name":"wp","href":"https:\/\/api.w.org\/{rel}","templated":true}]}}