{"id":10719,"date":"2024-10-28T08:31:39","date_gmt":"2024-10-28T07:31:39","guid":{"rendered":"https:\/\/zsp1chojna.pl\/?page_id=10719"},"modified":"2024-10-28T08:31:40","modified_gmt":"2024-10-28T07:31:40","slug":"rok-2000","status":"publish","type":"page","link":"https:\/\/zsp1chojna.pl\/?page_id=10719","title":{"rendered":"Rok 2000"},"content":{"rendered":"<style>.kadence-column10719_9af144-05 > .kt-inside-inner-col,.kadence-column10719_9af144-05 > .kt-inside-inner-col:before{border-top-left-radius:0px;border-top-right-radius:0px;border-bottom-right-radius:0px;border-bottom-left-radius:0px;}.kadence-column10719_9af144-05 > .kt-inside-inner-col:before{opacity:0.3;}.kadence-column10719_9af144-05{position:relative;}<\/style>\n<div class=\"wp-block-kadence-column kadence-column10719_9af144-05\"><div class=\"kt-inside-inner-col\">\n<div class=\"wp-block-columns is-layout-flex wp-container-core-columns-is-layout-9d6595d7 wp-block-columns-is-layout-flex\">\n<div class=\"wp-block-column is-layout-flow wp-block-column-is-layout-flow\">\n<p>Abramowicz Katarzyna<br>Banaszek Beata<br>Banaszak Ewa<br>Bernacki \u0141ukasz<br>Bielawska Anna<br>Bieli\u0144ska Aleksandra<br>Blicharska Katarzyna<br>Blimer Mateusz<br>Bogdanowicz Beata<br>Borgul Barbara<br>Borys Wojciech<br>Brodacka Barbara<br>Budynkiewicz Izabela<br>Byczkiewicz Agnieszka<br>Cho\u0142odowska Natalia<br>Chwi\u0142ka Marta<br>Cicho\u0144ska Sylwia<br>Czesyk Marcin<br>Doma\u0144ska Wioletta<br>Domaracki Wojciech<br>Downar Agnieszka<br>Drewnowska Emilia<br>Duda Aneta<br>Dybza Monika<br>Dziadkiewicz \u0141ukasz<br>Ferdynus Marcin<br>Fiejtek Anna<br>Fragstien- Niemsdorff Piotr<br>Furs Joanna<br>Gajowska Monika<br>Galicka Honorata<br>Gibowska Ma\u0142gorzata<br>Gozdek Monika<br>Grabowska Karolina<br>Granda Rafa\u0142<br>Grygorcewicz Wioletta<br>Grzechnik Monika<br>Haftkiewicz Marta<br>Hamka\u0142o Piotr<br>Horoch Joanna<br>Ignatowicz Justyna<br>Ilin S\u0142awomir<br>Iwan Aneta<br>Janusz Katarzyna<br>Jarmoluk Magdalena<br>Jasek Piotr<br>Jaworska Zofia<br>Jeremicz Joanna<br>J\u0119dryszkiewicz Ma\u0142gorzata<br>Kabat Grzegorza<br>Kaberow Renata<br>Kandratowicz Marta<br>Karprzyk Ma\u0142gorzata<br>Konieczna Ewa<br>Kopczy\u0144ski Pawe\u0142<br>Karaczun Edyta<br>Klisowski Micha\u0142<br>Ko\u0142aczyk Karolina<br>Ko\u0142odziej Wojciech<br>Kordas Magdalena<br>Korna\u015b Sebastian<br>Korku\u015b Krzysztof<br>Kowalczyk Rados\u0142aw<br>Kraszczy\u0144ska Marta<br>Kruszewska Daria<br>Kruszy\u0144ska Alicja<br>Kubik Ewelina<br>Kucharska Gabriela<br>Kuczko Ma\u0142gorzata<br>Kuczy\u0144ska Monika<br>Kupczyk Paulina<br>Kuta Patrycja<br>Langa Patrycja<br>Leo\u0144czyk \u0141ukasz<br>Linert Jolanta<br>Madejczyk Grzegorz<br>Mak\u00f3wka Anna<br>Ma\u0142ka Tomasz<br>Marczak Justyna<\/p>\n<\/div>\n\n\n\n<div class=\"wp-block-column is-layout-flow wp-block-column-is-layout-flow\">\n<p>Marks Joanna<br>Mazur Karol<br>Mazur Mariusz<br>Mazur S\u0142awomir<br>Michalska Marta<br>Mucha Ewaa<br>Muraszka Micha\u0142<br>Myc Micha\u0142<br>Nadaj Mariusz<br>Natkaniec Joanna<br>Nawrolska Barbara<br>Nu\u017cy\u0144ska Justyna<br>Myka Agata<br>Oko\u0144ski Przemys\u0142aw<br>Ole\u0144ska Urszula<br>Omela\u0144ska Emilia<br>Palczy\u0144ski Marcin<br>Pawe\u0142czyk Anna<br>Pikarska Monika<br>Ple\u0144 Marcin<br>Pluci\u0144ska Magdalena<br>Pohorecki Marcin<br>Pouch Marek<br>Prus Monika<br>Pytlak Joanna<br>Ra\u017aniewska Anna<br>R\u0105czkowska Angelika<br>Rechnio Jacek<br>Rechnio Patrycja<br>Rogala Joanna<br>Rybowicz Anna<br>Ryss Katarzyna<br>Rzepczak Rafa\u0142<br>Sawicka Madalena<br>Siudy Katarzyna<br>Skrycki Damian<br>Socha Bogumi\u0142<br>Solski \u0141ukasz<br>Sporek Joanna<br>Staniszewski Przemys\u0142aw<br>Stasiak Krzysztof<br>Stolarska Edyta<br>Stroce\u0144 Ma\u0142gorzata<br>Strzelczyk Mariusz<br>Studenna Katarzyna<br>Syniak Katarzyna<br>Szot Monika<br>Szczepaniak Anna<br>Szczerba Pawe\u0142<br>Szczesiak Arkadiusz<br>Szczygie\u0142 Emilia<br>Szel\u0105g Joanna<br>Szeremeta Joanna<br>Szmagaj Bartosz<br>Szumen Anna<br>\u015aliwka \u0141ukasz<br>Tch\u00f3rz Monika<br>Tomkowicz Ma\u0142gorzata<br>Tracz Monika<br>Trzci\u0144ski Krzysztof<br>Tytyn Monika<br>Walkowska Kalina<br>Wasi\u0144ska Joanna<br>W\u0105cha\u0142a Edyta<br>W\u0119gielewska Justyna<br>Wiatrzyk Tomasz<br>Wi\u015bniewska Agnieszka<br>Wolska Marta<br>Wr\u00f3blewska Bogumi\u0142a<br>Zamarlik Tomasz<br>Zamkowska Anna<br>Zaucha Monika<\/p>\n<\/div>\n<\/div>\n<\/div><\/div>\n","protected":false},"excerpt":{"rendered":"<p>Abramowicz KatarzynaBanaszek BeataBanaszak EwaBernacki \u0141ukaszBielawska AnnaBieli\u0144ska AleksandraBlicharska KatarzynaBlimer MateuszBogdanowicz BeataBorgul BarbaraBorys WojciechBrodacka BarbaraBudynkiewicz IzabelaByczkiewicz AgnieszkaCho\u0142odowska NataliaChwi\u0142ka MartaCicho\u0144ska SylwiaCzesyk MarcinDoma\u0144ska WiolettaDomaracki WojciechDownar AgnieszkaDrewnowska EmiliaDuda AnetaDybza MonikaDziadkiewicz \u0141ukaszFerdynus MarcinFiejtek AnnaFragstien- Niemsdorff PiotrFurs [&hellip;]<\/p>\n","protected":false},"author":10,"featured_media":0,"parent":0,"menu_order":0,"comment_status":"closed","ping_status":"closed","template":"","meta":{"footnotes":""},"class_list":["post-10719","page","type-page","status-publish","hentry"],"yoast_head":"<!-- This site is optimized with the Yoast SEO plugin v20.13 - https:\/\/yoast.com\/wordpress\/plugins\/seo\/ -->\n<title>Rok 2000 - ZSP w Chojnie<\/title>\n<meta name=\"robots\" content=\"index, follow, max-snippet:-1, max-image-preview:large, max-video-preview:-1\" \/>\n<link rel=\"canonical\" href=\"https:\/\/zsp1chojna.pl\/?page_id=10719\" \/>\n<meta property=\"og:locale\" content=\"pl_PL\" \/>\n<meta property=\"og:type\" content=\"article\" \/>\n<meta property=\"og:title\" content=\"Rok 2000 - ZSP w Chojnie\" \/>\n<meta property=\"og:description\" content=\"Abramowicz KatarzynaBanaszek BeataBanaszak EwaBernacki \u0141ukaszBielawska AnnaBieli\u0144ska AleksandraBlicharska KatarzynaBlimer MateuszBogdanowicz BeataBorgul BarbaraBorys WojciechBrodacka BarbaraBudynkiewicz IzabelaByczkiewicz AgnieszkaCho\u0142odowska NataliaChwi\u0142ka MartaCicho\u0144ska SylwiaCzesyk MarcinDoma\u0144ska WiolettaDomaracki WojciechDownar AgnieszkaDrewnowska EmiliaDuda AnetaDybza MonikaDziadkiewicz \u0141ukaszFerdynus MarcinFiejtek AnnaFragstien- Niemsdorff PiotrFurs [&hellip;]\" \/>\n<meta property=\"og:url\" content=\"https:\/\/zsp1chojna.pl\/?page_id=10719\" \/>\n<meta property=\"og:site_name\" content=\"ZSP w Chojnie\" \/>\n<meta property=\"article:modified_time\" content=\"2024-10-28T07:31:40+00:00\" \/>\n<meta name=\"twitter:card\" content=\"summary_large_image\" \/>\n<meta name=\"twitter:label1\" content=\"Szacowany czas czytania\" \/>\n\t<meta name=\"twitter:data1\" content=\"2 minuty\" \/>\n<script type=\"application\/ld+json\" class=\"yoast-schema-graph\">{\"@context\":\"https:\/\/schema.org\",\"@graph\":[{\"@type\":\"WebPage\",\"@id\":\"https:\/\/zsp1chojna.pl\/?page_id=10719\",\"url\":\"https:\/\/zsp1chojna.pl\/?page_id=10719\",\"name\":\"Rok 2000 - ZSP w Chojnie\",\"isPartOf\":{\"@id\":\"https:\/\/zsp1chojna.pl\/#website\"},\"datePublished\":\"2024-10-28T07:31:39+00:00\",\"dateModified\":\"2024-10-28T07:31:40+00:00\",\"breadcrumb\":{\"@id\":\"https:\/\/zsp1chojna.pl\/?page_id=10719#breadcrumb\"},\"inLanguage\":\"pl-PL\",\"potentialAction\":[{\"@type\":\"ReadAction\",\"target\":[\"https:\/\/zsp1chojna.pl\/?page_id=10719\"]}]},{\"@type\":\"BreadcrumbList\",\"@id\":\"https:\/\/zsp1chojna.pl\/?page_id=10719#breadcrumb\",\"itemListElement\":[{\"@type\":\"ListItem\",\"position\":1,\"name\":\"Home\",\"item\":\"https:\/\/zsp1chojna.pl\/\"},{\"@type\":\"ListItem\",\"position\":2,\"name\":\"Rok 2000\"}]},{\"@type\":\"WebSite\",\"@id\":\"https:\/\/zsp1chojna.pl\/#website\",\"url\":\"https:\/\/zsp1chojna.pl\/\",\"name\":\"ZSP w Chojnie\",\"description\":\"\",\"publisher\":{\"@id\":\"https:\/\/zsp1chojna.pl\/#organization\"},\"potentialAction\":[{\"@type\":\"SearchAction\",\"target\":{\"@type\":\"EntryPoint\",\"urlTemplate\":\"https:\/\/zsp1chojna.pl\/?s={search_term_string}\"},\"query-input\":\"required name=search_term_string\"}],\"inLanguage\":\"pl-PL\"},{\"@type\":\"Organization\",\"@id\":\"https:\/\/zsp1chojna.pl\/#organization\",\"name\":\"ZSP w Chojnie\",\"url\":\"https:\/\/zsp1chojna.pl\/\",\"logo\":{\"@type\":\"ImageObject\",\"inLanguage\":\"pl-PL\",\"@id\":\"https:\/\/zsp1chojna.pl\/#\/schema\/logo\/image\/\",\"url\":\"https:\/\/zsp1chojna.pl\/wp-content\/uploads\/2023\/08\/cropped-cropped-cropped-Logo-biale-napis-na-3-wiersze_504-1.png\",\"contentUrl\":\"https:\/\/zsp1chojna.pl\/wp-content\/uploads\/2023\/08\/cropped-cropped-cropped-Logo-biale-napis-na-3-wiersze_504-1.png\",\"width\":504,\"height\":167,\"caption\":\"ZSP w Chojnie\"},\"image\":{\"@id\":\"https:\/\/zsp1chojna.pl\/#\/schema\/logo\/image\/\"}}]}<\/script>\n<!-- \/ Yoast SEO plugin. -->","yoast_head_json":{"title":"Rok 2000 - ZSP w Chojnie","robots":{"index":"index","follow":"follow","max-snippet":"max-snippet:-1","max-image-preview":"max-image-preview:large","max-video-preview":"max-video-preview:-1"},"canonical":"https:\/\/zsp1chojna.pl\/?page_id=10719","og_locale":"pl_PL","og_type":"article","og_title":"Rok 2000 - ZSP w Chojnie","og_description":"Abramowicz KatarzynaBanaszek BeataBanaszak EwaBernacki \u0141ukaszBielawska AnnaBieli\u0144ska AleksandraBlicharska KatarzynaBlimer MateuszBogdanowicz BeataBorgul BarbaraBorys WojciechBrodacka BarbaraBudynkiewicz IzabelaByczkiewicz AgnieszkaCho\u0142odowska NataliaChwi\u0142ka MartaCicho\u0144ska SylwiaCzesyk MarcinDoma\u0144ska WiolettaDomaracki WojciechDownar AgnieszkaDrewnowska EmiliaDuda AnetaDybza MonikaDziadkiewicz \u0141ukaszFerdynus MarcinFiejtek AnnaFragstien- Niemsdorff PiotrFurs [&hellip;]","og_url":"https:\/\/zsp1chojna.pl\/?page_id=10719","og_site_name":"ZSP w Chojnie","article_modified_time":"2024-10-28T07:31:40+00:00","twitter_card":"summary_large_image","twitter_misc":{"Szacowany czas czytania":"2 minuty"},"schema":{"@context":"https:\/\/schema.org","@graph":[{"@type":"WebPage","@id":"https:\/\/zsp1chojna.pl\/?page_id=10719","url":"https:\/\/zsp1chojna.pl\/?page_id=10719","name":"Rok 2000 - ZSP w Chojnie","isPartOf":{"@id":"https:\/\/zsp1chojna.pl\/#website"},"datePublished":"2024-10-28T07:31:39+00:00","dateModified":"2024-10-28T07:31:40+00:00","breadcrumb":{"@id":"https:\/\/zsp1chojna.pl\/?page_id=10719#breadcrumb"},"inLanguage":"pl-PL","potentialAction":[{"@type":"ReadAction","target":["https:\/\/zsp1chojna.pl\/?page_id=10719"]}]},{"@type":"BreadcrumbList","@id":"https:\/\/zsp1chojna.pl\/?page_id=10719#breadcrumb","itemListElement":[{"@type":"ListItem","position":1,"name":"Home","item":"https:\/\/zsp1chojna.pl\/"},{"@type":"ListItem","position":2,"name":"Rok 2000"}]},{"@type":"WebSite","@id":"https:\/\/zsp1chojna.pl\/#website","url":"https:\/\/zsp1chojna.pl\/","name":"ZSP w Chojnie","description":"","publisher":{"@id":"https:\/\/zsp1chojna.pl\/#organization"},"potentialAction":[{"@type":"SearchAction","target":{"@type":"EntryPoint","urlTemplate":"https:\/\/zsp1chojna.pl\/?s={search_term_string}"},"query-input":"required name=search_term_string"}],"inLanguage":"pl-PL"},{"@type":"Organization","@id":"https:\/\/zsp1chojna.pl\/#organization","name":"ZSP w Chojnie","url":"https:\/\/zsp1chojna.pl\/","logo":{"@type":"ImageObject","inLanguage":"pl-PL","@id":"https:\/\/zsp1chojna.pl\/#\/schema\/logo\/image\/","url":"https:\/\/zsp1chojna.pl\/wp-content\/uploads\/2023\/08\/cropped-cropped-cropped-Logo-biale-napis-na-3-wiersze_504-1.png","contentUrl":"https:\/\/zsp1chojna.pl\/wp-content\/uploads\/2023\/08\/cropped-cropped-cropped-Logo-biale-napis-na-3-wiersze_504-1.png","width":504,"height":167,"caption":"ZSP w Chojnie"},"image":{"@id":"https:\/\/zsp1chojna.pl\/#\/schema\/logo\/image\/"}}]}},"_links":{"self":[{"href":"https:\/\/zsp1chojna.pl\/index.php?rest_route=\/wp\/v2\/pages\/10719","targetHints":{"allow":["GET"]}}],"collection":[{"href":"https:\/\/zsp1chojna.pl\/index.php?rest_route=\/wp\/v2\/pages"}],"about":[{"href":"https:\/\/zsp1chojna.pl\/index.php?rest_route=\/wp\/v2\/types\/page"}],"author":[{"embeddable":true,"href":"https:\/\/zsp1chojna.pl\/index.php?rest_route=\/wp\/v2\/users\/10"}],"replies":[{"embeddable":true,"href":"https:\/\/zsp1chojna.pl\/index.php?rest_route=%2Fwp%2Fv2%2Fcomments&post=10719"}],"version-history":[{"count":1,"href":"https:\/\/zsp1chojna.pl\/index.php?rest_route=\/wp\/v2\/pages\/10719\/revisions"}],"predecessor-version":[{"id":10725,"href":"https:\/\/zsp1chojna.pl\/index.php?rest_route=\/wp\/v2\/pages\/10719\/revisions\/10725"}],"wp:attachment":[{"href":"https:\/\/zsp1chojna.pl\/index.php?rest_route=%2Fwp%2Fv2%2Fmedia&parent=10719"}],"curies":[{"name":"wp","href":"https:\/\/api.w.org\/{rel}","templated":true}]}}