{"id":10626,"date":"2024-10-17T19:55:48","date_gmt":"2024-10-17T17:55:48","guid":{"rendered":"https:\/\/zsp1chojna.pl\/?page_id=10626"},"modified":"2024-10-17T20:03:43","modified_gmt":"2024-10-17T18:03:43","slug":"nagrody-z-okazji-dnia-edukacji-narodowej","status":"publish","type":"page","link":"https:\/\/zsp1chojna.pl\/?page_id=10626","title":{"rendered":"Nagrody z okazji Dnia Edukacji Narodowej"},"content":{"rendered":"\n<p class=\"has-text-align-right\"><em>\u201eTylko \u017cycie po\u015bwi\u0119cone innym warte jest prze\u017cycia<\/em>.\u201d<br><em>Albert Einstein<\/em><\/p>\n\n\n\n<p class=\"has-text-align-justify\">Zesp\u00f3\u0142 Szk\u00f3\u0142 Ponadpodstawowych w Chojnie zosta\u0142 w tym roku obficie nagrodzony z okazji Dnia Edukacji Narodowej. Doceniona zosta\u0142a praca, zaanga\u017cowanie, inicjatywy i dzia\u0142ania nauczycieli. Pani Dyrektor <strong>Adriana Salamo\u0144czyk, <\/strong>za wybitne osi\u0105gni\u0119ciaw pracy dydaktycznej i wychowawczej otrzyma\u0142a <strong>nagrod\u0119<\/strong> <strong>Ministra Edukacji<\/strong> i <strong>nagrod\u0119 Starosty Gryfi\u0144skiego <\/strong>za wzorowe zarz\u0105dzanie szko\u0142\u0105. Pani <strong>Kamila G\u00f3ra, <\/strong>w uznaniu szczeg\u00f3lnych zas\u0142ug dydaktycznych, wychowawczych i opieku\u0144czych, otrzyma\u0142a <strong>nagrod\u0119 Kuratora O\u015bwiaty.<\/strong><\/p>\n\n\n\n<p class=\"has-text-align-justify\"><\/p>\n\n\n<div class=\"wp-block-image\">\n<figure class=\"aligncenter size-large is-resized\"><img loading=\"lazy\" decoding=\"async\" width=\"1024\" height=\"802\" data-attachment-id=\"10636\" data-permalink=\"https:\/\/zsp1chojna.pl\/?attachment_id=10636\" data-orig-file=\"https:\/\/zsp1chojna.pl\/wp-content\/uploads\/2024\/10\/Adriana-Salamonczyk_Kamila-Gora.jpg\" data-orig-size=\"1264,990\" data-comments-opened=\"1\" data-image-meta=\"{&quot;aperture&quot;:&quot;0&quot;,&quot;credit&quot;:&quot;&quot;,&quot;camera&quot;:&quot;&quot;,&quot;caption&quot;:&quot;&quot;,&quot;created_timestamp&quot;:&quot;0&quot;,&quot;copyright&quot;:&quot;&quot;,&quot;focal_length&quot;:&quot;0&quot;,&quot;iso&quot;:&quot;0&quot;,&quot;shutter_speed&quot;:&quot;0&quot;,&quot;title&quot;:&quot;&quot;,&quot;orientation&quot;:&quot;1&quot;}\" data-image-title=\"Adriana-Salamonczyk_Kamila-Gora\" data-image-description=\"\" data-image-caption=\"\" data-medium-file=\"https:\/\/zsp1chojna.pl\/wp-content\/uploads\/2024\/10\/Adriana-Salamonczyk_Kamila-Gora-300x235.jpg\" data-large-file=\"https:\/\/zsp1chojna.pl\/wp-content\/uploads\/2024\/10\/Adriana-Salamonczyk_Kamila-Gora-1024x802.jpg\" src=\"https:\/\/zsp1chojna.pl\/wp-content\/uploads\/2024\/10\/Adriana-Salamonczyk_Kamila-Gora-1024x802.jpg\" alt=\"\" class=\"wp-image-10636\" style=\"width:638px;height:auto\" srcset=\"https:\/\/zsp1chojna.pl\/wp-content\/uploads\/2024\/10\/Adriana-Salamonczyk_Kamila-Gora-1024x802.jpg 1024w, https:\/\/zsp1chojna.pl\/wp-content\/uploads\/2024\/10\/Adriana-Salamonczyk_Kamila-Gora-300x235.jpg 300w, https:\/\/zsp1chojna.pl\/wp-content\/uploads\/2024\/10\/Adriana-Salamonczyk_Kamila-Gora-768x602.jpg 768w, https:\/\/zsp1chojna.pl\/wp-content\/uploads\/2024\/10\/Adriana-Salamonczyk_Kamila-Gora-947x742.jpg 947w, https:\/\/zsp1chojna.pl\/wp-content\/uploads\/2024\/10\/Adriana-Salamonczyk_Kamila-Gora-624x489.jpg 624w, https:\/\/zsp1chojna.pl\/wp-content\/uploads\/2024\/10\/Adriana-Salamonczyk_Kamila-Gora.jpg 1264w\" sizes=\"auto, (max-width: 1024px) 100vw, 1024px\" \/><\/figure>\n<\/div>\n\n\n<p class=\"has-text-align-justify\">Pani <strong>Renata Czubak<\/strong> oraz Pani <strong>Ma\u0142gorzata Zarzycka, <\/strong>za osi\u0105gni\u0119cia dydaktyczne, wychowawcze i opieku\u0144cze, otrzyma\u0142y <strong>nagrod\u0119<\/strong> <strong>Starosty Gryfi\u0144skiego.<\/strong><\/p>\n\n\n<div class=\"wp-block-image\">\n<figure class=\"aligncenter size-full\"><img loading=\"lazy\" decoding=\"async\" width=\"620\" height=\"381\" data-attachment-id=\"10629\" data-permalink=\"https:\/\/zsp1chojna.pl\/?attachment_id=10629\" data-orig-file=\"https:\/\/zsp1chojna.pl\/wp-content\/uploads\/2024\/10\/DEN.jpg\" data-orig-size=\"620,381\" data-comments-opened=\"1\" data-image-meta=\"{&quot;aperture&quot;:&quot;1.69&quot;,&quot;credit&quot;:&quot;&quot;,&quot;camera&quot;:&quot;realme 11 Pro+ 5G&quot;,&quot;caption&quot;:&quot;&quot;,&quot;created_timestamp&quot;:&quot;1728645702&quot;,&quot;copyright&quot;:&quot;&quot;,&quot;focal_length&quot;:&quot;6.06&quot;,&quot;iso&quot;:&quot;320&quot;,&quot;shutter_speed&quot;:&quot;0.02&quot;,&quot;title&quot;:&quot;&quot;,&quot;orientation&quot;:&quot;1&quot;}\" data-image-title=\"DEN\" data-image-description=\"\" data-image-caption=\"\" data-medium-file=\"https:\/\/zsp1chojna.pl\/wp-content\/uploads\/2024\/10\/DEN-300x184.jpg\" data-large-file=\"https:\/\/zsp1chojna.pl\/wp-content\/uploads\/2024\/10\/DEN.jpg\" src=\"https:\/\/zsp1chojna.pl\/wp-content\/uploads\/2024\/10\/DEN.jpg\" alt=\"\" class=\"wp-image-10629\" srcset=\"https:\/\/zsp1chojna.pl\/wp-content\/uploads\/2024\/10\/DEN.jpg 620w, https:\/\/zsp1chojna.pl\/wp-content\/uploads\/2024\/10\/DEN-300x184.jpg 300w\" sizes=\"auto, (max-width: 620px) 100vw, 620px\" \/><\/figure>\n<\/div>\n\n\n<p class=\"has-text-align-justify\">Pani Dyrektor, za osi\u0105gni\u0119cia dydaktyczne, wychowawcze i opieku\u0144cze oraz szczeg\u00f3lne zaanga\u017cowanie w dzia\u0142ania na rzecz szko\u0142y, nagrodzi\u0142a nauczycieli i pracownik\u00f3w administracji i obs\u0142ugi. W&nbsp;tym roku, jak podkre\u015bli\u0142a, nagrody przyzna\u0142a w&nbsp;szczeg\u00f3lno\u015bci za&nbsp;wspania\u0142e wyniki egzamin\u00f3w maturalnych i&nbsp;zawodowych, pozyskane fundusze unijne i krajowe na&nbsp;realizacj\u0119 projekt\u00f3w, realizacj\u0119 innowacji pedagogicznych, aktywn\u0105 dzia\u0142alno\u015b\u0107 k\u00f3\u0142 i klub\u00f3w szkolnych, uatrakcyjnianie oferty edukacyjnej oraz&nbsp;olbrzymi\u0105 trosk\u0119 o&nbsp;jako\u015b\u0107 i wizerunek szko\u0142y.<\/p>\n\n\n\n<p class=\"has-text-align-justify\"><strong>Nagrod\u0119 Dyrektora<\/strong> otrzymali nauczyciele: Marek <strong>Bednarz, Agnieszka Bylewska, Edyta Daszkiewicz, Krzysztof Janik, Ma\u0142gorzata Kowalska, Monika Kowalska, Edyta Krupa-Nadolny, Anna Krzemi\u0144ska, Gabriela Lasowska, Hanna Leszczy\u0144ska, Ma\u0142gorzata Liman\u00f3wka, Aleksander Lizak, \u0141ukasz Makowski, Bianka Ma\u0142ysz-Lewandowska, Emilia Marcinkowska, Agata Motyl, Katarzyna Nowak, Agnieszka Pawlaczyk, Joanna Rogacewicz, Janusz Cezary Salamo\u0144czy, And\u017celika Szkuciak.<\/strong><\/p>\n\n\n<div class=\"wp-block-image\">\n<figure class=\"aligncenter size-large\"><img loading=\"lazy\" decoding=\"async\" width=\"1024\" height=\"304\" data-attachment-id=\"10630\" data-permalink=\"https:\/\/zsp1chojna.pl\/?attachment_id=10630\" data-orig-file=\"https:\/\/zsp1chojna.pl\/wp-content\/uploads\/2024\/10\/DEN-3.jpg\" data-orig-size=\"1358,403\" data-comments-opened=\"1\" data-image-meta=\"{&quot;aperture&quot;:&quot;0&quot;,&quot;credit&quot;:&quot;&quot;,&quot;camera&quot;:&quot;&quot;,&quot;caption&quot;:&quot;&quot;,&quot;created_timestamp&quot;:&quot;0&quot;,&quot;copyright&quot;:&quot;&quot;,&quot;focal_length&quot;:&quot;0&quot;,&quot;iso&quot;:&quot;0&quot;,&quot;shutter_speed&quot;:&quot;0&quot;,&quot;title&quot;:&quot;&quot;,&quot;orientation&quot;:&quot;0&quot;}\" data-image-title=\"DEN-3\" data-image-description=\"\" data-image-caption=\"\" data-medium-file=\"https:\/\/zsp1chojna.pl\/wp-content\/uploads\/2024\/10\/DEN-3-300x89.jpg\" data-large-file=\"https:\/\/zsp1chojna.pl\/wp-content\/uploads\/2024\/10\/DEN-3-1024x304.jpg\" src=\"https:\/\/zsp1chojna.pl\/wp-content\/uploads\/2024\/10\/DEN-3-1024x304.jpg\" alt=\"\" class=\"wp-image-10630\" srcset=\"https:\/\/zsp1chojna.pl\/wp-content\/uploads\/2024\/10\/DEN-3-1024x304.jpg 1024w, https:\/\/zsp1chojna.pl\/wp-content\/uploads\/2024\/10\/DEN-3-300x89.jpg 300w, https:\/\/zsp1chojna.pl\/wp-content\/uploads\/2024\/10\/DEN-3-768x228.jpg 768w, https:\/\/zsp1chojna.pl\/wp-content\/uploads\/2024\/10\/DEN-3-947x281.jpg 947w, https:\/\/zsp1chojna.pl\/wp-content\/uploads\/2024\/10\/DEN-3-624x185.jpg 624w, https:\/\/zsp1chojna.pl\/wp-content\/uploads\/2024\/10\/DEN-3.jpg 1358w\" sizes=\"auto, (max-width: 1024px) 100vw, 1024px\" \/><\/figure>\n<\/div>\n\n\n<p class=\"has-text-align-justify\"><strong>Nagrod\u0119 Dyrektora<\/strong> otrzymali pracownicy administracji i obs\u0142ugi: <strong>Aneta <\/strong><strong>Balcarczyk, Katarzyna Bednarz, Ma\u0142gorzata Chimiak, Boles\u0142aw Chwa\u015bci\u0144ski, Rafa\u0142 Czubik, Agata Czuto, Hanna Fabisiak, Henryk Hreczy\u0144ski, Iwona Juzyszyn, Anna Karakicz, Kamila Kutny, Monika Lechert, Jolanta Mazurek, Emilia Miko\u0142ajczyk, Ma\u0142gorzata Noga, Jolanta Sochacka, Teresa Starzycka, Olena Tokarieva. <\/strong><strong><\/strong><\/p>\n\n\n<div class=\"wp-block-image\">\n<figure class=\"aligncenter size-full\"><img loading=\"lazy\" decoding=\"async\" width=\"894\" height=\"392\" data-attachment-id=\"10631\" data-permalink=\"https:\/\/zsp1chojna.pl\/?attachment_id=10631\" data-orig-file=\"https:\/\/zsp1chojna.pl\/wp-content\/uploads\/2024\/10\/DEN-4.png\" data-orig-size=\"894,392\" data-comments-opened=\"1\" data-image-meta=\"{&quot;aperture&quot;:&quot;0&quot;,&quot;credit&quot;:&quot;&quot;,&quot;camera&quot;:&quot;&quot;,&quot;caption&quot;:&quot;&quot;,&quot;created_timestamp&quot;:&quot;0&quot;,&quot;copyright&quot;:&quot;&quot;,&quot;focal_length&quot;:&quot;0&quot;,&quot;iso&quot;:&quot;0&quot;,&quot;shutter_speed&quot;:&quot;0&quot;,&quot;title&quot;:&quot;&quot;,&quot;orientation&quot;:&quot;0&quot;}\" data-image-title=\"DEN-4\" data-image-description=\"\" data-image-caption=\"\" data-medium-file=\"https:\/\/zsp1chojna.pl\/wp-content\/uploads\/2024\/10\/DEN-4-300x132.png\" data-large-file=\"https:\/\/zsp1chojna.pl\/wp-content\/uploads\/2024\/10\/DEN-4.png\" src=\"https:\/\/zsp1chojna.pl\/wp-content\/uploads\/2024\/10\/DEN-4.png\" alt=\"\" class=\"wp-image-10631\" srcset=\"https:\/\/zsp1chojna.pl\/wp-content\/uploads\/2024\/10\/DEN-4.png 894w, https:\/\/zsp1chojna.pl\/wp-content\/uploads\/2024\/10\/DEN-4-300x132.png 300w, https:\/\/zsp1chojna.pl\/wp-content\/uploads\/2024\/10\/DEN-4-768x337.png 768w, https:\/\/zsp1chojna.pl\/wp-content\/uploads\/2024\/10\/DEN-4-624x274.png 624w\" sizes=\"auto, (max-width: 894px) 100vw, 894px\" \/><\/figure>\n<\/div>\n\n\n<p class=\"has-text-align-justify\">Pani Dyrektor poinformowa\u0142a r\u00f3wnie\u017c o ostatnio odniesionych przez nauczycieli sukcesach. Pan <strong>Krzysztof Janik<\/strong>, nauczyciel przedmiot\u00f3w zawodowych informatycznych, <strong>zosta\u0142 laureatem wojew\u00f3dztwa zachodniopomorskiego w konkursie z okazji Dnia Nowych Technologii w Edukacji 2024<\/strong>. Pan <strong>Janusz Cezary Salamo\u0144czyk<\/strong>, nauczyciel j\u0119zyka angielskiego, <strong>zosta\u0142 laureatem og\u00f3lnopolskiego konkursu Ministerstwa Edukacji Narodowej \u201eKierunek \u2013 innowacja 2024<\/strong>\u201d.<\/p>\n\n\n\n<p class=\"has-text-align-justify\">ZSP w Chojnie, to szko\u0142a, kt\u00f3ra inspiruje m\u0142ode pokolenia do rozwijania talent\u00f3w, motywuje do osi\u0105gania sukces\u00f3w w nauce, w dzia\u0142aniach na rzecz szko\u0142y i \u015brodowiska,&nbsp; przygotowuje do dojrza\u0142ego i odpowiedzialnego wkraczania &nbsp;w doros\u0142e \u017cycie. Jest przy tym szko\u0142\u0105 przyjazn\u0105, bezpieczn\u0105 i dbaj\u0105c\u0105 o wszechstronny rozw\u00f3j ka\u017cdego cz\u0142onka spo\u0142eczno\u015bci szkolnej.<\/p>\n","protected":false},"excerpt":{"rendered":"<p>\u201eTylko \u017cycie po\u015bwi\u0119cone innym warte jest prze\u017cycia.\u201dAlbert Einstein Zesp\u00f3\u0142 Szk\u00f3\u0142 Ponadpodstawowych w Chojnie zosta\u0142 w tym roku obficie nagrodzony z okazji Dnia Edukacji Narodowej. Doceniona zosta\u0142a praca, zaanga\u017cowanie, inicjatywy i [&hellip;]<\/p>\n","protected":false},"author":1,"featured_media":0,"parent":0,"menu_order":0,"comment_status":"closed","ping_status":"closed","template":"","meta":{"footnotes":""},"class_list":["post-10626","page","type-page","status-publish","hentry"],"yoast_head":"<!-- This site is optimized with the Yoast SEO plugin v20.13 - https:\/\/yoast.com\/wordpress\/plugins\/seo\/ -->\n<title>Nagrody z okazji Dnia Edukacji Narodowej - ZSP w Chojnie<\/title>\n<meta name=\"robots\" content=\"index, follow, max-snippet:-1, max-image-preview:large, max-video-preview:-1\" \/>\n<link rel=\"canonical\" href=\"https:\/\/zsp1chojna.pl\/?page_id=10626\" \/>\n<meta property=\"og:locale\" content=\"pl_PL\" \/>\n<meta property=\"og:type\" content=\"article\" \/>\n<meta property=\"og:title\" content=\"Nagrody z okazji Dnia Edukacji Narodowej - ZSP w Chojnie\" \/>\n<meta property=\"og:description\" content=\"\u201eTylko \u017cycie po\u015bwi\u0119cone innym warte jest prze\u017cycia.\u201dAlbert Einstein Zesp\u00f3\u0142 Szk\u00f3\u0142 Ponadpodstawowych w Chojnie zosta\u0142 w tym roku obficie nagrodzony z okazji Dnia Edukacji Narodowej. Doceniona zosta\u0142a praca, zaanga\u017cowanie, inicjatywy i [&hellip;]\" \/>\n<meta property=\"og:url\" content=\"https:\/\/zsp1chojna.pl\/?page_id=10626\" \/>\n<meta property=\"og:site_name\" content=\"ZSP w Chojnie\" \/>\n<meta property=\"article:modified_time\" content=\"2024-10-17T18:03:43+00:00\" \/>\n<meta property=\"og:image\" content=\"https:\/\/zsp1chojna.pl\/wp-content\/uploads\/2024\/10\/Adriana-Salamonczyk_Kamila-Gora-1024x802.jpg\" \/>\n<meta name=\"twitter:card\" content=\"summary_large_image\" \/>\n<meta name=\"twitter:label1\" content=\"Szacowany czas czytania\" \/>\n\t<meta name=\"twitter:data1\" content=\"3 minuty\" \/>\n<script type=\"application\/ld+json\" class=\"yoast-schema-graph\">{\"@context\":\"https:\/\/schema.org\",\"@graph\":[{\"@type\":\"WebPage\",\"@id\":\"https:\/\/zsp1chojna.pl\/?page_id=10626\",\"url\":\"https:\/\/zsp1chojna.pl\/?page_id=10626\",\"name\":\"Nagrody z okazji Dnia Edukacji Narodowej - ZSP w Chojnie\",\"isPartOf\":{\"@id\":\"https:\/\/zsp1chojna.pl\/#website\"},\"datePublished\":\"2024-10-17T17:55:48+00:00\",\"dateModified\":\"2024-10-17T18:03:43+00:00\",\"breadcrumb\":{\"@id\":\"https:\/\/zsp1chojna.pl\/?page_id=10626#breadcrumb\"},\"inLanguage\":\"pl-PL\",\"potentialAction\":[{\"@type\":\"ReadAction\",\"target\":[\"https:\/\/zsp1chojna.pl\/?page_id=10626\"]}]},{\"@type\":\"BreadcrumbList\",\"@id\":\"https:\/\/zsp1chojna.pl\/?page_id=10626#breadcrumb\",\"itemListElement\":[{\"@type\":\"ListItem\",\"position\":1,\"name\":\"Home\",\"item\":\"https:\/\/zsp1chojna.pl\/\"},{\"@type\":\"ListItem\",\"position\":2,\"name\":\"Nagrody z okazji Dnia Edukacji Narodowej\"}]},{\"@type\":\"WebSite\",\"@id\":\"https:\/\/zsp1chojna.pl\/#website\",\"url\":\"https:\/\/zsp1chojna.pl\/\",\"name\":\"ZSP w Chojnie\",\"description\":\"\",\"publisher\":{\"@id\":\"https:\/\/zsp1chojna.pl\/#organization\"},\"potentialAction\":[{\"@type\":\"SearchAction\",\"target\":{\"@type\":\"EntryPoint\",\"urlTemplate\":\"https:\/\/zsp1chojna.pl\/?s={search_term_string}\"},\"query-input\":\"required name=search_term_string\"}],\"inLanguage\":\"pl-PL\"},{\"@type\":\"Organization\",\"@id\":\"https:\/\/zsp1chojna.pl\/#organization\",\"name\":\"ZSP w Chojnie\",\"url\":\"https:\/\/zsp1chojna.pl\/\",\"logo\":{\"@type\":\"ImageObject\",\"inLanguage\":\"pl-PL\",\"@id\":\"https:\/\/zsp1chojna.pl\/#\/schema\/logo\/image\/\",\"url\":\"https:\/\/zsp1chojna.pl\/wp-content\/uploads\/2023\/08\/cropped-cropped-cropped-Logo-biale-napis-na-3-wiersze_504-1.png\",\"contentUrl\":\"https:\/\/zsp1chojna.pl\/wp-content\/uploads\/2023\/08\/cropped-cropped-cropped-Logo-biale-napis-na-3-wiersze_504-1.png\",\"width\":504,\"height\":167,\"caption\":\"ZSP w Chojnie\"},\"image\":{\"@id\":\"https:\/\/zsp1chojna.pl\/#\/schema\/logo\/image\/\"}}]}<\/script>\n<!-- \/ Yoast SEO plugin. -->","yoast_head_json":{"title":"Nagrody z okazji Dnia Edukacji Narodowej - ZSP w Chojnie","robots":{"index":"index","follow":"follow","max-snippet":"max-snippet:-1","max-image-preview":"max-image-preview:large","max-video-preview":"max-video-preview:-1"},"canonical":"https:\/\/zsp1chojna.pl\/?page_id=10626","og_locale":"pl_PL","og_type":"article","og_title":"Nagrody z okazji Dnia Edukacji Narodowej - ZSP w Chojnie","og_description":"\u201eTylko \u017cycie po\u015bwi\u0119cone innym warte jest prze\u017cycia.\u201dAlbert Einstein Zesp\u00f3\u0142 Szk\u00f3\u0142 Ponadpodstawowych w Chojnie zosta\u0142 w tym roku obficie nagrodzony z okazji Dnia Edukacji Narodowej. Doceniona zosta\u0142a praca, zaanga\u017cowanie, inicjatywy i [&hellip;]","og_url":"https:\/\/zsp1chojna.pl\/?page_id=10626","og_site_name":"ZSP w Chojnie","article_modified_time":"2024-10-17T18:03:43+00:00","og_image":[{"url":"https:\/\/zsp1chojna.pl\/wp-content\/uploads\/2024\/10\/Adriana-Salamonczyk_Kamila-Gora-1024x802.jpg"}],"twitter_card":"summary_large_image","twitter_misc":{"Szacowany czas czytania":"3 minuty"},"schema":{"@context":"https:\/\/schema.org","@graph":[{"@type":"WebPage","@id":"https:\/\/zsp1chojna.pl\/?page_id=10626","url":"https:\/\/zsp1chojna.pl\/?page_id=10626","name":"Nagrody z okazji Dnia Edukacji Narodowej - ZSP w Chojnie","isPartOf":{"@id":"https:\/\/zsp1chojna.pl\/#website"},"datePublished":"2024-10-17T17:55:48+00:00","dateModified":"2024-10-17T18:03:43+00:00","breadcrumb":{"@id":"https:\/\/zsp1chojna.pl\/?page_id=10626#breadcrumb"},"inLanguage":"pl-PL","potentialAction":[{"@type":"ReadAction","target":["https:\/\/zsp1chojna.pl\/?page_id=10626"]}]},{"@type":"BreadcrumbList","@id":"https:\/\/zsp1chojna.pl\/?page_id=10626#breadcrumb","itemListElement":[{"@type":"ListItem","position":1,"name":"Home","item":"https:\/\/zsp1chojna.pl\/"},{"@type":"ListItem","position":2,"name":"Nagrody z okazji Dnia Edukacji Narodowej"}]},{"@type":"WebSite","@id":"https:\/\/zsp1chojna.pl\/#website","url":"https:\/\/zsp1chojna.pl\/","name":"ZSP w Chojnie","description":"","publisher":{"@id":"https:\/\/zsp1chojna.pl\/#organization"},"potentialAction":[{"@type":"SearchAction","target":{"@type":"EntryPoint","urlTemplate":"https:\/\/zsp1chojna.pl\/?s={search_term_string}"},"query-input":"required name=search_term_string"}],"inLanguage":"pl-PL"},{"@type":"Organization","@id":"https:\/\/zsp1chojna.pl\/#organization","name":"ZSP w Chojnie","url":"https:\/\/zsp1chojna.pl\/","logo":{"@type":"ImageObject","inLanguage":"pl-PL","@id":"https:\/\/zsp1chojna.pl\/#\/schema\/logo\/image\/","url":"https:\/\/zsp1chojna.pl\/wp-content\/uploads\/2023\/08\/cropped-cropped-cropped-Logo-biale-napis-na-3-wiersze_504-1.png","contentUrl":"https:\/\/zsp1chojna.pl\/wp-content\/uploads\/2023\/08\/cropped-cropped-cropped-Logo-biale-napis-na-3-wiersze_504-1.png","width":504,"height":167,"caption":"ZSP w Chojnie"},"image":{"@id":"https:\/\/zsp1chojna.pl\/#\/schema\/logo\/image\/"}}]}},"_links":{"self":[{"href":"https:\/\/zsp1chojna.pl\/index.php?rest_route=\/wp\/v2\/pages\/10626","targetHints":{"allow":["GET"]}}],"collection":[{"href":"https:\/\/zsp1chojna.pl\/index.php?rest_route=\/wp\/v2\/pages"}],"about":[{"href":"https:\/\/zsp1chojna.pl\/index.php?rest_route=\/wp\/v2\/types\/page"}],"author":[{"embeddable":true,"href":"https:\/\/zsp1chojna.pl\/index.php?rest_route=\/wp\/v2\/users\/1"}],"replies":[{"embeddable":true,"href":"https:\/\/zsp1chojna.pl\/index.php?rest_route=%2Fwp%2Fv2%2Fcomments&post=10626"}],"version-history":[{"count":4,"href":"https:\/\/zsp1chojna.pl\/index.php?rest_route=\/wp\/v2\/pages\/10626\/revisions"}],"predecessor-version":[{"id":10637,"href":"https:\/\/zsp1chojna.pl\/index.php?rest_route=\/wp\/v2\/pages\/10626\/revisions\/10637"}],"wp:attachment":[{"href":"https:\/\/zsp1chojna.pl\/index.php?rest_route=%2Fwp%2Fv2%2Fmedia&parent=10626"}],"curies":[{"name":"wp","href":"https:\/\/api.w.org\/{rel}","templated":true}]}}