{"id":10111,"date":"2024-07-04T13:21:28","date_gmt":"2024-07-04T11:21:28","guid":{"rendered":"https:\/\/zsp1chojna.pl\/?page_id=10111"},"modified":"2025-01-05T17:30:47","modified_gmt":"2025-01-05T16:30:47","slug":"rok-2024-2","status":"publish","type":"page","link":"https:\/\/zsp1chojna.pl\/?page_id=10111","title":{"rendered":"Rok 2024\u00a0\u2013 Bran\u017cowa Szko\u0142a I\u00a0stopnia"},"content":{"rendered":"<style>.kadence-column10111_255af2-84 > .kt-inside-inner-col,.kadence-column10111_255af2-84 > .kt-inside-inner-col:before{border-top-left-radius:0px;border-top-right-radius:0px;border-bottom-right-radius:0px;border-bottom-left-radius:0px;}.kadence-column10111_255af2-84 > .kt-inside-inner-col:before{opacity:0.3;}.kadence-column10111_255af2-84{position:relative;}<\/style>\n<div class=\"wp-block-kadence-column kadence-column10111_255af2-84\"><div class=\"kt-inside-inner-col\">\n<div class=\"wp-block-columns is-layout-flex wp-container-core-columns-is-layout-9d6595d7 wp-block-columns-is-layout-flex\">\n<div class=\"wp-block-column is-layout-flow wp-block-column-is-layout-flow\">\n<p><strong>klasa 3 MM<\/strong><br><strong>monter zabudowy i rob\u00f3t wyko\u0144czeniowych w budownictwie<\/strong><br><strong>wychowawca mgr Aneta \u017burawska<br><\/strong><\/p>\n\n\n\n<p>Dacewicz Karol<br>Drobe\u0144ko Igor<br>G\u0142owacki Tobiasz<br>Janus Cyprian<br>Jaruszewski Tomasz<br>Michalak Szymon<br>Mucha Filip<br>Natka\u0144ski Bart\u0142omiej<br>Nowicki Oskar<br>Panfil Dominik<br>Sikorski Igor<br>Skwarek Dacjusz<br>Tr\u0119bacz Dawid<br>Wojciechowski Kacper<br>Zawadzki Brajan<br>\u017burawski Maciej<\/p>\n<\/div>\n\n\n\n<div class=\"wp-block-column is-layout-flow wp-block-column-is-layout-flow\">\n<p><strong>klasa 3 MM<\/strong><br><strong>mechanik pojazd\u00f3w samochodowych<\/strong><br><strong>wychowawca mgr Aneta \u017burawska<br><\/strong><\/p>\n\n\n\n<p>Jaros Jacek<br>Kucharski Alan<br>Kwiatkowski Filip<br>Neugebauer Fabian<br>Orszulak David<br>Raczy\u0144ski Eryk<br>Remiszewski Olaf<br>Witkiewicz Ernest<br>Wroniewski Kamil<\/p>\n<\/div>\n\n\n\n<div class=\"wp-block-column is-layout-flow wp-block-column-is-layout-flow\">\n<p><strong>klasa 3 PDW<\/strong><br><strong>\u015blusarz \/operator maszyn i\u00a0urz\u0105dze\u0144 do\u00a0rob\u00f3t ziemnych i\u00a0drogowych\/wielozawodowa<\/strong>\u00a0<br><strong>wychowawca mgr Gra\u017cyna Magdziak<br><\/strong><\/p>\n\n\n\n<p>Bugajska Aleksandra<br>Czerwi\u0144ska Malwina<br>Dere\u0144 Paulina<br>Dylewska Julia<br>Fidut Szymon<br>G\u0119bka Piotr<br>Jackowski Grzegorz<br>Janicka Nikola<br>Junikiewicz Oliwia<br>Kacprzak Jerzy<br>Kruszy\u0144ski Mateusz<br>Kucharska Wiktoria<br>Lorenc Weronika<br>Mielcarek Julita<br>Modrzejewski Gracjan<br>Mucha Emilia<br>Nied\u017awiedzki Szymon<br>Nowicka Sylwia<br>Pawe\u0142czyk Julia<br>Piasecki Micha\u0142<br>Powa\u0142ek Piotr<br>Prochera Kacper<br>Rzepkowska Anastazja<br>Skiba Jakub<br>Sojka Jakub<br>Swatek Alan<br>Witk\u00f3w Oliwier<\/p>\n<\/div>\n<\/div>\n<\/div><\/div>\n","protected":false},"excerpt":{"rendered":"<p>klasa 3 MMmonter zabudowy i rob\u00f3t wyko\u0144czeniowych w budownictwiewychowawca mgr Aneta \u017burawska Dacewicz KarolDrobe\u0144ko IgorG\u0142owacki TobiaszJanus CyprianJaruszewski TomaszMichalak SzymonMucha FilipNatka\u0144ski Bart\u0142omiejNowicki OskarPanfil DominikSikorski IgorSkwarek DacjuszTr\u0119bacz DawidWojciechowski KacperZawadzki Brajan\u017burawski Maciej klasa [&hellip;]<\/p>\n","protected":false},"author":1,"featured_media":0,"parent":0,"menu_order":0,"comment_status":"closed","ping_status":"closed","template":"","meta":{"footnotes":""},"class_list":["post-10111","page","type-page","status-publish","hentry"],"yoast_head":"<!-- This site is optimized with the Yoast SEO plugin v20.13 - https:\/\/yoast.com\/wordpress\/plugins\/seo\/ -->\n<title>Rok 2024\u00a0\u2013 Bran\u017cowa Szko\u0142a I\u00a0stopnia - ZSP w Chojnie<\/title>\n<meta name=\"robots\" content=\"index, follow, max-snippet:-1, max-image-preview:large, max-video-preview:-1\" \/>\n<link rel=\"canonical\" href=\"https:\/\/zsp1chojna.pl\/?page_id=10111\" \/>\n<meta property=\"og:locale\" content=\"pl_PL\" \/>\n<meta property=\"og:type\" content=\"article\" \/>\n<meta property=\"og:title\" content=\"Rok 2024\u00a0\u2013 Bran\u017cowa Szko\u0142a I\u00a0stopnia - ZSP w Chojnie\" \/>\n<meta property=\"og:description\" content=\"klasa 3 MMmonter zabudowy i rob\u00f3t wyko\u0144czeniowych w budownictwiewychowawca mgr Aneta \u017burawska Dacewicz KarolDrobe\u0144ko IgorG\u0142owacki TobiaszJanus CyprianJaruszewski TomaszMichalak SzymonMucha FilipNatka\u0144ski Bart\u0142omiejNowicki OskarPanfil DominikSikorski IgorSkwarek DacjuszTr\u0119bacz DawidWojciechowski KacperZawadzki Brajan\u017burawski Maciej klasa [&hellip;]\" \/>\n<meta property=\"og:url\" content=\"https:\/\/zsp1chojna.pl\/?page_id=10111\" \/>\n<meta property=\"og:site_name\" content=\"ZSP w Chojnie\" \/>\n<meta property=\"article:modified_time\" content=\"2025-01-05T16:30:47+00:00\" \/>\n<meta name=\"twitter:card\" content=\"summary_large_image\" \/>\n<meta name=\"twitter:label1\" content=\"Szacowany czas czytania\" \/>\n\t<meta name=\"twitter:data1\" content=\"1 minuta\" \/>\n<script type=\"application\/ld+json\" class=\"yoast-schema-graph\">{\"@context\":\"https:\/\/schema.org\",\"@graph\":[{\"@type\":\"WebPage\",\"@id\":\"https:\/\/zsp1chojna.pl\/?page_id=10111\",\"url\":\"https:\/\/zsp1chojna.pl\/?page_id=10111\",\"name\":\"Rok 2024\u00a0\u2013 Bran\u017cowa Szko\u0142a I\u00a0stopnia - ZSP w Chojnie\",\"isPartOf\":{\"@id\":\"https:\/\/zsp1chojna.pl\/#website\"},\"datePublished\":\"2024-07-04T11:21:28+00:00\",\"dateModified\":\"2025-01-05T16:30:47+00:00\",\"breadcrumb\":{\"@id\":\"https:\/\/zsp1chojna.pl\/?page_id=10111#breadcrumb\"},\"inLanguage\":\"pl-PL\",\"potentialAction\":[{\"@type\":\"ReadAction\",\"target\":[\"https:\/\/zsp1chojna.pl\/?page_id=10111\"]}]},{\"@type\":\"BreadcrumbList\",\"@id\":\"https:\/\/zsp1chojna.pl\/?page_id=10111#breadcrumb\",\"itemListElement\":[{\"@type\":\"ListItem\",\"position\":1,\"name\":\"Home\",\"item\":\"https:\/\/zsp1chojna.pl\/\"},{\"@type\":\"ListItem\",\"position\":2,\"name\":\"Rok 2024\u00a0\u2013 Bran\u017cowa Szko\u0142a I\u00a0stopnia\"}]},{\"@type\":\"WebSite\",\"@id\":\"https:\/\/zsp1chojna.pl\/#website\",\"url\":\"https:\/\/zsp1chojna.pl\/\",\"name\":\"ZSP w Chojnie\",\"description\":\"\",\"publisher\":{\"@id\":\"https:\/\/zsp1chojna.pl\/#organization\"},\"potentialAction\":[{\"@type\":\"SearchAction\",\"target\":{\"@type\":\"EntryPoint\",\"urlTemplate\":\"https:\/\/zsp1chojna.pl\/?s={search_term_string}\"},\"query-input\":\"required name=search_term_string\"}],\"inLanguage\":\"pl-PL\"},{\"@type\":\"Organization\",\"@id\":\"https:\/\/zsp1chojna.pl\/#organization\",\"name\":\"ZSP w Chojnie\",\"url\":\"https:\/\/zsp1chojna.pl\/\",\"logo\":{\"@type\":\"ImageObject\",\"inLanguage\":\"pl-PL\",\"@id\":\"https:\/\/zsp1chojna.pl\/#\/schema\/logo\/image\/\",\"url\":\"https:\/\/zsp1chojna.pl\/wp-content\/uploads\/2023\/08\/cropped-cropped-cropped-Logo-biale-napis-na-3-wiersze_504-1.png\",\"contentUrl\":\"https:\/\/zsp1chojna.pl\/wp-content\/uploads\/2023\/08\/cropped-cropped-cropped-Logo-biale-napis-na-3-wiersze_504-1.png\",\"width\":504,\"height\":167,\"caption\":\"ZSP w Chojnie\"},\"image\":{\"@id\":\"https:\/\/zsp1chojna.pl\/#\/schema\/logo\/image\/\"}}]}<\/script>\n<!-- \/ Yoast SEO plugin. -->","yoast_head_json":{"title":"Rok 2024\u00a0\u2013 Bran\u017cowa Szko\u0142a I\u00a0stopnia - ZSP w Chojnie","robots":{"index":"index","follow":"follow","max-snippet":"max-snippet:-1","max-image-preview":"max-image-preview:large","max-video-preview":"max-video-preview:-1"},"canonical":"https:\/\/zsp1chojna.pl\/?page_id=10111","og_locale":"pl_PL","og_type":"article","og_title":"Rok 2024\u00a0\u2013 Bran\u017cowa Szko\u0142a I\u00a0stopnia - ZSP w Chojnie","og_description":"klasa 3 MMmonter zabudowy i rob\u00f3t wyko\u0144czeniowych w budownictwiewychowawca mgr Aneta \u017burawska Dacewicz KarolDrobe\u0144ko IgorG\u0142owacki TobiaszJanus CyprianJaruszewski TomaszMichalak SzymonMucha FilipNatka\u0144ski Bart\u0142omiejNowicki OskarPanfil DominikSikorski IgorSkwarek DacjuszTr\u0119bacz DawidWojciechowski KacperZawadzki Brajan\u017burawski Maciej klasa [&hellip;]","og_url":"https:\/\/zsp1chojna.pl\/?page_id=10111","og_site_name":"ZSP w Chojnie","article_modified_time":"2025-01-05T16:30:47+00:00","twitter_card":"summary_large_image","twitter_misc":{"Szacowany czas czytania":"1 minuta"},"schema":{"@context":"https:\/\/schema.org","@graph":[{"@type":"WebPage","@id":"https:\/\/zsp1chojna.pl\/?page_id=10111","url":"https:\/\/zsp1chojna.pl\/?page_id=10111","name":"Rok 2024\u00a0\u2013 Bran\u017cowa Szko\u0142a I\u00a0stopnia - ZSP w Chojnie","isPartOf":{"@id":"https:\/\/zsp1chojna.pl\/#website"},"datePublished":"2024-07-04T11:21:28+00:00","dateModified":"2025-01-05T16:30:47+00:00","breadcrumb":{"@id":"https:\/\/zsp1chojna.pl\/?page_id=10111#breadcrumb"},"inLanguage":"pl-PL","potentialAction":[{"@type":"ReadAction","target":["https:\/\/zsp1chojna.pl\/?page_id=10111"]}]},{"@type":"BreadcrumbList","@id":"https:\/\/zsp1chojna.pl\/?page_id=10111#breadcrumb","itemListElement":[{"@type":"ListItem","position":1,"name":"Home","item":"https:\/\/zsp1chojna.pl\/"},{"@type":"ListItem","position":2,"name":"Rok 2024\u00a0\u2013 Bran\u017cowa Szko\u0142a I\u00a0stopnia"}]},{"@type":"WebSite","@id":"https:\/\/zsp1chojna.pl\/#website","url":"https:\/\/zsp1chojna.pl\/","name":"ZSP w Chojnie","description":"","publisher":{"@id":"https:\/\/zsp1chojna.pl\/#organization"},"potentialAction":[{"@type":"SearchAction","target":{"@type":"EntryPoint","urlTemplate":"https:\/\/zsp1chojna.pl\/?s={search_term_string}"},"query-input":"required name=search_term_string"}],"inLanguage":"pl-PL"},{"@type":"Organization","@id":"https:\/\/zsp1chojna.pl\/#organization","name":"ZSP w Chojnie","url":"https:\/\/zsp1chojna.pl\/","logo":{"@type":"ImageObject","inLanguage":"pl-PL","@id":"https:\/\/zsp1chojna.pl\/#\/schema\/logo\/image\/","url":"https:\/\/zsp1chojna.pl\/wp-content\/uploads\/2023\/08\/cropped-cropped-cropped-Logo-biale-napis-na-3-wiersze_504-1.png","contentUrl":"https:\/\/zsp1chojna.pl\/wp-content\/uploads\/2023\/08\/cropped-cropped-cropped-Logo-biale-napis-na-3-wiersze_504-1.png","width":504,"height":167,"caption":"ZSP w Chojnie"},"image":{"@id":"https:\/\/zsp1chojna.pl\/#\/schema\/logo\/image\/"}}]}},"_links":{"self":[{"href":"https:\/\/zsp1chojna.pl\/index.php?rest_route=\/wp\/v2\/pages\/10111","targetHints":{"allow":["GET"]}}],"collection":[{"href":"https:\/\/zsp1chojna.pl\/index.php?rest_route=\/wp\/v2\/pages"}],"about":[{"href":"https:\/\/zsp1chojna.pl\/index.php?rest_route=\/wp\/v2\/types\/page"}],"author":[{"embeddable":true,"href":"https:\/\/zsp1chojna.pl\/index.php?rest_route=\/wp\/v2\/users\/1"}],"replies":[{"embeddable":true,"href":"https:\/\/zsp1chojna.pl\/index.php?rest_route=%2Fwp%2Fv2%2Fcomments&post=10111"}],"version-history":[{"count":2,"href":"https:\/\/zsp1chojna.pl\/index.php?rest_route=\/wp\/v2\/pages\/10111\/revisions"}],"predecessor-version":[{"id":12558,"href":"https:\/\/zsp1chojna.pl\/index.php?rest_route=\/wp\/v2\/pages\/10111\/revisions\/12558"}],"wp:attachment":[{"href":"https:\/\/zsp1chojna.pl\/index.php?rest_route=%2Fwp%2Fv2%2Fmedia&parent=10111"}],"curies":[{"name":"wp","href":"https:\/\/api.w.org\/{rel}","templated":true}]}}