{"id":10094,"date":"2024-07-03T14:13:02","date_gmt":"2024-07-03T12:13:02","guid":{"rendered":"https:\/\/zsp1chojna.pl\/?page_id=10094"},"modified":"2024-11-08T13:29:47","modified_gmt":"2024-11-08T12:29:47","slug":"2024-zawod-technik-zywienia-i-uslug-gastronomicznych","status":"publish","type":"page","link":"https:\/\/zsp1chojna.pl\/?page_id=10094","title":{"rendered":"Rok 2024 &#8211; zaw\u00f3d technik \u017cywienia i\u00a0us\u0142ug gastronomicznych"},"content":{"rendered":"\n<p><strong>Wychowawca mgr in\u017c. Ma\u0142gorzata Zarzycka<\/strong><\/p>\n\n\n\n<p>Czernecka Daria<br>Ho\u0142ota Nikola<br>Jachowicz Amelia<br>Kryger Oliwia<br>M\u0142odojewska Amelia<br>Radziusz Oliwia<br>Sawko Weronika<br>Wermuth Marika<\/p>\n","protected":false},"excerpt":{"rendered":"<p>Wychowawca mgr in\u017c. Ma\u0142gorzata Zarzycka Czernecka DariaHo\u0142ota NikolaJachowicz AmeliaKryger OliwiaM\u0142odojewska AmeliaRadziusz OliwiaSawko WeronikaWermuth Marika<\/p>\n","protected":false},"author":1,"featured_media":0,"parent":0,"menu_order":0,"comment_status":"closed","ping_status":"closed","template":"","meta":{"footnotes":""},"class_list":["post-10094","page","type-page","status-publish","hentry"],"yoast_head":"<!-- This site is optimized with the Yoast SEO plugin v20.13 - https:\/\/yoast.com\/wordpress\/plugins\/seo\/ -->\n<title>Rok 2024 - zaw\u00f3d technik \u017cywienia i\u00a0us\u0142ug gastronomicznych - ZSP w Chojnie<\/title>\n<meta name=\"robots\" content=\"index, follow, max-snippet:-1, max-image-preview:large, max-video-preview:-1\" \/>\n<link rel=\"canonical\" href=\"https:\/\/zsp1chojna.pl\/?page_id=10094\" \/>\n<meta property=\"og:locale\" content=\"pl_PL\" \/>\n<meta property=\"og:type\" content=\"article\" \/>\n<meta property=\"og:title\" content=\"Rok 2024 - zaw\u00f3d technik \u017cywienia i\u00a0us\u0142ug gastronomicznych - ZSP w Chojnie\" \/>\n<meta property=\"og:description\" content=\"Wychowawca mgr in\u017c. Ma\u0142gorzata Zarzycka Czernecka DariaHo\u0142ota NikolaJachowicz AmeliaKryger OliwiaM\u0142odojewska AmeliaRadziusz OliwiaSawko WeronikaWermuth Marika\" \/>\n<meta property=\"og:url\" content=\"https:\/\/zsp1chojna.pl\/?page_id=10094\" \/>\n<meta property=\"og:site_name\" content=\"ZSP w Chojnie\" \/>\n<meta property=\"article:modified_time\" content=\"2024-11-08T12:29:47+00:00\" \/>\n<meta name=\"twitter:card\" content=\"summary_large_image\" \/>\n<meta name=\"twitter:label1\" content=\"Szacowany czas czytania\" \/>\n\t<meta name=\"twitter:data1\" content=\"1 minuta\" \/>\n<script type=\"application\/ld+json\" class=\"yoast-schema-graph\">{\"@context\":\"https:\/\/schema.org\",\"@graph\":[{\"@type\":\"WebPage\",\"@id\":\"https:\/\/zsp1chojna.pl\/?page_id=10094\",\"url\":\"https:\/\/zsp1chojna.pl\/?page_id=10094\",\"name\":\"Rok 2024 - zaw\u00f3d technik \u017cywienia i\u00a0us\u0142ug gastronomicznych - ZSP w Chojnie\",\"isPartOf\":{\"@id\":\"https:\/\/zsp1chojna.pl\/#website\"},\"datePublished\":\"2024-07-03T12:13:02+00:00\",\"dateModified\":\"2024-11-08T12:29:47+00:00\",\"breadcrumb\":{\"@id\":\"https:\/\/zsp1chojna.pl\/?page_id=10094#breadcrumb\"},\"inLanguage\":\"pl-PL\",\"potentialAction\":[{\"@type\":\"ReadAction\",\"target\":[\"https:\/\/zsp1chojna.pl\/?page_id=10094\"]}]},{\"@type\":\"BreadcrumbList\",\"@id\":\"https:\/\/zsp1chojna.pl\/?page_id=10094#breadcrumb\",\"itemListElement\":[{\"@type\":\"ListItem\",\"position\":1,\"name\":\"Home\",\"item\":\"https:\/\/zsp1chojna.pl\/\"},{\"@type\":\"ListItem\",\"position\":2,\"name\":\"Rok 2024 &#8211; zaw\u00f3d technik \u017cywienia i\u00a0us\u0142ug gastronomicznych\"}]},{\"@type\":\"WebSite\",\"@id\":\"https:\/\/zsp1chojna.pl\/#website\",\"url\":\"https:\/\/zsp1chojna.pl\/\",\"name\":\"ZSP w Chojnie\",\"description\":\"\",\"publisher\":{\"@id\":\"https:\/\/zsp1chojna.pl\/#organization\"},\"potentialAction\":[{\"@type\":\"SearchAction\",\"target\":{\"@type\":\"EntryPoint\",\"urlTemplate\":\"https:\/\/zsp1chojna.pl\/?s={search_term_string}\"},\"query-input\":\"required name=search_term_string\"}],\"inLanguage\":\"pl-PL\"},{\"@type\":\"Organization\",\"@id\":\"https:\/\/zsp1chojna.pl\/#organization\",\"name\":\"ZSP w Chojnie\",\"url\":\"https:\/\/zsp1chojna.pl\/\",\"logo\":{\"@type\":\"ImageObject\",\"inLanguage\":\"pl-PL\",\"@id\":\"https:\/\/zsp1chojna.pl\/#\/schema\/logo\/image\/\",\"url\":\"https:\/\/zsp1chojna.pl\/wp-content\/uploads\/2023\/08\/cropped-cropped-cropped-Logo-biale-napis-na-3-wiersze_504-1.png\",\"contentUrl\":\"https:\/\/zsp1chojna.pl\/wp-content\/uploads\/2023\/08\/cropped-cropped-cropped-Logo-biale-napis-na-3-wiersze_504-1.png\",\"width\":504,\"height\":167,\"caption\":\"ZSP w Chojnie\"},\"image\":{\"@id\":\"https:\/\/zsp1chojna.pl\/#\/schema\/logo\/image\/\"}}]}<\/script>\n<!-- \/ Yoast SEO plugin. -->","yoast_head_json":{"title":"Rok 2024 - zaw\u00f3d technik \u017cywienia i\u00a0us\u0142ug gastronomicznych - ZSP w Chojnie","robots":{"index":"index","follow":"follow","max-snippet":"max-snippet:-1","max-image-preview":"max-image-preview:large","max-video-preview":"max-video-preview:-1"},"canonical":"https:\/\/zsp1chojna.pl\/?page_id=10094","og_locale":"pl_PL","og_type":"article","og_title":"Rok 2024 - zaw\u00f3d technik \u017cywienia i\u00a0us\u0142ug gastronomicznych - ZSP w Chojnie","og_description":"Wychowawca mgr in\u017c. Ma\u0142gorzata Zarzycka Czernecka DariaHo\u0142ota NikolaJachowicz AmeliaKryger OliwiaM\u0142odojewska AmeliaRadziusz OliwiaSawko WeronikaWermuth Marika","og_url":"https:\/\/zsp1chojna.pl\/?page_id=10094","og_site_name":"ZSP w Chojnie","article_modified_time":"2024-11-08T12:29:47+00:00","twitter_card":"summary_large_image","twitter_misc":{"Szacowany czas czytania":"1 minuta"},"schema":{"@context":"https:\/\/schema.org","@graph":[{"@type":"WebPage","@id":"https:\/\/zsp1chojna.pl\/?page_id=10094","url":"https:\/\/zsp1chojna.pl\/?page_id=10094","name":"Rok 2024 - zaw\u00f3d technik \u017cywienia i\u00a0us\u0142ug gastronomicznych - ZSP w Chojnie","isPartOf":{"@id":"https:\/\/zsp1chojna.pl\/#website"},"datePublished":"2024-07-03T12:13:02+00:00","dateModified":"2024-11-08T12:29:47+00:00","breadcrumb":{"@id":"https:\/\/zsp1chojna.pl\/?page_id=10094#breadcrumb"},"inLanguage":"pl-PL","potentialAction":[{"@type":"ReadAction","target":["https:\/\/zsp1chojna.pl\/?page_id=10094"]}]},{"@type":"BreadcrumbList","@id":"https:\/\/zsp1chojna.pl\/?page_id=10094#breadcrumb","itemListElement":[{"@type":"ListItem","position":1,"name":"Home","item":"https:\/\/zsp1chojna.pl\/"},{"@type":"ListItem","position":2,"name":"Rok 2024 &#8211; zaw\u00f3d technik \u017cywienia i\u00a0us\u0142ug gastronomicznych"}]},{"@type":"WebSite","@id":"https:\/\/zsp1chojna.pl\/#website","url":"https:\/\/zsp1chojna.pl\/","name":"ZSP w Chojnie","description":"","publisher":{"@id":"https:\/\/zsp1chojna.pl\/#organization"},"potentialAction":[{"@type":"SearchAction","target":{"@type":"EntryPoint","urlTemplate":"https:\/\/zsp1chojna.pl\/?s={search_term_string}"},"query-input":"required name=search_term_string"}],"inLanguage":"pl-PL"},{"@type":"Organization","@id":"https:\/\/zsp1chojna.pl\/#organization","name":"ZSP w Chojnie","url":"https:\/\/zsp1chojna.pl\/","logo":{"@type":"ImageObject","inLanguage":"pl-PL","@id":"https:\/\/zsp1chojna.pl\/#\/schema\/logo\/image\/","url":"https:\/\/zsp1chojna.pl\/wp-content\/uploads\/2023\/08\/cropped-cropped-cropped-Logo-biale-napis-na-3-wiersze_504-1.png","contentUrl":"https:\/\/zsp1chojna.pl\/wp-content\/uploads\/2023\/08\/cropped-cropped-cropped-Logo-biale-napis-na-3-wiersze_504-1.png","width":504,"height":167,"caption":"ZSP w Chojnie"},"image":{"@id":"https:\/\/zsp1chojna.pl\/#\/schema\/logo\/image\/"}}]}},"_links":{"self":[{"href":"https:\/\/zsp1chojna.pl\/index.php?rest_route=\/wp\/v2\/pages\/10094","targetHints":{"allow":["GET"]}}],"collection":[{"href":"https:\/\/zsp1chojna.pl\/index.php?rest_route=\/wp\/v2\/pages"}],"about":[{"href":"https:\/\/zsp1chojna.pl\/index.php?rest_route=\/wp\/v2\/types\/page"}],"author":[{"embeddable":true,"href":"https:\/\/zsp1chojna.pl\/index.php?rest_route=\/wp\/v2\/users\/1"}],"replies":[{"embeddable":true,"href":"https:\/\/zsp1chojna.pl\/index.php?rest_route=%2Fwp%2Fv2%2Fcomments&post=10094"}],"version-history":[{"count":3,"href":"https:\/\/zsp1chojna.pl\/index.php?rest_route=\/wp\/v2\/pages\/10094\/revisions"}],"predecessor-version":[{"id":11459,"href":"https:\/\/zsp1chojna.pl\/index.php?rest_route=\/wp\/v2\/pages\/10094\/revisions\/11459"}],"wp:attachment":[{"href":"https:\/\/zsp1chojna.pl\/index.php?rest_route=%2Fwp%2Fv2%2Fmedia&parent=10094"}],"curies":[{"name":"wp","href":"https:\/\/api.w.org\/{rel}","templated":true}]}}